{"id":1469,"date":"2022-09-30T12:39:29","date_gmt":"2022-09-30T09:39:29","guid":{"rendered":"https:\/\/rocketplay-slot.com\/bonus\/regular-bonuses\/"},"modified":"2024-02-08T18:19:27","modified_gmt":"2024-02-08T15:19:27","slug":"regular-bonuses","status":"publish","type":"page","link":"https:\/\/rocketplay-slot.com\/de\/bonus\/regular-bonuses\/","title":{"rendered":"Regelm\u00e4\u00dfige Boni RocketPlay"},"content":{"rendered":"<p>Es ist cool, mit einer Institution zusammenzuarbeiten, die f\u00fcr Kunden arbeitet und alles f\u00fcr deren Komfort, Zufriedenheit und Nutzen tut. Aus diesem Grund raten wir Ihnen, auf das Bonusprogramm des Rocket Play Casinos zu achten. Dies ist eine einzigartige Institution, die f\u00fcr ihre gro\u00dfz\u00fcgigen Geschenke ber\u00fchmt ist. Viele Kunden sind aufgrund der g\u00fcnstigen Bonusbedingungen und der vielf\u00e4ltigen Angebote treue Nutzer dieses Portals.<\/p>\n<h2>ALLES \u00dcBER REGELM\u00c4\u00dfIGE BONI BEI ROCKET PLAY CASINO<\/h2>\n<p>Rocket Play Casinobonus Australien hat regelm\u00e4\u00dfige Boni, die Sie kennen und voll ausnutzen sollten. Wie sagt man so sch\u00f6n: &#8222;Vertraue auf Gott, aber strenge dich auch an.&#8220; Seien Sie also nicht faul und lesen Sie weiter. Alle notwendigen Informationen, die Sie \u00fcber regelm\u00e4\u00dfige Boni wissen m\u00fcssen, werden hier gesammelt.<\/p>\n<p>Ein wichtiger Punkt ist die Tatsache, dass Sie ein offiziell registrierter Kunde sein m\u00fcssen, um alle Boni, Angebote und Privilegien des Portals nutzen zu k\u00f6nnen. Gehen Sie durch ein einfaches und schnelles Registrierungsverfahren, erstellen Sie Ihr Profil und genie\u00dfen Sie alle Vorteile und Dividenden.<\/p>\n<p>Vergessen Sie auch nicht, das Spielkonto mit dem Mindestbetrag aufzuladen. Dies \u00f6ffnet Ihnen nicht nur den Weg zu echten Eins\u00e4tzen und maximalen Gewinnen, sondern auch zu allen m\u00f6glichen Boni. Je aktiver Sie Ihr Konto aufladen, desto mehr Privilegien erhalten Sie daf\u00fcr.<\/p>\n<p style=\"text-align: center;\"><img loading=\"lazy\" decoding=\"async\" class=\"aligncenter wp-image-4205\" src=\"https:\/\/rocketplay-slot.com\/wp-content\/uploads\/2024\/02\/32352252.png\" alt=\"bonus RocketPlay\" width=\"800\" height=\"304\" \/><\/p>\n<h2>ARTEN VON CASINO-BONI<\/h2>\n<p>Die Institution bietet ihren Kunden verschiedene Arten von Boni an:<\/p>\n<ul>\n<li>Freitags sind dies Geschenke-Spins zum \u00dcberladen;<\/li>\n<li>Jeden Sonntag sind dies zus\u00e4tzliche 50 % auf dem Konto;<\/li>\n<li>Rocket Play-Gutscheincodes.<\/li>\n<\/ul>\n<p>Alle von ihnen sind sehr profitabel und er\u00f6ffnen dem Spieler neue M\u00f6glichkeiten. Jeder dieser Boni erfordert jedoch die Einhaltung bestimmter Bedingungen. Bleiben Sie bei uns und lesen Sie, was dazu ben\u00f6tigt wird.<\/p>\n<p><img loading=\"lazy\" decoding=\"async\" class=\"alignright wp-image-4195\" src=\"https:\/\/rocketplay-slot.com\/wp-content\/uploads\/2024\/02\/333.png\" alt=\"bonus RocketPlay 2\" width=\"600\" height=\"299\" srcset=\"https:\/\/rocketplay-slot.com\/wp-content\/uploads\/2024\/02\/333.png 626w, https:\/\/rocketplay-slot.com\/wp-content\/uploads\/2024\/02\/333-300x150.png 300w\" sizes=\"auto, (max-width: 600px) 100vw, 600px\" \/><\/p>\n<h2>WIE MAN DEN CASINO-BONUS ERHALTEN KANN<\/h2>\n<p>Um Boni zu erhalten, m\u00fcssen Sie nichts Ungew\u00f6hnliches tun. Zun\u00e4chst m\u00fcssen Sie ein offiziell registrierter Kunde sein und \u00fcber ein eigenes Konto und ein pers\u00f6nliches Konto verf\u00fcgen.<\/p>\n<p>Um Geschenke zu erhalten, m\u00fcssen Sie au\u00dferdem Ihr eigenes echtes Geld auf das Spielkonto einzahlen. F\u00fcr einen Spieler ist dies jedoch normal. Schlie\u00dflich ist es notwendig, Einzahlungen zu t\u00e4tigen, um eine Wette abzuschlie\u00dfen und eine Chance zu haben, Geld zu gewinnen. Erledige sie korrekt, rechtzeitig und in der erforderlichen Menge und erhalte daf\u00fcr zus\u00e4tzliche Geschenke.<\/p>\n<h2>REGELM\u00c4SSIGE BONUSBEDINGUNGEN<\/h2>\n<p>Damit Sie alle Vorteile des Erhalts solcher Geschenke und die daf\u00fcr erforderlichen Voraussetzungen besser verstehen, lesen Sie die folgende Tabelle. Es beschreibt detailliert alle notwendigen Informationen.<\/p>\n<table border=\"0\" cellspacing=\"0\" cellpadding=\"0\">\n<tbody>\n<tr>\n<td><b>Bonus<\/b><\/td>\n<td><strong>Bedingungen<\/strong><\/td>\n<\/tr>\n<tr>\n<td>Freitag neu laden<\/td>\n<td>Wenn Sie das Spielkonto am Freitag um mindestens den Mindestbetrag (20 EUR oder 30 australische Dollar) auff\u00fcllen, erhalten Sie Rocket Play-Freispiele in H\u00f6he Ihres Beitrags (20, 50 oder 100).<\/td>\n<\/tr>\n<tr>\n<td>Sonntagsangebot<\/td>\n<td>Wenn Sie das Spielkonto am Sonntag um mindestens den Mindestbetrag (20 EUR oder 30 australische Dollar) auff\u00fcllen, erhalten Sie zus\u00e4tzlich 50 % des eingezahlten Betrags.<\/td>\n<\/tr>\n<tr>\n<td>Rocket Play-Bonuscodes (Promo)<\/td>\n<td>Laden Sie Ihr Konto mit einem Betrag von 350 Euro oder 300 australischen Dollar auf und geben Sie den speziellen Promo-Code HIGHROLLER an der Kasse ein. Daf\u00fcr erhalten Sie zus\u00e4tzlich 50% des eingezahlten Betrages.<\/td>\n<\/tr>\n<\/tbody>\n<\/table>\n<p>Wie Sie sehen k\u00f6nnen, sind die Bedingungen recht einfach, aber die Geschenke sind \u00e4u\u00dferst profitabel. Sie t\u00e4tigen sowieso Einzahlungen, also machen Sie sie korrekt und p\u00fcnktlich. Z\u00f6gern Sie nicht, denn verr\u00fcckte Gewinne warten bereits auf Sie!<\/p>\n<h2>FAQ<\/h2>\n<h3>WAS SIND DIE REGELM\u00c4SSIGEN BONI F\u00dcR SPIELER?<\/h3>\n<p>F\u00fcr Kunden des Portals gibt es w\u00f6chentliche Boni &#8211; mittwochs gibt es Geschenke zum Aufladen und jeden Sonntag k\u00f6nnen Sie zus\u00e4tzlich 50% der Einzahlung erhalten. Sie k\u00f6nnen auch einen speziellen Aktionscode verwenden und unter bestimmten Bedingungen weitere 50 % Rabatt auf Ihr Konto erhalten.<\/p>\n<h3>WAS BRAUCHEN SIE, UM BONUS ZU ERHALTEN?<\/h3>\n<p>Die 2 wichtigsten Bedingungen, die erf\u00fcllt werden m\u00fcssen, um Boni zu erhalten, sind: ein offiziell registrierter Kunde zu sein und regelm\u00e4\u00dfig Ihr eigenes Echtgeld auf das Spielkonto einzuzahlen.<\/p>\n<h3>KANN EIN SPIELER ALLE BONI AUF EINMAL ERHALTEN?<\/h3>\n<p>Ja. Jeder Kunde kann absolut alle Arten von pr\u00e4sentierten Boni erhalten.<\/p>\n<p><strong>Lesen Sie auch \u00fcber:<\/strong><\/p>\n<ul>\n<li><a href=\"https:\/\/rocketplay-slot.com\/de\/bonus\/welcome-offer\/\">Willkommensangebot<\/a><\/li>\n<li><a href=\"https:\/\/rocketplay-slot.com\/de\/bonus\/vip-program\/\">VIP Program<\/a><\/li>\n<\/ul>\n","protected":false},"excerpt":{"rendered":"<p>Es ist cool, mit einer Institution zusammenzuarbeiten, die f\u00fcr Kunden arbeitet und alles f\u00fcr deren Komfort, Zufriedenheit und Nutzen tut. Aus diesem Grund raten wir Ihnen, auf das Bonusprogramm des Rocket Play Casinos zu achten. Dies ist eine einzigartige Institution, die f\u00fcr ihre gro\u00dfz\u00fcgigen Geschenke ber\u00fchmt ist. Viele Kunden sind aufgrund der g\u00fcnstigen Bonusbedingungen und&#8230;<\/p>\n","protected":false},"author":1,"featured_media":0,"parent":1415,"menu_order":0,"comment_status":"closed","ping_status":"closed","template":"","meta":{"_acf_changed":false,"_kad_post_transparent":"default","_kad_post_title":"default","_kad_post_layout":"default","_kad_post_sidebar_id":"","_kad_post_content_style":"default","_kad_post_vertical_padding":"default","_kad_post_feature":"","_kad_post_feature_position":"","_kad_post_header":false,"_kad_post_footer":false,"footnotes":""},"class_list":["post-1469","page","type-page","status-publish","hentry"],"acf":[],"rttpg_featured_image_url":null,"rttpg_author":{"display_name":"Elvis","author_link":"https:\/\/rocketplay-slot.com\/de\/author\/pemvas95n89x\/"},"rttpg_comment":0,"rttpg_category":null,"rttpg_excerpt":"Es ist cool, mit einer Institution zusammenzuarbeiten, die f\u00fcr Kunden arbeitet und alles f\u00fcr deren Komfort, Zufriedenheit und Nutzen tut. Aus diesem Grund raten wir Ihnen, auf das Bonusprogramm des Rocket Play Casinos zu achten. Dies ist eine einzigartige Institution, die f\u00fcr ihre gro\u00dfz\u00fcgigen Geschenke ber\u00fchmt ist. Viele Kunden sind aufgrund der g\u00fcnstigen Bonusbedingungen und...","_links":{"self":[{"href":"https:\/\/rocketplay-slot.com\/de\/wp-json\/wp\/v2\/pages\/1469","targetHints":{"allow":["GET"]}}],"collection":[{"href":"https:\/\/rocketplay-slot.com\/de\/wp-json\/wp\/v2\/pages"}],"about":[{"href":"https:\/\/rocketplay-slot.com\/de\/wp-json\/wp\/v2\/types\/page"}],"author":[{"embeddable":true,"href":"https:\/\/rocketplay-slot.com\/de\/wp-json\/wp\/v2\/users\/1"}],"replies":[{"embeddable":true,"href":"https:\/\/rocketplay-slot.com\/de\/wp-json\/wp\/v2\/comments?post=1469"}],"version-history":[{"count":3,"href":"https:\/\/rocketplay-slot.com\/de\/wp-json\/wp\/v2\/pages\/1469\/revisions"}],"predecessor-version":[{"id":4652,"href":"https:\/\/rocketplay-slot.com\/de\/wp-json\/wp\/v2\/pages\/1469\/revisions\/4652"}],"up":[{"embeddable":true,"href":"https:\/\/rocketplay-slot.com\/de\/wp-json\/wp\/v2\/pages\/1415"}],"wp:attachment":[{"href":"https:\/\/rocketplay-slot.com\/de\/wp-json\/wp\/v2\/media?parent=1469"}],"curies":[{"name":"wp","href":"https:\/\/api.w.org\/{rel}","templated":true}]}}