{"id":1487,"date":"2022-09-30T14:05:28","date_gmt":"2022-09-30T11:05:28","guid":{"rendered":"https:\/\/rocketplay-slot.com\/bonus\/vip-program\/"},"modified":"2025-11-24T20:30:27","modified_gmt":"2025-11-24T17:30:27","slug":"vip-program","status":"publish","type":"page","link":"https:\/\/rocketplay-slot.com\/de\/bonus\/vip-program\/","title":{"rendered":"VIP-Programm Rocket Play Review"},"content":{"rendered":"<p>Nur Elite-Gl\u00fccksspieleinrichtungen k\u00f6nnen sich r\u00fchmen, ein spezielles Anreizsystem f\u00fcr Kunden zu haben. Wenn Sie sich f\u00fcr eine Zusammenarbeit mit dieser Institution entschieden haben, dann haben Sie die richtige Wahl getroffen, denn aktive Kunden warten hier auf das beste VIP-Programm des Rocket Play Casinos und st\u00e4ndige Boni und Geschenke zur Erh\u00f6hung des Spielstatus. Wir werden herausfinden, was genau dieses Programm ist und welche Vorteile es bietet. Bleiben Sie bei uns und erfahren Sie mehr!<\/p>\n<h2>WAS IST DAS VIP-PROGRAMM IM ROCKET PLAY CASINO?<\/h2>\n<p>Das Rocket Play Casino VIP-Programm ist ein einzigartiges Angebot, das die M\u00f6glichkeit bietet, den Spielstatus zu erh\u00f6hen. Je h\u00f6her dieser Status, desto bessere Bedingungen f\u00fcr die Zusammenarbeit und mehr wertvolle Geschenke und Pr\u00e4mien. Es gibt insgesamt 10 Level. Das erste davon ist Eisen, das der Spieler erh\u00e4lt, sobald er den Registrierungsprozess erfolgreich abgeschlossen hat.<\/p>\n<p>Als n\u00e4chstes m\u00fcssen Sie Comp Points verdienen \u2013 virtuelle Punkte, deren Ansammlung Ihren Status verbessert. Das erste Level ist Bronze, und wenn Sie es erreichen, erhalten Sie 10 Freispiele f\u00fcr Top-Spielautomaten. Der h\u00f6chste Status ist Diamond Legend. Es er\u00f6ffnet dem Spieler unglaubliche Vorteile \u2013 die R\u00fcckkehr von 15 % w\u00f6chentlichem Cashback sowie bis zu 15.000 Euro oder 22,5.000 australische Dollar als Bonus ohne Einzahlung.<\/p>\n<p>Die Bedingungen zum Sammeln von Bonuspunkten sind sehr einfach. Sie werden automatisch einem speziellen Spielkonto f\u00fcr jede Spielautomaten-Wette gutgeschrieben, die mit echtem Geld get\u00e4tigt wird. Das Ansammlungs\u00e4quivalent ist 1 virtuelle M\u00fcnze f\u00fcr jeweils 20 \u20ac\/30 AUD, die f\u00fcr eine Wette ausgegeben werden.<\/p>\n<p style=\"text-align: center;\"><img loading=\"lazy\" decoding=\"async\" class=\"aligncenter wp-image-4215\" src=\"https:\/\/rocketplay-slot.com\/wp-content\/uploads\/2024\/02\/r3463463.png\" alt=\"VIP RocketPlay\" width=\"1000\" height=\"333\" srcset=\"https:\/\/rocketplay-slot.com\/wp-content\/uploads\/2024\/02\/r3463463.png 1568w, https:\/\/rocketplay-slot.com\/wp-content\/uploads\/2024\/02\/r3463463-300x100.png 300w, https:\/\/rocketplay-slot.com\/wp-content\/uploads\/2024\/02\/r3463463-1024x341.png 1024w, https:\/\/rocketplay-slot.com\/wp-content\/uploads\/2024\/02\/r3463463-768x256.png 768w, https:\/\/rocketplay-slot.com\/wp-content\/uploads\/2024\/02\/r3463463-1536x511.png 1536w\" sizes=\"auto, (max-width: 1000px) 100vw, 1000px\" \/><\/p>\n<h2>VORTEILE, EIN VIP IN EINEM ROCKET PLAY CASINO ZU SEIN<\/h2>\n<p>Die Vorteile des Rocket Play Casino VIP-Programms Australien liegen auf der Hand. Jeder neue Status bringt bessere Bedingungen f\u00fcr die Zusammenarbeit und profitablere Boni. Nat\u00fcrlich h\u00e4ngt alles vom Status ab, aber auch nach Erreichen der ersten Level freut sich der Spieler \u00fcber zus\u00e4tzliche Anreize. Je nach Level sind es:<\/p>\n<p>Zus\u00e4tzliche Freispiele in Spielautomaten (von 10 f\u00fcr ein Bronze-Level bis 300 f\u00fcr Silver Legend);<br \/>\nCashback (von 3 % f\u00fcr Silver bis 15 % f\u00fcr Diamond Legend);<br \/>\nBonus ohne Einzahlung (von 1,5.000 \u20ac\/2,3.000 AUD$ f\u00fcr Gold Legend bis 15.000 \u20ac\/22,5.000 AUD$ f\u00fcr Diamond Legend).<\/p>\n<p>Wie Sie sehen k\u00f6nnen, sind die Bedingungen und Vorteile noch besser, als Sie sich vorstellen k\u00f6nnen. Um den Status zu erh\u00f6hen, m\u00fcssen Sie au\u00dferdem nichts Besonderes tun &#8211; f\u00fcllen Sie nur Ihr eigenes Konto auf und setzen Sie auf das echte Budget. Die Essenz des Gl\u00fccksspiels ist jedoch dies. F\u00fchren Sie gewohnheitsm\u00e4\u00dfige Handlungen aus und erhalten Sie Dividenden daf\u00fcr.<\/p>\n<h2>VOR-UND NACHTEILE<\/h2>\n<p>Das Online-Casino Rocket Play VIP-Programm hat seine zahlreichen Vor- und kleineren Nachteile, die der Fairness halber angemerkt werden sollten.<\/p>\n<table border=\"0\" cellspacing=\"0\" cellpadding=\"0\">\n<tbody>\n<tr>\n<td><strong>Vorteile<\/strong><\/td>\n<td><strong>Nachteile<\/strong><\/td>\n<\/tr>\n<tr>\n<td>Kostenlose Starts in den TOP-Spielautomaten<\/td>\n<td>Frist f\u00fcr Boni (5 Tage)<\/td>\n<\/tr>\n<tr>\n<td>Cashback von 3 % bis 15 %<\/td>\n<td>Der Prozess des Erreichens jedes neuen Levels ist ziemlich lang<\/td>\n<\/tr>\n<tr>\n<td>Keine Einzahlungsboni<\/td>\n<td><\/td>\n<\/tr>\n<\/tbody>\n<\/table>\n<p>Kleinere Nachteile machen die unglaublichen Vorteile, die der Kunde des Portals mit jedem neuen Level erh\u00e4lt, immer noch nicht zunichte.<\/p>\n<h2>FAQ<\/h2>\n<h3>WIE ERHALTE ICH EIN NEUES SPIEL-LEVEL?<\/h3>\n<p>Dazu ist es notwendig, das Konto mit echtem Geld aufzuf\u00fcllen und mit diesem Kapital Wetten abzuschlie\u00dfen.<\/p>\n<h3>WAS BEKOMME ICH, WENN ICH DAS MAXIMALE VIP-LEVEL ERREICHE?<\/h3>\n<p>In diesem Fall erhalten Sie 15 % Cashback und einen erheblichen Bonus ohne Einzahlung.<\/p>\n<h3>WIE VERDIENE ICH 1 VIRTUELLE M\u00dcNZE?<\/h3>\n<p>Jeder neue Punkt wird gutgeschrieben, nachdem der Wanderer einen Einsatz von 20 \u20ac oder 30 AUD gemacht hat.<\/p>\n<p><strong>Lesen Sie auch \u00fcber:<\/strong><\/p>\n<ul>\n<li><a href=\"https:\/\/rocketplay-slot.com\/de\/bonus\/welcome-offer\/\">Willkommensangebot<\/a><\/li>\n<\/ul>\n","protected":false},"excerpt":{"rendered":"<p>Nur Elite-Gl\u00fccksspieleinrichtungen k\u00f6nnen sich r\u00fchmen, ein spezielles Anreizsystem f\u00fcr Kunden zu haben. Wenn Sie sich f\u00fcr eine Zusammenarbeit mit dieser Institution entschieden haben, dann haben Sie die richtige Wahl getroffen, denn aktive Kunden warten hier auf das beste VIP-Programm des Rocket Play Casinos und st\u00e4ndige Boni und Geschenke zur Erh\u00f6hung des Spielstatus. Wir werden herausfinden,&#8230;<\/p>\n","protected":false},"author":1,"featured_media":0,"parent":1415,"menu_order":0,"comment_status":"closed","ping_status":"closed","template":"","meta":{"_acf_changed":false,"_kad_post_transparent":"default","_kad_post_title":"default","_kad_post_layout":"default","_kad_post_sidebar_id":"","_kad_post_content_style":"default","_kad_post_vertical_padding":"default","_kad_post_feature":"","_kad_post_feature_position":"","_kad_post_header":false,"_kad_post_footer":false,"footnotes":""},"class_list":["post-1487","page","type-page","status-publish","hentry"],"acf":[],"rttpg_featured_image_url":null,"rttpg_author":{"display_name":"Elvis","author_link":"https:\/\/rocketplay-slot.com\/de\/author\/pemvas95n89x\/"},"rttpg_comment":0,"rttpg_category":null,"rttpg_excerpt":"Nur Elite-Gl\u00fccksspieleinrichtungen k\u00f6nnen sich r\u00fchmen, ein spezielles Anreizsystem f\u00fcr Kunden zu haben. Wenn Sie sich f\u00fcr eine Zusammenarbeit mit dieser Institution entschieden haben, dann haben Sie die richtige Wahl getroffen, denn aktive Kunden warten hier auf das beste VIP-Programm des Rocket Play Casinos und st\u00e4ndige Boni und Geschenke zur Erh\u00f6hung des Spielstatus. Wir werden herausfinden,...","_links":{"self":[{"href":"https:\/\/rocketplay-slot.com\/de\/wp-json\/wp\/v2\/pages\/1487","targetHints":{"allow":["GET"]}}],"collection":[{"href":"https:\/\/rocketplay-slot.com\/de\/wp-json\/wp\/v2\/pages"}],"about":[{"href":"https:\/\/rocketplay-slot.com\/de\/wp-json\/wp\/v2\/types\/page"}],"author":[{"embeddable":true,"href":"https:\/\/rocketplay-slot.com\/de\/wp-json\/wp\/v2\/users\/1"}],"replies":[{"embeddable":true,"href":"https:\/\/rocketplay-slot.com\/de\/wp-json\/wp\/v2\/comments?post=1487"}],"version-history":[{"count":4,"href":"https:\/\/rocketplay-slot.com\/de\/wp-json\/wp\/v2\/pages\/1487\/revisions"}],"predecessor-version":[{"id":4643,"href":"https:\/\/rocketplay-slot.com\/de\/wp-json\/wp\/v2\/pages\/1487\/revisions\/4643"}],"up":[{"embeddable":true,"href":"https:\/\/rocketplay-slot.com\/de\/wp-json\/wp\/v2\/pages\/1415"}],"wp:attachment":[{"href":"https:\/\/rocketplay-slot.com\/de\/wp-json\/wp\/v2\/media?parent=1487"}],"curies":[{"name":"wp","href":"https:\/\/api.w.org\/{rel}","templated":true}]}}