{"id":1499,"date":"2022-09-29T18:12:36","date_gmt":"2022-09-29T15:12:36","guid":{"rendered":"https:\/\/rocketplay-slot.com\/bonus\/welcome-offer\/"},"modified":"2025-11-24T20:34:53","modified_gmt":"2025-11-24T17:34:53","slug":"welcome-offer","status":"publish","type":"page","link":"https:\/\/rocketplay-slot.com\/de\/bonus\/welcome-offer\/","title":{"rendered":"Willkommensangebot RocketPlay"},"content":{"rendered":"<p>Jeder Spieler m\u00f6chte die besten Bedingungen f\u00fcr die Zusammenarbeit erhalten. Dies ist wahrscheinlich einer der wichtigsten Punkte bei der Entscheidung, einem Gl\u00fccksspielunternehmen beizutreten. Die Willkommensboni von Online Casino Rocket Play lassen Sie jedoch nicht lange warten und an der Richtigkeit der Entscheidung zweifeln.<\/p>\n<p>Neulinge, die sich entscheiden, dem Superteam von Portalkunden beizutreten, k\u00f6nnen auf unglaubliche Geschenke z\u00e4hlen, die ein guter Start f\u00fcr weitere Erfolge sein werden. Das Willkommensangebot von Casino Rocket Play ist etwas, das Ihre Aufmerksamkeit wert ist. Deshalb ist es ratsam, mehr \u00fcber dieses einzigartige Angebot zu erfahren, von dem wir Ihnen sp\u00e4ter erz\u00e4hlen werden.<\/p>\n<p style=\"text-align: center;\"><img loading=\"lazy\" decoding=\"async\" class=\"aligncenter wp-image-4234\" src=\"https:\/\/rocketplay-slot.com\/wp-content\/uploads\/2024\/02\/wtyeuyr453.png\" alt=\"Willkommensangebot RocketPlay\" width=\"1000\" height=\"303\" srcset=\"https:\/\/rocketplay-slot.com\/wp-content\/uploads\/2024\/02\/wtyeuyr453.png 1047w, https:\/\/rocketplay-slot.com\/wp-content\/uploads\/2024\/02\/wtyeuyr453-300x91.png 300w, https:\/\/rocketplay-slot.com\/wp-content\/uploads\/2024\/02\/wtyeuyr453-1024x310.png 1024w, https:\/\/rocketplay-slot.com\/wp-content\/uploads\/2024\/02\/wtyeuyr453-768x233.png 768w\" sizes=\"auto, (max-width: 1000px) 100vw, 1000px\" \/><\/p>\n<h2>VERSCHIEDENE ARTEN VON WILLKOMMENSANGEBOTEN<\/h2>\n<p>Kein Wunder, dass die besten Casino-Willkommensboni von Rocket Play bei Spielern so beliebt sind.<\/p>\n<p>Das Ziel jedes Rocket Play-Willkommensangebots Australien ist es, dem Benutzer das Portal vorzustellen und den Weg zum Gewinnen zu erleichtern. Nat\u00fcrlich ist Gl\u00fcck in der Welt des Gl\u00fccksspiels ein entscheidender und sehr wichtiger Punkt, aber Sie k\u00f6nnen immer versuchen, Ihre Gl\u00fcckschancen zu erh\u00f6hen. Wie sie sagen: &#8222;Vertraue auf Gott, aber sitze nicht unt\u00e4tig da.&#8220;<\/p>\n<p>Nach erfolgreicher Registrierung auf dem Portal steht das beste Casino-Willkommensangebot Rocket Play absolut jedem Kunden des Portals zur Verf\u00fcgung. Dieses Incentive besteht aus zwei Teilen, sodass folgende Arten von Willkommensgeschenken unterschieden werden k\u00f6nnen.<\/p>\n<ol>\n<li>Ein Geschenk f\u00fcr die erste Einzahlung. Dies ist ein sehr cooles Angebot, da der Mindestaufladebetrag nur 20 \u20ac oder 30 AUD betr\u00e4gt. Diese gro\u00dfz\u00fcgige Dividende erh\u00e4lt der Spieler unmittelbar nach dem Auff\u00fcllen des Kontos. Dem Spielkonto werden zus\u00e4tzlich 100 % des eingezahlten Betrags gutgeschrieben. Zus\u00e4tzlich erh\u00e4lt der Zocker 100 Freispiele an den besten Automaten. 20 Versuche werden sofort gez\u00e4hlt. Die restlichen Spins werden in den n\u00e4chsten 4 Tagen gutgeschrieben.<\/li>\n<li>Nach der zweiten Aufladung warten noch coolere Geschenke auf dich. Wenn Sie einen Betrag zwischen 50 und 200 Euro oder Dollar einzahlen, werden Ihnen weitere 200 % des eingezahlten Betrags hinzugef\u00fcgt. Der Mindestbetrag, um den Bonus zu beanspruchen, betr\u00e4gt 50 EUR oder AUD, also seien Sie sich dieser Bedingung bewusst und verpassen Sie nicht Ihre Chance.<\/li>\n<\/ol>\n<p>Wie Sie sehen k\u00f6nnen, wirkt sich die Politik der Institution von den ersten Minuten nach der Registrierung an zugunsten des Kunden aus. Es gibt heute nur noch wenige Orte, an denen Sie so g\u00fcnstige Bedingungen vorfinden. Suchen Sie daher nicht nach etwas Besserem, wenn das Ideal bereits vor Ihnen liegt.<\/p>\n<p><img loading=\"lazy\" decoding=\"async\" class=\"alignright wp-image-4243\" src=\"https:\/\/rocketplay-slot.com\/wp-content\/uploads\/2024\/02\/45345435435.png\" alt=\"Willkommensangebot RocketPlay 2\" width=\"600\" height=\"304\" srcset=\"https:\/\/rocketplay-slot.com\/wp-content\/uploads\/2024\/02\/45345435435.png 615w, https:\/\/rocketplay-slot.com\/wp-content\/uploads\/2024\/02\/45345435435-300x152.png 300w\" sizes=\"auto, (max-width: 600px) 100vw, 600px\" \/><\/p>\n<h2>WIE KANN ICH EIN WILLKOMMENSANGEBOT BEANSPRUCHEN?<\/h2>\n<p>Die Bedingungen f\u00fcr die Bereitstellung eines Willkommenspakets sind sehr einfach. Folgen Sie ihnen, und Sie werden gl\u00fccklich sein.<\/p>\n<ul>\n<li>Zun\u00e4chst m\u00fcssen Sie den Registrierungsprozess erfolgreich abschlie\u00dfen. Nur offizielle Kunden k\u00f6nnen alle Vorteile aus der Zusammenarbeit mit der Institution in Anspruch nehmen.<\/li>\n<li>Zweitens ist es nach der Registrierung unbedingt erforderlich, eigene Gelder auf das Spielkonto einzuzahlen. Zus\u00e4tzliches Guthaben und Freispiele werden erst nach der Einzahlung gutgeschrieben. Es ist sehr einfach. Verwenden Sie dazu einen speziellen Abschnitt des Men\u00fcs in Ihrem pers\u00f6nlichen Konto. Die Mindesteinzahlung betr\u00e4gt nur 30 AUD f\u00fcr die erste Aufladung und 50 UAD f\u00fcr die zweite. Sie bleiben trotzdem auf Ihrem pers\u00f6nlichen Konto. Je mehr Gelder jedoch beigesteuert werden, desto mehr Geld wird gespendet. Achten Sie darauf.<\/li>\n<\/ul>\n<p>Nur wenige Voraussetzungen und ein komplettes Paket an Willkommensgeschenken liegen in Ihren H\u00e4nden. Vernachl\u00e4ssigen Sie diese Gelegenheit nicht. Nutzen Sie jede Gelegenheit maximal zu Ihrem eigenen Vorteil. Das Gl\u00fcck beg\u00fcnstigt die Beharrlichen.<\/p>\n<h2>FAQ<\/h2>\n<h3>WIE ERHALTE ICH EINEN WILLKOMMENSBONUS?<\/h3>\n<p>Um ein Willkommensgeschenkpaket zu erhalten, m\u00fcssen Sie ein offiziell registrierter Kunde des Portals sein. Die zweite obligatorische Bedingung besteht darin, das Spielkonto mindestens um den Mindestbetrag aufzuf\u00fcllen. Nach der ersten erfolgreichen Zahlung werden Geschenke sofort Ihrem Konto gutgeschrieben.<\/p>\n<h3>WAS IST IM WILLKOMMENSPAKET ENTHALTEN?<\/h3>\n<p>Das Willkommensgeschenkpaket beinhaltet zus\u00e4tzliches Guthaben auf dem Konto und 100 kostenlose Startpl\u00e4tze. Bonuskapital erhalten Sie nach der ersten und zweiten Aufladung. Nach dem ersten in Form von 100% des Betrags, nach dem zweiten &#8211; bis zu 200%.<\/p>\n<h3>WAS IST DER MINDESTEINZAHLUNGSBETRAG?<\/h3>\n<p>Es h\u00e4ngt von der W\u00e4hrung ab, die Sie w\u00e4hlen. Ja, wenn Sie in Ihren Profileinstellungen Euro ausgew\u00e4hlt haben, muss die erste Einzahlung mindestens 20 Euro betragen. Wenn Finanztransaktionen in australischen oder kanadischen Dollar durchgef\u00fchrt werden, dann sind es 30 $.<\/p>\n<p><strong>Lesen Sie auch \u00fcber:<\/strong><\/p>\n<ul>\n<li><a href=\"https:\/\/rocketplay-slot.com\/de\/bonus\/loyalty-program\/\">Treueprogramm<\/a><\/li>\n<li><a href=\"https:\/\/rocketplay-slot.com\/de\/bonus\/regular-bonuses\/\">Regelm\u00e4\u00dfige Boni<\/a><\/li>\n<\/ul>\n","protected":false},"excerpt":{"rendered":"<p>Jeder Spieler m\u00f6chte die besten Bedingungen f\u00fcr die Zusammenarbeit erhalten. Dies ist wahrscheinlich einer der wichtigsten Punkte bei der Entscheidung, einem Gl\u00fccksspielunternehmen beizutreten. Die Willkommensboni von Online Casino Rocket Play lassen Sie jedoch nicht lange warten und an der Richtigkeit der Entscheidung zweifeln. Neulinge, die sich entscheiden, dem Superteam von Portalkunden beizutreten, k\u00f6nnen auf unglaubliche&#8230;<\/p>\n","protected":false},"author":1,"featured_media":0,"parent":1415,"menu_order":0,"comment_status":"closed","ping_status":"closed","template":"","meta":{"_acf_changed":false,"_kad_post_transparent":"default","_kad_post_title":"default","_kad_post_layout":"default","_kad_post_sidebar_id":"","_kad_post_content_style":"default","_kad_post_vertical_padding":"default","_kad_post_feature":"","_kad_post_feature_position":"","_kad_post_header":false,"_kad_post_footer":false,"footnotes":""},"class_list":["post-1499","page","type-page","status-publish","hentry"],"acf":[],"rttpg_featured_image_url":null,"rttpg_author":{"display_name":"Elvis","author_link":"https:\/\/rocketplay-slot.com\/de\/author\/pemvas95n89x\/"},"rttpg_comment":0,"rttpg_category":null,"rttpg_excerpt":"Jeder Spieler m\u00f6chte die besten Bedingungen f\u00fcr die Zusammenarbeit erhalten. Dies ist wahrscheinlich einer der wichtigsten Punkte bei der Entscheidung, einem Gl\u00fccksspielunternehmen beizutreten. Die Willkommensboni von Online Casino Rocket Play lassen Sie jedoch nicht lange warten und an der Richtigkeit der Entscheidung zweifeln. Neulinge, die sich entscheiden, dem Superteam von Portalkunden beizutreten, k\u00f6nnen auf unglaubliche...","_links":{"self":[{"href":"https:\/\/rocketplay-slot.com\/de\/wp-json\/wp\/v2\/pages\/1499","targetHints":{"allow":["GET"]}}],"collection":[{"href":"https:\/\/rocketplay-slot.com\/de\/wp-json\/wp\/v2\/pages"}],"about":[{"href":"https:\/\/rocketplay-slot.com\/de\/wp-json\/wp\/v2\/types\/page"}],"author":[{"embeddable":true,"href":"https:\/\/rocketplay-slot.com\/de\/wp-json\/wp\/v2\/users\/1"}],"replies":[{"embeddable":true,"href":"https:\/\/rocketplay-slot.com\/de\/wp-json\/wp\/v2\/comments?post=1499"}],"version-history":[{"count":3,"href":"https:\/\/rocketplay-slot.com\/de\/wp-json\/wp\/v2\/pages\/1499\/revisions"}],"predecessor-version":[{"id":4634,"href":"https:\/\/rocketplay-slot.com\/de\/wp-json\/wp\/v2\/pages\/1499\/revisions\/4634"}],"up":[{"embeddable":true,"href":"https:\/\/rocketplay-slot.com\/de\/wp-json\/wp\/v2\/pages\/1415"}],"wp:attachment":[{"href":"https:\/\/rocketplay-slot.com\/de\/wp-json\/wp\/v2\/media?parent=1499"}],"curies":[{"name":"wp","href":"https:\/\/api.w.org\/{rel}","templated":true}]}}