{"id":1507,"date":"2022-09-30T14:22:20","date_gmt":"2022-09-30T11:22:20","guid":{"rendered":"https:\/\/rocketplay-slot.com\/buffalo-power-hold-and-win\/"},"modified":"2022-10-31T20:24:56","modified_gmt":"2022-10-31T17:24:56","slug":"buffalo-power-hold-and-win","status":"publish","type":"page","link":"https:\/\/rocketplay-slot.com\/de\/buffalo-power-hold-and-win\/","title":{"rendered":"Buffalo Power Halten und gewinnen"},"content":{"rendered":"<p><img loading=\"lazy\" decoding=\"async\" class=\"alignleft wp-image-405\" src=\"https:\/\/rocketplay-slot.com\/wp-content\/uploads\/2022\/09\/buffalo-power-hold-and-win-150x150.png\" alt=\"Buffalo Power Hold And Win\" width=\"200\" height=\"200\" srcset=\"https:\/\/rocketplay-slot.com\/wp-content\/uploads\/2022\/09\/buffalo-power-hold-and-win-150x150.png 150w, https:\/\/rocketplay-slot.com\/wp-content\/uploads\/2022\/09\/buffalo-power-hold-and-win-300x300.png 300w, https:\/\/rocketplay-slot.com\/wp-content\/uploads\/2022\/09\/buffalo-power-hold-and-win.png 380w\" sizes=\"auto, (max-width: 200px) 100vw, 200px\" \/><\/p>\n<p>Eine unglaubliche Entwicklung von Playson, einem der weltweit f\u00fchrenden Entwickler von Gl\u00fccksspielinhalten, ist im Spielesortiment des Portals zu finden. Rocket Play Buffalo Power Hold und Win Slot sind genug gefragt, und Sie k\u00f6nnen Zeit damit verbringen. 2 Jahre nach der ersten Ver\u00f6ffentlichung wurde das Spiel von Tausenden von Benutzern sehr geliebt. Und jeden Tag w\u00e4chst die Armee der Fans des Slots nur noch. Werden Sie zum Kenner dieser Unterhaltung und starten Sie gleich ins Abenteuer.<\/p>\n<p>Wir pr\u00e4sentieren Ihnen den Bericht Rocket Play Buffalo Power Hold and Win. Unsere Kurzbeschreibung enth\u00e4lt alle interessanten Informationen zum Programm und wichtige Fakten, die Ihnen dabei helfen werden. Lesen Sie zur besseren Darstellung und zum besseren Verst\u00e4ndnis alles Wesentliche in der Tabelle.<\/p>\n<table border=\"0\" cellspacing=\"0\" cellpadding=\"0\">\n<tbody>\n<tr>\n<td><strong>Entwickler<\/strong><\/td>\n<td><strong>Spielsohn<\/strong><\/td>\n<\/tr>\n<tr>\n<td>Erscheinungsdatum<\/td>\n<td>2020<\/td>\n<\/tr>\n<tr>\n<td>Linien<\/td>\n<td>20<\/td>\n<\/tr>\n<tr>\n<td>R\u00e4der<\/td>\n<td>5<\/td>\n<\/tr>\n<tr>\n<td>Reihen<\/td>\n<td>3<\/td>\n<\/tr>\n<tr>\n<td>Boni<\/td>\n<td>freier Start;<\/p>\n<p>4 Jackpots<\/td>\n<\/tr>\n<tr>\n<td>RTP<\/td>\n<td>95%<\/td>\n<\/tr>\n<tr>\n<td>Automatische Wiedergabe<\/td>\n<td>+<\/td>\n<\/tr>\n<tr>\n<td>Besondere Zeichen<\/td>\n<td>Streuen<\/p>\n<p>Wild<\/td>\n<\/tr>\n<tr>\n<td>Wettdiapason<\/td>\n<td>0.20-100 EUR<\/td>\n<\/tr>\n<\/tbody>\n<\/table>\n<p>Nachdem Sie das Spiel studiert haben, k\u00f6nnen Sie viele positive Punkte feststellen, die es bei den Benutzern so erfolgreich machen. Hier ist ein \u00e4u\u00dferst bequemes und schnelles Gameplay. Alles ist intuitiv. Auch ein Anf\u00e4nger, der sich zum ersten Mal mit Slots besch\u00e4ftigt, ben\u00f6tigt nur wenige Minuten, um sich mit den Funktionen des Hauptmen\u00fcs vertraut zu machen und diese zu erlernen. Wenn Sie Fragen haben, k\u00f6nnen Sie sich au\u00dferdem jederzeit die Hinweise ansehen, die alle notwendigen Funktionen, Symbole und Symbole des Spiels ausf\u00fchrlich beschreiben.<\/p>\n<p>Man kann nicht umhin, sich \u00fcber die zus\u00e4tzlichen Features des Spiels zu freuen. Hier gibt es eine ziemlich solide Bonusserie. Wenn Zocker nicht mehr von zus\u00e4tzlichen Freiversuchen oder speziellen Scatter-Symbolen \u00fcberrascht werden, dann haben die Spieleentwickler noch ein paar Tricks mehr im \u00c4rmel. Vier Jackpots und eine zus\u00e4tzliche Minirunde werden Sie sicher nicht ohne Eindr\u00fccke zur\u00fccklassen. Super M\u00f6glichkeiten f\u00fcr unglaubliche Gewinne! Selbst mit einem Mindesteinsatz von nur 20 Cent k\u00f6nnen Sie einen ziemlich guten Preis erzielen.<\/p>\n<h2>THEMA, GRAFIKEN &amp; SOUNDTRACK<\/h2>\n<p>Einen besonderen Platz im Herzen nehmen Grafiken, Soundtracks und das Thema des Spiels ein. Rocket Play Buffalo Power Hold and Win Online-Slot kombiniert harmonisch Tiersymbole und begleitende Sound- und Grafik-Spezialeffekte. Bereits in den ersten Sekunden nach dem Start wird deutlich, wie kompetent die Entwickler daran gearbeitet haben, diese drei Aspekte zu vereinen.<\/p>\n<p>Schon aus dem Namen selbst wird deutlich, dass Sie hier traditionelle Ikonen mit Tieren und die \u00fcblichen Kartensymbole sehen m\u00fcssen. Um Gewinnkombinationen zu bilden und Ihre Preise einzusammeln, m\u00fcssen Sie mindestens drei Symbole sammeln:<\/p>\n<ul>\n<li>Stiere;<\/li>\n<li>B\u00e4ren;<\/li>\n<li>Pumas;<\/li>\n<li>W\u00f6lfe;<\/li>\n<li>Adler;<\/li>\n<li>Einfache Kartensymbole!<\/li>\n<\/ul>\n<p>Jedes Zeichen hat seinen eigenen Wert. Au\u00dferdem wird die endg\u00fcltige Gewinnsumme von der Gesamtzahl in der Linie beeinflusst. Zus\u00e4tzliche Symbole k\u00f6nnen Freispiele, eine Minirunde und einen von 4 oder sogar alle Jackpots bringen.<\/p>\n<h2>RTP UND VARIANZ<\/h2>\n<p>Der RTP-Wert liegt bei etwas mehr als 95 %. Nat\u00fcrlich w\u00fcrden wir diese Indikatoren gerne verbessern, aber das ist nicht kritisch. Auch bei diesen Werten ist die Unterhaltung empfehlenswert.<\/p>\n<p><img loading=\"lazy\" decoding=\"async\" class=\"aligncenter wp-image-406 size-full\" style=\"text-align: center; font-family: var(--global-body-font-family); letter-spacing: 0em;\" src=\"https:\/\/rocketplay-slot.com\/wp-content\/uploads\/2022\/09\/buffalo-power-hold-and-win-slot.jpeg\" alt=\"Buffalo Power Hold And Win slot\" width=\"1280\" height=\"720\" srcset=\"https:\/\/rocketplay-slot.com\/wp-content\/uploads\/2022\/09\/buffalo-power-hold-and-win-slot.jpeg 1280w, https:\/\/rocketplay-slot.com\/wp-content\/uploads\/2022\/09\/buffalo-power-hold-and-win-slot-300x169.jpeg 300w, https:\/\/rocketplay-slot.com\/wp-content\/uploads\/2022\/09\/buffalo-power-hold-and-win-slot-1024x576.jpeg 1024w, https:\/\/rocketplay-slot.com\/wp-content\/uploads\/2022\/09\/buffalo-power-hold-and-win-slot-768x432.jpeg 768w\" sizes=\"auto, (max-width: 1280px) 100vw, 1280px\" \/><\/p>\n<h2>SPIELANLEITUNG<\/h2>\n<p>Es gibt zwei M\u00f6glichkeiten, auf dem Portal Rocket Play Buffalo Power zu spielen und kostenlos zu gewinnen. Die erste Option steht allen Portalbesuchern ohne Registrierung oder Einzahlung zur Verf\u00fcgung. Die zweite Option erfordert beides. Es er\u00f6ffnet jedoch den Weg zu unglaublichen Gewinnen. Registrieren Sie sich, zahlen Sie auf Ihr Konto ein, w\u00e4hlen Sie diesen Slot aus und starten Sie ihn. F\u00fcr eine erfolgreiche Rotation lohnt es sich:<\/p>\n<ul>\n<li>legen Sie die H\u00f6he der Wette fest;<\/li>\n<li>w\u00e4hlen Sie die Anzahl der Zeilen;<\/li>\n<li>dr\u00fccke Start;<\/li>\n<li>Warten Sie, bis die Drehung abgeschlossen ist.<\/li>\n<\/ul>\n<p>Alle Gewinnkombinationen werden automatisch berechnet und das Geld wird sofort auf Ihr Konto \u00fcberwiesen.<\/p>\n<h2>FAQ<\/h2>\n<h3>K\u00d6NNEN SIE KOSTENLOS SPIELEN?<\/h3>\n<p>Ja, wenn Sie sich f\u00fcr die Demoversion von Rocket Play Buffalo Power Hold entscheiden und echtes Geld gewinnen, k\u00f6nnen Sie kostenlos, ohne Einzahlung und sogar ohne Registrierung spielen.<\/p>\n<h3>WAS IST DAS BESONDERE AN DEM SLOT?<\/h3>\n<p>Es gibt 4 Jackpots, eine Minirunde, zus\u00e4tzliche Spins und viele weitere interessante Dinge, die Ihre Aufmerksamkeit wert sind.<\/p>\n<p><strong>Lesen Sie auch \u00fcber:<\/strong><\/p>\n<ul>\n<li><a href=\"https:\/\/rocketplay-slot.com\/de\/magic-spins\/\">Magic Spins<\/a><\/li>\n<li><a href=\"https:\/\/rocketplay-slot.com\/de\/3-coins\/\">3 Coins<\/a><\/li>\n<\/ul>\n","protected":false},"excerpt":{"rendered":"<p>Eine unglaubliche Entwicklung von Playson, einem der weltweit f\u00fchrenden Entwickler von Gl\u00fccksspielinhalten, ist im Spielesortiment des Portals zu finden. Rocket Play Buffalo Power Hold und Win Slot sind genug gefragt, und Sie k\u00f6nnen Zeit damit verbringen. 2 Jahre nach der ersten Ver\u00f6ffentlichung wurde das Spiel von Tausenden von Benutzern sehr geliebt. Und jeden Tag w\u00e4chst&#8230;<\/p>\n","protected":false},"author":1,"featured_media":0,"parent":0,"menu_order":0,"comment_status":"closed","ping_status":"closed","template":"","meta":{"_acf_changed":false,"_kad_post_transparent":"default","_kad_post_title":"default","_kad_post_layout":"default","_kad_post_sidebar_id":"","_kad_post_content_style":"default","_kad_post_vertical_padding":"default","_kad_post_feature":"","_kad_post_feature_position":"","_kad_post_header":false,"_kad_post_footer":false,"footnotes":""},"class_list":["post-1507","page","type-page","status-publish","hentry"],"acf":[],"rttpg_featured_image_url":null,"rttpg_author":{"display_name":"Elvis","author_link":"https:\/\/rocketplay-slot.com\/de\/author\/pemvas95n89x\/"},"rttpg_comment":0,"rttpg_category":null,"rttpg_excerpt":"Eine unglaubliche Entwicklung von Playson, einem der weltweit f\u00fchrenden Entwickler von Gl\u00fccksspielinhalten, ist im Spielesortiment des Portals zu finden. Rocket Play Buffalo Power Hold und Win Slot sind genug gefragt, und Sie k\u00f6nnen Zeit damit verbringen. 2 Jahre nach der ersten Ver\u00f6ffentlichung wurde das Spiel von Tausenden von Benutzern sehr geliebt. Und jeden Tag w\u00e4chst...","_links":{"self":[{"href":"https:\/\/rocketplay-slot.com\/de\/wp-json\/wp\/v2\/pages\/1507","targetHints":{"allow":["GET"]}}],"collection":[{"href":"https:\/\/rocketplay-slot.com\/de\/wp-json\/wp\/v2\/pages"}],"about":[{"href":"https:\/\/rocketplay-slot.com\/de\/wp-json\/wp\/v2\/types\/page"}],"author":[{"embeddable":true,"href":"https:\/\/rocketplay-slot.com\/de\/wp-json\/wp\/v2\/users\/1"}],"replies":[{"embeddable":true,"href":"https:\/\/rocketplay-slot.com\/de\/wp-json\/wp\/v2\/comments?post=1507"}],"version-history":[{"count":3,"href":"https:\/\/rocketplay-slot.com\/de\/wp-json\/wp\/v2\/pages\/1507\/revisions"}],"predecessor-version":[{"id":1515,"href":"https:\/\/rocketplay-slot.com\/de\/wp-json\/wp\/v2\/pages\/1507\/revisions\/1515"}],"wp:attachment":[{"href":"https:\/\/rocketplay-slot.com\/de\/wp-json\/wp\/v2\/media?parent=1507"}],"curies":[{"name":"wp","href":"https:\/\/api.w.org\/{rel}","templated":true}]}}