{"id":1594,"date":"2022-09-30T15:05:52","date_gmt":"2022-09-30T12:05:52","guid":{"rendered":"https:\/\/rocketplay-slot.com\/magic-spins\/"},"modified":"2026-03-01T18:40:34","modified_gmt":"2026-03-01T15:40:34","slug":"magic-spins","status":"publish","type":"page","link":"https:\/\/rocketplay-slot.com\/de\/magic-spins\/","title":{"rendered":"Magic Spins Rezension RocketPlay"},"content":{"rendered":"<p>Vielen Dank an den Entwickler des Slots, die Firma Wazdan, f\u00fcr eine so interessante und ungew\u00f6hnliche und kreative Kreation. Nicht nur das Design und die neuen M\u00f6glichkeiten, die genutzt werden k\u00f6nnen, sondern auch die Anzahl der m\u00f6glichen Gewinne ist beeindruckend. Wenn Sie Gl\u00fcck haben, steigt Ihr Preis auf das 2.500-fache des urspr\u00fcnglichen Einsatzes.<\/p>\n<p>Wir werden in unserem Rocket Play Magic Spins-Slot-Review \u00fcber au\u00dfergew\u00f6hnliche Belohnungen und andere gro\u00dfartige Funktionen des Spiels sprechen. Bleiben Sie bei uns, und Sie werden es nicht bereuen, denn wem die Informationen geh\u00f6ren, dem geh\u00f6rt die Welt.<\/p>\n<p style=\"text-align: center;\"><img loading=\"lazy\" decoding=\"async\" class=\"aligncenter wp-image-417 size-full\" src=\"https:\/\/rocketplay-slot.com\/wp-content\/uploads\/2022\/09\/magic-spins.png\" alt=\"Magic Spins\" width=\"595\" height=\"150\" srcset=\"https:\/\/rocketplay-slot.com\/wp-content\/uploads\/2022\/09\/magic-spins.png 595w, https:\/\/rocketplay-slot.com\/wp-content\/uploads\/2022\/09\/magic-spins-300x76.png 300w\" sizes=\"auto, (max-width: 595px) 100vw, 595px\" \/><\/p>\n<h2>MAGIC SPINS Rezension<\/h2>\n<p>Die wichtigsten Punkte des Spielautomaten Rocket Play Magic Spins, die jeder Spieler kennen sollte, bevor er mit dem Spiel beginnt, werden in der Tabelle vorgestellt und beschrieben.<\/p>\n<p>&nbsp;<\/p>\n<table border=\"0\" cellspacing=\"0\" cellpadding=\"0\">\n<tbody>\n<tr>\n<td><strong>Entwickler<\/strong><\/td>\n<td><b>Wazdan<\/b><\/td>\n<\/tr>\n<tr>\n<td>Erscheinungsdatum<\/td>\n<td>2022<\/td>\n<\/tr>\n<tr>\n<td>Boni<\/td>\n<td>Freispiele f\u00fcr den Rocket Play Magic Spins-Slot;<\/p>\n<p>Jackpots<\/td>\n<\/tr>\n<tr>\n<td>RTP<\/td>\n<td>95%<\/td>\n<\/tr>\n<tr>\n<td>Besondere Zeichen<\/td>\n<td>Sammle bis zur Unendlichkeit;<\/p>\n<p>Kollektor<\/td>\n<\/tr>\n<tr>\n<td>Maximaler Gewinn<\/td>\n<td>x2500<\/td>\n<\/tr>\n<\/tbody>\n<\/table>\n<p>&nbsp;<\/p>\n<p>Schon beim ersten Anblick des Spiels k\u00f6nnen Sie verstehen, dass etwas Besonderes und Ungew\u00f6hnliches auf Sie wartet. Das Erscheinungsdatum des Slots ist 2023; Das hei\u00dft, es ist immer noch die neueste Neuheit in der Welt des Gl\u00fccksspiels, die Ihre Aufmerksamkeit wert ist.<\/p>\n<p>Obwohl es auf den ersten Blick scheinen mag, dass das Gameplay kompliziert und unklar ist, ist dies \u00fcberhaupt nicht der Fall. Bereits im Basisspiel k\u00f6nnen Sie auf regul\u00e4re Symbole einen Preis mit einem Multiplikator von 150 erhalten. Und mit speziellen Symbolen k\u00f6nnen Sie den maximalen Jackpot und verr\u00fccktes Geld gewinnen.<\/p>\n<p>Ein weiteres Feature des Slots ist das neue patentierte Feature CollectToInfinity. Ich denke, wir haben Sie davon \u00fcberzeugt, es zu versuchen. Aber selbst wenn Sie immer noch Zweifel haben, nutzen Sie Rocket Play Magic Spins kostenlos und lernen Sie Wazdans neue Kreation kennen, ohne Ihr eigenes Kapital zu riskieren.<\/p>\n<h2>SPIELFUNKTIONEN VON MAGIC SPINS<\/h2>\n<p>Um eine Gewinnkombination zu bilden, m\u00fcssen Sie mindestens 10 identische Bilder sammeln. Es gibt keine \u00fcblichen Linien und Walzen, sodass sie an jeder Position auf dem Spielfeld gesammelt werden k\u00f6nnen. Spezielle Scatter-Symbole, die andere Grundbilder (au\u00dfer Sonderbilder) ersetzen, helfen, Ihre Chancen und Ihren Erfolg weiter zu erh\u00f6hen. Wenn 6 oder mehr Bonussymbole herausfallen, wird das Bonusspiel gestartet.<\/p>\n<p>Der Echtgeld-Slot Rocket Play Magic Spins ist ebenfalls aufregend, mit der M\u00f6glichkeit, eine au\u00dfergew\u00f6hnliche Belohnung zu erhalten &#8211; 2500-mal mehr als der urspr\u00fcngliche Einsatz.<\/p>\n<p>Ein weiteres Merkmal von Spielautomaten ist die M\u00f6glichkeit, einen der vier verf\u00fcgbaren Fl\u00fcchtigen zu kaufen:<\/p>\n<ul>\n<li>Niedrig;<\/li>\n<li>Standard;<\/li>\n<li>Hoch;<\/li>\n<li>Extrem!<\/li>\n<\/ul>\n<p>Eine solche M\u00f6glichkeit hat sich bisher nicht ergeben. Dies ist eine gro\u00dfartige Funktion, aber es ist erw\u00e4hnenswert, dass sie nicht billig ist. F\u00fcr die h\u00f6chste Stufe muss 500-mal mehr als der Einsatzbetrag bezahlt werden. Manchmal lohnt es sich jedoch.<\/p>\n<p><img loading=\"lazy\" decoding=\"async\" class=\"aligncenter wp-image-418 size-full\" style=\"text-align: center; font-family: var(--global-body-font-family); letter-spacing: 0em;\" src=\"https:\/\/rocketplay-slot.com\/wp-content\/uploads\/2022\/09\/magic-spins-e1664539322637.jpeg\" alt=\"Magic Spins slot\" width=\"900\" height=\"546\" srcset=\"https:\/\/rocketplay-slot.com\/wp-content\/uploads\/2022\/09\/magic-spins-e1664539322637.jpeg 900w, https:\/\/rocketplay-slot.com\/wp-content\/uploads\/2022\/09\/magic-spins-e1664539322637-300x182.jpeg 300w, https:\/\/rocketplay-slot.com\/wp-content\/uploads\/2022\/09\/magic-spins-e1664539322637-768x466.jpeg 768w\" sizes=\"auto, (max-width: 900px) 100vw, 900px\" \/><\/p>\n<h2>THEMA &amp; DESIGN<\/h2>\n<p>Der Online-Slot Rocket Play Magic Spins hat ein ungew\u00f6hnliches, aber optisch ansprechendes Design. Im Hintergrund beobachten Spieler den Sternenhimmel, wo die Magie passiert. Der Arbeitsbildschirm ist in vier symmetrische Segmente in Form eines Kreuzes unterteilt. In ihnen fallen die Symbole heraus, die Gewinne bringen.<\/p>\n<p>Hier gibt es keine \u00fcblichen Trommeln. Die Bilder erscheinen auf dem gesamten Bildschirm und addieren sich zur Gesamtzahl. Zus\u00e4tzlich zu den thematischen Symbolen mystischer farbiger Edelsteine \u200b\u200bbietet das Spiel die \u00fcblichen Kartensymbole.<\/p>\n<h2>FAZIT<\/h2>\n<p>Abschlie\u00dfend kann eines festgestellt werden &#8211; dies ist eine besondere und ungew\u00f6hnliche Unterhaltung. Hier ist alles anders, daher mag das Gameplay auf den ersten Blick etwas kompliziert und verwirrend wirken. Es gibt keine Linien und Walzen, und der Bildschirm ist segmentiert. Es gibt jedoch einen Superjackpot, der um das 2500-fache wachsen kann.<\/p>\n<p>Aber auch ohne Jackpot, schon im Basisspiel, kann die Gewinnsumme x150 betragen. Au\u00dferdem kann der Spieler den Grad der Volatilit\u00e4t kaufen und das Tempo des Spiels w\u00e4hlen. Es gibt 5 Jackpots im Slot, aber leider werden alle vorherigen storniert, wenn der Spieler den gr\u00f6\u00dften davon gewinnt.<\/p>\n<p><strong>Lesen Sie auch \u00fcber:<\/strong><\/p>\n<ul>\n<li><a href=\"https:\/\/rocketplay-slot.com\/de\/3-coins\/\">3 Coins<\/a><\/li>\n<li><a href=\"https:\/\/rocketplay-slot.com\/de\/aloha-king-elvis\/\">Aloha King Elvis<\/a><\/li>\n<\/ul>\n","protected":false},"excerpt":{"rendered":"<p>Vielen Dank an den Entwickler des Slots, die Firma Wazdan, f\u00fcr eine so interessante und ungew\u00f6hnliche und kreative Kreation. Nicht nur das Design und die neuen M\u00f6glichkeiten, die genutzt werden k\u00f6nnen, sondern auch die Anzahl der m\u00f6glichen Gewinne ist beeindruckend. Wenn Sie Gl\u00fcck haben, steigt Ihr Preis auf das 2.500-fache des urspr\u00fcnglichen Einsatzes. Wir werden&#8230;<\/p>\n","protected":false},"author":1,"featured_media":0,"parent":0,"menu_order":0,"comment_status":"closed","ping_status":"closed","template":"","meta":{"_acf_changed":false,"_kad_post_transparent":"default","_kad_post_title":"default","_kad_post_layout":"default","_kad_post_sidebar_id":"","_kad_post_content_style":"default","_kad_post_vertical_padding":"default","_kad_post_feature":"","_kad_post_feature_position":"","_kad_post_header":false,"_kad_post_footer":false,"footnotes":""},"class_list":["post-1594","page","type-page","status-publish","hentry"],"acf":[],"rttpg_featured_image_url":null,"rttpg_author":{"display_name":"Elvis","author_link":"https:\/\/rocketplay-slot.com\/de\/author\/pemvas95n89x\/"},"rttpg_comment":0,"rttpg_category":null,"rttpg_excerpt":"Vielen Dank an den Entwickler des Slots, die Firma Wazdan, f\u00fcr eine so interessante und ungew\u00f6hnliche und kreative Kreation. Nicht nur das Design und die neuen M\u00f6glichkeiten, die genutzt werden k\u00f6nnen, sondern auch die Anzahl der m\u00f6glichen Gewinne ist beeindruckend. Wenn Sie Gl\u00fcck haben, steigt Ihr Preis auf das 2.500-fache des urspr\u00fcnglichen Einsatzes. Wir werden...","_links":{"self":[{"href":"https:\/\/rocketplay-slot.com\/de\/wp-json\/wp\/v2\/pages\/1594","targetHints":{"allow":["GET"]}}],"collection":[{"href":"https:\/\/rocketplay-slot.com\/de\/wp-json\/wp\/v2\/pages"}],"about":[{"href":"https:\/\/rocketplay-slot.com\/de\/wp-json\/wp\/v2\/types\/page"}],"author":[{"embeddable":true,"href":"https:\/\/rocketplay-slot.com\/de\/wp-json\/wp\/v2\/users\/1"}],"replies":[{"embeddable":true,"href":"https:\/\/rocketplay-slot.com\/de\/wp-json\/wp\/v2\/comments?post=1594"}],"version-history":[{"count":7,"href":"https:\/\/rocketplay-slot.com\/de\/wp-json\/wp\/v2\/pages\/1594\/revisions"}],"predecessor-version":[{"id":7904,"href":"https:\/\/rocketplay-slot.com\/de\/wp-json\/wp\/v2\/pages\/1594\/revisions\/7904"}],"wp:attachment":[{"href":"https:\/\/rocketplay-slot.com\/de\/wp-json\/wp\/v2\/media?parent=1594"}],"curies":[{"name":"wp","href":"https:\/\/api.w.org\/{rel}","templated":true}]}}