{"id":1622,"date":"2022-08-11T20:10:48","date_gmt":"2022-08-11T17:10:48","guid":{"rendered":"https:\/\/rocketplay-slot.com\/baccarat\/"},"modified":"2022-11-01T00:13:33","modified_gmt":"2022-10-31T21:13:33","slug":"baccarat","status":"publish","type":"page","link":"https:\/\/rocketplay-slot.com\/de\/baccarat\/","title":{"rendered":"Spielen Sie Baccarat um echtes Geld"},"content":{"rendered":"<p><img loading=\"lazy\" decoding=\"async\" class=\" wp-image-311 aligncenter\" src=\"https:\/\/rocketplay-slot.com\/wp-content\/uploads\/2022\/08\/online-baccarat-1-300x146.jpg\" alt=\"baccarat online\" width=\"596\" height=\"290\" srcset=\"https:\/\/rocketplay-slot.com\/wp-content\/uploads\/2022\/08\/online-baccarat-1-300x146.jpg 300w, https:\/\/rocketplay-slot.com\/wp-content\/uploads\/2022\/08\/online-baccarat-1-1024x497.jpg 1024w, https:\/\/rocketplay-slot.com\/wp-content\/uploads\/2022\/08\/online-baccarat-1-768x372.jpg 768w, https:\/\/rocketplay-slot.com\/wp-content\/uploads\/2022\/08\/online-baccarat-1.jpg 1200w\" sizes=\"auto, (max-width: 596px) 100vw, 596px\" \/><\/p>\n<p>Baccarat Casino <a href=\"https:\/\/rocketplay-slot.com\/de\">RocketPlay<\/a> ist ein weltber\u00fchmtes Spiel. Sie wird von Millionen von Menschen in vielen L\u00e4ndern verehrt. Sie finden es sowohl in einem Online Casino als auch in einem klassischen station\u00e4ren Betrieb. Dort \u00fcbernimmt sie die F\u00fchrung. Diese Spielunterhaltung hat eine besondere Atmosph\u00e4re, dank der Sie alles auf der Welt vergessen k\u00f6nnen.<\/p>\n<p>Aristokraten spielten es gerne und sa\u00dfen stundenlang am Tisch. Das Gameplay k\u00f6nnte noch lange so weitergehen. Die Regeln sind wirklich sehr einfach. Aber selbst in einem so einfachen Spiel gibt es besondere Strategien, die Spieler anwenden, um zu gewinnen. Ihre Wirksamkeit kann nur auf eigene Erfahrung getestet werden.<\/p>\n<p>Sie k\u00f6nnen RocketPlay Online Casino mit Baccarat spielen. Es gibt einen traditionellen Modus zur Auswahl, sowie Live. Live treffen Sie auf einen <a href=\"https:\/\/rocketplay-slot.com\/de\/live-baccarat\/\">Live-Croupier<\/a>. So k\u00f6nnen Sie sich wie in einer echten Spielbank f\u00fchlen, die von der Atmosph\u00e4re durchdrungen ist.<\/p>\n<p>Der Live-Modus kann nur von vollwertigen Benutzern ausprobiert werden, die ein Konto erstellt, alle erforderlichen Informationen bereitgestellt und eine Einzahlung get\u00e4tigt haben. Wenn Sie ein absoluter Anf\u00e4nger sind und noch nicht versucht haben, dies zu spielen, sich aber ernsthaft entschieden haben, mit dem Spielen zu beginnen, dann schauen Sie sich alle Nuancen an. Obwohl die Regeln nicht zu kompliziert sind, m\u00fcssen Sie sie dennoch kennen.<\/p>\n<h2>WIE MAN BACCARAT SPIELT<\/h2>\n<p>Versuchen Sie Ihr Gl\u00fcck im besten Baccarat-Online-Casino RocketPlay. Alles, was von den Teilnehmern an diesem Spiel verlangt wird, ist, neun Punkte zu bekommen. naja, oder so \u00e4hnlich. Ganz zu Beginn erhalten die Spieler sowie der Dealer selbst ein Kartenpaar. Hier sollten Sie besonders vorsichtig sein:<\/p>\n<ul>\n<li>Zehn und Karten \u00e4lter &#8211; sie bekommen null f\u00fcr sie;<\/li>\n<li>Denn hier &#8211; eins;<\/li>\n<li>Von zwei bis neun &#8211; es kommt heraus, wie es sich um den Nennwert dieser Karten handelt.<\/li>\n<\/ul>\n<p>Werden mehr als zehn Punkte erzielt, werden nur zehn Punkte vom Ergebnis abgezogen. Und was bleibt, werden die letzten Punkte sein. Wenn Sie zw\u00f6lf haben und dann zehn abziehen, erhalten wir 2. Dies ist Ihr Ergebnis. Wenn alle Teilnehmer ihre Ergebnisse kennen. Wenn die Wette nicht gespielt wurde, wird auch eine dritte Karte ben\u00f6tigt. Wenn 2 Karten nicht mehr als sechs Punkte ergeben, wird eine weitere Karte ben\u00f6tigt. Alles ist einfach. Nach ein paar Spielen werden Sie sich an alle Feinheiten erinnern. Diejenigen, die alle Regeln gr\u00fcndlich kennen, haben mehr Gewinnchancen beim Baccarat-Online-Casino RocketPlay.<\/p>\n<h2>GEWINNTIPPS F\u00dcR DAS BACCARAT-KARTENSPIEL<\/h2>\n<p>Alle Menschen sind verschieden, aber sie haben trotzdem etwas gemeinsam. Oder besser gesagt, in ihrer Psychologie. F\u00fcr jeden von uns ist die Kontrolle der Situation sehr wichtig. Aus diesem Grund sind wir oft gestresst. F\u00fcr das Baccarat-Spiel Casino RocketPlay macht besondere Spannung keinen Sinn, nur Gl\u00fcck kann in diesem Fall den Sieg beeinflussen. Aber viele Anf\u00e4nger, sowie diejenigen, die schon lange spielen, versuchen st\u00e4ndig, verschiedene Methoden anzuwenden, um das Schicksal irgendwie zu \u00fcberlisten. Herk\u00f6mmlicherweise lassen sich all diese sogenannten Tricks in bestimmte Progressionen einteilen, die negativ oder positiv sein k\u00f6nnen.<\/p>\n<p>F\u00fcr positive ist es typisch, den Einsatz zu erh\u00f6hen, wenn das Gl\u00fcck auf der Seite des Spielers ist, andernfalls \u2013 zu reduzieren. Negative Verl\u00e4ufe sind ganz anders. Wendet sich das Gl\u00fcck ab, steigt der Einsatz, und im Gl\u00fccksfall passiert alles umgekehrt.<\/p>\n<p>Da ist noch etwas anderes. Ein anderes System, das als flach bezeichnet wird. Wenn Sie diese Methode verwenden, muss das Geld f\u00fcr die gesamte Dauer des Spiels gespart werden. Der Punkt einer solchen Strategie ist, dass der Einsatzbetrag stabil bleibt. Wenn Sie ein Anf\u00e4nger sind und sich mit dem Spiel \u00fcberhaupt nicht auskennen, werden Ihnen all diese Methoden zun\u00e4chst fremd und unverst\u00e4ndlich erscheinen. Aber sie werden von Zehntausenden von Menschen genutzt. Vielleicht helfen sie jemandem. Dies sind die bekanntesten von ihnen.<\/p>\n<p>Verlassen Sie sich nicht zu sehr auf eine der Strategien. Schlie\u00dflich bringt Ihnen keine dieser Methoden einen hundertprozentigen Gewinn. Jeder Spieler w\u00e4hlt es nur f\u00fcr sein eigenes Vertrauen. Und er sollte das verantwortungsvolle Spielen nicht vergessen. Wenn Ihnen eine bezahlte Beratung angeboten wird, glauben Sie ihr nicht. Sie wollen dich nur t\u00e4uschen und deine Unerfahrenheit ausnutzen.<\/p>\n<p><img loading=\"lazy\" decoding=\"async\" class=\" wp-image-314 aligncenter\" src=\"https:\/\/rocketplay-slot.com\/wp-content\/uploads\/2022\/08\/bac5-300x169.jpg\" alt=\"rocketplay baccarat\" width=\"561\" height=\"316\" srcset=\"https:\/\/rocketplay-slot.com\/wp-content\/uploads\/2022\/08\/bac5-300x169.jpg 300w, https:\/\/rocketplay-slot.com\/wp-content\/uploads\/2022\/08\/bac5-1024x576.jpg 1024w, https:\/\/rocketplay-slot.com\/wp-content\/uploads\/2022\/08\/bac5-768x432.jpg 768w, https:\/\/rocketplay-slot.com\/wp-content\/uploads\/2022\/08\/bac5.jpg 1200w\" sizes=\"auto, (max-width: 561px) 100vw, 561px\" \/><\/p>\n<h2>FAQ<\/h2>\n<h3>WARUM BACCARAT W\u00c4HLEN?<\/h3>\n<p>Hunderttausende von Menschen auf der ganzen Welt sind s\u00fcchtig nach diesem Spiel. Schlie\u00dflich weckt es wirklich echte Emotionen. Zus\u00e4tzlich zu der Tatsache, dass Sie dank ihm eine tolle Zeit haben k\u00f6nnen, indem Sie von den Problemen des Lebens abgelenkt werden, k\u00f6nnen Sie auch gutes Geld gewinnen. Wenn Sie Gl\u00fcck haben, nat\u00fcrlich. Aber selbst wenn nicht, keine gro\u00dfe Sache. Schlie\u00dflich erleben Sie immer noch lebhafte Emotionen und echte Aufregung, deren Wirkung einer Droge \u00e4hnelt. Vergessen Sie nur nicht die Selbstbeherrschung. nicht \u00fcberreagieren auf das Ergebnis.<\/p>\n<h3>WARUM SOLLTEN SIE BEI \u200b\u200bBACCARAT NICHT AUF EIN ZIEHEN WETTEN?<\/h3>\n<p>In diesem Fall ist die Wahrscheinlichkeit oft gering. Daher sollten Sie nicht auf ein Unentschieden setzen. Am h\u00e4ufigsten wird dieser Fehler von unerfahrenen Anf\u00e4ngern gemacht, die sehr regelm\u00e4\u00dfig einfach ein gedankenloses Risiko eingehen und dabei ihr ganzes Geld verlieren. Es ist am besten, sich von erfahrenen Spielern beraten zu lassen und sich mit den bekanntesten Strategien vertraut zu machen. Mit der Zeit wird sogar ein Anf\u00e4nger zu einem erfahrenen Spieler. Dies erfordert jedoch Wissen und Erfahrung. Ein wichtiger Faktor f\u00fcr Wetten ist der Gewinnanteil der Institution. Beim Spieler sind es 1,26 %, beim Bankhalter 1,06 % und beim Unentschieden bis zu 14,4 %. Genau davon sprechen wir. Seien Sie daher vern\u00fcnftig.<\/p>\n<h3>WAS SIND DIE NEBENWETTEN BEI BACCARAT?<\/h3>\n<p>Manchmal gibt es F\u00e4lle, in denen Casinos eine erweiterte Version dieses Spiels anbieten. Das bedeutet, dass es neben den klassischen noch weitere Wetten gibt. Sie k\u00f6nnen auf den Punktevorteil eines der Teilnehmer oder auf eine bestimmte Kartenkombination wetten. Eine sehr h\u00e4ufige Wette ist auf ein perfektes Paar. Die Quintessenz ist, dass der Bankier oder Spieler eine Paarkarte hat. Eine solche Wette wird mit einem Koeffizienten von elf zu eins angeboten. Das ist wirklich ein echtes Risiko. Diese Option ist nur etwas f\u00fcr Erfahrene.<\/p>\n","protected":false},"excerpt":{"rendered":"<p>Baccarat Casino RocketPlay ist ein weltber\u00fchmtes Spiel. Sie wird von Millionen von Menschen in vielen L\u00e4ndern verehrt. Sie finden es sowohl in einem Online Casino als auch in einem klassischen station\u00e4ren Betrieb. Dort \u00fcbernimmt sie die F\u00fchrung. Diese Spielunterhaltung hat eine besondere Atmosph\u00e4re, dank der Sie alles auf der Welt vergessen k\u00f6nnen. Aristokraten spielten es&#8230;<\/p>\n","protected":false},"author":1,"featured_media":0,"parent":0,"menu_order":0,"comment_status":"closed","ping_status":"closed","template":"","meta":{"_acf_changed":false,"_kad_post_transparent":"default","_kad_post_title":"default","_kad_post_layout":"default","_kad_post_sidebar_id":"","_kad_post_content_style":"default","_kad_post_vertical_padding":"default","_kad_post_feature":"","_kad_post_feature_position":"","_kad_post_header":false,"_kad_post_footer":false,"footnotes":""},"class_list":["post-1622","page","type-page","status-publish","hentry"],"acf":[],"rttpg_featured_image_url":null,"rttpg_author":{"display_name":"Elvis","author_link":"https:\/\/rocketplay-slot.com\/de\/author\/pemvas95n89x\/"},"rttpg_comment":0,"rttpg_category":null,"rttpg_excerpt":"Baccarat Casino RocketPlay ist ein weltber\u00fchmtes Spiel. Sie wird von Millionen von Menschen in vielen L\u00e4ndern verehrt. Sie finden es sowohl in einem Online Casino als auch in einem klassischen station\u00e4ren Betrieb. Dort \u00fcbernimmt sie die F\u00fchrung. Diese Spielunterhaltung hat eine besondere Atmosph\u00e4re, dank der Sie alles auf der Welt vergessen k\u00f6nnen. Aristokraten spielten es...","_links":{"self":[{"href":"https:\/\/rocketplay-slot.com\/de\/wp-json\/wp\/v2\/pages\/1622","targetHints":{"allow":["GET"]}}],"collection":[{"href":"https:\/\/rocketplay-slot.com\/de\/wp-json\/wp\/v2\/pages"}],"about":[{"href":"https:\/\/rocketplay-slot.com\/de\/wp-json\/wp\/v2\/types\/page"}],"author":[{"embeddable":true,"href":"https:\/\/rocketplay-slot.com\/de\/wp-json\/wp\/v2\/users\/1"}],"replies":[{"embeddable":true,"href":"https:\/\/rocketplay-slot.com\/de\/wp-json\/wp\/v2\/comments?post=1622"}],"version-history":[{"count":2,"href":"https:\/\/rocketplay-slot.com\/de\/wp-json\/wp\/v2\/pages\/1622\/revisions"}],"predecessor-version":[{"id":1624,"href":"https:\/\/rocketplay-slot.com\/de\/wp-json\/wp\/v2\/pages\/1622\/revisions\/1624"}],"wp:attachment":[{"href":"https:\/\/rocketplay-slot.com\/de\/wp-json\/wp\/v2\/media?parent=1622"}],"curies":[{"name":"wp","href":"https:\/\/api.w.org\/{rel}","templated":true}]}}