{"id":1630,"date":"2022-06-15T08:06:23","date_gmt":"2022-06-15T05:06:23","guid":{"rendered":"https:\/\/rocketplay-slot.com\/live-blackjack\/"},"modified":"2024-02-08T17:39:23","modified_gmt":"2024-02-08T14:39:23","slug":"live-blackjack","status":"publish","type":"page","link":"https:\/\/rocketplay-slot.com\/de\/live-blackjack\/","title":{"rendered":"Spielen Sie kostenlos Blackjack bei RocketPlay"},"content":{"rendered":"<p>Wenn Sie noch nicht ganz bereit sind, RocketPlay Live-Blackjack um echtes Geld zu spielen, oder wenn Sie einfach nur kostenlos spielen m\u00f6chten, k\u00f6nnen Sie dies am besten tun, indem Sie Ihre F\u00e4higkeiten in den kostenlosen Spielen verbessern. Sie m\u00fcssen sich nicht registrieren, Ihr E-Mail-Konto oder andere pers\u00f6nliche Informationen angeben, um zu spielen. Klicken Sie einfach auf den Nennwert des Chips, den Sie spielen m\u00f6chten, und klicken Sie auf die Deal-Schaltfl\u00e4che.<\/p>\n<h2>BLACKJACK EINF\u00dcHRUNG<\/h2>\n<p>Live-Blackjack Australia RocketPlay ist ohne Zweifel das beliebteste Tisch-Gl\u00fccksspiel, sowohl an landgest\u00fctzten Casino-Tischen als auch unter den Tischspielen in Online-Casinos. Aber Blackjack hat, wie jedes andere Gl\u00fccksspiel, bestimmte Regeln, die Sie befolgen m\u00fcssen, um dieses Spiel korrekt zu spielen und am Ende im Blackjack-Spiel gegen das Casino zu bleiben. Das Live-Blackjack-Casino <a href=\"https:\/\/rocketplay-slot.com\/de\">RocketPlay<\/a> macht viel Geld mit Spielern, die nicht sehr vertraut mit dem Spielen von Blackjack sind, und wenn Sie nur einer dieser Spieler sind, nehmen Sie sich etwas Zeit, um den Zweck und die Regeln dieses Spiels zu verstehen.<\/p>\n\t<div class=\"alao-sidebar-box alao-sidebar-box-\">\n\t\t<a href=\"https:\/\/rocketplay-slot.com\/go-casino\/\" class=\"alao-sidebar-box__link\">\n\t\t\t<span class=\"alao-sidebar-box__thumb\">\n\t\t\t\t<img decoding=\"async\" src=\"https:\/\/rocketplay-slot.com\/wp-content\/uploads\/2022\/06\/second_bonus_nonlog.png\" alt=\"Ersteinzahlungsbonus\">\n\t\t\t<\/span>\n\t\t\t<span class=\"alao-sidebar-box__info\">\n\t\t\t\t<span class=\"alao-sidebar-box__info-wrap\">\n\t\t\t\t\t<span class=\"alao-sidebar-box__head\">Ersteinzahlungsbonus<\/span>\n\t\t\t\t\t<span class=\"alao-sidebar-box__desc\">100% + 100 FS F\u00dcR EINEN PERFEKTEN START<\/span>\n\t\t\t\t\t<span class=\"alao-sidebar-box__button\">Erhalten<\/span>\n\t\t\t\t<\/span>\n\t\t\t<\/span>\n\t\t<\/a>\n\t<\/div>\n\t\n<h2>DER ZWECK VON BLACKJACK<\/h2>\n<p>Zus\u00e4tzlich zum Croupier k\u00f6nnen 1 bis 7 Spieler am Live-Blackjack-Online-RocketPlay-Spiel teilnehmen. Allerdings spielt jeder von ihnen gegen den Croupier, unabh\u00e4ngig von den anderen Spielern am Tisch. Um eine Hand zu gewinnen, muss die Summe der Punkte der Hand des Spielers 21 oder n\u00e4her an dieser Zahl sein als die Summe der Punkte der Live-Dealer-Blackjack-RocketPlay-Hand, aber ohne \u00fcber Bord zu gehen. Eine Hand mit mehr als 21 Punkten gilt als tot und verliert den Einsatz.<\/p>\n<h2>KARTENWERT<\/h2>\n<p><img loading=\"lazy\" decoding=\"async\" class=\"aligncenter wp-image-282\" src=\"https:\/\/rocketplay-slot.com\/wp-content\/uploads\/2022\/06\/rocketplaynodep-1024x384.jpg\" alt=\"Spielen Sie kostenlos Blackjack bei RocketPlay \n\" width=\"709\" height=\"266\" srcset=\"https:\/\/rocketplay-slot.com\/wp-content\/uploads\/2022\/06\/rocketplaynodep-1024x384.jpg 1024w, https:\/\/rocketplay-slot.com\/wp-content\/uploads\/2022\/06\/rocketplaynodep-300x113.jpg 300w, https:\/\/rocketplay-slot.com\/wp-content\/uploads\/2022\/06\/rocketplaynodep-768x288.jpg 768w, https:\/\/rocketplay-slot.com\/wp-content\/uploads\/2022\/06\/rocketplaynodep.jpg 1140w\" sizes=\"auto, (max-width: 709px) 100vw, 709px\" \/><\/p>\n<p>Der Wert des Blattes des Spielers sowie des Blattes des Dealers ist die Summe der Nennwerte der Karten, aus denen es besteht. Alle Bildkarten, die einen K\u00f6nig, eine Dame und einen Buben enthalten, haben einen Wert von 10. Karten von 2 bis 10 haben einen Wert entsprechend der Zahl. Ein Ass kann als 1 oder 11 gespielt werden, je nachdem, in welcher Form es die beste Hand ergibt. Wenn ein Ass als 11 gespielt wird, wird es als \u201eweich\u201c betrachtet, aber wenn es als 1 gespielt wird, wird es als \u201ehart\u201c bezeichnet. Der Unterschied besteht darin, dass Sie bei einer weichen Hand nicht overcallen k\u00f6nnen, wenn Sie eine andere Bildkarte nehmen, andererseits k\u00f6nnte eine harte Hand m\u00f6glicherweise zu einem Overcall f\u00fchren. Sie k\u00f6nnen sich eine bessere Vorstellung vom kostenlosen Online-Blackjack-Live-Dealer RocketPlay-Gameplay machen, indem Sie das Spiel spielen, das eines von vielen nicht herunterladbaren Gl\u00fccksspielen ist.<\/p>\n<h2>DER PROZESS DES SPIELS<\/h2>\n<p>Vor Spielbeginn m\u00fcssen alle Spieler Eins\u00e4tze t\u00e4tigen. Jeder Spieler, einschlie\u00dflich des Croupiers, erh\u00e4lt zwei offene oder geschlossene Karten. Jeder Spieler hat dann die M\u00f6glichkeit, einen \u201eHit\u201c zu machen, dh eine weitere Karte zu ziehen, in der Hoffnung, seine Hand zu verbessern. Alternativ kann ein Spieler \u201ebleiben\u201c spielen und keine zus\u00e4tzlichen Karten nehmen, dies wird manchmal auch als Pass bezeichnet. Der Croupier nimmt meistens weiter Karten, bis er seine Hand auf eine solide 16 aufgebaut hat. Der Croupier muss aufh\u00f6ren, wenn er eine 17 zieht.<\/p>\n<h2>BLACKJACK<\/h2>\n<p>Der Blackjack-<a href=\"https:\/\/rocketplay-slot.com\/de\/bonus\/\">Bonus<\/a> ist genau das, woher dieses Spiel seinen Namen hat. Blackjack ist, wenn die ersten beiden Karten, die der Spieler (oder Croupier) erh\u00e4lt, ein Ass und eine Bildkarte sind, also 21. Im Durchschnitt f\u00e4llt diese gl\u00fcckliche Hand etwa einmal alle 20 H\u00e4nde. Blackjack garantiert, dass der Spieler die Hand gewinnt, und gibt auch eine Auszahlung von 3:2 anstelle des \u00fcblichen 1:1, wenn der Croupier nicht gleichzeitig mit dem Spieler einen Blackjack hat. Im Falle eines Unentschiedens bleiben alle Chips, die der Spieler auf diese Hand gelegt hat, in der Box und die Hand wird als Unentschieden gewertet.<\/p>\n<p><span style=\"font-weight: 400;\"><img loading=\"lazy\" decoding=\"async\" class=\"aligncenter wp-image-4146 size-full\" src=\"https:\/\/rocketplay-slot.com\/wp-content\/uploads\/2024\/02\/11111.png\" alt=\"Spielen Sie kostenlos Blackjack bei RocketPlay 2\" width=\"897\" height=\"606\" srcset=\"https:\/\/rocketplay-slot.com\/wp-content\/uploads\/2024\/02\/11111.png 897w, https:\/\/rocketplay-slot.com\/wp-content\/uploads\/2024\/02\/11111-300x203.png 300w, https:\/\/rocketplay-slot.com\/wp-content\/uploads\/2024\/02\/11111-768x519.png 768w\" sizes=\"auto, (max-width: 897px) 100vw, 897px\" \/><\/span><\/p>\n<h2>TEILT<\/h2>\n<p>Split Pairs ist eine Situation, die in der ersten Spielrunde auftreten kann, wenn ein Spieler zwei identische Karten auf der Hand hat. In diesem Fall kann der Spieler entscheiden, diese Karten in zwei verschiedene H\u00e4nde aufzuteilen und jede Hand separat zu spielen. Die zweite Hand erfordert jedoch einen weiteren Einsatz und je nach Casino kann der Spieler mehrere Splits hintereinander machen, bis zu 3 oder 4, wenn er weiterhin die gleichen Karten erh\u00e4lt. Die Ausnahme von dieser Regel w\u00e4ren zwei Asse, zu denen der Spieler nach dem Split nur eine zus\u00e4tzliche Karte ziehen k\u00f6nnte.<\/p>\n<h2>DOPPELT<\/h2>\n<p>Ein Double ist der doppelte Einsatz auf Ihre ersten beiden Karten. Beachten Sie jedoch, dass Sie bei dieser Option nach dem Einsatz nur noch eine Karte ziehen k\u00f6nnen. Diese Option wird empfohlen, wenn Sie eine Hand haben, die nicht durch \u00dcberschl\u00e4ge verlieren kann, oder wenn der Dealer eine Hand hat, die er leicht \u00fcberschie\u00dfen kann.<\/p>\n<h2>SARRENDER<\/h2>\n<p>Sarrender ist, wenn Sie sich entscheiden, eine Hand mit einer schlechten Hand nicht weiter zu spielen, bevor Sie \u00fcberhaupt eine andere Karte ausgew\u00e4hlt haben. Nicht alle Casinos erlauben Spielern, diese Option zu nutzen. Wenn Sie sich f\u00fcr Sarrender entscheiden, geben Sie die H\u00e4lfte Ihres urspr\u00fcnglichen Einsatzes auf, aber in manchen F\u00e4llen kann es besser sein, als alles zu verlieren.<\/p>\n<h2>VERSICHERUNG<\/h2>\n<p>Eine Versicherung wird f\u00fcr den Fall angeboten, dass der Dealer ein Ass im Open erh\u00e4lt. Sie k\u00f6nnen die H\u00e4lfte Ihres urspr\u00fcnglichen Einsatzes als Versicherung zahlen, falls der Dealer einen Blackjack kassiert. Die Versicherung wird Ihnen im Verh\u00e4ltnis 2:1 ausgezahlt, wenn der Dealer tats\u00e4chlich einen Blackjack kassiert. Erfahrene Spieler halten diese Wette jedoch f\u00fcr bedeutungslos und empfehlen sie nicht (im Gegensatz zu Casinos). Wenn Ihnen also eine Versicherung angeboten wird, lehnen Sie sie h\u00f6flich ab.<\/p>\n<p>Um die Geschichte von Blackjack und seine Beziehung zu dem Spiel, das wir heute spielen, zu verstehen, m\u00fcssen Sie verstehen, dass Blackjack andere Regeln als die oben besprochenen haben kann. Casinos bieten m\u00f6glicherweise eine Vielzahl von Variationen dieses Spiels an, aber das Grundformat ist in jedem Land und in jeder Einrichtung gleich. Egal, ob Sie die Live-Blackjack-App RocketPlay oder in einem landgest\u00fctzten Casino spielen, es ist wichtig, die Grundlagen dieses Spiels zu kennen, um Ihre Gewinnchancen erh\u00f6hen zu k\u00f6nnen.<\/p>\n<h2>WIE GEWINNT MAN BEI BLACKJACK ONLINE?<\/h2>\n<p>Um die besten Ergebnisse beim mobilen Live-Blackjack-Kartenspiel RocketPlay im Casino zu erzielen, sollte sich ein Anf\u00e4nger an den folgenden Plan halten.<\/p>\n<ul>\n<li>Lernen Sie gr\u00fcndlich alle Feinheiten der Regeln.<\/li>\n<li>Die Theorie beherrschen und lernen, die Grundstrategie in der Praxis anzuwenden.<\/li>\n<li>Finden Sie die profitabelsten Blackjack-Varianten mit einem geeigneten Wettangebot.<\/li>\n<li>W\u00e4hlen Sie die beste Strategie, die am besten zu den Regeln des gew\u00e4hlten Modells passt.<\/li>\n<li>Erste \u00dcbung in einem Trainingsmodus \u201ezum Spa\u00df\u201c.<\/li>\n<li>Erfahren Sie, wie Sie Ihre Bankroll verwalten.<\/li>\n<\/ul>\n<p>Professionelle Spieler z\u00e4hlen auch Karten, verfolgen Asse in Decks und wenden andere Tricks an, mit denen sie sich einen mathematischen Vorteil gegen\u00fcber dem Establishment verschaffen. Aber die meisten dieser ausgekl\u00fcgelten Techniken k\u00f6nnen nicht auf Online-Slot-Portalen verwendet werden, selbst wenn es sich um ein <a href=\"https:\/\/rocketplay-slot.com\/de\/live-casino\/\">Live-Casino<\/a> mit echten Croupiers handelt.<\/p>\n","protected":false},"excerpt":{"rendered":"<p>Wenn Sie noch nicht ganz bereit sind, RocketPlay Live-Blackjack um echtes Geld zu spielen, oder wenn Sie einfach nur kostenlos spielen m\u00f6chten, k\u00f6nnen Sie dies am besten tun, indem Sie Ihre F\u00e4higkeiten in den kostenlosen Spielen verbessern. Sie m\u00fcssen sich nicht registrieren, Ihr E-Mail-Konto oder andere pers\u00f6nliche Informationen angeben, um zu spielen. Klicken Sie einfach&#8230;<\/p>\n","protected":false},"author":1,"featured_media":0,"parent":0,"menu_order":0,"comment_status":"closed","ping_status":"closed","template":"front-page.php","meta":{"_acf_changed":false,"_kad_post_transparent":"default","_kad_post_title":"default","_kad_post_layout":"default","_kad_post_sidebar_id":"","_kad_post_content_style":"default","_kad_post_vertical_padding":"default","_kad_post_feature":"","_kad_post_feature_position":"","_kad_post_header":false,"_kad_post_footer":false,"footnotes":""},"class_list":["post-1630","page","type-page","status-publish","hentry"],"acf":[],"rttpg_featured_image_url":null,"rttpg_author":{"display_name":"Elvis","author_link":"https:\/\/rocketplay-slot.com\/de\/author\/pemvas95n89x\/"},"rttpg_comment":0,"rttpg_category":null,"rttpg_excerpt":"Wenn Sie noch nicht ganz bereit sind, RocketPlay Live-Blackjack um echtes Geld zu spielen, oder wenn Sie einfach nur kostenlos spielen m\u00f6chten, k\u00f6nnen Sie dies am besten tun, indem Sie Ihre F\u00e4higkeiten in den kostenlosen Spielen verbessern. Sie m\u00fcssen sich nicht registrieren, Ihr E-Mail-Konto oder andere pers\u00f6nliche Informationen angeben, um zu spielen. Klicken Sie einfach...","_links":{"self":[{"href":"https:\/\/rocketplay-slot.com\/de\/wp-json\/wp\/v2\/pages\/1630","targetHints":{"allow":["GET"]}}],"collection":[{"href":"https:\/\/rocketplay-slot.com\/de\/wp-json\/wp\/v2\/pages"}],"about":[{"href":"https:\/\/rocketplay-slot.com\/de\/wp-json\/wp\/v2\/types\/page"}],"author":[{"embeddable":true,"href":"https:\/\/rocketplay-slot.com\/de\/wp-json\/wp\/v2\/users\/1"}],"replies":[{"embeddable":true,"href":"https:\/\/rocketplay-slot.com\/de\/wp-json\/wp\/v2\/comments?post=1630"}],"version-history":[{"count":3,"href":"https:\/\/rocketplay-slot.com\/de\/wp-json\/wp\/v2\/pages\/1630\/revisions"}],"predecessor-version":[{"id":4626,"href":"https:\/\/rocketplay-slot.com\/de\/wp-json\/wp\/v2\/pages\/1630\/revisions\/4626"}],"wp:attachment":[{"href":"https:\/\/rocketplay-slot.com\/de\/wp-json\/wp\/v2\/media?parent=1630"}],"curies":[{"name":"wp","href":"https:\/\/api.w.org\/{rel}","templated":true}]}}