{"id":1638,"date":"2022-08-11T20:17:19","date_gmt":"2022-08-11T17:17:19","guid":{"rendered":"https:\/\/rocketplay-slot.com\/blackjack\/"},"modified":"2022-11-01T00:44:41","modified_gmt":"2022-10-31T21:44:41","slug":"blackjack","status":"publish","type":"page","link":"https:\/\/rocketplay-slot.com\/de\/blackjack\/","title":{"rendered":"Spielen Sie Blackjack online um echtes Geld"},"content":{"rendered":"<p><img loading=\"lazy\" decoding=\"async\" class=\" wp-image-318 aligncenter\" src=\"https:\/\/rocketplay-slot.com\/wp-content\/uploads\/2022\/08\/h.9_blackjack_webimage-_690x418-300x182.jpg\" alt=\"blackjack online\" width=\"610\" height=\"370\" srcset=\"https:\/\/rocketplay-slot.com\/wp-content\/uploads\/2022\/08\/h.9_blackjack_webimage-_690x418-300x182.jpg 300w, https:\/\/rocketplay-slot.com\/wp-content\/uploads\/2022\/08\/h.9_blackjack_webimage-_690x418.jpg 690w\" sizes=\"auto, (max-width: 610px) 100vw, 610px\" \/><\/p>\n<p>Neue Benutzer von <a href=\"https:\/\/rocketplay-slot.com\/de\">RocketPlay<\/a> Casino Blackjack online entscheiden sich nicht sofort, da die Casino-Website m\u00f6glicherweise viele Online-Gl\u00fccksspiele hat, die sie mit <a href=\"https:\/\/rocketplay-slot.com\/de\/bonus\/\">Bonusangeboten<\/a> und Spieldynamik interessieren. Nat\u00fcrlich entscheiden sich die meisten Spieler nicht nur f\u00fcr das Online-Gl\u00fccksspiel, um eine gute Zeit beim Spielen zu haben, sondern auch um echtes oder virtuelles Geld zu gewinnen. Um echtes Geld zu spielen ist ganz einfach, aber Sie m\u00fcssen eine bestimmte Liste von Bedingungen erf\u00fcllen.<\/p>\n<p>Sie k\u00f6nnen das Blackjack-Online-Casino RocketPlay nur dann um echtes Geld spielen, nachdem Sie die traditionelle Registrierung f\u00fcr alle Benutzer ohne Ausnahme abgeschlossen haben. Dieses Verfahren ist recht einfach und nimmt wenig Zeit in Anspruch. Spieler mit Erfahrung im Online-Gl\u00fccksspiel durchlaufen diese Prozedur noch schneller, denn sie wissen jetzt definitiv, welche Registrierungsmethode am besten zu ihnen passt und warum sie sich gleich nach der Registrierung einer Verifizierung unterziehen sollten.<\/p>\n<p>Sie k\u00f6nnen sich nicht nur \u00fcber einen PC, sondern auch \u00fcber mobile Ger\u00e4te registrieren. Die mobile Casino-Anwendung macht das Spielen von Online-Gl\u00fccksspielen, einschlie\u00dflich Blackjack, bequemer. Aber die mobile Anwendung hat einen offensichtlichen Nachteil \u2013 es ist eine vereinfachte Version der offiziellen Casino-Website, sodass nicht alle Funktionen in der mobilen Version des Casinos angezeigt werden. F\u00fcr ein schnelles 24\/7-Spiel werden nicht alle Funktionen ben\u00f6tigt, aber diese Informationen sind f\u00fcr diejenigen Spieler erforderlich, die vorhaben, die Nutzung von Casinos \u00fcber den PC vollst\u00e4ndig aufzugeben.<\/p>\n<h2>WIE MAN BLACKJACK ONLINE SPIELT?<\/h2>\n<p>Regelm\u00e4\u00dfige oder neue Benutzer der RocketPlay-Casino-Blackjack-Regeln k\u00f6nnen die Blackjack-Spielregeln direkt vor Beginn des Spiels \u00fcberpr\u00fcfen. Aber es ist unwahrscheinlich, dass es solche Benutzer geben wird, die nichts \u00fcber das Spiel Blackjack oder 21 oder Point wissen. Es ist eines der beliebtesten Tischspiele in Online-Casinos und kann von 1 bis 7 Spielern gespielt werden. Gegen wen spielt der User? Das Spiel wird gegen den Croupier gespielt. Um das Spiel als Gewinner zu beenden, m\u00fcssen Sie 21 Punkte auf der Hand haben oder zumindest mehr Punkte erzielen als die Person, gegen die Sie spielen. Eine Hand mit mehr als 21 Punkten gilt als spielfrei und verliert somit automatisch die Wette.<\/p>\n<p>Nicht alles ist so einfach, wenn es darum geht, ein Blackjack-Spiel auszuw\u00e4hlen. Verschiedene Casinos bieten sowohl moderne als auch klassische Versionen des Spiels an. Nat\u00fcrlich bleiben die Spielregeln \u00e4hnlich, unterscheiden sich aber in der H\u00f6he der Eins\u00e4tze, der Anzahl der offenen oder geschlossenen Karten, die zu Beginn des Spiels auf dem Spieltisch ausgelegt werden.<\/p>\n<p>W\u00e4hrend des Spiels kann der Benutzer wie ein Croupier Karten ausw\u00e4hlen, um den Wert seiner eigenen Hand zu erh\u00f6hen. Jede Version des Blackjack-Spiels hat ihre eigenen Merkmale der Kartenauswahl, und dies sollte ber\u00fccksichtigt werden. Der Spieler, der den Vorteil in der Hand hat, wird Blackjack genannt. Wenn keiner der Spieler es geschafft hat, mehr zu sammeln und ihre Punkte gleich sind, dann gibt es keinen Blackjack, aber es gibt ein Unentschieden oder einen Push.<\/p>\n<p>Der Einsatz des Teilnehmers zu Beginn des Spiels wird im Falle eines Unentschiedens einfach zur\u00fcckerstattet. Ein Spieler kann nur zus\u00e4tzliches Geld verdienen, wenn er einen klaren Vorteil in der Hand mit Karten hat, n\u00e4mlich Blackjack.<\/p>\n<h2>SPIELEN SIE BLACKJACK OHNE EINZAHLUNG<\/h2>\n<p>Das kostenlose Blackjack-Casino RocketPlay ist eine verf\u00fcgbare Spieloption f\u00fcr alle Casino-Benutzer, unabh\u00e4ngig davon, ob sie auf der Casino-Website registriert sind oder nicht. Schlie\u00dflich sind nicht alle Benutzer sofort bereit, ihre ersten Mindest- oder H\u00f6chstwetten zu t\u00e4tigen. Um um echtes Geld zu spielen, m\u00fcssen Sie zumindest eine Vorstellung vom Spiel haben und sich registrieren. Um also um echtes Geld zu spielen, m\u00fcssen Sie sich vorbereiten. Aus diesem Grund gibt es ein Spiel ohne Einzahlung oder kostenlos.<\/p>\n<p>Wenn der Benutzer nichts riskiert, kann er auch nichts gewinnen. Schlie\u00dflich jagen Spieler nicht nur den Jackpot oder zus\u00e4tzliches Geld. Sie suchen den Nervenkitzel, jene Erfahrungen, die im wirklichen Leben \u00e4u\u00dferst schwer zu finden sind. Daher wird das Spiel ohne Einzahlung nicht so emotional intensiv sein, aber es ist immer noch eine notwendige Erfahrung, um sich zu trauen, ein ernsthaftes Spiel um echtes Geld zu spielen.<\/p>\n<p><img loading=\"lazy\" decoding=\"async\" class=\" wp-image-319 aligncenter\" src=\"https:\/\/rocketplay-slot.com\/wp-content\/uploads\/2022\/08\/illuminate-philkesten-header-30-1-1160x386-1-300x100.jpeg\" alt=\"blackjack game\" width=\"660\" height=\"220\" srcset=\"https:\/\/rocketplay-slot.com\/wp-content\/uploads\/2022\/08\/illuminate-philkesten-header-30-1-1160x386-1-300x100.jpeg 300w, https:\/\/rocketplay-slot.com\/wp-content\/uploads\/2022\/08\/illuminate-philkesten-header-30-1-1160x386-1-1024x341.jpeg 1024w, https:\/\/rocketplay-slot.com\/wp-content\/uploads\/2022\/08\/illuminate-philkesten-header-30-1-1160x386-1-768x256.jpeg 768w, https:\/\/rocketplay-slot.com\/wp-content\/uploads\/2022\/08\/illuminate-philkesten-header-30-1-1160x386-1.jpeg 1160w\" sizes=\"auto, (max-width: 660px) 100vw, 660px\" \/><\/p>\n<h2>BLACKJACK-STRATEGIEN UND TIPPS<\/h2>\n<p>Egal, welche RocketPlay-Casino-Blackjack-Strategien auch verwendet werden, nicht alle werden ausnahmslos f\u00fcr alle Benutzer gewinnen. Sehr oft ist das Gewinnen eine fruchtbare Arbeit, da Sie alle m\u00f6glichen Spielstrategien testen und diejenigen ausw\u00e4hlen m\u00fcssen, die am besten zu Ihrem individuellen Spieltempo und Ihren finanziellen M\u00f6glichkeiten passen.<\/p>\n<p>Erfahrene Spieler, die seit mehr als einem Jahr Blackjack spielen, empfehlen mathematische Berechnungen. Schlie\u00dflich geht es nicht um Gl\u00fcck, obwohl es beim Online-Gl\u00fccksspiel nichts ohne gibt, sondern um die F\u00e4higkeit, richtig zu rechnen, wann Sie den Einsatz verdoppeln, die Karten teilen oder aufgeben m\u00fcssen.<\/p>\n<p>Worum geht es? Split, oder die Trennung von Karten, ist eine ziemlich schwierige Entscheidung, da der Benutzer zuversichtlich zum Sieg zieht. Also beschlie\u00dft er, zwei H\u00e4nde statt einer zu machen, um seine Gewinnchancen zu verdoppeln. In diesem Fall sind die H\u00e4nde v\u00f6llig unabh\u00e4ngig. Das Aufteilen von Karten in zwei H\u00e4nde ist nur m\u00f6glich, wenn der Spieler einen bestimmten Kartensatz hat, wie z. B. zwei Sechsen oder einen K\u00f6nig und eine Zehn usw. Um genau zu verstehen, wie die Karten aufgeteilt werden, m\u00fcssen Sie sich mit den Blackjack-Regeln vertraut machen sind relevant f\u00fcr die Spieloption, die der Benutzer gew\u00e4hlt hat.<\/p>\n<p>Untersch\u00e4tzen Sie nicht die M\u00f6glichkeit, im Spiel aufzugeben. Schlie\u00dflich ist es manchmal besser aufzugeben, als alles zu verlieren, ohne die M\u00f6glichkeit, bereits im n\u00e4chsten Spiel zus\u00e4tzliches Geld zu gewinnen. Um aufzugeben, m\u00fcssen Sie Ihre F\u00e4higkeiten richtig einsch\u00e4tzen. Dies ist eine bewusste Entscheidung und ein sinnvoller Schritt. Wenn der Benutzer aufgibt, hat er die M\u00f6glichkeit, einen Teil des Geldes zur\u00fcckzubekommen, z. B. 50 % dessen, was er in das Spiel investiert hat.<\/p>\n<p>Manchmal ist die H\u00e4lfte besser als nichts. Es ist wichtig zu verstehen, wann man Karten zieht und wann man zus\u00e4tzliche Karten aufgibt. Um Blackjack souver\u00e4n spielen zu k\u00f6nnen, braucht man nicht nur Erfahrung, sondern auch ein Verst\u00e4ndnis f\u00fcr die Spielregeln.<\/p>\n","protected":false},"excerpt":{"rendered":"<p>Neue Benutzer von RocketPlay Casino Blackjack online entscheiden sich nicht sofort, da die Casino-Website m\u00f6glicherweise viele Online-Gl\u00fccksspiele hat, die sie mit Bonusangeboten und Spieldynamik interessieren. Nat\u00fcrlich entscheiden sich die meisten Spieler nicht nur f\u00fcr das Online-Gl\u00fccksspiel, um eine gute Zeit beim Spielen zu haben, sondern auch um echtes oder virtuelles Geld zu gewinnen. Um echtes&#8230;<\/p>\n","protected":false},"author":1,"featured_media":0,"parent":0,"menu_order":0,"comment_status":"closed","ping_status":"closed","template":"","meta":{"_acf_changed":false,"_kad_post_transparent":"default","_kad_post_title":"default","_kad_post_layout":"default","_kad_post_sidebar_id":"","_kad_post_content_style":"default","_kad_post_vertical_padding":"default","_kad_post_feature":"","_kad_post_feature_position":"","_kad_post_header":false,"_kad_post_footer":false,"footnotes":""},"class_list":["post-1638","page","type-page","status-publish","hentry"],"acf":[],"rttpg_featured_image_url":null,"rttpg_author":{"display_name":"Elvis","author_link":"https:\/\/rocketplay-slot.com\/de\/author\/pemvas95n89x\/"},"rttpg_comment":0,"rttpg_category":null,"rttpg_excerpt":"Neue Benutzer von RocketPlay Casino Blackjack online entscheiden sich nicht sofort, da die Casino-Website m\u00f6glicherweise viele Online-Gl\u00fccksspiele hat, die sie mit Bonusangeboten und Spieldynamik interessieren. Nat\u00fcrlich entscheiden sich die meisten Spieler nicht nur f\u00fcr das Online-Gl\u00fccksspiel, um eine gute Zeit beim Spielen zu haben, sondern auch um echtes oder virtuelles Geld zu gewinnen. Um echtes...","_links":{"self":[{"href":"https:\/\/rocketplay-slot.com\/de\/wp-json\/wp\/v2\/pages\/1638","targetHints":{"allow":["GET"]}}],"collection":[{"href":"https:\/\/rocketplay-slot.com\/de\/wp-json\/wp\/v2\/pages"}],"about":[{"href":"https:\/\/rocketplay-slot.com\/de\/wp-json\/wp\/v2\/types\/page"}],"author":[{"embeddable":true,"href":"https:\/\/rocketplay-slot.com\/de\/wp-json\/wp\/v2\/users\/1"}],"replies":[{"embeddable":true,"href":"https:\/\/rocketplay-slot.com\/de\/wp-json\/wp\/v2\/comments?post=1638"}],"version-history":[{"count":2,"href":"https:\/\/rocketplay-slot.com\/de\/wp-json\/wp\/v2\/pages\/1638\/revisions"}],"predecessor-version":[{"id":1643,"href":"https:\/\/rocketplay-slot.com\/de\/wp-json\/wp\/v2\/pages\/1638\/revisions\/1643"}],"wp:attachment":[{"href":"https:\/\/rocketplay-slot.com\/de\/wp-json\/wp\/v2\/media?parent=1638"}],"curies":[{"name":"wp","href":"https:\/\/api.w.org\/{rel}","templated":true}]}}