{"id":1666,"date":"2022-06-15T00:06:54","date_gmt":"2022-06-14T21:06:54","guid":{"rendered":"https:\/\/rocketplay-slot.com\/live-bingo\/"},"modified":"2022-11-01T01:08:36","modified_gmt":"2022-10-31T22:08:36","slug":"live-bingo","status":"publish","type":"page","link":"https:\/\/rocketplay-slot.com\/de\/live-bingo\/","title":{"rendered":"Spielen Sie Live-Bingo bei RocketPlay"},"content":{"rendered":"<p><span style=\"font-weight: 400;\"> In diesem Spiel h\u00e4ngt alles vom Zufall ab. Jeder Spieler erh\u00e4lt eine Karte mit aufgedruckten Zahlen in zuf\u00e4lliger Reihenfolge. Der Gastgeber zieht abwechselnd die Nummern heraus und die Person \u00fcberpr\u00fcft die Karte auf die darin enthaltenen Nummern. Der Spieler, dessen Karte als erster die Gewinnkombination enthielt, gewinnt. Spieler mit \u00fcbereinstimmenden Zahlen in einer Reihe, mehreren Reihen oder einem Block gewinnen. In Live-Bingospielen von <a href=\"https:\/\/rocketplay-slot.com\/de\">RocketPlay<\/a> werden die Zahlen von einem Programm ausgew\u00e4hlt, das auf einem Zufallszahlengenerator statt auf einem Anf\u00fchrer basiert.<\/span><span style=\"font-weight: 400;\"><img loading=\"lazy\" decoding=\"async\" class=\"aligncenter wp-image-215\" src=\"https:\/\/rocketplay-slot.com\/wp-content\/uploads\/2022\/06\/nvpl6ximfjejhyr5duzzhoww2mtzxdvyfv7bm5b6.jpeg\" alt=\"\" width=\"600\" height=\"600\" srcset=\"https:\/\/rocketplay-slot.com\/wp-content\/uploads\/2022\/06\/nvpl6ximfjejhyr5duzzhoww2mtzxdvyfv7bm5b6.jpeg 300w, https:\/\/rocketplay-slot.com\/wp-content\/uploads\/2022\/06\/nvpl6ximfjejhyr5duzzhoww2mtzxdvyfv7bm5b6-150x150.jpeg 150w\" sizes=\"auto, (max-width: 600px) 100vw, 600px\" \/><\/span><\/p>\n<h2>EINE KURZE GESCHICHTE<\/h2>\n<p>Wir Italiener verdanken den Italienern nicht nur Pasta, Pizza und Wein, sondern auch Bingo. Bereits im 16. Jahrhundert erfanden sie ein Spiel namens Bingo, das noch heute gespielt wird. Im Laufe der Jahre verbreitete sich das Spiel in ganz Europa und kam sp\u00e4ter nach Nordamerika. Damals hie\u00df es &#8222;Bino&#8220; und wurde ganz zuf\u00e4llig zu &#8222;Bingo&#8220;, als einer der Spieler, der die Gewinnkombination erhielt, versehentlich den Namen verwechselte und &#8222;Bingo&#8220; rief. In Gro\u00dfbritannien ist dieses Spiel nicht weniger beliebt. 1960 wurde es legalisiert und seitdem begann es Tausende von Briten zu versammeln und wurde zu einem beliebten Zeitvertreib. Sp\u00e4ter erreichte ihr Umfang ein solches Ausma\u00df, dass seit Mitte der 80er Jahre in vielen L\u00e4ndern nationale Lotterien mit Gewinnen in H\u00f6he von mehreren Millionen Dollar erschienen. Seit dem Jahr 2000 ist Bingo oder Bingo online und erm\u00f6glicht es Menschen auf der ganzen Welt, zu spielen, zu gewinnen und andere Bingo-Enthusiasten zu treffen.<\/p>\n<h2>WARUM ONLINE-BINGO?<\/h2>\n<ul>\n<li>Hohe Auszahlungen;<\/li>\n<li>Verf\u00fcgbarkeit von Spielen zu jeder Tages- und Nachtzeit;<\/li>\n<li>Der Spielablauf ist schneller;<\/li>\n<li>Sie k\u00f6nnen mehrere Spiele oder R\u00e4ume gleichzeitig spielen;<\/li>\n<li>Eine gro\u00dfe Auswahl an Varianten von <a href=\"https:\/\/rocketplay-slot.com\/de\/live-casino\/\">Live-Casino<\/a>-Bingo RocketPlay und die Anzahl der Spieler;<\/li>\n<li>Sie k\u00f6nnen kostenlos spielen.<\/li>\n<\/ul>\n<h2>GRUNDREGELN<\/h2>\n<p>Zun\u00e4chst m\u00fcssen Sie die Art des Spiels ausw\u00e4hlen: Die amerikanische Version hat 75 B\u00e4lle; es gibt auch varianten mit 30 kugeln. Das traditionelle britische Spiel beinhaltet 90 B\u00e4lle. Schauen wir uns die darauf basierenden Spielregeln an.<\/p>\n<p>Das Ticket f\u00fcr das Spiel mit 90 m\u00f6glichen Zahlen ist in 3 Reihen und 9 Spalten aufgeteilt, was insgesamt 27 Felder ergibt. Jede Reihe enth\u00e4lt 15 Zahlen. Jedes Standardticket besteht aus 6 kleineren Tickets, die &#8222;Strips&#8220; genannt werden. Im Wesentlichen enthalten diese sechs Tickets alle Zahlen von 1 bis 90, angeordnet in einer anderen Reihenfolge.<\/p>\n<p>Nachdem Sie nun wissen, wie ein Standard-Bingoschein aussieht, gehen wir zum Spiel selbst \u00fcber.<\/p>\n<p>Wahl des Spiels. Bingo-Gewinne h\u00e4ngen von der Art des Spiels, der H\u00f6he der Wetten und der Anzahl der Tickets ab. Um um die gr\u00f6\u00dften Preise zu k\u00e4mpfen, bitten <a href=\"https:\/\/rocketplay-slot.com\/de\/casino\/\">Online-Casinos<\/a> den Spieler normalerweise, Informationen zur Zahlungsmethode anzugeben. Dies k\u00f6nnen Bankkarteninformationen oder etwas anderes sein.<\/p>\n<p>Ticketkauf. Sobald Sie sich f\u00fcr ein passendes Spiel entschieden haben, werden Ihnen Tickets angeboten. Meistens k\u00f6nnen Sie mehr als ein Ticket kaufen, oft sind es aber maximal zwei. Und hier gibt es keinen bew\u00e4hrten Mechanismus &#8211; alles h\u00e4ngt von Ihrem Gl\u00fcck ab. Beachten Sie, dass Sie, selbst wenn Sie das Spiel kostenlos spielen, immer noch ein Ticket &#8222;kaufen&#8220; m\u00fcssen. Lassen Sie sich von diesem Wort nicht einsch\u00fcchtern, das kostenlose Spiel erfordert nichts von Ihnen. Danach beginnt der lustige Teil.<\/p>\n<p>Die Bekanntgabe der Zahlen. In Online-Casinos werden die Kugeln mithilfe eines Zufallszahlengenerators ausgew\u00e4hlt. Im Gegensatz zum traditionellen Spiel zeigt Ihnen der Computer in der Online-Version, wo Sie Streichh\u00f6lzer haben, oder streicht sogar automatisch Streichh\u00f6lzer durch, sodass Sie mehr Zeit haben, mit anderen Spielern zu interagieren. Sie k\u00f6nnen in den automatischen Modus wechseln oder die Zahlen selbst durchstreichen. In jedem Fall wird das Risiko, Ihre Nummer zu verpassen, minimiert &#8211; der Computer z\u00e4hlt immer noch Spiele in Ihrem Ticket.<\/p>\n<p>Bekanntgabe des Gewinners. Sobald es einen Gewinner gibt, pausiert das Spiel. Der gewinnende Spieler erh\u00e4lt den Hauptgewinn, und die anderen k\u00f6nnen sehen, ob es Gewinnkombinationen auf ihrem Ticket gibt. Auch wenn Sie nicht derjenige waren, der &#8222;Bingo!&#8220; Sie k\u00f6nnten einen sch\u00f6nen Preis bekommen. Der Schl\u00fcssel ist, Kombinationen \u00fcbereinstimmender Zahlen auf Ihrem Ticket zu haben, wie z. B. mehrere Spalten oder ein Zahlenquadrat. Jede Art von Bingo hat ihre eigenen Gewinnkombinationen, die auf der Website des Online-Casinos zu finden sind.<\/p>\n\t<div class=\"alao-sidebar-box alao-sidebar-box-rose\">\n\t\t<a href=\"\" class=\"alao-sidebar-box__link\">\n\t\t\t<span class=\"alao-sidebar-box__thumb\">\n\t\t\t\t<img decoding=\"async\" src=\"https:\/\/rocketplay-slot.com\/wp-content\/uploads\/2022\/06\/second_bonus_nonlog.png\" alt=\"Promocode-Bonus f\u00fcr High Roll\">\n\t\t\t<\/span>\n\t\t\t<span class=\"alao-sidebar-box__info\">\n\t\t\t\t<span class=\"alao-sidebar-box__info-wrap\">\n\t\t\t\t\t<span class=\"alao-sidebar-box__head\">Promocode-Bonus f\u00fcr High Roll<\/span>\n\t\t\t\t\t<span class=\"alao-sidebar-box__desc\">50 % HIGHROLLER-BONUS<\/span>\n\t\t\t\t\t<span class=\"alao-sidebar-box__button\">Erhalten<\/span>\n\t\t\t\t<\/span>\n\t\t\t<\/span>\n\t\t<\/a>\n\t<\/div>\n\t\n<h2>BINGO-SORTEN<\/h2>\n<p>Es gibt viele Modelle in diesem Spiel. Betrachten Sie die beliebtesten von ihnen.<\/p>\n<p>75 Balls ist ein beliebtes Spiel in den Vereinigten Staaten und Kanada. Zus\u00e4tzlich zu der kleineren Anzahl von B\u00e4llen verwendet dieses Spiel ein anderes Ticketformat von 5 mal 5, bei dem 24 Zahlen platziert werden, und mit einem leeren Quadrat in der Mitte. Jede der f\u00fcnf Spalten beginnt mit einem Buchstaben im Wort \u201eBingo\u201c, was es einfacher macht, die Zahlen auf dem Ticket zu finden.<\/p>\n<p>80 Balls ist ein Spiel, das der Bingo-Variante mit 75 Zahlen sehr \u00e4hnlich ist, aber das Ticket hat 4 Reihen und 4 Spalten (16 Zahlen).<\/p>\n<p>90 Balls ist ein beliebtes Spiel im Vereinigten K\u00f6nigreich. Das Ticket hat 3 Reihen mit 9 Zellen, mit 5 Zahlen in jeder Reihe. In jedem Teil des Tickets befinden sich insgesamt 15 Zufallszahlen von 1 bis 90.<\/p>\n<p>30 Balls ist eine beschleunigte Version des Spiels. Das Ticket hat 9 Zahlen und jeweils 3 Reihen und Spalten.<\/p>\n<p>Zus\u00e4tzlich zu diesen gibt es noch andere Versionen des Spiels.<\/p>\n<h2>TIPPS<\/h2>\n<p>Begrenzen Sie Ihr Budget. Der spontane Kauf mehrerer Lose an einem Tag wird wahrscheinlich nicht zu den gew\u00fcnschten Gewinnen f\u00fchren. Konsistenz ist in diesem Spiel wichtig, also denken Sie im Voraus dar\u00fcber nach, wie viel Sie bereit sind auszugeben. Achten Sie auf die Live-Spiel-Bingo-Bonuscodes RocketPlay.<\/p>\n<p>Finden Sie Ihren Lieblingsspieltyp und Ihre Lieblingsseite. Verschiedene Spiele sind f\u00fcr verschiedene Personen konzipiert. Dasselbe gilt auch f\u00fcr die Websites. Wenn Sie also regelm\u00e4\u00dfig oder nur gelegentlich Live-Bingo kostenlos RocketPlay spielen, finden Sie eine Seite, die Ihnen gef\u00e4llt.<\/p>\n<p>Wenn m\u00f6glich, kaufen Sie ein paar Tickets. Wenn es Ihr Budget zul\u00e4sst, empfehlen wir den Kauf mehrerer Tickets f\u00fcr ein Spiel. Das ist besser als mehrere gleichzeitige oder aufeinanderfolgende Spiele.<\/p>\n<p>Erh\u00f6hen Sie Ihre Gewinnchancen. Versuchen Sie, nicht die beliebtesten Zeiten zum Spielen zu w\u00e4hlen, damit Sie eine bessere Chance haben, Ihr Gl\u00fcck am Schwanz zu fangen.<\/p>\n<h2><span style=\"font-family: var(--global-body-font-family); font-size: 16px; letter-spacing: 0em;\"> \u00a0<\/span><\/h2>\n<p><span style=\"font-weight: 400;\"><img loading=\"lazy\" decoding=\"async\" class=\"aligncenter wp-image-218\" src=\"https:\/\/rocketplay-slot.com\/wp-content\/uploads\/2022\/06\/rocketplay-1.webp\" alt=\"\" width=\"600\" height=\"337\" srcset=\"https:\/\/rocketplay-slot.com\/wp-content\/uploads\/2022\/06\/rocketplay-1.webp 360w, https:\/\/rocketplay-slot.com\/wp-content\/uploads\/2022\/06\/rocketplay-1-300x168.webp 300w\" sizes=\"auto, (max-width: 600px) 100vw, 600px\" \/><\/span><\/p>\n<h2>SPIELE BINGO ON THO GO<\/h2>\n<p>Heutzutage hat fast jeder ein Smartphone, und es ist keine \u00dcberraschung, dass Online-Gl\u00fccksspiele auf mobilen Ger\u00e4ten immer beliebter werden. Fast jede Online-Bingo-Website ist jetzt auf mobilen Ger\u00e4ten verf\u00fcgbar, einschlie\u00dflich Smartphones und Tablets.<\/p>\n<p>Das bedeutet, dass Sie Bingo live RocketPlay herunterladen, dem Raum beitreten und weiterspielen k\u00f6nnen, wo immer Sie sind! Wenn Sie Bingo auf Ihrem Mobilger\u00e4t spielen, m\u00fcssen Sie keine zus\u00e4tzliche Bingo-Live-App von RocketPlay herunterladen. Normalerweise sorgen Websites daf\u00fcr, dass Ihre Lieblingsspiele f\u00fcr Mobilger\u00e4te angepasst sind. Dies bietet definitiv das angenehmste Bingo-Erlebnis.<\/p>\n<p>Stellen Sie sicher, dass Sie von Ihrem mobilen Ger\u00e4t aus Zugriff auf die Website und dieselben Funktionen haben, bevor Sie sich beim Casino anmelden.<\/p>\n<h2>FAQ<\/h2>\n<h3>IST ES SICHER, ONLINE-BINGO ZU SPIELEN?<\/h3>\n<p>Ja, nat\u00fcrlich ist es das. Wenn Sie sicher sind, dass die von Ihnen verwendete Website vertrauensw\u00fcrdig ist, sollten Sie nicht z\u00f6gern, Bingo online zu spielen.<\/p>\n<h3>MUSS ICH SOFTWARE AUF MEINEM COMPUTER INSTALLIEREN, UM LIVE BINGO ROCKETPLAY ZU SPIELEN?<\/h3>\n<p>Es war einmal vor langer Zeit, dass Benutzer auf vielen Websites Software herunterladen mussten, um Online-Bingo-Websites spielen zu k\u00f6nnen. Heutzutage hat sich die Technologie jedoch verbessert und die meisten Online-Bingospiele werden mit der neuesten HTML5-Technologie erstellt. Dies bedeutet, dass es schnell geladen wird, sodass Sie das Spiel in Ihrem Browser genie\u00dfen k\u00f6nnen.<\/p>\n<h3>KANN ICH BINGO AUF MEINEM SMARTPHONE SPIELEN?<\/h3>\n<p>Dank technologischer Fortschritte k\u00f6nnen Sie jetzt \u00fcberall Bingo spielen. Sie m\u00fcssen nichts herunterladen, aber einige Websites bieten separate Anwendungen an. Sie k\u00f6nnen \u00fcber Ihren Browser auf die Website zugreifen oder eine App verwenden, um ein reibungsloseres Spielerlebnis zu gew\u00e4hrleisten.<\/p>\n","protected":false},"excerpt":{"rendered":"<p>In diesem Spiel h\u00e4ngt alles vom Zufall ab. Jeder Spieler erh\u00e4lt eine Karte mit aufgedruckten Zahlen in zuf\u00e4lliger Reihenfolge. Der Gastgeber zieht abwechselnd die Nummern heraus und die Person \u00fcberpr\u00fcft die Karte auf die darin enthaltenen Nummern. Der Spieler, dessen Karte als erster die Gewinnkombination enthielt, gewinnt. Spieler mit \u00fcbereinstimmenden Zahlen in einer Reihe, mehreren&#8230;<\/p>\n","protected":false},"author":1,"featured_media":0,"parent":0,"menu_order":0,"comment_status":"closed","ping_status":"closed","template":"","meta":{"_acf_changed":false,"_kad_post_transparent":"default","_kad_post_title":"default","_kad_post_layout":"default","_kad_post_sidebar_id":"","_kad_post_content_style":"default","_kad_post_vertical_padding":"default","_kad_post_feature":"","_kad_post_feature_position":"","_kad_post_header":false,"_kad_post_footer":false,"footnotes":""},"class_list":["post-1666","page","type-page","status-publish","hentry"],"acf":[],"rttpg_featured_image_url":null,"rttpg_author":{"display_name":"Elvis","author_link":"https:\/\/rocketplay-slot.com\/de\/author\/pemvas95n89x\/"},"rttpg_comment":0,"rttpg_category":null,"rttpg_excerpt":"In diesem Spiel h\u00e4ngt alles vom Zufall ab. Jeder Spieler erh\u00e4lt eine Karte mit aufgedruckten Zahlen in zuf\u00e4lliger Reihenfolge. Der Gastgeber zieht abwechselnd die Nummern heraus und die Person \u00fcberpr\u00fcft die Karte auf die darin enthaltenen Nummern. Der Spieler, dessen Karte als erster die Gewinnkombination enthielt, gewinnt. Spieler mit \u00fcbereinstimmenden Zahlen in einer Reihe, mehreren...","_links":{"self":[{"href":"https:\/\/rocketplay-slot.com\/de\/wp-json\/wp\/v2\/pages\/1666","targetHints":{"allow":["GET"]}}],"collection":[{"href":"https:\/\/rocketplay-slot.com\/de\/wp-json\/wp\/v2\/pages"}],"about":[{"href":"https:\/\/rocketplay-slot.com\/de\/wp-json\/wp\/v2\/types\/page"}],"author":[{"embeddable":true,"href":"https:\/\/rocketplay-slot.com\/de\/wp-json\/wp\/v2\/users\/1"}],"replies":[{"embeddable":true,"href":"https:\/\/rocketplay-slot.com\/de\/wp-json\/wp\/v2\/comments?post=1666"}],"version-history":[{"count":2,"href":"https:\/\/rocketplay-slot.com\/de\/wp-json\/wp\/v2\/pages\/1666\/revisions"}],"predecessor-version":[{"id":1670,"href":"https:\/\/rocketplay-slot.com\/de\/wp-json\/wp\/v2\/pages\/1666\/revisions\/1670"}],"wp:attachment":[{"href":"https:\/\/rocketplay-slot.com\/de\/wp-json\/wp\/v2\/media?parent=1666"}],"curies":[{"name":"wp","href":"https:\/\/api.w.org\/{rel}","templated":true}]}}