{"id":1676,"date":"2022-06-15T00:33:34","date_gmt":"2022-06-14T21:33:34","guid":{"rendered":"https:\/\/rocketplay-slot.com\/live-casino\/"},"modified":"2022-11-01T01:25:49","modified_gmt":"2022-10-31T22:25:49","slug":"live-casino","status":"publish","type":"page","link":"https:\/\/rocketplay-slot.com\/de\/live-casino\/","title":{"rendered":"Spielen Sie Live-Casino bei RocketPlay"},"content":{"rendered":"<p>&nbsp;<\/p>\n<p>RocketPlay Live Casino arbeitet aktiv daran, Spieler zu interessieren und ihre Interessen zu maximieren. Vor nicht allzu langer Zeit erschienen auf der Seite Spiele mit echten Dealern. Live-Spiele gewinnen schnell an Popularit\u00e4t, da der Faktor Live-Kommunikation f\u00fcr Spieler nicht weniger wichtig ist als die H\u00f6he der Gewinne. Au\u00dferdem ist der Croupier vertrauensw\u00fcrdiger als das automatische Computerprogramm.<\/p>\n<h2>LIVE-SPIELE IN ONLINE CASINOS ROCKETPLAY<\/h2>\n<p>Die Besonderheit des Live-Modus besteht darin, dass die Kommunikation zwischen dem Dealer und dem Spieler in Echtzeit \u00fcber einen Online-Chat stattfindet. Das Spiel wird von einem speziellen Studio \u00fcbertragen, wo alles der Umgebung des echten Casinos entspricht. Es setzt die Spieltische, die professionelle Croupiers sind. Sie leiten nicht nur das Spiel, sondern pflegen auch den Dialog mit dem Spieler.<\/p>\n<p>Sortiment RocketPlay Live-Casinospiele sind eine Vielzahl von Optionen f\u00fcr Roulette, Blackjack, Poker, Baccarat und Online-Lotterien. Es ist erw\u00e4hnenswert, dass sie kostenlose Versionen haben, aber es ist nicht m\u00f6glich, eine bedingte Wette abzuschlie\u00dfen. Dies ist nur eine Einf\u00fchrungsversion, um die Regeln und Prinzipien des Spiels kennenzulernen. Bevor Sie das Spiel mit einem Live-Dealer beginnen, nastriruyte, dass dieser Prozess so unterschiedlich wie m\u00f6glich sein wird, um die Walzen im Slot Books von Novomatic zu drehen oder die Seile Monkey von Igrosoft zu ziehen &#8211; das ist ein elit\u00e4rer Spielstil in einem teuren Casino!<\/p>\n<p><span style=\"font-weight: 400;\"><img loading=\"lazy\" decoding=\"async\" class=\"aligncenter wp-image-274\" src=\"https:\/\/rocketplay-slot.com\/wp-content\/uploads\/2022\/06\/welcome_1300x640-1-300x148.png\" alt=\"\" width=\"600\" height=\"295\" srcset=\"https:\/\/rocketplay-slot.com\/wp-content\/uploads\/2022\/06\/welcome_1300x640-1-300x148.png 300w, https:\/\/rocketplay-slot.com\/wp-content\/uploads\/2022\/06\/welcome_1300x640-1-1024x504.png 1024w, https:\/\/rocketplay-slot.com\/wp-content\/uploads\/2022\/06\/welcome_1300x640-1-768x378.png 768w, https:\/\/rocketplay-slot.com\/wp-content\/uploads\/2022\/06\/welcome_1300x640-1.png 1300w\" sizes=\"auto, (max-width: 600px) 100vw, 600px\" \/><\/span><\/p>\n<p>An der Entwicklung von Produkten f\u00fcr RocketPlay Live Casino Australia sind einige Unternehmen beteiligt, darunter Ezugi Delusion, das sich erst vor relativ kurzer Zeit ank\u00fcndigte, aber schnell an Popularit\u00e4t gewann. Sein Modell ist gerade in der Reihe der Online-Casinos RocketPlay enthalten. Kunden haben die Wahl zwischen <a href=\"https:\/\/rocketplay-slot.com\/de\/roulette\/\">Roulette<\/a>, Russischem Roulette, Roulette Portomaso sowie Blackjack, Unlimited Blackjack, Baccarat Dragon Tiger, Keno und anderen Spielen. Um eines davon zu spielen, bewegen Sie einfach den Mauszeiger \u00fcber das entsprechende Symbol und klicken Sie darauf. Danach wird eine Verbindung mit dem Studio hergestellt, in dem das Spiel stattfindet.<\/p>\n<h2>EIGENSCHAFTEN VON LIVE-CASINO-SPIELE<\/h2>\n<p>Beim <a href=\"https:\/\/rocketplay-slot.com\/de\/live-roulette\/\">Live-Roulette<\/a> kann eine unbegrenzte Anzahl von Teilnehmern spielen. Am unteren Rand des Bildschirms befinden sich Chips mit unterschiedlichen Werten. Hier gibt es auch Bedienkn\u00f6pfe und Einstellungen. Informationen \u00fcber die aktuelle Runde werden zur Bequemlichkeit der Spieler auf der Anzeigetafel festgehalten. Zus\u00e4tzliche Funktionen, einschlie\u00dflich des Spielverlaufs, verhelfen dem Spiel zu einem hohen Ergebnis.<\/p>\n<p>Baccarat gilt als das Spiel mit den einfachsten Regeln. Die Benutzer sehen vor sich eine Tabelle mit den entsprechenden Markierungen und Beschriftungen. Die Spielregeln sind im Referenzteil beschrieben. Mit seinem Verhalten wird es keine Schwierigkeiten geben.<\/p>\n<p>F\u00fcr Fans von Online-Lotterieziehungen werden Keno und Wetten auf Zahlen angeboten. Sie finden traditionell am Lottoautomaten statt, der mit Zahlenkugeln best\u00fcckt ist. Damit der Teilnehmer die Gewinnzahl nicht verpasst, gibt der Dealer diese bekannt. Au\u00dferdem wird die Zahl auf einer zus\u00e4tzlichen Anzeigetafel in vergr\u00f6\u00dferter Form wiedergegeben.<\/p>\n<p>Bei der Wahl der attraktivsten Version von Blackjack kann der <a href=\"https:\/\/rocketplay-slot.com\/de\/bonus\/\">Willkommensbonus<\/a> des RocketPlay-Live-Casinos nicht daran zweifeln, dass das Spiel mit einem positiven Ergebnis enden wird. Die Regeln sind traditionell, Sie sollten keine unn\u00f6tigen Emotionen zeigen und sich darauf konzentrieren, die Gewinnkombination zusammenzustellen. Sie k\u00f6nnen die Live-Casino-App von RocketPlay zum Spielen verwenden.<\/p>\n<p><span style=\"font-weight: 400;\">\t<div class=\"alao-sidebar-box alao-sidebar-box-\">\n\t\t<a href=\"\" class=\"alao-sidebar-box__link\">\n\t\t\t<span class=\"alao-sidebar-box__thumb\">\n\t\t\t\t<img decoding=\"async\" src=\"https:\/\/rocketplay-slot.com\/wp-content\/uploads\/2022\/06\/second_bonus_nonlog.png\" alt=\"Ersteinzahlungsbonus\">\n\t\t\t<\/span>\n\t\t\t<span class=\"alao-sidebar-box__info\">\n\t\t\t\t<span class=\"alao-sidebar-box__info-wrap\">\n\t\t\t\t\t<span class=\"alao-sidebar-box__head\">Ersteinzahlungsbonus<\/span>\n\t\t\t\t\t<span class=\"alao-sidebar-box__desc\">100 % + 100 FS F\u00dcR EINEN PERFEKTEN START<\/span>\n\t\t\t\t\t<span class=\"alao-sidebar-box__button\">Erhalten<\/span>\n\t\t\t\t<\/span>\n\t\t\t<\/span>\n\t\t<\/a>\n\t<\/div>\n\t\u00a0 \u00a0 \u00a0 \u00a0 \u00a0 \u00a0 \u00a0 \u00a0 \u00a0 \u00a0 \u00a0 \u00a0 \u00a0 \u00a0 \u00a0 \u00a0 \u00a0 \u00a0 \u00a0 \u00a0 \u00a0 \u00a0 \u00a0 \u00a0 \u00a0 \u00a0 \u00a0 \u00a0 \u00a0 \u00a0 \u00a0 \u00a0 \u00a0 \u00a0 \u00a0 \u00a0 \u00a0 \u00a0 \u00a0 \u00a0 \u00a0 \u00a0 \u00a0 \u00a0 \u00a0 \u00a0 \u00a0 \u00a0 \u00a0 \u00a0 \u00a0 \u00a0 \u00a0 \u00a0 \u00a0 \u00a0 \u00a0 \u00a0 \u00a0 \u00a0 \u00a0 \u00a0\u00a0<\/span><\/p>\n<h2>VORTEILE VON LIVE-SPIELE<\/h2>\n<p>Der Hauptvorteil des RocketPlay Live-Casinos ohne Einzahlungsbonus gegen\u00fcber Spielautomaten, Spielautomaten oder elektronischen Tischspielen besteht darin, dass der Prozess von einem professionellen Dealer verwaltet wird. Dies hat das Gef\u00fchl eines echten Casinos. Es entsteht durch die Umgebung und die Klangf\u00fcllung. Die Anwesenheit eines Croupiers tr\u00e4gt zum Selbstvertrauen des Spielers bei. Dies dient auch als Best\u00e4tigung, dass das Spiel fair verl\u00e4uft und es zu keiner Verf\u00e4lschung der Ergebnisse kommt. Der Vorteil von Live-Spielen besteht darin, dass sie vertraute Regeln haben, die den Spielern vertraut sind, und es gibt einen Live-Casino-Bonus von RocketPlay. Zur Durchf\u00fchrung von Spieloperationen dienen Funktionstasten. Sie werden auf dem Bildschirm platziert, um den Benutzer nicht zu st\u00f6ren, um die Entwicklung der Ereignisse zu verfolgen. Sie wenden auch eine umfangreiche Auswahl an Wetten an. Sie k\u00f6nnen mit dem Mindestbetrag und zu hohen Raten spielen. Das Men\u00fc mit zus\u00e4tzlichen Einstellungen hilft, eine angenehme Umgebung zu schaffen. Wichtig ist auch, dass die aktuellen Rundeninformationen erfasst und die Spielhistorie erstellt wird. Seine Studie wird Fehler ber\u00fccksichtigen und ein erfolgreicheres Modell des Spiels aufbauen. Und die Gelegenheit RocketPlay Live Casino kostenlos zu spielen ist perfekt f\u00fcr diejenigen, die diese Art von Spiel zum ersten Mal ausprobieren.<\/p>\n<p><span style=\"font-weight: 400;\"><img loading=\"lazy\" decoding=\"async\" class=\"aligncenter wp-image-263\" src=\"https:\/\/rocketplay-slot.com\/wp-content\/uploads\/2022\/06\/casino-coins-300x218.png\" alt=\"\" width=\"600\" height=\"436\" srcset=\"https:\/\/rocketplay-slot.com\/wp-content\/uploads\/2022\/06\/casino-coins-300x218.png 300w, https:\/\/rocketplay-slot.com\/wp-content\/uploads\/2022\/06\/casino-coins.png 358w\" sizes=\"auto, (max-width: 600px) 100vw, 600px\" \/><\/span><\/p>\n<h2>FAQ<\/h2>\n<h3>WAS IST LIVE CASINO?<\/h3>\n<p>Es ist eine Kombination der Vorteile des Online-Spielens und des Besuchs eines klassischen Casinos, die durch das Internet erm\u00f6glicht wird. Es ist bequem &#8211; Sie k\u00f6nnen \u00fcberall spielen, aber gleichzeitig &#8211; mit einem echten Croupier, der das Spiel aus einer Halle oder einem Studio speziell f\u00fcr das Online-Casino RocketPlay \u00fcbertr\u00e4gt.<\/p>\n<h3>WELCHE ART VON SPIELEN BIETET LIVE CASINO AN?<\/h3>\n<p>Dies sind die klassischen Casino-Tische \u201eDrei\u201c \u2013 Roulette, Blackjack und Baccarat, seltener Poker und eine Vielzahl von Sofortziehungen, wie das Gl\u00fccksrad.<\/p>\n<h3>WAS SIND DIE VORTEILE VON LIVE-SPIELEN GEGEN\u00dcBER ANDEREN CASINO-SPIELE?<\/h3>\n<p>RocketPlay Live-Casino-Bonuseinzahlungen werden zwar von einer Spielsoftware begleitet (um beispielsweise eine herausfallende Zahl beim Roulette zu erkennen und anschlie\u00dfend auf der Anzeigetafel anzuzeigen), basieren jedoch nicht auf den RNG-Algorithmen (Random Number Generator), also sind sie mehr geeignet f\u00fcr Leute, die gerne in landgest\u00fctzten Casinos spielen und die Kommunikation mit dem Dealer anstelle einer stillen Rotation des automatischen Roulettes bevorzugen<\/p>\n","protected":false},"excerpt":{"rendered":"<p>&nbsp; RocketPlay Live Casino arbeitet aktiv daran, Spieler zu interessieren und ihre Interessen zu maximieren. Vor nicht allzu langer Zeit erschienen auf der Seite Spiele mit echten Dealern. Live-Spiele gewinnen schnell an Popularit\u00e4t, da der Faktor Live-Kommunikation f\u00fcr Spieler nicht weniger wichtig ist als die H\u00f6he der Gewinne. Au\u00dferdem ist der Croupier vertrauensw\u00fcrdiger als das&#8230;<\/p>\n","protected":false},"author":1,"featured_media":0,"parent":0,"menu_order":0,"comment_status":"closed","ping_status":"closed","template":"","meta":{"_acf_changed":false,"_kad_post_transparent":"default","_kad_post_title":"default","_kad_post_layout":"default","_kad_post_sidebar_id":"","_kad_post_content_style":"default","_kad_post_vertical_padding":"default","_kad_post_feature":"","_kad_post_feature_position":"","_kad_post_header":false,"_kad_post_footer":false,"footnotes":""},"class_list":["post-1676","page","type-page","status-publish","hentry"],"acf":[],"rttpg_featured_image_url":null,"rttpg_author":{"display_name":"Elvis","author_link":"https:\/\/rocketplay-slot.com\/de\/author\/pemvas95n89x\/"},"rttpg_comment":0,"rttpg_category":null,"rttpg_excerpt":"&nbsp; RocketPlay Live Casino arbeitet aktiv daran, Spieler zu interessieren und ihre Interessen zu maximieren. Vor nicht allzu langer Zeit erschienen auf der Seite Spiele mit echten Dealern. Live-Spiele gewinnen schnell an Popularit\u00e4t, da der Faktor Live-Kommunikation f\u00fcr Spieler nicht weniger wichtig ist als die H\u00f6he der Gewinne. Au\u00dferdem ist der Croupier vertrauensw\u00fcrdiger als das...","_links":{"self":[{"href":"https:\/\/rocketplay-slot.com\/de\/wp-json\/wp\/v2\/pages\/1676","targetHints":{"allow":["GET"]}}],"collection":[{"href":"https:\/\/rocketplay-slot.com\/de\/wp-json\/wp\/v2\/pages"}],"about":[{"href":"https:\/\/rocketplay-slot.com\/de\/wp-json\/wp\/v2\/types\/page"}],"author":[{"embeddable":true,"href":"https:\/\/rocketplay-slot.com\/de\/wp-json\/wp\/v2\/users\/1"}],"replies":[{"embeddable":true,"href":"https:\/\/rocketplay-slot.com\/de\/wp-json\/wp\/v2\/comments?post=1676"}],"version-history":[{"count":2,"href":"https:\/\/rocketplay-slot.com\/de\/wp-json\/wp\/v2\/pages\/1676\/revisions"}],"predecessor-version":[{"id":1678,"href":"https:\/\/rocketplay-slot.com\/de\/wp-json\/wp\/v2\/pages\/1676\/revisions\/1678"}],"wp:attachment":[{"href":"https:\/\/rocketplay-slot.com\/de\/wp-json\/wp\/v2\/media?parent=1676"}],"curies":[{"name":"wp","href":"https:\/\/api.w.org\/{rel}","templated":true}]}}