{"id":1685,"date":"2022-08-11T20:22:23","date_gmt":"2022-08-11T17:22:23","guid":{"rendered":"https:\/\/rocketplay-slot.com\/bingo\/"},"modified":"2023-01-17T22:47:24","modified_gmt":"2023-01-17T19:47:24","slug":"bingo","status":"publish","type":"page","link":"https:\/\/rocketplay-slot.com\/de\/bingo\/","title":{"rendered":"RocketPlay Bingo online um echtes Geld"},"content":{"rendered":"<p><img loading=\"lazy\" decoding=\"async\" class=\" wp-image-323 aligncenter\" src=\"https:\/\/rocketplay-slot.com\/wp-content\/uploads\/2022\/08\/apps.3686.13771585125703035.1a4ab674-204b-4aee-bd33-5d3bf50e79d9-1-300x169.jpg\" alt=\"bingo \" width=\"660\" height=\"372\" srcset=\"https:\/\/rocketplay-slot.com\/wp-content\/uploads\/2022\/08\/apps.3686.13771585125703035.1a4ab674-204b-4aee-bd33-5d3bf50e79d9-1-300x169.jpg 300w, https:\/\/rocketplay-slot.com\/wp-content\/uploads\/2022\/08\/apps.3686.13771585125703035.1a4ab674-204b-4aee-bd33-5d3bf50e79d9-1-1024x576.jpg 1024w, https:\/\/rocketplay-slot.com\/wp-content\/uploads\/2022\/08\/apps.3686.13771585125703035.1a4ab674-204b-4aee-bd33-5d3bf50e79d9-1-768x432.jpg 768w, https:\/\/rocketplay-slot.com\/wp-content\/uploads\/2022\/08\/apps.3686.13771585125703035.1a4ab674-204b-4aee-bd33-5d3bf50e79d9-1-1536x864.jpg 1536w, https:\/\/rocketplay-slot.com\/wp-content\/uploads\/2022\/08\/apps.3686.13771585125703035.1a4ab674-204b-4aee-bd33-5d3bf50e79d9-1.jpg 1920w\" sizes=\"auto, (max-width: 660px) 100vw, 660px\" \/><\/p>\n<p>Um Ihr erstes echtes Geld in Online-Gl\u00fccksspiele zu stecken, ist das Spiel Online-Bingo <a href=\"https:\/\/rocketplay-slot.com\/de\">RocketPlay<\/a> eine gute Option, um Ihre Gl\u00fccksspielreise zu beginnen. Neue Benutzer, die sich auf der Online-<a href=\"https:\/\/rocketplay-slot.com\/de\/casino\/\">Casino<\/a>-Website registrieren, laden sofort ihre Spielkonten auf, um ihr erstes zus\u00e4tzliches Geld zu gewinnen.<\/p>\n<p>Woran sollten sich all jene Benutzer erinnern, die keine Erfahrung im Spielen von Online-Gl\u00fccksspielen haben oder die nicht viel davon haben? Online-Gl\u00fccksspiele sind nur eine andere Form der Online-Unterhaltung, keine M\u00f6glichkeit, online Geld zu verdienen. Daher wird empfohlen, mit einem Mindesteinsatz zu beginnen, unabh\u00e4ngig davon, welches Spiel der Benutzer ausw\u00e4hlt, um das Vergn\u00fcgen des Spielens um echtes Geld zu verl\u00e4ngern.<\/p>\n<p>Was brauchen Sie also, um Online-Bingo RocketPlay um echtes Geld zu spielen? Eine zwingende Voraussetzung f\u00fcr das Spielen um echtes Geld ist die Registrierung. Ohne ein eigenes Konto und Spielkonto k\u00f6nnen Sie sicher sein, dass der Benutzer nicht bereit ist, die Verantwortung f\u00fcr seine eigenen Handlungen zu tragen und die Nutzungsbedingungen der Casino-Website einzuhalten. Wenn der Benutzer keine Verantwortung f\u00fcr seine eigenen Handlungen \u00fcbernimmt, ist es unwahrscheinlich, dass das Casino den Erhalt dieses oder jenes Gewinns garantiert. Daher m\u00fcssen Sie die Registrierung best\u00e4tigen und eine \u00dcberpr\u00fcfung durchlaufen, bei der Sie nicht nur pers\u00f6nliche Daten eingeben, sondern auch eine Kopie des Dokuments bereitstellen m\u00fcssen, um sicherzustellen, dass der Benutzer eine echte Person ist.<\/p>\n<p>Um RocketPlay Bingo online Australien zu spielen, m\u00fcssen Sie sich mit den Regeln des Casinos vertraut machen, die Regeln des Bingospiels lesen und ihnen zustimmen. Damit ein neuer Benutzer nicht z\u00f6gert, sich auf der Casino-Website anzumelden oder nicht, gibt das Casino einen Willkommensbonus von 300 %. Dies ist ein ziemlich guter Bonus, wenn dies Ihre erste Erfahrung mit Online-Gl\u00fccksspielen ist.<\/p>\n<h2>ANLEITUNG F\u00dcR DAS SPIELEN VON BINGO<\/h2>\n<p>Online Echtgeld-Bingo zu spielen RocketPlay ist einfach und Sie m\u00fcssen keine Zeit damit verbringen, das Spiel zu lernen. Dies sind die einfachen Spielregeln, die von mehr als einer Generation von Spielern, J\u00e4gern der Aufregung und des Gl\u00fccks befolgt wurden. Worum geht es also beim Bingo-Spiel?<\/p>\n<p>Vor dem Start des Spiels erh\u00e4lt der Benutzer eine spezielle Karte mit vielen Zahlen. Alle Zahlen werden zuf\u00e4llig platziert. Das Spiel beginnt in dem Moment, in dem die Nummern der Kugeln erscheinen, die der Benutzer auf seiner Karte finden muss. Wenn der Benutzer eine solche Nummer hat, streicht er sie durch. Der Benutzer, der es geschafft hat, alle Zahlen auf der Karte durchzustreichen, erh\u00e4lt seinen Gewinn. Ziemlich einfache Regeln. Aber Sie m\u00fcssen geduldig sein, denn jede n\u00e4chste Zahl bringt Sie entweder dem Sieg n\u00e4her oder entfernt Sie davon.<\/p>\n<p>Irgendwelche Tipps zum Bingo spielen? Es ist kaum m\u00f6glich, etwas wirklich zu empfehlen, da man nie sicher sagen kann, wer der n\u00e4chste Bingo-Gewinner sein wird.<\/p>\n<h2>Arten von Bingo-Spielen<\/h2>\n<p>Wenn der Benutzer keine Karte oder Zahlen mit Kugeln ausw\u00e4hlen kann, die nacheinander erscheinen, kann er einen Spieltyp ausw\u00e4hlen. Schlie\u00dflich gibt es mehr als eine Version des Spiels, und es kann davon abh\u00e4ngen, wie viel Gl\u00fcck der Benutzer hat. Was k\u00f6nnen Sie also ausw\u00e4hlen?<\/p>\n<p>Ein Spiel des kostenlosen Online-Bingos RocketPlay unterscheidet sich vom anderen nicht nur in der Anzahl der Kugeln mit Zahlen. Die k\u00fcrzeste Version des Spiels besteht aus nur 30 B\u00e4llen. Der Benutzer hat es also mit drei Zeilen und Spalten zu tun. Wenn Sie die k\u00fcrzeste Version nicht begeistert, k\u00f6nnen Sie bei der Version mit 75 Aufz\u00e4hlungszeichen aufh\u00f6ren. Diese Version des Spiels ist bei Einwohnern der Vereinigten Staaten beliebt. Aber die sogenannte amerikanische Version hat ein weiteres Feature &#8211; dort erscheinen mehr Buchstaben. Neben Zahlen streichen Nutzer auch Buchstaben durch. Auf diese Weise baut der Benutzer auch Stress ab, indem er ein bestimmtes Bild ausmalt. Dies ist ein ziemlich interessanter Ansatz, um Bingo zu spielen.<\/p>\n<p>Neben 30 und 75 B\u00e4llen k\u00f6nnen Sie auch eine Version mit 80 B\u00e4llen ausw\u00e4hlen, die in ihren Regeln der amerikanischen Version von Bingo \u00e4hnelt. Auch hier gibt es nicht nur Zahlen, sondern auch Buchstaben, was eine geometrische Figur bedeutet. Die 90-Schuss-Version ist die beliebteste unter britischen Einwohnern. Die neueste Version unterscheidet sich im Schwierigkeitsgrad, da es drei Phasen des Spiels gibt, und jede von ihnen muss der Benutzer zu 100% abschlie\u00dfen. Worum geht es? Die erste Stufe endet, wenn der Benutzer eine Zeile geschlossen hat, w\u00e4hrend die zweite Stufe &#8211; zwei Zeilen, die dritte Stufe &#8211; alle Zeilen geschlossen hat.<\/p>\n<p><img loading=\"lazy\" decoding=\"async\" class=\" wp-image-324 aligncenter\" src=\"https:\/\/rocketplay-slot.com\/wp-content\/uploads\/2022\/08\/is-bingo-a-casino-game-hero-300x150.jpg\" alt=\"bingo online\" width=\"596\" height=\"298\" srcset=\"https:\/\/rocketplay-slot.com\/wp-content\/uploads\/2022\/08\/is-bingo-a-casino-game-hero-300x150.jpg 300w, https:\/\/rocketplay-slot.com\/wp-content\/uploads\/2022\/08\/is-bingo-a-casino-game-hero-1024x512.jpg 1024w, https:\/\/rocketplay-slot.com\/wp-content\/uploads\/2022\/08\/is-bingo-a-casino-game-hero-768x384.jpg 768w, https:\/\/rocketplay-slot.com\/wp-content\/uploads\/2022\/08\/is-bingo-a-casino-game-hero-1536x768.jpg 1536w, https:\/\/rocketplay-slot.com\/wp-content\/uploads\/2022\/08\/is-bingo-a-casino-game-hero-2048x1024.jpg 2048w\" sizes=\"auto, (max-width: 596px) 100vw, 596px\" \/><\/p>\n<h2>FAQ<\/h2>\n<h3>ROCKETPLAY FREE ONLINE BINGO ODER EIN SPIEL F\u00dcR GELD?<\/h3>\n<p>Ein neuer Casino-Benutzer oder ein erfahrener Spieler kann unabh\u00e4ngig die Spieloption w\u00e4hlen, die seinen Ambitionen und finanziellen M\u00f6glichkeiten entspricht. Aber die kostenlose Version des Spiels kann von allen Benutzern auch ohne Registrierung gespielt werden, w\u00e4hrend das Echtgeldspiel eine Vorregistrierung erfordert. Dar\u00fcber hinaus muss der Spieler sein erstes Geld auf das Spielkonto einzahlen und mindestens den Mindesteinsatzbetrag einzahlen.<\/p>\n<h3>IST ES REAL, BINGO ZU GEWINNEN?<\/h3>\n<p>Um beim Bingo zu gewinnen, m\u00fcssen Sie keine mathematischen Berechnungen anstellen oder verschiedene Spielstrategien lernen. Es reicht aus, eine der Varianten des Bingospiels auszuw\u00e4hlen und einfach zu spielen. Wenn der Spieler Gl\u00fcck hat, kann er sein erstes Geld als Bingo-Gewinn erhalten.<\/p>\n<h3>GIBT ES EFFEKTIVE BINGO-STRATEGIEN?<\/h3>\n<p>Tats\u00e4chlich kann es beim Bingospiel keine effektive Strategie geben. Wenn der Benutzer die Karte erh\u00e4lt und beginnt, die Zahlen zu streichen, m\u00fcssen Sie so aufmerksam wie m\u00f6glich sein und dem Spiel folgen. Nicht jeder hat Gl\u00fcck, das wei\u00df jeder genau.<\/p>\n<h3>WO SPIELEN SIE BINGO?<\/h3>\n<p>Nicht alle Online-Casinos bieten das Spiel an, in dem Sie Bingo spielen. Die RocketPlay-Website hat definitiv dieses Spiel. Bevor Sie das Spiel starten, sollten Sie \u00fcberpr\u00fcfen, welche Spieloptionen der Benutzer ausgew\u00e4hlt hat, um sich richtig und rechtzeitig auf die Anzahl der Reihen und Kugeln mit Zahlen zu konzentrieren.<\/p>\n<h3>KANN ICH BINGO VON EINER MOBILEN APP SPIELEN?<\/h3>\n<p>Alle Benutzer von RocketPlay k\u00f6nnen die mobile Anwendung herunterladen und Bingo auf einem mobilen Ger\u00e4t statt auf einem PC spielen. Es ist ziemlich bequem und einfach und bietet rund um die Uhr Zugriff auf das Spiel.<\/p>\n","protected":false},"excerpt":{"rendered":"<p>Um Ihr erstes echtes Geld in Online-Gl\u00fccksspiele zu stecken, ist das Spiel Online-Bingo RocketPlay eine gute Option, um Ihre Gl\u00fccksspielreise zu beginnen. Neue Benutzer, die sich auf der Online-Casino-Website registrieren, laden sofort ihre Spielkonten auf, um ihr erstes zus\u00e4tzliches Geld zu gewinnen. Woran sollten sich all jene Benutzer erinnern, die keine Erfahrung im Spielen von&#8230;<\/p>\n","protected":false},"author":1,"featured_media":0,"parent":0,"menu_order":0,"comment_status":"closed","ping_status":"closed","template":"","meta":{"_acf_changed":false,"_kad_post_transparent":"default","_kad_post_title":"default","_kad_post_layout":"default","_kad_post_sidebar_id":"","_kad_post_content_style":"default","_kad_post_vertical_padding":"default","_kad_post_feature":"","_kad_post_feature_position":"","_kad_post_header":false,"_kad_post_footer":false,"footnotes":""},"class_list":["post-1685","page","type-page","status-publish","hentry"],"acf":[],"rttpg_featured_image_url":null,"rttpg_author":{"display_name":"Elvis","author_link":"https:\/\/rocketplay-slot.com\/de\/author\/pemvas95n89x\/"},"rttpg_comment":0,"rttpg_category":null,"rttpg_excerpt":"Um Ihr erstes echtes Geld in Online-Gl\u00fccksspiele zu stecken, ist das Spiel Online-Bingo RocketPlay eine gute Option, um Ihre Gl\u00fccksspielreise zu beginnen. Neue Benutzer, die sich auf der Online-Casino-Website registrieren, laden sofort ihre Spielkonten auf, um ihr erstes zus\u00e4tzliches Geld zu gewinnen. Woran sollten sich all jene Benutzer erinnern, die keine Erfahrung im Spielen von...","_links":{"self":[{"href":"https:\/\/rocketplay-slot.com\/de\/wp-json\/wp\/v2\/pages\/1685","targetHints":{"allow":["GET"]}}],"collection":[{"href":"https:\/\/rocketplay-slot.com\/de\/wp-json\/wp\/v2\/pages"}],"about":[{"href":"https:\/\/rocketplay-slot.com\/de\/wp-json\/wp\/v2\/types\/page"}],"author":[{"embeddable":true,"href":"https:\/\/rocketplay-slot.com\/de\/wp-json\/wp\/v2\/users\/1"}],"replies":[{"embeddable":true,"href":"https:\/\/rocketplay-slot.com\/de\/wp-json\/wp\/v2\/comments?post=1685"}],"version-history":[{"count":2,"href":"https:\/\/rocketplay-slot.com\/de\/wp-json\/wp\/v2\/pages\/1685\/revisions"}],"predecessor-version":[{"id":1687,"href":"https:\/\/rocketplay-slot.com\/de\/wp-json\/wp\/v2\/pages\/1685\/revisions\/1687"}],"wp:attachment":[{"href":"https:\/\/rocketplay-slot.com\/de\/wp-json\/wp\/v2\/media?parent=1685"}],"curies":[{"name":"wp","href":"https:\/\/api.w.org\/{rel}","templated":true}]}}