{"id":1694,"date":"2022-08-11T19:58:00","date_gmt":"2022-08-11T16:58:00","guid":{"rendered":"https:\/\/rocketplay-slot.com\/app\/"},"modified":"2022-11-01T01:58:11","modified_gmt":"2022-10-31T22:58:11","slug":"app","status":"publish","type":"page","link":"https:\/\/rocketplay-slot.com\/de\/app\/","title":{"rendered":"RocketPlay-App-Casino"},"content":{"rendered":"<p><img loading=\"lazy\" decoding=\"async\" class=\" wp-image-306 aligncenter\" src=\"https:\/\/rocketplay-slot.com\/wp-content\/uploads\/2022\/08\/welcome_1300x640-2-300x148.png\" alt=\"rocketplay\" width=\"594\" height=\"293\" srcset=\"https:\/\/rocketplay-slot.com\/wp-content\/uploads\/2022\/08\/welcome_1300x640-2-300x148.png 300w, https:\/\/rocketplay-slot.com\/wp-content\/uploads\/2022\/08\/welcome_1300x640-2-1024x504.png 1024w, https:\/\/rocketplay-slot.com\/wp-content\/uploads\/2022\/08\/welcome_1300x640-2-768x378.png 768w, https:\/\/rocketplay-slot.com\/wp-content\/uploads\/2022\/08\/welcome_1300x640-2.png 1300w\" sizes=\"auto, (max-width: 594px) 100vw, 594px\" \/><\/p>\n<p>Die <a href=\"https:\/\/rocketplay-slot.com\/de\">RocketPlay<\/a>-Casino-App ist eine gute M\u00f6glichkeit, Ihre Lieblings-Slots zu spielen, ohne auf einen Desktop-Computer angewiesen zu sein. Speziell f\u00fcr Spieler mit tragbaren Ger\u00e4ten erstellen Casinos <a href=\"https:\/\/rocketplay-slot.com\/de\/mobile-version\/\">mobile Versionen<\/a> von Websites oder speziellen Anwendungen, mit denen Sie jederzeit am gew\u00fcnschten Ort spielen k\u00f6nnen. Damit Spielautomaten in Ihrem Smartphone den Spielern Vorteile und Vergn\u00fcgen bringen, sollten Sie auf die offizielle Website gehen und die RocketPlay-Echtgeld-Casino-App Australien herunterladen.<\/p>\n<p>Die Anwendung muss direkt von der Casino-Website heruntergeladen werden, wo sich der Link zur Datei in einem separaten Abschnitt oder von Plattformen von Drittanbietern (Google Play Store) befindet. Vor der Installation der Anwendung gibt es bestimmte Anforderungen, wie z. B. Betriebssystemversion oder Speicherkapazit\u00e4t, die vor dem Start des Downloads ber\u00fccksichtigt werden sollten.<\/p>\n<p>Die App Stores bieten haupts\u00e4chlich Software von lizenzierten Casinos an. Wenn der Spieler die Anwendung des Clubs mit einer internationalen Lizenz verwenden m\u00f6chte, ist es besser, den Support-Service nach der Installationsdatei zu fragen. Die Anwendung wird unabh\u00e4ngig oder manuell gem\u00e4\u00df den Anweisungen auf der Website der Institution installiert.<\/p>\n<p>Sie finden das Installationspaket auf der offiziellen Website des Clubs. Der Spieler sollte die Seite mit technischen Informationen \u00f6ffnen. Es gibt Dateien, die Sie auf Ihr Smartphone oder Tablet herunterladen m\u00fcssen. F\u00fchren Sie das Verfahren am besten von dem Ger\u00e4t aus, auf dem Sie das Spiel spielen m\u00f6chten. Wenn die RocketPlay Casino App heruntergeladen wird, wird das Betriebssystem automatisch erkannt.<\/p>\n<p>Die Installation des Programms ist Standard: Der Player startet den Vorgang, hinterl\u00e4sst eine Best\u00e4tigung in den Dialogfeldern. Wenn Sie aufgefordert werden, zus\u00e4tzliche Komponenten zu installieren, m\u00fcssen Sie damit einverstanden sein, dass die Casino-Anwendung korrekt funktioniert. Nach der Installation erscheint das Game Club-Symbol auf dem Ger\u00e4t. Es kann auf den Desktop verschoben werden, um den Zugriff auf Maschinen zu beschleunigen. Um den Betrieb des Programms zu testen, k\u00f6nnen Sie jeden Slot im Demo-Modus ausf\u00fchren.<\/p>\n<h2>VORTEILE DER VERWENDUNG DER CASINO-APP<\/h2>\n<p>Der Benutzer kann \u00fcber einen Browser auf die virtuelle Club-Website zugreifen oder die RocketPlay Casino Australia-App herunterladen. Im ersten Fall ist die Website vollst\u00e4ndig an die g\u00e4ngigen Gr\u00f6\u00dfen tragbarer Gadgets angepasst, hat jedoch eine leicht modifizierte Seitenstruktur. Das Spielen auf einem mobilen Ger\u00e4t hat bestimmte Vorteile f\u00fcr den Spieler:<\/p>\n<ul>\n<li>h\u00f6here Anonymit\u00e4t im Netzwerk;<\/li>\n<li>die M\u00f6glichkeit, \u00fcberall auf der Welt zu spielen, wo es Internet gibt;<\/li>\n<li>an bestimmten Werbeaktionen teilnehmen;<\/li>\n<li>erhalten Sie zus\u00e4tzliche M\u00f6glichkeiten, Gewinne abzuheben.<\/li>\n<\/ul>\n<p><img loading=\"lazy\" decoding=\"async\" class=\" wp-image-307 alignright\" src=\"https:\/\/rocketplay-slot.com\/wp-content\/uploads\/2022\/08\/rocketplay-casino-app-150x300.png\" alt=\"rocketplay app\" width=\"191\" height=\"382\" srcset=\"https:\/\/rocketplay-slot.com\/wp-content\/uploads\/2022\/08\/rocketplay-casino-app-150x300.png 150w, https:\/\/rocketplay-slot.com\/wp-content\/uploads\/2022\/08\/rocketplay-casino-app.png 250w\" sizes=\"auto, (max-width: 191px) 100vw, 191px\" \/><\/p>\n<p>Alle virtuellen Clubs haben eine angepasste Version f\u00fcr Telefone, und eine separate Anwendung wird den Kunden haupts\u00e4chlich von gro\u00dfen Casinos angeboten. Am h\u00e4ufigsten werden Anwendungen f\u00fcr Android-Ger\u00e4te erstellt, in seltenen F\u00e4llen f\u00fcr Windows. Besitzer von Gadgets auf anderen Betriebssystemen k\u00f6nnen die Walzen nur in der angepassten Version der Website drehen. Die Rocket Play Casino-App f\u00fcr Android ist f\u00fcr Sie verf\u00fcgbar.<\/p>\n<h2>GL\u00dcCKSSPIEL-APP F\u00dcR ECHTES GELD SPIELEN<\/h2>\n<p>Sie k\u00f6nnen sich in der mobilen Version des Casinos auf die gleiche Weise wie von einem Computer aus registrieren. Wenn Sie ein Konto auf Ihrem Telefon haben, m\u00fcssen Sie sich mit Ihrem Benutzernamen und Passwort anmelden. Ein Besucher von einem Smartphone kann alle Funktionen einer Webressource und Motivationsanwendungen ohne Einschr\u00e4nkungen nutzen. Spieler vom Telefon haben Zugang zu allen Unterhaltungsangeboten des Clubs:<\/p>\n<ul>\n<li>einarmige Banditen;<\/li>\n<li>Wetten auf virtuelle Sportarten;<\/li>\n<li>Lotterien;<\/li>\n<li>Roulette, Poker, Baccarat, Blackjack;<\/li>\n<li>Live-Casino.<\/li>\n<\/ul>\n<p>Die einzige Ausnahme sind einige wenige alte Ger\u00e4te, die von modernen Betriebssystemen nicht unterst\u00fctzt werden. Die Ger\u00e4te starten schnell und funktionieren ohne technische Probleme. Spiele mit Dealern gehen ohne Zeitverz\u00f6gerung.<\/p>\n<p>Wenn Sie die RocketPlay-Casino-App herunterladen, sind die Spielautomaten von Ihrem Telefon auch in der Demoversion verf\u00fcgbar. Daher ist die Bekanntschaft mit neuen Produkten nicht mit dem Risiko eines Geldverlusts verbunden. Zur Auszahlung verf\u00fcgbare echte Gewinne k\u00f6nnen nur in Echtgeldspielen erhalten werden.<\/p>\n<h2>FAQ<\/h2>\n<h3>MOBILE VERSION ODER APP?<\/h3>\n<p>Im virtuellen Club wird die mobile Version durch eine angepasste Website und eine spezielle Anwendung repr\u00e4sentiert. Wenn der Spieler bereits ein Konto im Casino hat, kann er sich mit diesen Daten in sein pers\u00f6nliches Konto auf dem Gadget einloggen. Spieler k\u00f6nnen nicht nur auf der Website, sondern auch in der Anwendung gegen eine Geb\u00fchr mit Geldabhebung spielen. Au\u00dferdem kann der Spieler in jedem Browser auf die Casino-Webressource zugreifen. Auf dem Telefon ist keine zus\u00e4tzliche Softwareinstallation erforderlich. Die mobile Version der Website unterscheidet sich von der Desktop-Version der grafischen Shell. Auf einer Webressource k\u00f6nnen die Position und Gr\u00f6\u00dfe von Schaltfl\u00e4chen, Formularen und Symbolen ge\u00e4ndert werden.<\/p>\n<h3>WAS SIND DIE VORTEILE DER CASINO-APP?<\/h3>\n<p>Mobile Spieler bemerken die folgenden St\u00e4rken:<\/p>\n<ul>\n<li>das Spiel ist \u00fcberall von einem mobilen Ger\u00e4t aus verf\u00fcgbar;<\/li>\n<li>die Anwendung kann kostenlos heruntergeladen und installiert werden;<\/li>\n<li>die Plattform passt sich an verschiedene Bildschirmparameter an;<\/li>\n<li>der Zugang zum Gl\u00fccksspiel ist schneller;<\/li>\n<li>Sie k\u00f6nnen jederzeit zum Spiel auf dem Desktop zur\u00fcckkehren.<\/li>\n<\/ul>\n<p>Das mobile Ger\u00e4t wird ausschlie\u00dflich verwendet, sodass der Spieler den Benutzernamen und das Passwort speichern kann, um auf das pers\u00f6nliche Konto des Clubs zuzugreifen, ohne die Datensicherheit zu gef\u00e4hrden.<\/p>\n<h3>WIE KANN ICH EIN CASINO AUF IHR TELEFON HERUNTERLADEN?<\/h3>\n<p>Um auf dem Gadget in der Anwendung spielen zu k\u00f6nnen, m\u00fcssen Sie die Programmdateien einmal herunterladen und installieren. Wenn die Entwickler eine verbesserte Version des Programms ver\u00f6ffentlichen, erfolgt das Update automatisch. Es gibt keine besonderen technischen Anforderungen an das Ger\u00e4t. Vor der Installation muss der Player eine kleine Menge an freiem Speicherplatz zuweisen. Zus\u00e4tzliche Komponenten werden ebenfalls kostenlos installiert.<\/p>\n","protected":false},"excerpt":{"rendered":"<p>Die RocketPlay-Casino-App ist eine gute M\u00f6glichkeit, Ihre Lieblings-Slots zu spielen, ohne auf einen Desktop-Computer angewiesen zu sein. Speziell f\u00fcr Spieler mit tragbaren Ger\u00e4ten erstellen Casinos mobile Versionen von Websites oder speziellen Anwendungen, mit denen Sie jederzeit am gew\u00fcnschten Ort spielen k\u00f6nnen. Damit Spielautomaten in Ihrem Smartphone den Spielern Vorteile und Vergn\u00fcgen bringen, sollten Sie auf&#8230;<\/p>\n","protected":false},"author":1,"featured_media":0,"parent":0,"menu_order":0,"comment_status":"closed","ping_status":"closed","template":"","meta":{"_acf_changed":false,"_kad_post_transparent":"default","_kad_post_title":"default","_kad_post_layout":"default","_kad_post_sidebar_id":"","_kad_post_content_style":"default","_kad_post_vertical_padding":"default","_kad_post_feature":"","_kad_post_feature_position":"","_kad_post_header":false,"_kad_post_footer":false,"footnotes":""},"class_list":["post-1694","page","type-page","status-publish","hentry"],"acf":[],"rttpg_featured_image_url":null,"rttpg_author":{"display_name":"Elvis","author_link":"https:\/\/rocketplay-slot.com\/de\/author\/pemvas95n89x\/"},"rttpg_comment":0,"rttpg_category":null,"rttpg_excerpt":"Die RocketPlay-Casino-App ist eine gute M\u00f6glichkeit, Ihre Lieblings-Slots zu spielen, ohne auf einen Desktop-Computer angewiesen zu sein. Speziell f\u00fcr Spieler mit tragbaren Ger\u00e4ten erstellen Casinos mobile Versionen von Websites oder speziellen Anwendungen, mit denen Sie jederzeit am gew\u00fcnschten Ort spielen k\u00f6nnen. Damit Spielautomaten in Ihrem Smartphone den Spielern Vorteile und Vergn\u00fcgen bringen, sollten Sie auf...","_links":{"self":[{"href":"https:\/\/rocketplay-slot.com\/de\/wp-json\/wp\/v2\/pages\/1694","targetHints":{"allow":["GET"]}}],"collection":[{"href":"https:\/\/rocketplay-slot.com\/de\/wp-json\/wp\/v2\/pages"}],"about":[{"href":"https:\/\/rocketplay-slot.com\/de\/wp-json\/wp\/v2\/types\/page"}],"author":[{"embeddable":true,"href":"https:\/\/rocketplay-slot.com\/de\/wp-json\/wp\/v2\/users\/1"}],"replies":[{"embeddable":true,"href":"https:\/\/rocketplay-slot.com\/de\/wp-json\/wp\/v2\/comments?post=1694"}],"version-history":[{"count":2,"href":"https:\/\/rocketplay-slot.com\/de\/wp-json\/wp\/v2\/pages\/1694\/revisions"}],"predecessor-version":[{"id":1696,"href":"https:\/\/rocketplay-slot.com\/de\/wp-json\/wp\/v2\/pages\/1694\/revisions\/1696"}],"wp:attachment":[{"href":"https:\/\/rocketplay-slot.com\/de\/wp-json\/wp\/v2\/media?parent=1694"}],"curies":[{"name":"wp","href":"https:\/\/api.w.org\/{rel}","templated":true}]}}