{"id":1703,"date":"2022-06-15T08:28:32","date_gmt":"2022-06-15T05:28:32","guid":{"rendered":"https:\/\/rocketplay-slot.com\/live-roulette\/"},"modified":"2026-03-01T18:35:31","modified_gmt":"2026-03-01T15:35:31","slug":"live-roulette","status":"publish","type":"page","link":"https:\/\/rocketplay-slot.com\/de\/live-roulette\/","title":{"rendered":"Roulette-Online-Casino RocketPlay"},"content":{"rendered":"<p>Roulette ist eines der am meisten von Menschen erfundenen Gl\u00fccksspiele. Ein geheimnisvoller Heiligenschein dieses Spiels bewahrt mehrere Geschichten \u00fcber seinen Ursprung. Eine Legende besagt, dass in Frankreich im 14. Jahrhundert Kardinal Mazarin befahl, Roulette in allen Spielbanken zu verteilen, um die Staatskasse zu f\u00fcllen. Damals war es ein Spiel mit 40 nummerierten Buben und drei Nullen, das \u201eHoca\u201c genannt wurde. Es stimmt, dass nach dem Tod Ludwigs des 14. jeder, der \u201eHoca\u201c organisierte, hingerichtet werden sollte.<\/p>\n<p>Einer anderen Version zufolge war der Mathematiker Blaise Pascal an der Entwicklung des Spiels beteiligt. Aber auch sie ist in zwei Geschichten unterteilt: Laut einer versuchte Blaise, ein Perpetuum Mobile mit einem Rad und einer Kugel zu erschaffen; dem anderen zufolge schloss er sich in einem Kloster ein, um das Problem der Wahrscheinlichkeit einer Lotterie mit 36 \u200b\u200bLosen zu l\u00f6sen.<\/p>\n<p>In jedem Fall hat das Spiel seine franz\u00f6sischen Wurzeln und heute ist Roulette aus keinem Casino mehr wegzudenken. Seit dem Aufkommen von <a href=\"https:\/\/rocketplay-slot.com\/de\/casino\/\">Online-Casinos<\/a> ist Roulette, oder wie es auch \u201eRiesenrad\u201c genannt werden k\u00f6nnte, auch ein fester Bestandteil des Casinos geworden.<\/p>\n<h2>PRINZIP DES ROULETTE-SPIELS<\/h2>\n<p>Das Live-Online-Roulette-Spiel RocketPlay, eines der einfachsten. Vor den Spielern befindet sich ein Rad, das von 1 bis 36 und plus Null nummeriert ist. Die Zahlen sind in zuf\u00e4lliger Reihenfolge angeordnet, aber in einer strengen Farbrotation &#8211; schwarz und rot. Neben dem Rad befindet sich ein Wetttisch. Dort k\u00f6nnen die Spieler auf eine bestimmte Zahl, Farbe (schwarz-rot), gerade oder ungerade, Dutzend (eine von 12 Zahlen), mehr, weniger und null setzen.<\/p>\n\t<div class=\"alao-sidebar-box alao-sidebar-box-light-blue\">\n\t\t<a href=\"\" class=\"alao-sidebar-box__link\">\n\t\t\t<span class=\"alao-sidebar-box__thumb\">\n\t\t\t\t<img decoding=\"async\" src=\"https:\/\/rocketplay-slot.com\/wp-content\/uploads\/2022\/06\/second_bonus_nonlog.png\" alt=\"Zweiter Einzahlungsbonus\">\n\t\t\t<\/span>\n\t\t\t<span class=\"alao-sidebar-box__info\">\n\t\t\t\t<span class=\"alao-sidebar-box__info-wrap\">\n\t\t\t\t\t<span class=\"alao-sidebar-box__head\">Zweiter Einzahlungsbonus<\/span>\n\t\t\t\t\t<span class=\"alao-sidebar-box__desc\">200% BONUS F\u00dcR DIE ZWEITE EINZAHLUNG<\/span>\n\t\t\t\t\t<span class=\"alao-sidebar-box__button\">Erhalten<\/span>\n\t\t\t\t<\/span>\n\t\t\t<\/span>\n\t\t<\/a>\n\t<\/div>\n\t\n<h2>Live Roulette Online-Casino<\/h2>\n<p>Bevor Sie Ihre Wetten platzieren, sagt der Croupier die kr\u00f6nende Wette: &#8222;Platzieren Sie Ihre Wetten, meine Herren!&#8220; Nachdem die Wetten platziert wurden, wird ein ebenso beliebter Satz ge\u00e4u\u00dfert: \u201eWetten werden platziert, keine Wetten mehr.\u201c Das Rouletterad l\u00e4uft in eine Richtung und die Kugel bewegt sich zwangsl\u00e4ufig in die entgegengesetzte Richtung. Nachdem die Kugel in einer Zelle stoppt, verk\u00fcndet das Live-Dealer-Roulette RocketPlay die Gewinnzahl, fixiert sie auf dem Spielfeld und die gewinnenden Spieler erhalten Gewinne, und verlorene Wetten gehen an das Live-Casino-Roulette RocketPlay.<\/p>\n<p>Die Live-Roulette-App RocketPlay hat alle oben genannten Regeln, au\u00dfer dass alles auf Ihrem Bildschirm stattfindet. Manche m\u00f6gen diese Kronen-Phrasen nat\u00fcrlich vermissen, aber die Spannung bleibt voll erhalten. Und f\u00fcr diejenigen Spieler, die immer noch Live-Roulette anfassen m\u00f6chten, ohne das Haus zu verlassen, gibt es auch ein paar Optionen.<\/p>\n<h2>VIRTUELLES ROULETTE ONLINE<\/h2>\n<p>Das Spielen von Live-Roulette Australia RocketPlay ist viel einfacher, als Sie sich vorstellen k\u00f6nnen. In der Live-Version besteht das Rad selbst aus \u00fcber 300 Komponenten und ist mit juwelengleicher Pr\u00e4zision aufgebaut, denn nur 1 Millimeter Bewegung l\u00e4sst aufmerksame Spieler erkennen, in welche Sektoren die Kugel am ehesten fallen wird. Beim Live-Echtgeld-Roulette von RocketPlay wird alles von einem Zufallszahlengenerator verwaltet, der die Fairness der Ziehung gew\u00e4hrleistet. Genau wie im Original k\u00f6nnen Sie sicher sein, dass der Ball v\u00f6llig zuf\u00e4llig auf diese Figur gefallen ist.<\/p>\n<p>Ein weiteres Feature des Riesenrads online ist, dass Sie kostenlos Live-Roulette RocketPlay spielen k\u00f6nnen. Roulette hat in jedem Casino verschiedene Variationen, sodass Sie einfach jede davon \u00f6ffnen und kostenlos mit virtuellen Chips spielen k\u00f6nnen. Dies wird Ihnen nicht nur helfen, das Prinzip des Spiels zu verstehen, sondern auch beliebte Roulette-Strategien testen.<\/p>\n<h2>WARUM VIRTUELLES ROULETTE IN CASINOS?<\/h2>\n<p>Das Herzst\u00fcck des virtuellen Roulette-Spiels ist ein Zufallszahlengenerator, der garantiert zuf\u00e4llige Ergebnisse liefert. Die besten Online-Casinos unterziehen sich regelm\u00e4\u00dfig unabh\u00e4ngigen Audits auf ihre Solidit\u00e4t und verf\u00fcgen \u00fcber die entsprechenden Lizenzen.<\/p>\n<p>Die Gewinnchancen f\u00fcr virtuelles und echtes Roulette sind gleich. Sie k\u00f6nnen alle bekannten Strategien und Tipps verwenden, die es f\u00fcr normales Roulette gibt. Obwohl ihre Wirksamkeit verringert ist.<\/p>\n<p>Das niedrige Niveau der virtuellen Roulette-Wetten im Vergleich zum Spiel in einem echten Casino.<\/p>\n<p>Sie k\u00f6nnen zwischen verschiedenen Roulette-Varianten w\u00e4hlen und so den Vorteil des Etablissements schm\u00e4lern.<\/p>\n<h2><span style=\"font-family: var(--global-body-font-family); font-size: 16px; letter-spacing: 0em;\"> \u00a0 \u00a0 \u00a0 \u00a0 \u00a0 \u00a0 \u00a0 \u00a0 \u00a0 \u00a0 \u00a0 \u00a0 \u00a0 \u00a0 \u00a0 \u00a0 \u00a0 \u00a0 \u00a0 \u00a0 \u00a0 \u00a0 \u00a0 \u00a0 \u00a0 \u00a0 \u00a0 \u00a0 \u00a0 \u00a0 \u00a0 \u00a0 \u00a0 \u00a0 \u00a0 \u00a0 \u00a0 \u00a0 \u00a0 \u00a0 \u00a0 \u00a0 \u00a0 \u00a0 \u00a0 \u00a0 \u00a0 \u00a0 \u00a0 \u00a0 \u00a0 \u00a0 \u00a0 \u00a0 \u00a0 \u00a0 \u00a0 \u00a0 \u00a0 \u00a0 \u00a0 \u00a0 \u00a0 \u00a0 \u00a0 \u00a0 \u00a0 \u00a0 \u00a0 \u00a0 \u00a0 \u00a0 \u00a0 \u00a0 \u00a0 \u00a0 \u00a0\u00a0<\/span><\/h2>\n<p><span style=\"font-weight: 400;\"><img loading=\"lazy\" decoding=\"async\" class=\"aligncenter wp-image-4027\" src=\"https:\/\/rocketplay-slot.com\/wp-content\/uploads\/2024\/02\/close-up-casino-roulette-1.jpg\" alt=\"Roulette-Online-Casino RocketPlay\" width=\"800\" height=\"534\" srcset=\"https:\/\/rocketplay-slot.com\/wp-content\/uploads\/2024\/02\/close-up-casino-roulette-1.jpg 1000w, https:\/\/rocketplay-slot.com\/wp-content\/uploads\/2024\/02\/close-up-casino-roulette-1-300x200.jpg 300w, https:\/\/rocketplay-slot.com\/wp-content\/uploads\/2024\/02\/close-up-casino-roulette-1-768x512.jpg 768w\" sizes=\"auto, (max-width: 800px) 100vw, 800px\" \/><\/span><\/p>\n<h2>ARTEN VON ROULETTE<\/h2>\n<p>Heutzutage gibt es viele Variationen von Roulette. Einige sind beliebt, w\u00e4hrend andere Freizeitspieler anziehen. An dieser Stelle gibt es vier Hauptvarianten, die sich seit Jahrzehnten in der Gl\u00fccksspielwelt etabliert haben.<\/p>\n<p>Europ\u00e4isches oder klassisches Roulette: hat 37 Sektoren, von 1 bis 36 und eine \u201eNull\u201c. Es ist die Null, die den Hauptvorteil des Casinos bietet. Wetten Sie oft darauf, denn die Auszahlung betr\u00e4gt 1 zu 36, wird aber selten getroffen. Der Casino-Vorteil liegt bei dieser Variante des Online-Roulette (und auch offline) bei 2,7 %.<\/p>\n<p>Amerikanisches Roulette: Der Unterschied zum europ\u00e4ischen Roulette besteht darin, dass die Walze 38 Sektoren hat. Von 1 bis 36, Null und Doppelnull. Das erh\u00f6ht den Vorteil des Casinos auf 5,26 %, aber gleichzeitig gibt es zu viele Spieler, die denken, dass zwei Nullen eine gro\u00dfe Chance auf gro\u00dfe Gewinne sind.<\/p>\n<p>Franz\u00f6sisches Roulette: Es ist die beliebteste Option bei Spielern und die unbeliebteste bei Betreibern. Die Sache ist, dass es wie europ\u00e4isches Roulette gespielt wird, aber im Fall von Nullen bekommen alle Spieler 50 % des Einsatzes. Jeder, der auf eine Zahl, eine ungerade, eine rote oder ein Dutzend gesetzt hat, erh\u00e4lt eine R\u00fcckerstattung.<\/p>\n<p>Mini-Roulette: Diese Option ist besonders bei High Rollern beliebt. Seine Besonderheit besteht darin, dass das Feld aus 13 Sektoren besteht &#8211; von 1 bis 12, einer Null und einem leeren Sektor. Nat\u00fcrlich verdreifacht dies den Vorteil des Casinos mindestens, aber was die Spieler anzieht, ist das Fehlen eines maximalen Einsatzlimits.<\/p>\n<p>Alle diese Arten von Roulette sind im RocketPlay Casino verf\u00fcgbar. Um kostenlos Live-Roulette RocketPlay zu spielen, registrieren Sie sich einfach schnell und versuchen Sie Ihr Gl\u00fcck.<\/p>\n<h2><span style=\"font-family: var(--global-body-font-family); font-size: 16px; letter-spacing: 0em;\"> \u00a0 \u00a0 \u00a0 \u00a0 \u00a0 \u00a0 \u00a0 \u00a0 \u00a0 \u00a0 \u00a0 \u00a0 \u00a0 \u00a0 \u00a0 \u00a0 \u00a0 \u00a0 \u00a0 \u00a0 \u00a0 \u00a0 \u00a0 \u00a0 \u00a0 \u00a0 \u00a0 \u00a0<\/span><\/h2>\n<p><span style=\"font-weight: 400;\"><img loading=\"lazy\" decoding=\"async\" class=\"aligncenter wp-image-4037\" src=\"https:\/\/rocketplay-slot.com\/wp-content\/uploads\/2024\/02\/collage-casino-images-with-roulette-table-smiling-man-showing-thumbs-up.jpg\" alt=\"Roulette-Online-Casino RocketPlay 2\" width=\"800\" height=\"548\" srcset=\"https:\/\/rocketplay-slot.com\/wp-content\/uploads\/2024\/02\/collage-casino-images-with-roulette-table-smiling-man-showing-thumbs-up.jpg 1000w, https:\/\/rocketplay-slot.com\/wp-content\/uploads\/2024\/02\/collage-casino-images-with-roulette-table-smiling-man-showing-thumbs-up-300x206.jpg 300w, https:\/\/rocketplay-slot.com\/wp-content\/uploads\/2024\/02\/collage-casino-images-with-roulette-table-smiling-man-showing-thumbs-up-768x526.jpg 768w\" sizes=\"auto, (max-width: 800px) 100vw, 800px\" \/><\/span><\/p>\n<h2>LIVE-ROULETTE<\/h2>\n<p>Das Casino <a href=\"https:\/\/rocketplay-slot.com\/de\">RocketPlay<\/a> pr\u00e4sentiert Live-Roulette (Live-Roulette). Es ist eine Variante des Roulettes, bei der Wetten von einem echten Croupier angenommen werden \u2013 an einem echten Tisch und einem echten Rad, das sieben Zertifizierungsrunden bestanden hat. Im Allgemeinen besteht der Unterschied zu echtem Roulette darin, dass sich Live in einem speziell ausgestatteten Raum befindet und der Fokus auf den Spielern liegt, die \u00fcber den Monitorbildschirm Wetten abschlie\u00dfen.<\/p>\n<p>Einige Betreiber sind jedoch viel weiter gegangen. RocketPlay Casino hat eine besondere Art von Live-Roulette. An einem der echten Roulette-Tische, die sich in den gr\u00f6\u00dften Casinos von Las Vegas befinden, ist eine spezielle Ausstattung f\u00fcr Online-Spieler installiert. So k\u00f6nnen Sie gemeinsam mit den Casino-Besuchern auf Ihrem Bildschirm Wetten abschlie\u00dfen und dabei alles beobachten.<\/p>\n<h2>STRATEGIE<\/h2>\n<p>Kommen wir gleich zu den unerfreulichen Neuigkeiten \u2013 es gibt kein einzelnes System, das beim Roulette unverkennbar stabile Einnahmen bringt.<\/p>\n<p>Im Internet gibt es jede Menge Strategien f\u00fcr ein erfolgreiches Spiel. Die bekanntesten sind die Systeme von D&#8217;Alamber, Whitecracker und nat\u00fcrlich Martingale. Dar\u00fcber hinaus gibt es Modelle, die auf der \u201eChaos-Theorie\u201c, der \u201eBig-Number-Theorie\u201c und anderen basieren.<\/p>\n<p>Und wenn sie in einer Offline-Institution irgendein Ergebnis bringen k\u00f6nnen, arbeitet das Online-Casino auf Basis eines Zufallszahlengenerators, der alle schlauen Strategien zunichte macht.<\/p>\n","protected":false},"excerpt":{"rendered":"<p>Roulette ist eines der am meisten von Menschen erfundenen Gl\u00fccksspiele. Ein geheimnisvoller Heiligenschein dieses Spiels bewahrt mehrere Geschichten \u00fcber seinen Ursprung. Eine Legende besagt, dass in Frankreich im 14. Jahrhundert Kardinal Mazarin befahl, Roulette in allen Spielbanken zu verteilen, um die Staatskasse zu f\u00fcllen. Damals war es ein Spiel mit 40 nummerierten Buben und drei&#8230;<\/p>\n","protected":false},"author":1,"featured_media":0,"parent":0,"menu_order":0,"comment_status":"closed","ping_status":"closed","template":"","meta":{"_acf_changed":false,"_kad_post_transparent":"default","_kad_post_title":"default","_kad_post_layout":"default","_kad_post_sidebar_id":"","_kad_post_content_style":"default","_kad_post_vertical_padding":"default","_kad_post_feature":"","_kad_post_feature_position":"","_kad_post_header":false,"_kad_post_footer":false,"footnotes":""},"class_list":["post-1703","page","type-page","status-publish","hentry"],"acf":[],"rttpg_featured_image_url":null,"rttpg_author":{"display_name":"Elvis","author_link":"https:\/\/rocketplay-slot.com\/de\/author\/pemvas95n89x\/"},"rttpg_comment":0,"rttpg_category":null,"rttpg_excerpt":"Roulette ist eines der am meisten von Menschen erfundenen Gl\u00fccksspiele. Ein geheimnisvoller Heiligenschein dieses Spiels bewahrt mehrere Geschichten \u00fcber seinen Ursprung. Eine Legende besagt, dass in Frankreich im 14. Jahrhundert Kardinal Mazarin befahl, Roulette in allen Spielbanken zu verteilen, um die Staatskasse zu f\u00fcllen. Damals war es ein Spiel mit 40 nummerierten Buben und drei...","_links":{"self":[{"href":"https:\/\/rocketplay-slot.com\/de\/wp-json\/wp\/v2\/pages\/1703","targetHints":{"allow":["GET"]}}],"collection":[{"href":"https:\/\/rocketplay-slot.com\/de\/wp-json\/wp\/v2\/pages"}],"about":[{"href":"https:\/\/rocketplay-slot.com\/de\/wp-json\/wp\/v2\/types\/page"}],"author":[{"embeddable":true,"href":"https:\/\/rocketplay-slot.com\/de\/wp-json\/wp\/v2\/users\/1"}],"replies":[{"embeddable":true,"href":"https:\/\/rocketplay-slot.com\/de\/wp-json\/wp\/v2\/comments?post=1703"}],"version-history":[{"count":4,"href":"https:\/\/rocketplay-slot.com\/de\/wp-json\/wp\/v2\/pages\/1703\/revisions"}],"predecessor-version":[{"id":7898,"href":"https:\/\/rocketplay-slot.com\/de\/wp-json\/wp\/v2\/pages\/1703\/revisions\/7898"}],"wp:attachment":[{"href":"https:\/\/rocketplay-slot.com\/de\/wp-json\/wp\/v2\/media?parent=1703"}],"curies":[{"name":"wp","href":"https:\/\/api.w.org\/{rel}","templated":true}]}}