{"id":1767,"date":"2022-05-16T10:44:31","date_gmt":"2022-05-16T07:44:31","guid":{"rendered":"https:\/\/rocketplay-slot.com\/roulette\/"},"modified":"2025-11-24T20:33:48","modified_gmt":"2025-11-24T17:33:48","slug":"roulette","status":"publish","type":"page","link":"https:\/\/rocketplay-slot.com\/de\/roulette\/","title":{"rendered":"Roulette"},"content":{"rendered":"<div id=\"wppb-builder-container\" class=\"wppb-builder-container\">                <div  class=\"wppb-row-parent  wppb-row-1651149714946 \"  >\n\t\t\t\t\t\n\t\t\t\t\t\t\t\t\t\t\n\t\t\t\t\t\t\t\t\t\t\n\t\t\t\t\t<div class=\"wppb-container \">\n\t\t\t\t\t\t\t\t\t\t\t\t\t\n                        <div class=\"wppb-row\">\n\t\t\t\t\t\t\t                                    <div  class=\"wppb-column-parent wppb-column-parent-view wppb-col-1651149714949  \"  >\n                                        <div class=\"wppb-column\">\n\t\t\t\t\t\n\t\t\t\t\t\t\t\t\t\t\t\n                                            <div class=\"wppb-builder-addons\">\n\t\t\t\t\t\t\t\t\t\t\t\t<div class='wppb-builder-addon wppb-addon-1651150162258'  data-addon-id='1651150162258'><div class='wppb-addon'><div class=\"wppb-headline-addon\"><div class=\"wppb-headline-content\"><h1 class=\"wppb-addon-title\">Roulette im Online-Casino RocketPlay<\/h1><\/div><\/div><\/div><\/div><div class='wppb-builder-addon wppb-addon-1651150171497'  data-addon-id='1651150171497'><div class='wppb-addon'><div class=\"wppb-text-block-addon\"><div class=\"wppb-text-block-content 0\"><p>Roulette <a href=\"https:\/\/rocketplay-slot.com\/de\">RocketPlay online<\/a> steht allen registrierten Besuchern auf <a href=\"https:\/\/rocketplay-slot.com\/de\/mobile-version\/\">Mobilger\u00e4ten<\/a> und Ihrem PC f\u00fcr Geld zur Verf\u00fcgung. Das hei\u00dft, Benutzer m\u00fcssen kein zus\u00e4tzliches Geld f\u00fcr Konvertierungsgeb\u00fchren ausgeben. Wenn Sie daran denken, auf der offiziellen Website zu spielen, wird es ziemlich klar, warum Spieler diese Ressource zur Erholung und zum Gewinnen ausgew\u00e4hlt haben.<\/p><\/div><\/div><\/div><\/div><div class='wppb-builder-addon wppb-addon-1651149715158'  data-addon-id='1651149715158'><div class='wppb-addon'><div class=\"wppb-addon wppb-button-addon\"><div class=\"wppb-button-addon-content\"><a  href=\"\/go-casino\/\" target=_blank class=\"wppb-btn-addons  wppb-btn-custom wppb-btn-round wppb-btn-large wppb-btn-no\">JETZT SPIELEN<\/a><\/div><\/div><\/div><\/div>                                            <\/div>\n                                        <\/div>\n                                    <\/div>\n\t\t\t\t\t\t\t\t\t                                    <div  class=\"wppb-column-parent wppb-column-parent-view wppb-col-1651149714947  \"  >\n                                        <div class=\"wppb-column\">\n\t\t\t\t\t\n\t\t\t\t\t\t\t\t\t\t\t\n                                            <div class=\"wppb-builder-addons\">\n\t\t\t\t\t\t\t\t\t\t\t\t<div class='wppb-builder-addon wppb-addon-1707397357148'  data-addon-id='1707397357148'><div class='wppb-addon'><div class=\"wppb-image-addon\"><figure class=\"wppb-image-addon-content-wrap\"><div class=\"wppb-image-addon-content wppb-imginlineblock\"><img decoding=\"async\" class=\"wppb-image-addon-img\" src=\"https:\/\/rocketplay-slot.com\/wp-content\/uploads\/2024\/02\/roulette-at-rocketplay-online-casino.jpg\" alt=\"ROULETTE IM ONLINE-CASINO ROCKETPLAY\"><\/div><\/figure><\/div><\/div><\/div>                                            <\/div>\n                                        <\/div>\n                                    <\/div>\n\t\t\t\t\t\t\t\t\t                        <\/div>\n\n                    <\/div>\n                <\/div>\n\t\t\t\t                <div  class=\"wppb-row-parent  wppb-row-1651149715118 \"  >\n\t\t\t\t\t\n\t\t\t\t\t\t\t\t\t\t\n\t\t\t\t\t\t\t\t\t\t\n\t\t\t\t\t<div class=\"wppb-container \">\n\t\t\t\t\t\t\t\t\t\t\t\t\t\n                        <div class=\"wppb-row\">\n\t\t\t\t\t\t\t                                    <div  class=\"wppb-column-parent wppb-column-parent-view wppb-col-1651149715122  \"  >\n                                        <div class=\"wppb-column\">\n\t\t\t\t\t\n\t\t\t\t\t\t\t\t\t\t\t\n                                            <div class=\"wppb-builder-addons\">\n\t\t\t\t\t\t\t\t\t\t\t\t<div class='wppb-builder-addon wppb-addon-1707397357151'  data-addon-id='1707397357151'><div class='wppb-addon'><div class=\"wppb-image-addon\"><figure class=\"wppb-image-addon-content-wrap\"><div class=\"wppb-image-addon-content wppb-imginlineblock\"><img decoding=\"async\" class=\"wppb-image-addon-img\" src=\"https:\/\/rocketplay-slot.com\/wp-content\/uploads\/2024\/02\/roulette-at-rocketplay-online-casino-2.jpg\" alt=\"ROULETTE IM ONLINE-CASINO ROCKETPLAY 2\"><\/div><\/figure><\/div><\/div><\/div>                                            <\/div>\n                                        <\/div>\n                                    <\/div>\n\t\t\t\t\t\t\t\t\t                                    <div  class=\"wppb-column-parent wppb-column-parent-view wppb-col-1651149715119  \"  >\n                                        <div class=\"wppb-column\">\n\t\t\t\t\t\n\t\t\t\t\t\t\t\t\t\t\t\n                                            <div class=\"wppb-builder-addons\">\n\t\t\t\t\t\t\t\t\t\t\t\t<div class='wppb-builder-addon wppb-addon-1651149715120'  data-addon-id='1651149715120'><div class='wppb-addon'><div class=\"wppb-headline-addon\"><div class=\"wppb-headline-content\"><h2 class=\"wppb-addon-title\">Roulette: interessanter und spannender Spielautomat<\/h2><\/div><\/div><\/div><\/div><div class='wppb-builder-addon wppb-addon-1651149715121'  data-addon-id='1651149715121'><div class='wppb-addon'><div class=\"wppb-text-block-addon\"><div class=\"wppb-text-block-content 0\"><p>Jeder Spieler m\u00f6chte mit maximaler Effizienz spielen. Wenn ein Spieler eine bestimmte Art von Anwendung bevorzugt, hei\u00dft das nicht, dass er nur einen klassischen Spielautomaten bevorzugt. Roulette um echtes Geld ist in diesem Bereich des Portals in mehreren Typen vertreten (verf\u00fcgbar etwa 20 Varianten). Am beliebtesten war nat\u00fcrlich das europ\u00e4ische Roulette mit dem geringsten Vorteil f\u00fcr Clubbesitzer - 2,7%. Online k\u00f6nnen Sie Bonuscodes von der Verwaltung im Rahmen verschiedener Aktionen verwenden und zus\u00e4tzliche Boni f\u00fcr das Spiel erhalten.<\/p><p>Neben europ\u00e4ischem Roulette gibt es noch andere Varianten: amerikanisches, franz\u00f6sisches usw. F\u00fcr ein vollst\u00e4ndiges Eintauchen in das Gl\u00fccksspiel k\u00f6nnen Sie mit Live-Dealern spielen, was bei vielen Benutzern sehr beliebt ist. Trotz der Tatsache, dass es bei solchen Anwendungen keine Freespins gibt, ist es immer noch real, einen schnellen Gewinn zu erzielen. Erfahrene Spieler empfehlen \u00fcbrigens, French Roulette zu spielen und die \u201eGef\u00e4ngnisregel\u201c aktiv zu nutzen. Es reduziert den Casino-Vorteil auf 1,35 %.<\/p><\/div><\/div><\/div><\/div>                                            <\/div>\n                                        <\/div>\n                                    <\/div>\n\t\t\t\t\t\t\t\t\t                        <\/div>\n\n                    <\/div>\n                <\/div>\n\t\t\t\t                <div  class=\"wppb-row-parent  wppb-row-1652183192609 \"  >\n\t\t\t\t\t\n\t\t\t\t\t\t\t\t\t\t\n\t\t\t\t\t\t\t\t\t\t\n\t\t\t\t\t<div class=\"wppb-container \">\n\t\t\t\t\t\t\t\t\t\t\t\t\t\n                        <div class=\"wppb-row\">\n\t\t\t\t\t\t\t                                    <div  class=\"wppb-column-parent wppb-column-parent-view wppb-col-1652183192610  \"  >\n                                        <div class=\"wppb-column\">\n\t\t\t\t\t\n\t\t\t\t\t\t\t\t\t\t\t\n                                            <div class=\"wppb-builder-addons\">\n\t\t\t\t\t\t\t\t\t\t\t\t<div class='wppb-builder-addon wppb-addon-1652183192623'  data-addon-id='1652183192623'><div class='wppb-addon'><div class=\"wppb-headline-addon\"><div class=\"wppb-headline-content\"><h2 class=\"wppb-addon-title\">Wie man beim Roulette gewinnt<\/h2><\/div><\/div><\/div><\/div><div class='wppb-builder-addon wppb-addon-1652183192612'  data-addon-id='1652183192612'><div class='wppb-addon'><div class=\"wppb-text-block-addon\"><div class=\"wppb-text-block-content 0\"><p>Das Ziel jedes Gl\u00fccksspiels ist es, mit einer minimalen Investition zu gewinnen. Jeder Spieler, der begonnen hat, Roulette RocketPlay um Geld zu spielen, hat das Ziel, das Geld zu knacken. Mit unterschiedlichen Strategien kann jeder viel Gl\u00fcck erreichen. Vergessen Sie jedoch nicht, dass das Gl\u00fccksspiel vom Gl\u00fcck und der F\u00e4higkeit abh\u00e4ngt, rechtzeitig aufzuh\u00f6ren, sodass das Ergebnis der Runde unterschiedlich sein kann. Eins\u00e4tze sollten angemessen sein und nicht all-in gehen, wenn es nicht gerechtfertigt ist.<\/p><p>Die einfachste und beliebteste Strategie gilt als Martingale. Die Spieler m\u00fcssen auf gleiche Quoten setzen (mehr\/weniger, rot\/schwarz, gerade\/ungerade). Gem\u00e4\u00df der Wahrscheinlichkeitstheorie kann der Ball nicht die ganze Zeit in bestimmte Zellen fallen, daher ist es notwendig, die ganze Zeit auf eine Option zu setzen. Es ist notwendig, mit dem Mindesteinsatz zu beginnen. Im Falle eines Misserfolgs wird in der n\u00e4chsten Runde die Anzahl der Chips verdoppelt. Tun Sie das, bis Sie gewinnen.<\/p><p>Im Prinzip k\u00f6nnte dieses System eine absolute Win-Win-Situation sein, wenn da nicht eine kleine Nuance w\u00e4re. In jedem Casino (und auch in RocketPlay) gibt es Einsatzlimits. Allerdings ist die Gewinnwahrscheinlichkeit sehr hoch, da das gleiche Ergebnis einer Runde mehr als 3-5 mal hintereinander sehr selten ist.<\/p><\/div><\/div><\/div><\/div>                                            <\/div>\n                                        <\/div>\n                                    <\/div>\n\t\t\t\t\t\t\t\t\t                                    <div  class=\"wppb-column-parent wppb-column-parent-view wppb-col-1652183192613  \"  >\n                                        <div class=\"wppb-column\">\n\t\t\t\t\t\n\t\t\t\t\t\t\t\t\t\t\t\n                                            <div class=\"wppb-builder-addons\">\n\t\t\t\t\t\t\t\t\t\t\t\t<div class='wppb-builder-addon wppb-addon-1707397357154'  data-addon-id='1707397357154'><div class='wppb-addon'><div class=\"wppb-image-addon\"><figure class=\"wppb-image-addon-content-wrap\"><div class=\"wppb-image-addon-content wppb-imginlineblock\"><img decoding=\"async\" class=\"wppb-image-addon-img\" src=\"https:\/\/rocketplay-slot.com\/wp-content\/uploads\/2024\/02\/roulette-at-rocketplay-online-casino-3.jpg\" alt=\"ROULETTE IM ONLINE-CASINO ROCKETPLAY 3\"><\/div><\/figure><\/div><\/div><\/div>                                            <\/div>\n                                        <\/div>\n                                    <\/div>\n\t\t\t\t\t\t\t\t\t                        <\/div>\n\n                    <\/div>\n                <\/div>\n\t\t\t\t                <div  class=\"wppb-row-parent  wppb-row-1652183192667 \"  >\n\t\t\t\t\t\n\t\t\t\t\t\t\t\t\t\t\n\t\t\t\t\t\t\t\t\t\t\n\t\t\t\t\t<div class=\"wppb-container \">\n\t\t\t\t\t\t\t\t\t\t\t\t\t\n                        <div class=\"wppb-row\">\n\t\t\t\t\t\t\t                                    <div  class=\"wppb-column-parent wppb-column-parent-view wppb-col-1652183192668  \"  >\n                                        <div class=\"wppb-column\">\n\t\t\t\t\t\n\t\t\t\t\t\t\t\t\t\t\t\n                                            <div class=\"wppb-builder-addons\">\n\t\t\t\t\t\t\t\t\t\t\t\t<div class='wppb-builder-addon wppb-addon-1652183192669'  data-addon-id='1652183192669'><div class='wppb-addon'><div class=\"wppb-headline-addon\"><div class=\"wppb-headline-content\"><h2 class=\"wppb-addon-title\">Roulette kostenlos spielen<\/h2><\/div><\/div><\/div><\/div><div class='wppb-builder-addon wppb-addon-1652183192670'  data-addon-id='1652183192670'><div class='wppb-addon'><div class=\"wppb-text-block-addon\"><div class=\"wppb-text-block-content 0\"><p>Im Club werden alle Spielarten des klassischen Roulettes in zwei Varianten angeboten: kostenpflichtig und kostenlos. Das Demospiel hat einen Vorteil: Es steht jenen Spielern zur Verf\u00fcgung, die sich nicht in der Spielhalle registriert haben. Sie k\u00f6nnen einfach auf die Casino-Website gehen und ohne Einzahlung und ohne Registrierung mit dem Spielen beginnen.<\/p><p>Die Funktionalit\u00e4t der kostenlosen Version unterscheidet sich von der kostenpflichtigen Version im Wesentlichen: Es gibt keine M\u00f6glichkeit, echtes Geld zu gewinnen. Ansonsten stehen diese Spielautomaten RocketPlay der kostenpflichtigen Version in nichts nach. Im Demo-Emulator k\u00f6nnen Sie darauf wetten, dass sich das Gameplay auf die \u00fcbliche Weise entwickelt. Dies ist eine gro\u00dfartige Option f\u00fcr Anf\u00e4nger, die die Regeln verstehen, nicht scheitern und Wetten um Geld abschlie\u00dfen m\u00f6chten.<\/p><p>Selbst viele erfahrene Spieler spielen die Option oft ohne zu bezahlen. Im Demospiel k\u00f6nnen Sie jederzeit \u00fcberpr\u00fcfen, ob eines der beliebten Schemata funktioniert, oder sich Ihren eigenen Gewinnalgorithmus ausdenken. Wenn Sie nur Zeit im Casino verbringen und Ihr Geld sparen m\u00f6chten, dann spielen Sie Roulette RocketPlay kostenlos. Nach den Bewertungen der Spieler zu urteilen, bringt das Demospiel im Club das gleiche Vergn\u00fcgen wie die kostenpflichtige Version.<\/p><\/div><\/div><\/div><\/div>                                            <\/div>\n                                        <\/div>\n                                    <\/div>\n\t\t\t\t\t\t\t\t\t                                    <div  class=\"wppb-column-parent wppb-column-parent-view wppb-col-1652183192671  \"  >\n                                        <div class=\"wppb-column\">\n\t\t\t\t\t\n\t\t\t\t\t\t\t\t\t\t\t\n                                            <div class=\"wppb-builder-addons\">\n\t\t\t\t\t\t\t\t\t\t\t\t<div class='wppb-builder-addon wppb-addon-1707397357157'  data-addon-id='1707397357157'><div class='wppb-addon'><div class=\"wppb-image-addon\"><figure class=\"wppb-image-addon-content-wrap\"><div class=\"wppb-image-addon-content wppb-imginlineblock\"><img decoding=\"async\" class=\"wppb-image-addon-img\" src=\"https:\/\/rocketplay-slot.com\/wp-content\/uploads\/2024\/02\/roulette-at-rocketplay-online-casino-4.jpg\" alt=\"ROULETTE IM ONLINE-CASINO ROCKETPLAY 4\"><\/div><\/figure><\/div><\/div><\/div>                                            <\/div>\n                                        <\/div>\n                                    <\/div>\n\t\t\t\t\t\t\t\t\t                        <\/div>\n\n                    <\/div>\n                <\/div>\n\t\t\t\t                <div  class=\"wppb-row-parent  wppb-row-1651158175344 \"  >\n\t\t\t\t\t\n\t\t\t\t\t\t\t\t\t\t\n\t\t\t\t\t\t\t\t\t\t\n\t\t\t\t\t<div class=\"wppb-container \">\n\t\t\t\t\t\t\t\t\t\t\t\t\t\n                        <div class=\"wppb-row\">\n\t\t\t\t\t\t\t                                    <div  class=\"wppb-column-parent wppb-column-parent-view wppb-col-1651158175345  \"  >\n                                        <div class=\"wppb-column\">\n\t\t\t\t\t\n\t\t\t\t\t\t\t\t\t\t\t\n                                            <div class=\"wppb-builder-addons\">\n\t\t\t\t\t\t\t\t\t\t\t\t<div class='wppb-builder-addon wppb-addon-1707397357160'  data-addon-id='1707397357160'><div class='wppb-addon'><div class=\"wppb-image-addon\"><figure class=\"wppb-image-addon-content-wrap\"><div class=\"wppb-image-addon-content wppb-imginlineblock\"><img decoding=\"async\" class=\"wppb-image-addon-img\" src=\"https:\/\/rocketplay-slot.com\/wp-content\/uploads\/2024\/02\/roulette-at-rocketplay-online-casino-5.jpg\" alt=\"ROULETTE IM ONLINE-CASINO ROCKETPLAY 5\"><\/div><\/figure><\/div><\/div><\/div>                                            <\/div>\n                                        <\/div>\n                                    <\/div>\n\t\t\t\t\t\t\t\t\t                                    <div  class=\"wppb-column-parent wppb-column-parent-view wppb-col-1651158175347  \"  >\n                                        <div class=\"wppb-column\">\n\t\t\t\t\t\n\t\t\t\t\t\t\t\t\t\t\t\n                                            <div class=\"wppb-builder-addons\">\n\t\t\t\t\t\t\t\t\t\t\t\t<div class='wppb-builder-addon wppb-addon-1651158175348'  data-addon-id='1651158175348'><div class='wppb-addon'><div class=\"wppb-headline-addon\"><div class=\"wppb-headline-content\"><h2 class=\"wppb-addon-title\">Wie man um Geld spielt<\/h2><\/div><\/div><\/div><\/div><div class='wppb-builder-addon wppb-addon-1651158175349'  data-addon-id='1651158175349'><div class='wppb-addon'><div class=\"wppb-text-block-addon\"><div class=\"wppb-text-block-content 0\"><p>Stammg\u00e4ste im Spielzimmer ziehen es vor, Roulette RocketPlay um echtes Geld zu spielen. Wenn Sie sich entscheiden, Ihr Geld zu riskieren, m\u00fcssen Sie sich vorab registrieren.<\/p><p>Das Registrierungsverfahren besteht aus mehreren Schritten. Zuerst m\u00fcssen Sie sich auf der Casino-Website anmelden, auf die Schaltfl\u00e4che \"Registrieren\" klicken und dann im Er\u00f6ffnungsmen\u00fc Ihre E-Mail-Adresse und Ihr Passwort angeben, mit denen Sie sp\u00e4ter auf die Website zugreifen.<\/p><p>Danach m\u00fcssen Sie das Postfach best\u00e4tigen. Die Kontoauff\u00fcllung erfolgt im pers\u00f6nlichen B\u00fcro. Verwenden Sie zur Eingabe die bei der Registrierung angegebenen Daten. Um eine Wette abzuschlie\u00dfen, reicht es aus, selbst f\u00fcr einen kleinen Betrag eine Einzahlung zu t\u00e4tigen.<\/p><p>Es gibt einige Methoden, um Ihr Konto einzuzahlen: entweder \u00fcber eine Karte oder \u00fcber ein E-Wallet. In beiden F\u00e4llen kommt das Geld schnell auf die Einzahlung, Sie m\u00fcssen nicht warten. In Zukunft erfolgt die Auszahlung von Gewinnen auf dasselbe Konto, von dem Sie urspr\u00fcnglich eingezahlt haben.<\/p><p>W\u00e4hlen Sie, welche Version des Spiels besser zu Ihnen passt \u2013 kostenpflichtig oder kostenlos. Auf der Website des Clubs gibt es verschiedene Varianten des Spitzenspiels Roulette RocketPlay Australia.<\/p><\/div><\/div><\/div><\/div>                                            <\/div>\n                                        <\/div>\n                                    <\/div>\n\t\t\t\t\t\t\t\t\t                        <\/div>\n\n                    <\/div>\n                <\/div>\n\t\t\t\t                <div  class=\"wppb-row-parent  wppb-row-1652456671409 \"  >\n\t\t\t\t\t\n\t\t\t\t\t\t\t\t\t\t\n\t\t\t\t\t\t\t\t\t\t\n\t\t\t\t\t<div class=\"wppb-container \">\n\t\t\t\t\t\t\t\t\t\t\t\t\t\n                        <div class=\"wppb-row\">\n\t\t\t\t\t\t\t                                    <div  class=\"wppb-column-parent wppb-column-parent-view wppb-col-1652456671410  \"  >\n                                        <div class=\"wppb-column\">\n\t\t\t\t\t\n\t\t\t\t\t\t\t\t\t\t\t\n                                            <div class=\"wppb-builder-addons\">\n\t\t\t\t\t\t\t\t\t\t\t\t<div class='wppb-builder-addon wppb-addon-1652456671411'  data-addon-id='1652456671411'><div class='wppb-addon'><div class=\"wppb-headline-addon\"><div class=\"wppb-headline-content\"><h2 class=\"wppb-addon-title\">Warum sollten Sie sich f\u00fcr das Online-Casino RocketPlay entscheiden?<\/h2><\/div><\/div><\/div><\/div><div class='wppb-builder-addon wppb-addon-1652456671412'  data-addon-id='1652456671412'><div class='wppb-addon'><div class=\"wppb-text-block-addon\"><div class=\"wppb-text-block-content 0\"><p>Besucher k\u00f6nnen online nicht nur im Casino Roulette spielen, sondern auch an anderen Spielautomaten von RocketPlay. Das Angebot der Roulette RocketPlay App wird alle Fans begeistern, die Zeit mit Aufregung verbringen. Die Vorteile des Portals liegen auf der Hand:<\/p><ul><li>Der Club arbeitet unter einer offiziellen Lizenz.<\/li><li>Eine Vielzahl von Spielautomaten erm\u00f6glicht es jedem Benutzer, eine schnelle Wahl zu treffen.<\/li><li>Sie k\u00f6nnen auf der Website kostenlos ohne Registrierung oder um echtes Geld spielen.<\/li><li>Die Gesamtrendite der Maschinen (RTP) liegt auf einem hohen Niveau.<\/li><li>Die Verwaltung vergibt gro\u00dfz\u00fcgig Boni und Angebote zur Teilnahme an einem vorteilhaften Treueprogramm.<\/li><li><a href=\"https:\/\/rocketplay-slot.com\/de\/live-roulette\/\">Live-Roulette<\/a> und andere Spiele, die in einem speziellen Studio ausgef\u00fchrt werden, erm\u00f6glichen es Ihnen, sich wie ein Besucher eines echten Casinos zu f\u00fchlen.<\/li><li>Turniere und Werbeaktionen, die von der Verwaltung veranstaltet werden, helfen, das Gameplay zu diversifizieren.<\/li><li>Die Privatsph\u00e4re wird durch den Sicherheitsdienst gew\u00e4hrleistet.<\/li><li>Das Aufladen einer Einzahlung und das Abheben von Gewinnen erfolgen auf verschiedene bequeme Arten (alle Transaktionen sind durch 128-Bit-Verschl\u00fcsselung gesch\u00fctzt).<\/li><\/ul><p>Dies sind nicht alle Vorteile der Online-Casinos RocketPlay, aber diese Liste beweist, dass es real ist, Zeit mit Spa\u00df und Sicherheit zu verbringen.<\/p><\/div><\/div><\/div><\/div>                                            <\/div>\n                                        <\/div>\n                                    <\/div>\n\t\t\t\t\t\t\t\t\t                                    <div  class=\"wppb-column-parent wppb-column-parent-view wppb-col-1652456671413  \"  >\n                                        <div class=\"wppb-column\">\n\t\t\t\t\t\n\t\t\t\t\t\t\t\t\t\t\t\n                                            <div class=\"wppb-builder-addons\">\n\t\t\t\t\t\t\t\t\t\t\t\t<div class='wppb-builder-addon wppb-addon-1707397357163'  data-addon-id='1707397357163'><div class='wppb-addon'><div class=\"wppb-image-addon\"><figure class=\"wppb-image-addon-content-wrap\"><div class=\"wppb-image-addon-content wppb-imginlineblock\"><img decoding=\"async\" class=\"wppb-image-addon-img\" src=\"https:\/\/rocketplay-slot.com\/wp-content\/uploads\/2024\/02\/roulette-at-rocketplay-online-casino-6.jpg\" alt=\"ROULETTE IM ONLINE-CASINO ROCKETPLAY 6\"><\/div><\/figure><\/div><\/div><\/div>                                            <\/div>\n                                        <\/div>\n                                    <\/div>\n\t\t\t\t\t\t\t\t\t                        <\/div>\n\n                    <\/div>\n                <\/div>\n\t\t\t\t<\/div>","protected":false},"excerpt":{"rendered":"<p>Roulette im Online-Casino RocketPlayRoulette RocketPlay online steht allen registrierten Besuchern auf Mobilger\u00e4ten und Ihrem PC f\u00fcr Geld zur Verf\u00fcgung. Das hei\u00dft, Benutzer m\u00fcssen kein zus\u00e4tzliches Geld f\u00fcr Konvertierungsgeb\u00fchren ausgeben. Wenn Sie daran denken, auf der offiziellen Website zu spielen, wird es ziemlich klar, warum Spieler diese Ressource zur Erholung und zum Gewinnen ausgew\u00e4hlt haben.JETZT SPIELEN&#8230;<\/p>\n","protected":false},"author":1,"featured_media":0,"parent":0,"menu_order":0,"comment_status":"closed","ping_status":"closed","template":"wppb_theme_template","meta":{"_acf_changed":false,"_kad_post_transparent":"default","_kad_post_title":"default","_kad_post_layout":"default","_kad_post_sidebar_id":"","_kad_post_content_style":"default","_kad_post_vertical_padding":"default","_kad_post_feature":"","_kad_post_feature_position":"","_kad_post_header":false,"_kad_post_footer":false,"footnotes":""},"class_list":["post-1767","page","type-page","status-publish","hentry"],"acf":[],"rttpg_featured_image_url":null,"rttpg_author":{"display_name":"Elvis","author_link":"https:\/\/rocketplay-slot.com\/de\/author\/pemvas95n89x\/"},"rttpg_comment":0,"rttpg_category":null,"rttpg_excerpt":"Roulette im Online-Casino RocketPlayRoulette RocketPlay online steht allen registrierten Besuchern auf Mobilger\u00e4ten und Ihrem PC f\u00fcr Geld zur Verf\u00fcgung. Das hei\u00dft, Benutzer m\u00fcssen kein zus\u00e4tzliches Geld f\u00fcr Konvertierungsgeb\u00fchren ausgeben. Wenn Sie daran denken, auf der offiziellen Website zu spielen, wird es ziemlich klar, warum Spieler diese Ressource zur Erholung und zum Gewinnen ausgew\u00e4hlt haben.JETZT SPIELEN...","_links":{"self":[{"href":"https:\/\/rocketplay-slot.com\/de\/wp-json\/wp\/v2\/pages\/1767","targetHints":{"allow":["GET"]}}],"collection":[{"href":"https:\/\/rocketplay-slot.com\/de\/wp-json\/wp\/v2\/pages"}],"about":[{"href":"https:\/\/rocketplay-slot.com\/de\/wp-json\/wp\/v2\/types\/page"}],"author":[{"embeddable":true,"href":"https:\/\/rocketplay-slot.com\/de\/wp-json\/wp\/v2\/users\/1"}],"replies":[{"embeddable":true,"href":"https:\/\/rocketplay-slot.com\/de\/wp-json\/wp\/v2\/comments?post=1767"}],"version-history":[{"count":1,"href":"https:\/\/rocketplay-slot.com\/de\/wp-json\/wp\/v2\/pages\/1767\/revisions"}],"predecessor-version":[{"id":1769,"href":"https:\/\/rocketplay-slot.com\/de\/wp-json\/wp\/v2\/pages\/1767\/revisions\/1769"}],"wp:attachment":[{"href":"https:\/\/rocketplay-slot.com\/de\/wp-json\/wp\/v2\/media?parent=1767"}],"curies":[{"name":"wp","href":"https:\/\/api.w.org\/{rel}","templated":true}]}}