{"id":2482,"date":"2023-01-10T12:41:48","date_gmt":"2023-01-10T09:41:48","guid":{"rendered":"https:\/\/rocketplay-slot.com\/live-casino\/real-money\/"},"modified":"2024-02-08T16:51:15","modified_gmt":"2024-02-08T13:51:15","slug":"live-dealer","status":"publish","type":"page","link":"https:\/\/rocketplay-slot.com\/de\/live-dealer\/","title":{"rendered":"Was sind Live-Dealer?"},"content":{"rendered":"<p>Unter den Casinos gewinnen die Benutzer im Casino Live Dealer an Popularit\u00e4t. Aber viele Leute verstehen nicht, was es ist, warum es beliebt ist und wie man Spiele mit dem Live Dealer spielt. Deshalb helfen wir Ihnen, es herauszufinden, zu verstehen, wie es funktioniert und warum Sie mit Casino Live Dealer spielen sollten. K\u00f6nnten Sie dar\u00fcber im folgenden Artikel lesen.<\/p>\n<p><img loading=\"lazy\" decoding=\"async\" class=\"aligncenter wp-image-4076\" src=\"https:\/\/rocketplay-slot.com\/wp-content\/uploads\/2024\/02\/hands-unknown-man-holding-two-aces-against-roulette-excited-guy-women-rejoicing-their-win-while-standing-playing-table-colorful-background-stacks-chips-poker-casino-close-up.jpg\" alt=\"Was sind Live-Dealer?\" width=\"800\" height=\"379\" srcset=\"https:\/\/rocketplay-slot.com\/wp-content\/uploads\/2024\/02\/hands-unknown-man-holding-two-aces-against-roulette-excited-guy-women-rejoicing-their-win-while-standing-playing-table-colorful-background-stacks-chips-poker-casino-close-up.jpg 1000w, https:\/\/rocketplay-slot.com\/wp-content\/uploads\/2024\/02\/hands-unknown-man-holding-two-aces-against-roulette-excited-guy-women-rejoicing-their-win-while-standing-playing-table-colorful-background-stacks-chips-poker-casino-close-up-300x142.jpg 300w, https:\/\/rocketplay-slot.com\/wp-content\/uploads\/2024\/02\/hands-unknown-man-holding-two-aces-against-roulette-excited-guy-women-rejoicing-their-win-while-standing-playing-table-colorful-background-stacks-chips-poker-casino-close-up-768x364.jpg 768w\" sizes=\"auto, (max-width: 800px) 100vw, 800px\" \/><\/p>\n<h2>VOR- UND NACHTEILE VON LIVE DEALER<\/h2>\n<p>Online-Casino-Benutzer entscheiden sich immer h\u00e4ufiger f\u00fcr Live-Dealer-Spiele. Wir haben uns entschieden, herauszufinden, was die wichtigsten Vor- und Nachteile sind. Befassen wir uns mit den von Benutzern festgestellten Nachteilen:<\/p>\n<ul>\n<li>begrenzte Auswahl an Spielen &#8211; nicht alle Spiele k\u00f6nnen einen Dealer hinzuf\u00fcgen. Zum Beispiel gibt es bei Spielautomaten keinen Dealer, aber heutzutage gibt es beim Poker fast \u00fcberall einen Dealer;<\/li>\n<li>M\u00f6gliche technische Fehler &#8211; Sie k\u00f6nnen beim Pokern, wenn Sie fast gewinnen, pl\u00f6tzlich einen schwarzen Bildschirm vor sich sehen und gezwungen sein, das Spiel zu beenden. Oft ist der Hauptgrund f\u00fcr dieses Scheitern die schlechte Internetverbindung des Benutzers, aber trotzdem ist es nicht sehr angenehm;<\/li>\n<li>es macht das Spiel l\u00e4nger und komplizierter \u2013 Sie m\u00fcssen immer warten, bis der Dealer mit seiner Stimme sagt, dass es Zeit zum Wetten ist, wenn ohne es immer Interface-Buttons vor Ihnen liegen.<\/li>\n<\/ul>\n<p>Aber diese M\u00e4ngel scheinen nicht gravierend oder nicht zu ertragen, aber die Pluspunkte hier sind viel interessanter:<\/p>\n<ul>\n<li>das Vertrauen, ehrlich behandelt zu werden &#8211; man sieht immer, welche Karten der Dealer zieht, man sieht immer, dass man nicht betrogen wird, das ist viel wert;<\/li>\n<li>eine unvergessliche Zeit \u2013 jede Sitzung mit einem Live-Dealer-Online-Casino ist kein Live-Gespr\u00e4ch, keine Live-Interaktion. Es ist immer angenehm;<\/li>\n<li>Bequemlichkeit &#8211; was sehr schwer zu leugnen ist, ist, dass das Spielen mit einem Dealer unglaublich bequem ist. Es bringt Sie vollst\u00e4ndig in die Casino-Atmosph\u00e4re. Sie m\u00fcssen nicht mehr das Haus verlassen, um ins Casino zu gelangen oder im Stau zu stehen.<\/li>\n<\/ul>\n<p>Wenn man die Vor- und Nachteile des Spiels mit dem Dealer zusammenfasst, hat das Spiel mit dem Dealer noch bedeutendere Vorteile.<\/p>\n<h2>ARTEN VON SPIELEN BEI LIVE DEALER<\/h2>\n<p>Spiele mit einem Dealer \u00e4hneln oft ihren Gegenst\u00fccken in landbasierten Casinos, aber haupts\u00e4chlich k\u00f6nnen sie in Typen unterteilt werden:<\/p>\n<ul>\n<li>Poker ist eine der beliebtesten Formen der Unterhaltung in jedem Casino, daher ist auch seine Variante mit einem Dealer weit verbreitet;<\/li>\n<li>Blackjack ist ein faszinierendes Kartenspiel, das jeder gespielt hat. In einem Spiel mit einem Dealer f\u00fcgt es mehr Interesse und Spielatmosph\u00e4re hinzu;<\/li>\n<li>Roulette ist ein klassisches Casinospiel, das Hunderte von Jahren alt ist. Jeder wei\u00df, wie es in landbasierten Casinos funktioniert, aber Sie k\u00f6nnen es auch online mit einem Dealer ausprobieren.<\/li>\n<\/ul>\n<p>Sie finden diese drei wichtigsten Online-Casinospiele im besten Live-Dealer-Casino.<\/p>\n<h2>SOFTWARE-ANBIETER<\/h2>\n<p>Einer der Hauptentwicklungsbereiche, den jeder Softwareentwickler in den letzten Jahren zweifellos nennen wird, ist die Entwicklung von Live-Casinos mit Dealern. Und das nicht nur, weil es bei den Nutzern eine massive Nachfrage danach gibt. Es ist alles faszinierend. Und die Nachfrage nach dieser Art von Spielen steigt jeden Tag, weil ein gutes Internet immer zug\u00e4nglicher wird. K\u00fcnstliche Intelligenz entwickelt sich immer weiter, so dass neue Spiele mit Live-Dealern bereits durch ihr Aussehen, ihre Geschwindigkeit und die Atmosph\u00e4re des Geschehens auffallen.<\/p>\n<h2>BONI UND AKTIONEN<\/h2>\n<p>Casinos haben schon immer Boni bereitgestellt, die ihren Benutzern helfen, mehr zu verdienen. Sie k\u00f6nnen Ihr Geld profitabler ausgeben und das Casino erh\u00e4lt neue Benutzer und erhebliche Zahlungen. Bitte nutzen Sie den Live-Dealer-Casinobonus, da Sie damit mehr verdienen k\u00f6nnen.<\/p>\n<p><img loading=\"lazy\" decoding=\"async\" class=\"aligncenter wp-image-4067\" src=\"https:\/\/rocketplay-slot.com\/wp-content\/uploads\/2024\/02\/man-is-playing-poker-emotional-fail-game-game-card-player-man-very-angry-with-foolish-choices-losing-all-chips-bank-concept-victory-loosing.jpg\" alt=\"Was sind Live-Dealer?2\" width=\"800\" height=\"534\" srcset=\"https:\/\/rocketplay-slot.com\/wp-content\/uploads\/2024\/02\/man-is-playing-poker-emotional-fail-game-game-card-player-man-very-angry-with-foolish-choices-losing-all-chips-bank-concept-victory-loosing.jpg 1000w, https:\/\/rocketplay-slot.com\/wp-content\/uploads\/2024\/02\/man-is-playing-poker-emotional-fail-game-game-card-player-man-very-angry-with-foolish-choices-losing-all-chips-bank-concept-victory-loosing-300x200.jpg 300w, https:\/\/rocketplay-slot.com\/wp-content\/uploads\/2024\/02\/man-is-playing-poker-emotional-fail-game-game-card-player-man-very-angry-with-foolish-choices-losing-all-chips-bank-concept-victory-loosing-768x512.jpg 768w\" sizes=\"auto, (max-width: 800px) 100vw, 800px\" \/><\/p>\n<h2>ZAHLUNG UND R\u00dcCKTRITT<\/h2>\n<p>Sie k\u00f6nnen Ihr Guthaben im Online-Casino auf verschiedene f\u00fcr Sie bequeme Weise einzahlen. Dies k\u00f6nnen Bankzahlungssysteme wie Visa, MasterCard und American Express, Online-Zahlungssysteme wie PayPal oder Ihre Kryptow\u00e4hrungs-Wallets sein.<\/p>\n<p>Leider gibt es weniger Methoden, um Ihr Geld abzuheben, aber es gibt immer noch viele. Sie k\u00f6nnen Ihr Guthaben weiterhin auf Ihre Kryptow\u00e4hrungs-Wallet abheben oder PayPal verwenden.<\/p>\n","protected":false},"excerpt":{"rendered":"<p>Unter den Casinos gewinnen die Benutzer im Casino Live Dealer an Popularit\u00e4t. Aber viele Leute verstehen nicht, was es ist, warum es beliebt ist und wie man Spiele mit dem Live Dealer spielt. Deshalb helfen wir Ihnen, es herauszufinden, zu verstehen, wie es funktioniert und warum Sie mit Casino Live Dealer spielen sollten. K\u00f6nnten Sie&#8230;<\/p>\n","protected":false},"author":1,"featured_media":0,"parent":0,"menu_order":0,"comment_status":"closed","ping_status":"closed","template":"","meta":{"_acf_changed":false,"_kad_post_transparent":"default","_kad_post_title":"default","_kad_post_layout":"default","_kad_post_sidebar_id":"","_kad_post_content_style":"default","_kad_post_vertical_padding":"default","_kad_post_feature":"","_kad_post_feature_position":"","_kad_post_header":false,"_kad_post_footer":false,"footnotes":""},"class_list":["post-2482","page","type-page","status-publish","hentry"],"acf":[],"rttpg_featured_image_url":null,"rttpg_author":{"display_name":"Elvis","author_link":"https:\/\/rocketplay-slot.com\/de\/author\/pemvas95n89x\/"},"rttpg_comment":0,"rttpg_category":null,"rttpg_excerpt":"Unter den Casinos gewinnen die Benutzer im Casino Live Dealer an Popularit\u00e4t. Aber viele Leute verstehen nicht, was es ist, warum es beliebt ist und wie man Spiele mit dem Live Dealer spielt. Deshalb helfen wir Ihnen, es herauszufinden, zu verstehen, wie es funktioniert und warum Sie mit Casino Live Dealer spielen sollten. K\u00f6nnten Sie...","_links":{"self":[{"href":"https:\/\/rocketplay-slot.com\/de\/wp-json\/wp\/v2\/pages\/2482","targetHints":{"allow":["GET"]}}],"collection":[{"href":"https:\/\/rocketplay-slot.com\/de\/wp-json\/wp\/v2\/pages"}],"about":[{"href":"https:\/\/rocketplay-slot.com\/de\/wp-json\/wp\/v2\/types\/page"}],"author":[{"embeddable":true,"href":"https:\/\/rocketplay-slot.com\/de\/wp-json\/wp\/v2\/users\/1"}],"replies":[{"embeddable":true,"href":"https:\/\/rocketplay-slot.com\/de\/wp-json\/wp\/v2\/comments?post=2482"}],"version-history":[{"count":3,"href":"https:\/\/rocketplay-slot.com\/de\/wp-json\/wp\/v2\/pages\/2482\/revisions"}],"predecessor-version":[{"id":4593,"href":"https:\/\/rocketplay-slot.com\/de\/wp-json\/wp\/v2\/pages\/2482\/revisions\/4593"}],"wp:attachment":[{"href":"https:\/\/rocketplay-slot.com\/de\/wp-json\/wp\/v2\/media?parent=2482"}],"curies":[{"name":"wp","href":"https:\/\/api.w.org\/{rel}","templated":true}]}}