{"id":2534,"date":"2023-01-10T15:56:28","date_gmt":"2023-01-10T12:56:28","guid":{"rendered":"https:\/\/rocketplay-slot.com\/live-casino\/free\/"},"modified":"2024-02-08T17:04:23","modified_gmt":"2024-02-08T14:04:23","slug":"free","status":"publish","type":"page","link":"https:\/\/rocketplay-slot.com\/de\/live-casino\/free\/","title":{"rendered":"Alles \u00fcber das kostenlose Live-Casino bei Rocket Play"},"content":{"rendered":"<p>Viele Erstbenutzer haben Angst, Casinos um echtes Geld zu spielen. Jemand hat Angst, um echtes Geld zu spielen, aus Angst, alles zu verlieren, jemand, der betrogen werden k\u00f6nnte. F\u00fcr solche Leute gibt es ein Casino Live Free, um das Casino vollst\u00e4ndig auszuprobieren, ihre Spielstrategie zu entwickeln und echtes Geld zu verdienen.<\/p>\n<p><img loading=\"lazy\" decoding=\"async\" class=\"aligncenter wp-image-4106\" src=\"https:\/\/rocketplay-slot.com\/wp-content\/uploads\/2024\/02\/male-croupier-casino-table-hands-close-up-casino-concept-gambling-poker-chips-green-casino-table.jpg\" alt=\"Alles \u00fcber das kostenlose Live-Casino bei Rocket Play\" width=\"800\" height=\"534\" srcset=\"https:\/\/rocketplay-slot.com\/wp-content\/uploads\/2024\/02\/male-croupier-casino-table-hands-close-up-casino-concept-gambling-poker-chips-green-casino-table.jpg 1000w, https:\/\/rocketplay-slot.com\/wp-content\/uploads\/2024\/02\/male-croupier-casino-table-hands-close-up-casino-concept-gambling-poker-chips-green-casino-table-300x200.jpg 300w, https:\/\/rocketplay-slot.com\/wp-content\/uploads\/2024\/02\/male-croupier-casino-table-hands-close-up-casino-concept-gambling-poker-chips-green-casino-table-768x512.jpg 768w\" sizes=\"auto, (max-width: 800px) 100vw, 800px\" \/><\/p>\n<h2>SPIELANLEITUNG?<\/h2>\n<p>Wenn Sie anfangen, sich mit Online-Gl\u00fccksspielen vertraut zu machen, haben Sie vielleicht eine Frage dazu, wie man kostenlos in Online-Casinos spielt. Um Live-Casino Online kostenlos zu spielen, ben\u00f6tigen Sie:<\/p>\n<ol>\n<li>Besuchen Sie die offizielle Website des Online-Casinos.<\/li>\n<li>Rechts in der oberen Ecke befindet sich eine Schaltfl\u00e4che zur Registrierung\/Autorisierung. Klicken Sie hier und f\u00fcllen Sie die erforderlichen Felder aus. Wenn Sie ein neuer Casino-Benutzer sind, gehen Sie sorgf\u00e4ltig durch die Phase der Registrierung Ihres Kontos und geben Sie Ihre g\u00fcltigen Daten wie Ihren Vornamen, Nachnamen, E-Mail und Telefonnummer an.<\/li>\n<li>Danach k\u00f6nnen Sie die Ihnen zur Verf\u00fcgung stehenden Boni sammeln, zum Bildschirm der verf\u00fcgbaren Spiele gehen und die Option \u201eDemo-Spiele\u201c f\u00fcr den gew\u00fcnschten Slot ausw\u00e4hlen.<\/li>\n<\/ol>\n<p>Wenn Sie diese kurzen Anweisungen befolgen, sollten Sie keine Probleme haben, das Spiel im Casino Live Free zu starten.<\/p>\n<h2>DIE BELIEBTESTEN SPIELE<\/h2>\n<p>Wenn Sie Ihre Reise als Spieler beginnen, haben Sie sich noch nicht entschieden, welche Spiele Sie bevorzugen. Es gibt \u00fcber hundert Spiele im Casino, sodass die Auswahl schwierig wird. Aus diesem Grund haben wir uns entschlossen, Ihnen bei Ihrer Wahl zu helfen und eine Auswahl der unserer Meinung nach aufregendsten Spiele im Casino Live Online Free getroffen:<\/p>\n<ul>\n<li>Live-Baccarat &#8211; Wenn Sie ein Fan dieses Spiels sind, genie\u00dfen Sie es in vollen Z\u00fcgen in einem Live-Format. Dieses Spiel kann Sie noch mehr in Erstaunen versetzen;<\/li>\n<li>Live-Roulette \u2013 Viele Leute bevorzugen klassisches Roulette wegen der Einfachheit der Regeln und des Interesses am Spiel. Aus diesem Grund empfehlen wir Ihnen, vorbeizukommen und es mit einem Live-Dealer auszuprobieren, was nat\u00fcrlich die Erfahrung verbessert;<\/li>\n<li>Live Blackjack \u2013 Dieses Spiel ist gro\u00dfartig f\u00fcr Fans von kurzen Kartenspielen, und der Live-Dealer l\u00e4sst Sie nicht an der Ehrlichkeit Ihrer Ergebnisse zweifeln.<\/li>\n<\/ul>\n<p>Wir empfehlen Ihnen, jedes Spiel auszuprobieren, um das beste Gef\u00fchl f\u00fcr das Casino zu bekommen.<\/p>\n<h2>VORTEILE DES KOSTENLOSEN LIVE CASINO<\/h2>\n<p>Erfahrene Spieler, die um echtes Geld spielen, verstehen oft nicht, warum es Live Casino Free Play gibt, aber vielleicht haben viele von ihnen vergessen, wie sie als Spieler angefangen haben. Fast jeder Online-Casino-Spieler hat Angst, seine erste Einzahlung zu t\u00e4tigen, weil es Vorurteile gibt, dass Casinos betr\u00fcgen k\u00f6nnen oder dass sie alle ihre Ersparnisse verlieren werden.<\/p>\n<p>Das ist genau das, was Sie brauchen, um das beste Live-Casino kostenlos zu machen. Sie geben Ihnen einen Vorgeschmack auf den Sieg, und Sie werden Vertrauen in die Ehrlichkeit des Casinos gewinnen, weil Sie mit eigenen Augen sehen werden, wie es funktioniert. Au\u00dferdem kann jeder Benutzer einen kostenlosen Live-Casino-Bonus erhalten und anfangen zu verdienen, ohne Investitionen zu t\u00e4tigen und auf Kosten von Online-Casinos zu spielen.<\/p>\n<h2>FAZIT<\/h2>\n<p>Das kostenlose Spielen in Online-Casinos ist eine hervorragende Gelegenheit f\u00fcr Anf\u00e4nger, sich mit der Arbeit von Online-Casinos und vielen Spielautomaten vertraut zu machen. Sie k\u00f6nnen ihre Strategien entwickeln, um zu gewinnen und Ihre erste Einzahlung selbstbewusster zu t\u00e4tigen. Daher empfehlen wir allen Neulingen in der Welt der Online-Gl\u00fccksspiele dringend, sich mit kostenlosen Online-Casinos vertraut zu machen.<\/p>\n<p><img loading=\"lazy\" decoding=\"async\" class=\"aligncenter wp-image-4116\" src=\"https:\/\/rocketplay-slot.com\/wp-content\/uploads\/2024\/02\/different-poker-chips-casino-table.jpg\" alt=\"Alles \u00fcber das kostenlose Live-Casino bei Rocket Play 2\" width=\"800\" height=\"534\" srcset=\"https:\/\/rocketplay-slot.com\/wp-content\/uploads\/2024\/02\/different-poker-chips-casino-table.jpg 1000w, https:\/\/rocketplay-slot.com\/wp-content\/uploads\/2024\/02\/different-poker-chips-casino-table-300x200.jpg 300w, https:\/\/rocketplay-slot.com\/wp-content\/uploads\/2024\/02\/different-poker-chips-casino-table-768x512.jpg 768w\" sizes=\"auto, (max-width: 800px) 100vw, 800px\" \/><\/p>\n<h2>FAQ<\/h2>\n<p>Wir h\u00f6ren auch oft verschiedene Fragen dar\u00fcber, wie Casinos funktionieren. Wir haben drei ziemlich beliebte zusammengestellt und Ihnen eine Antwort gegeben, die Ihnen helfen k\u00f6nnte.<\/p>\n<h3>KANN ICH VON MEINEM HANDY SPIELEN?<\/h3>\n<p>Ja, das Online-Casino hat eine mobile Version der Website. Um dorthin zu gelangen, m\u00fcssen Sie auf die offizielle Website des Casinos gehen, die Sie auf die f\u00fcr Ihr Smartphone optimierte Website weiterleitet.<\/p>\n<h3>KANN ICH MEINE ERSTE EINZAHLUNG MIT EINEM KRYPTOW\u00c4HRUNGS-WALLET T\u00c4TIGEN?<\/h3>\n<p>Ja, das Online-Casino bietet allen Benutzern die M\u00f6glichkeit, ihr Konto mit der f\u00fcr Sie bequemsten Methode einzuzahlen.<\/p>\n<h3>WAS IST EIN WILLKOMMENSBONUS?<\/h3>\n<p>Alle neuen Benutzer, die sich in unserem Casino registriert haben, erhalten einen Willkommensbonus. Dieser Bonus beinhaltet normalerweise einen Bonus auf die erste Einzahlung und Freispiele. Schauen Sie es sich unbedingt auf der Website mit ihm auf der offiziellen Casino-Website an.<\/p>\n","protected":false},"excerpt":{"rendered":"<p>Viele Erstbenutzer haben Angst, Casinos um echtes Geld zu spielen. Jemand hat Angst, um echtes Geld zu spielen, aus Angst, alles zu verlieren, jemand, der betrogen werden k\u00f6nnte. F\u00fcr solche Leute gibt es ein Casino Live Free, um das Casino vollst\u00e4ndig auszuprobieren, ihre Spielstrategie zu entwickeln und echtes Geld zu verdienen. SPIELANLEITUNG? Wenn Sie anfangen,&#8230;<\/p>\n","protected":false},"author":1,"featured_media":0,"parent":1676,"menu_order":0,"comment_status":"closed","ping_status":"closed","template":"","meta":{"_acf_changed":false,"_kad_post_transparent":"default","_kad_post_title":"default","_kad_post_layout":"default","_kad_post_sidebar_id":"","_kad_post_content_style":"default","_kad_post_vertical_padding":"default","_kad_post_feature":"","_kad_post_feature_position":"","_kad_post_header":false,"_kad_post_footer":false,"footnotes":""},"class_list":["post-2534","page","type-page","status-publish","hentry"],"acf":[],"rttpg_featured_image_url":null,"rttpg_author":{"display_name":"Elvis","author_link":"https:\/\/rocketplay-slot.com\/de\/author\/pemvas95n89x\/"},"rttpg_comment":0,"rttpg_category":null,"rttpg_excerpt":"Viele Erstbenutzer haben Angst, Casinos um echtes Geld zu spielen. Jemand hat Angst, um echtes Geld zu spielen, aus Angst, alles zu verlieren, jemand, der betrogen werden k\u00f6nnte. F\u00fcr solche Leute gibt es ein Casino Live Free, um das Casino vollst\u00e4ndig auszuprobieren, ihre Spielstrategie zu entwickeln und echtes Geld zu verdienen. SPIELANLEITUNG? Wenn Sie anfangen,...","_links":{"self":[{"href":"https:\/\/rocketplay-slot.com\/de\/wp-json\/wp\/v2\/pages\/2534","targetHints":{"allow":["GET"]}}],"collection":[{"href":"https:\/\/rocketplay-slot.com\/de\/wp-json\/wp\/v2\/pages"}],"about":[{"href":"https:\/\/rocketplay-slot.com\/de\/wp-json\/wp\/v2\/types\/page"}],"author":[{"embeddable":true,"href":"https:\/\/rocketplay-slot.com\/de\/wp-json\/wp\/v2\/users\/1"}],"replies":[{"embeddable":true,"href":"https:\/\/rocketplay-slot.com\/de\/wp-json\/wp\/v2\/comments?post=2534"}],"version-history":[{"count":3,"href":"https:\/\/rocketplay-slot.com\/de\/wp-json\/wp\/v2\/pages\/2534\/revisions"}],"predecessor-version":[{"id":4609,"href":"https:\/\/rocketplay-slot.com\/de\/wp-json\/wp\/v2\/pages\/2534\/revisions\/4609"}],"up":[{"embeddable":true,"href":"https:\/\/rocketplay-slot.com\/de\/wp-json\/wp\/v2\/pages\/1676"}],"wp:attachment":[{"href":"https:\/\/rocketplay-slot.com\/de\/wp-json\/wp\/v2\/media?parent=2534"}],"curies":[{"name":"wp","href":"https:\/\/api.w.org\/{rel}","templated":true}]}}