{"id":2586,"date":"2023-01-10T17:52:28","date_gmt":"2023-01-10T14:52:28","guid":{"rendered":"https:\/\/rocketplay-slot.com\/live-casino\/poker\/"},"modified":"2024-02-08T17:31:19","modified_gmt":"2024-02-08T14:31:19","slug":"app","status":"publish","type":"page","link":"https:\/\/rocketplay-slot.com\/de\/live-casino\/app\/","title":{"rendered":"Live-Casino-App bei Rocket Play"},"content":{"rendered":"<p>Eine Reise in ein landbasiertes Casino hinterl\u00e4sst ein unvergessliches Erlebnis f\u00fcrs Leben. Nat\u00fcrlich, denn hier ist alles von Gl\u00fccksspiel durchdrungen, eine geheimnisvolle und begehrte Atmosph\u00e4re. Aber das alles kann getan werden, ohne das eigene Zuhause zu verlassen. Alles, was Sie tun m\u00fcssen, ist zur Live Casino App zu gehen. Dies hat bereits an Popularit\u00e4t gewonnen, deshalb haben wir uns entschlossen, Ihnen mehr dar\u00fcber zu erz\u00e4hlen.<\/p>\n<p><img loading=\"lazy\" decoding=\"async\" class=\"aligncenter wp-image-4126\" src=\"https:\/\/rocketplay-slot.com\/wp-content\/uploads\/2024\/02\/composite-image-online-roulette-game.jpg\" alt=\"Live-Casino-App bei Rocket Play\" width=\"800\" height=\"394\" srcset=\"https:\/\/rocketplay-slot.com\/wp-content\/uploads\/2024\/02\/composite-image-online-roulette-game.jpg 1000w, https:\/\/rocketplay-slot.com\/wp-content\/uploads\/2024\/02\/composite-image-online-roulette-game-300x148.jpg 300w, https:\/\/rocketplay-slot.com\/wp-content\/uploads\/2024\/02\/composite-image-online-roulette-game-768x378.jpg 768w\" sizes=\"auto, (max-width: 800px) 100vw, 800px\" \/><\/p>\n<h2>SPIELE AUF ANDROID UND IPHONE SPIELEN<\/h2>\n<p>Um mit dem Spielen der Live Casino App Android zu beginnen, ben\u00f6tigen Sie:<\/p>\n<ol>\n<li>Gehen Sie von Ihrem Handy aus auf die offizielle Website des Online-Casinos.<\/li>\n<li>Ganz oben befindet sich eine Schaltfl\u00e4che, mit der Sie eine mobile Anwendung f\u00fcr Ihr Smartphone herunterladen k\u00f6nnen. Klicken Sie darauf und der Download sollte automatisch beginnen.<\/li>\n<li>Sobald die Anwendung auf Ihr Smartphone heruntergeladen wurde, sollten Sie auf die Downloadleiste der Anwendung klicken und auf \u201eInstallieren\u201c klicken. Die App sollte ziemlich schnell installiert werden, das sollte also kein Problem sein.<\/li>\n<li>Sobald die App installiert ist, sollte das Symbol der Live Casino App auf Ihrem Desktop erscheinen. Klicken Sie darauf und Sie gelangen in die App.<\/li>\n<li>Sobald Sie sich in die App eingeloggt haben, werden Sie sofort aufgefordert, sich anzumelden, wenn Sie bereits ein Casino-Konto haben, oder sich zu registrieren, wenn Sie noch kein Konto haben.<\/li>\n<li>Wenn Sie sich registrieren, denken Sie daran, alle Felder korrekt und fehlerfrei auszuf\u00fcllen und die genauen Daten anzugeben. Sie m\u00fcssen Ihren Vor- und Nachnamen, Ihre E-Mail-Adresse und Ihre Telefonnummer angeben. Sie erhalten eine E-Mail mit einer Anmeldebest\u00e4tigung und erhalten in Zukunft Bonusangebote, behalten Sie dies im Auge.<\/li>\n<\/ol>\n<p>Wenn Sie diesen Anweisungen folgen, k\u00f6nnen Sie die mobile Online-Casino-App ganz einfach installieren. Wenn Sie ein iPhone haben, k\u00f6nnen Sie die App leider nicht installieren. Unsere Softwareentwickler haben jedoch eine praktische mobile Version der Website entwickelt, die Ihnen dieselben Funktionen wie die App bietet.<\/p>\n<h2>LIVE-CASINO-APP-SPIELAUSWAHL<\/h2>\n<p>Einige Spieler fragen sich vielleicht, welche Spiele in der besten Live-Casino-App verf\u00fcgbar sind. Und wir haben uns mit diesem Thema besch\u00e4ftigt. Die beliebtesten Spiele in der Desktop-Version sind auf mobilen Ger\u00e4ten. Nat\u00fcrlich sind derzeit nicht alle Spiele verf\u00fcgbar, aber bereits mehr als 80 % der Spiele sind auf Ihren Handys verf\u00fcgbar. Aber separat k\u00f6nnen wir solche von ihnen zuweisen:<\/p>\n<ul>\n<li>Aloha-K\u00f6nig Elvis;<\/li>\n<li>Magic Spin;<\/li>\n<li>3 Punkte halten und gewinnen.<\/li>\n<\/ul>\n<p>In all diesen Spielautomaten k\u00f6nnen Sie mit Ihrem Handy echtes Geld verdienen.<\/p>\n<h2>VOR- UND NACHTEILE DER LIVE CASINO APP<\/h2>\n<p>\u00dcberall finden Sie seine Vor- und Nachteile, auch hier ist die Hauptsache das Verh\u00e4ltnis von Minus zu Plus. Und hier kann dieses Verh\u00e4ltnis die Benutzer gl\u00fccklich machen. Die einzigen Nachteile des mobilen Gl\u00fccksspiels sind, dass nicht alle Spiele verf\u00fcgbar sind, obwohl die meisten davon verf\u00fcgbar sind, aber vielleicht wurde das Lieblingsspiel von jemandem noch nicht optimiert.<\/p>\n<p>Und die Pluspunkte des mobilen Gl\u00fccksspiels sind mehr als genug, und sie k\u00f6nnen f\u00fcr jeden anders sein. Einige werden feststellen, dass die mobile Anwendung immer zur Hand ist und Sie sogar von zu Hause aus spielen k\u00f6nnen. Einige davon k\u00f6nnen Sie spielen, ohne von der Couch aufzustehen. Jemand, der genau so aussieht, wie es auf dem Telefon aussieht. Und manche Leute haben keinen PC. Und all diese Leute m\u00f6gen mobiles Gl\u00fccksspiel.<\/p>\n<h2>FAZIT<\/h2>\n<p>Zusammenfassend l\u00e4sst sich sagen, dass die Live Casino Online-App immer noch an Popularit\u00e4t gewinnt, aber dieser Markt sieht bereits attraktiv aus. Die prominenten Player auf dem Softwaremarkt machen ihre Spiele bereits in erster Linie mobilfreundlich. Versuchen Sie also unbedingt, Online-Casinospiele von Ihrem Handy aus zu spielen.<\/p>\n<p><img loading=\"lazy\" decoding=\"async\" class=\"aligncenter wp-image-4135\" src=\"https:\/\/rocketplay-slot.com\/wp-content\/uploads\/2024\/02\/online-gambling-mobile.jpg\" alt=\"Live-Casino-App bei Rocket Play 2\" width=\"800\" height=\"533\" srcset=\"https:\/\/rocketplay-slot.com\/wp-content\/uploads\/2024\/02\/online-gambling-mobile.jpg 1000w, https:\/\/rocketplay-slot.com\/wp-content\/uploads\/2024\/02\/online-gambling-mobile-300x200.jpg 300w, https:\/\/rocketplay-slot.com\/wp-content\/uploads\/2024\/02\/online-gambling-mobile-768x511.jpg 768w\" sizes=\"auto, (max-width: 800px) 100vw, 800px\" \/><\/p>\n<h2>FAQ<\/h2>\n<p>Wir helfen immer vielen Menschen, wenn sie Fragen haben. Deshalb haben wir ein paar beliebte Fragen unserer Leser gesammelt und ihnen unsere kurzen Antworten gegeben.<\/p>\n<h3>KANN ICH KOSTENLOS \u00dcBER DIE MOBILE APP SPIELEN?<\/h3>\n<p>Ja, in der mobilen App k\u00f6nnen Sie die gleichen Spiele kostenlos spielen wie auf der offiziellen Seite auf Ihrem PC.<\/p>\n<h3>WELCHE METHODEN KANN ICH VERWENDEN, UM MEIN GUTHABEN \u00dcBER DIE MOBILE APP AUFZULADEN?<\/h3>\n<p>Sie k\u00f6nnen Ihr Guthaben mit jeder f\u00fcr Sie bequemen Methode aufladen. Sie k\u00f6nnen sowohl Ihre Bankkarte als auch Ihre Kryptow\u00e4hrungs-Wallet verwenden.<\/p>\n<h3>KANN ICH \u00dcBER DIE MOBILE APP SPIELEN, WENN ICH UNTER 18 BIN?<\/h3>\n<p>Nein, laut Gesetz k\u00f6nnen wir Ihnen keinen Zugang zum Gl\u00fccksspiel gew\u00e4hren, bis Sie 18 Jahre alt sind.<\/p>\n","protected":false},"excerpt":{"rendered":"<p>Eine Reise in ein landbasiertes Casino hinterl\u00e4sst ein unvergessliches Erlebnis f\u00fcrs Leben. Nat\u00fcrlich, denn hier ist alles von Gl\u00fccksspiel durchdrungen, eine geheimnisvolle und begehrte Atmosph\u00e4re. Aber das alles kann getan werden, ohne das eigene Zuhause zu verlassen. Alles, was Sie tun m\u00fcssen, ist zur Live Casino App zu gehen. Dies hat bereits an Popularit\u00e4t gewonnen,&#8230;<\/p>\n","protected":false},"author":1,"featured_media":0,"parent":1676,"menu_order":0,"comment_status":"closed","ping_status":"closed","template":"","meta":{"_acf_changed":false,"_kad_post_transparent":"default","_kad_post_title":"default","_kad_post_layout":"default","_kad_post_sidebar_id":"","_kad_post_content_style":"default","_kad_post_vertical_padding":"default","_kad_post_feature":"","_kad_post_feature_position":"","_kad_post_header":false,"_kad_post_footer":false,"footnotes":""},"class_list":["post-2586","page","type-page","status-publish","hentry"],"acf":[],"rttpg_featured_image_url":null,"rttpg_author":{"display_name":"Elvis","author_link":"https:\/\/rocketplay-slot.com\/de\/author\/pemvas95n89x\/"},"rttpg_comment":0,"rttpg_category":null,"rttpg_excerpt":"Eine Reise in ein landbasiertes Casino hinterl\u00e4sst ein unvergessliches Erlebnis f\u00fcrs Leben. Nat\u00fcrlich, denn hier ist alles von Gl\u00fccksspiel durchdrungen, eine geheimnisvolle und begehrte Atmosph\u00e4re. Aber das alles kann getan werden, ohne das eigene Zuhause zu verlassen. Alles, was Sie tun m\u00fcssen, ist zur Live Casino App zu gehen. Dies hat bereits an Popularit\u00e4t gewonnen,...","_links":{"self":[{"href":"https:\/\/rocketplay-slot.com\/de\/wp-json\/wp\/v2\/pages\/2586","targetHints":{"allow":["GET"]}}],"collection":[{"href":"https:\/\/rocketplay-slot.com\/de\/wp-json\/wp\/v2\/pages"}],"about":[{"href":"https:\/\/rocketplay-slot.com\/de\/wp-json\/wp\/v2\/types\/page"}],"author":[{"embeddable":true,"href":"https:\/\/rocketplay-slot.com\/de\/wp-json\/wp\/v2\/users\/1"}],"replies":[{"embeddable":true,"href":"https:\/\/rocketplay-slot.com\/de\/wp-json\/wp\/v2\/comments?post=2586"}],"version-history":[{"count":5,"href":"https:\/\/rocketplay-slot.com\/de\/wp-json\/wp\/v2\/pages\/2586\/revisions"}],"predecessor-version":[{"id":4617,"href":"https:\/\/rocketplay-slot.com\/de\/wp-json\/wp\/v2\/pages\/2586\/revisions\/4617"}],"up":[{"embeddable":true,"href":"https:\/\/rocketplay-slot.com\/de\/wp-json\/wp\/v2\/pages\/1676"}],"wp:attachment":[{"href":"https:\/\/rocketplay-slot.com\/de\/wp-json\/wp\/v2\/media?parent=2586"}],"curies":[{"name":"wp","href":"https:\/\/api.w.org\/{rel}","templated":true}]}}