{"id":2678,"date":"2023-01-10T21:33:59","date_gmt":"2023-01-10T18:33:59","guid":{"rendered":"https:\/\/rocketplay-slot.com\/live-casino\/real-money\/"},"modified":"2025-11-24T20:16:54","modified_gmt":"2025-11-24T17:16:54","slug":"real-money","status":"publish","type":"page","link":"https:\/\/rocketplay-slot.com\/de\/live-casino\/real-money\/","title":{"rendered":"Alles \u00fcber Live-Casino-Echtgeld im Rocket Play Casino"},"content":{"rendered":"<p>Viele Menschen spielen gerne. Manche setzen gerne Geld auf Sport, andere spielen gerne Poker mit Freunden. Und manche spielen gerne um echtes Geld in Online-Casinos. Es gibt ein einzigartiges Gef\u00fchl der Aufregung. Es vermittelt das zus\u00e4tzliche Gef\u00fchl einer Casino-Atmosph\u00e4re, in der Sie nicht einmal das Haus verlassen m\u00fcssen. Sie k\u00f6nnen jederzeit in einem Online-Casino spielen, was f\u00fcr viele Menschen ein gro\u00dfes Plus ist. Deshalb haben wir f\u00fcr Sie unseren Bericht erstellt, in dem wir Ihnen alles \u00fcber Live-Online-Casinos mit Echtgeld erz\u00e4hlen werden.<\/p>\n<p><img loading=\"lazy\" decoding=\"async\" class=\"aligncenter wp-image-4086\" src=\"https:\/\/rocketplay-slot.com\/wp-content\/uploads\/2024\/02\/cards-chips-poker-green-table.jpg\" alt=\"Alles \u00fcber Live-Casino-Echtgeld im Rocket Play Casino\" width=\"800\" height=\"534\" srcset=\"https:\/\/rocketplay-slot.com\/wp-content\/uploads\/2024\/02\/cards-chips-poker-green-table.jpg 1000w, https:\/\/rocketplay-slot.com\/wp-content\/uploads\/2024\/02\/cards-chips-poker-green-table-300x200.jpg 300w, https:\/\/rocketplay-slot.com\/wp-content\/uploads\/2024\/02\/cards-chips-poker-green-table-768x512.jpg 768w\" sizes=\"auto, (max-width: 800px) 100vw, 800px\" \/><\/p>\n<h2>DIE BELIEBTESTEN ECHTGELD-LIVE-CASINO-SPIELE<\/h2>\n<p>Im Live-Online-Casino Echtgeld finden Sie Hunderte von Spielen. Und viele sind vielleicht verwirrt dar\u00fcber, was sie spielen wollen. Deshalb haben wir Ihnen unsere kleine Liste mit Spielen zusammengestellt, auf die Sie achten m\u00fcssen:<\/p>\n<ul>\n<li>Live Blackjack ist eine der beliebtesten Arten in Online-Casinos. Die Spielregeln unterscheiden sich nicht vom regul\u00e4ren Blackjack, au\u00dfer dass Sie hier den Dealer auf seinem Bildschirm sehen und das Spiel 1 bis 7 Teilnehmer haben kann;<\/li>\n<li>Live-Roulette ist ein klassisches Spiel, das Sie in jedem landgest\u00fctzten Casino finden k\u00f6nnen. Nur all dies ist auf Ihrem Bildschirm;<\/li>\n<li>Live-Bingo \u2013 jeder liebt Bingo. Viele haben Bingo mit ihrer Familie und viele mit Freunden gespielt. Aber nicht jeder hat Bingo um echtes Geld gespielt. Hier k\u00f6nnen Sie das beheben.<\/li>\n<\/ul>\n<p>Gehen Sie auf jeden Fall und versuchen Sie, all diese Spiele zu spielen. Es wird Ihnen viele Emotionen bringen und Ihnen eine hervorragende Gelegenheit bieten, echtes Geld zu verdienen.<\/p>\n<h2>REAL MONEY LIVE CASINO BANKING METHODEN<\/h2>\n<p>In der heutigen Welt haben viele Menschen Ersparnisse nicht nur auf einer Bankkarte. Viele Menschen haben sie m\u00f6glicherweise in Zahlungssystemen oder Kryptow\u00e4hrungskonten. Und es ist gut, wenn das Casino die M\u00f6glichkeit bietet, von verschiedenen Systemen einzuzahlen. Schauen wir uns an, welche Methoden zur Einzahlung Ihres Guthabens im Rocket Play Casino verf\u00fcgbar sind:<\/p>\n<ul>\n<li>Sie k\u00f6nnen Ihr Guthaben mit Ihrer Bankkarte aufladen, wenn diese Visa, MasterCard oder American Express unterst\u00fctzt;<\/li>\n<li>Wenn Sie ein aktiver Benutzer von Internet-Zahlungssystemen sind, k\u00f6nnen Sie Ihr Guthaben mit Ihrem PayPal oder Payoneer aufladen.<\/li>\n<li>Sie k\u00f6nnen Ihr Guthaben auf der Online-Casino-Website auch von Ihrem Kryptow\u00e4hrungskonto aus aufladen. Dies geschieht f\u00fcr Ihren maximalen Komfort.<\/li>\n<\/ul>\n<p>Nachdem Sie Ihr Guthaben im Echtgeld-Live-Casino aufgeladen haben, k\u00f6nnen Sie mit Vergn\u00fcgen Geld verdienen, indem Sie Spiele spielen.<\/p>\n<h2>WARUM SOLLTEN SIE LIVE CASINO MIT ECHTEM GELD SPIELEN?<\/h2>\n<p>Einige Benutzer sind vorsichtig, Live-Casino-Echtgeld zu spielen, aber Sie k\u00f6nnen immer mit einer Mindesteinzahlung beginnen. Machen Sie in Spielen nicht die gr\u00f6\u00dften Eins\u00e4tze. Es erspart Ihnen, schnell den gesamten Betrag zu verlieren. Sie k\u00f6nnen mehr verdienen, als Sie investiert haben. Viele Benutzer m\u00f6chten ihren Jackpot knacken, aber Sie k\u00f6nnen ihn nur bekommen, indem Sie um echtes Geld spielen.<\/p>\n<p>Wenn Sie mit echtem Geld spielen, ist es wichtig, einige Tipps zu beachten, damit Ihr Guthaben niemals bei 0 bleibt. Um dies zu tun, setzen Sie niemals all-in. Setzen Sie viel auf kleine Wetten. Gehen Sie immer n\u00fcchtern mit der Situation um und spielen Sie nicht weiter, wenn Sie anfangen, nur von Verlusten getroffen zu werden.<\/p>\n<h2>FAZIT<\/h2>\n<p>Spielen Sie im besten Live-Casino um echtes Geld, besteht immer das Risiko, alles zu verlieren. Aber es gibt Ihnen eine ausgezeichnete Gelegenheit, echtes Geld zu gewinnen, wenn Sie es klug angehen. Sie werden sicherlich Ihren Jackpot gewinnen, wenn Sie mit Ihren Wetten vorsichtig sind.<\/p>\n<p><img loading=\"lazy\" decoding=\"async\" class=\"aligncenter wp-image-4096\" src=\"https:\/\/rocketplay-slot.com\/wp-content\/uploads\/2024\/02\/man-dealer-croupier-shuffles-poker-cards-casino-background-tableasain-man-holding-two-playing-cards-casino-poker-poker-game-concept.jpg\" alt=\"Alles \u00fcber Live-Casino-Echtgeld im Rocket Play Casino 2\" width=\"800\" height=\"534\" srcset=\"https:\/\/rocketplay-slot.com\/wp-content\/uploads\/2024\/02\/man-dealer-croupier-shuffles-poker-cards-casino-background-tableasain-man-holding-two-playing-cards-casino-poker-poker-game-concept.jpg 1000w, https:\/\/rocketplay-slot.com\/wp-content\/uploads\/2024\/02\/man-dealer-croupier-shuffles-poker-cards-casino-background-tableasain-man-holding-two-playing-cards-casino-poker-poker-game-concept-300x200.jpg 300w, https:\/\/rocketplay-slot.com\/wp-content\/uploads\/2024\/02\/man-dealer-croupier-shuffles-poker-cards-casino-background-tableasain-man-holding-two-playing-cards-casino-poker-poker-game-concept-768x512.jpg 768w\" sizes=\"auto, (max-width: 800px) 100vw, 800px\" \/><\/p>\n<h2>FAQ<\/h2>\n<p>Viele unerfahrene Spieler stellen uns Fragen, die sie interessieren k\u00f6nnten. Oft sind das einfache Fragen, daher haben wir einige davon zusammengestellt und in diesem Artikel beantwortet.c<\/p>\n<h3>KANN ICH KOSTENLOS SPIELEN?<\/h3>\n<p>Ja, das Online-Casino verf\u00fcgt \u00fcber ein Bonussystem, mit dem Sie versuchen k\u00f6nnen, Ihre erste Wette zu t\u00e4tigen, ohne Ihr echtes Geld auszugeben. Es gibt auch einen Demo-Modus f\u00fcr jeden Slot. Versuchen Sie sich dort und verdienen Sie echtes Geld, nachdem Sie Ihre erste Einzahlung get\u00e4tigt haben.<\/p>\n<h3>KANN ICH SPIELEN, WENN ICH KEINEN PC HABE?<\/h3>\n<p>Sie brauchen keinen PC, um Online-Casinos zu spielen. Sie k\u00f6nnen von Ihrem Telefon aus mit dem Spielen beginnen. Dieses Online-Casino wurde f\u00fcr die offiziellen Websites von Mobilger\u00e4ten optimiert. Sie k\u00f6nnen unsere Anwendung von der offiziellen Website herunterladen.<\/p>\n<h3>AB WELCHEM ALTER KANN ICH BEGINNEN, IM CASINO ZU SPIELEN?<\/h3>\n<p>Sie k\u00f6nnen ab dem 18. Lebensjahr im Casino spielen. Diese Regel unterliegt den Gesetzen, die das Online-Casino einh\u00e4lt.<\/p>\n","protected":false},"excerpt":{"rendered":"<p>Viele Menschen spielen gerne. Manche setzen gerne Geld auf Sport, andere spielen gerne Poker mit Freunden. Und manche spielen gerne um echtes Geld in Online-Casinos. Es gibt ein einzigartiges Gef\u00fchl der Aufregung. Es vermittelt das zus\u00e4tzliche Gef\u00fchl einer Casino-Atmosph\u00e4re, in der Sie nicht einmal das Haus verlassen m\u00fcssen. Sie k\u00f6nnen jederzeit in einem Online-Casino spielen,&#8230;<\/p>\n","protected":false},"author":1,"featured_media":0,"parent":1676,"menu_order":0,"comment_status":"closed","ping_status":"closed","template":"","meta":{"_acf_changed":false,"_kad_post_transparent":"default","_kad_post_title":"default","_kad_post_layout":"default","_kad_post_sidebar_id":"","_kad_post_content_style":"default","_kad_post_vertical_padding":"default","_kad_post_feature":"","_kad_post_feature_position":"","_kad_post_header":false,"_kad_post_footer":false,"footnotes":""},"class_list":["post-2678","page","type-page","status-publish","hentry"],"acf":[],"rttpg_featured_image_url":null,"rttpg_author":{"display_name":"Elvis","author_link":"https:\/\/rocketplay-slot.com\/de\/author\/pemvas95n89x\/"},"rttpg_comment":0,"rttpg_category":null,"rttpg_excerpt":"Viele Menschen spielen gerne. Manche setzen gerne Geld auf Sport, andere spielen gerne Poker mit Freunden. Und manche spielen gerne um echtes Geld in Online-Casinos. Es gibt ein einzigartiges Gef\u00fchl der Aufregung. Es vermittelt das zus\u00e4tzliche Gef\u00fchl einer Casino-Atmosph\u00e4re, in der Sie nicht einmal das Haus verlassen m\u00fcssen. Sie k\u00f6nnen jederzeit in einem Online-Casino spielen,...","_links":{"self":[{"href":"https:\/\/rocketplay-slot.com\/de\/wp-json\/wp\/v2\/pages\/2678","targetHints":{"allow":["GET"]}}],"collection":[{"href":"https:\/\/rocketplay-slot.com\/de\/wp-json\/wp\/v2\/pages"}],"about":[{"href":"https:\/\/rocketplay-slot.com\/de\/wp-json\/wp\/v2\/types\/page"}],"author":[{"embeddable":true,"href":"https:\/\/rocketplay-slot.com\/de\/wp-json\/wp\/v2\/users\/1"}],"replies":[{"embeddable":true,"href":"https:\/\/rocketplay-slot.com\/de\/wp-json\/wp\/v2\/comments?post=2678"}],"version-history":[{"count":3,"href":"https:\/\/rocketplay-slot.com\/de\/wp-json\/wp\/v2\/pages\/2678\/revisions"}],"predecessor-version":[{"id":4601,"href":"https:\/\/rocketplay-slot.com\/de\/wp-json\/wp\/v2\/pages\/2678\/revisions\/4601"}],"up":[{"embeddable":true,"href":"https:\/\/rocketplay-slot.com\/de\/wp-json\/wp\/v2\/pages\/1676"}],"wp:attachment":[{"href":"https:\/\/rocketplay-slot.com\/de\/wp-json\/wp\/v2\/media?parent=2678"}],"curies":[{"name":"wp","href":"https:\/\/api.w.org\/{rel}","templated":true}]}}