{"id":2730,"date":"2023-01-10T22:05:04","date_gmt":"2023-01-10T19:05:04","guid":{"rendered":"https:\/\/rocketplay-slot.com\/live-poker\/"},"modified":"2024-02-08T16:44:28","modified_gmt":"2024-02-08T13:44:28","slug":"live-poker","status":"publish","type":"page","link":"https:\/\/rocketplay-slot.com\/de\/live-poker\/","title":{"rendered":"Rocket Play Casino Live-Poker-Rezension"},"content":{"rendered":"<p>Im fr\u00fchen 20. Jahrhundert wurde Poker zu einem der beliebtesten Spiele. Poker wurde \u00fcberall in Bars, auf der Stra\u00dfe und zu Hause gespielt. Daher ist es nicht verwunderlich, dass Poker zu den beliebtesten Casinos geh\u00f6rt. Und eine dieser Optionen ist Live Poker, ein Spiel, das viele Benutzer lieben und bei dem viele Benutzer ganze Abende verbringen k\u00f6nnen. Deshalb haben wir diesen Artikel f\u00fcr Sie geschrieben, um Ihnen alles \u00fcber Live-Online-Poker zu erz\u00e4hlen.<\/p>\n<p><img loading=\"lazy\" decoding=\"async\" class=\"aligncenter wp-image-4047\" src=\"https:\/\/rocketplay-slot.com\/wp-content\/uploads\/2024\/02\/young-models-stylish-dresses-are-smiling-showing-two-green-chips-aces-posing-standing-back-back-colorful-background-with-sparkles-roulette-flying-chips-poker-casino-close-up.jpg\" alt=\"Rocket Play Casino Live-Poker-Rezension\" width=\"800\" height=\"479\" srcset=\"https:\/\/rocketplay-slot.com\/wp-content\/uploads\/2024\/02\/young-models-stylish-dresses-are-smiling-showing-two-green-chips-aces-posing-standing-back-back-colorful-background-with-sparkles-roulette-flying-chips-poker-casino-close-up.jpg 1000w, https:\/\/rocketplay-slot.com\/wp-content\/uploads\/2024\/02\/young-models-stylish-dresses-are-smiling-showing-two-green-chips-aces-posing-standing-back-back-colorful-background-with-sparkles-roulette-flying-chips-poker-casino-close-up-300x180.jpg 300w, https:\/\/rocketplay-slot.com\/wp-content\/uploads\/2024\/02\/young-models-stylish-dresses-are-smiling-showing-two-green-chips-aces-posing-standing-back-back-colorful-background-with-sparkles-roulette-flying-chips-poker-casino-close-up-768x460.jpg 768w\" sizes=\"auto, (max-width: 800px) 100vw, 800px\" \/><\/p>\n<h2>WAS IST LIVE CASINO POKER?<\/h2>\n<p>Live-Poker ist eine Art von Poker, die viele Spieler lieben. Der Unterschied bei Live Poker Australia besteht darin, dass ein Dealer bei Ihnen anwesend ist, um sich mit den Karten zu befassen. Sie k\u00f6nnen sich immer sicher sein, dass es ein faires Spiel ist, weil der Dealer vor Ihnen steht und Ihnen die Karten zeigt. Viele Leute m\u00f6gen Live Poker, weil es wie Poker in einem landgest\u00fctzten Casino aussieht.<\/p>\n<h2>WIE MAN LIVE CASINO POKER SPIELE SPIELT<\/h2>\n<p>Wenn Sie noch neu in der Welt der Online-Casinos sind, dann lesen Sie, wie Sie anfangen, das beste Live-Poker zu spielen. Lassen Sie uns also herausfinden, wie das alles passiert:<\/p>\n<ol>\n<li>Unmittelbar vor Ihnen auf dem Bildschirm befindet sich der Dealer. Wenn der Tisch gen\u00fcgend Teilnehmer versammelt, beginnt er mit dem Spiel.<\/li>\n<li>Nach dem Start des Spiels sehen Sie die Steuerelemente, in denen Sie Ihre Wetten verwalten, die aktuellen Karten auf dem Tisch und in Ihrer Hand ansehen, alle m\u00f6glichen Gewinnkombinationen sehen und vergleichen k\u00f6nnen, welche Sie treffen.<\/li>\n<li>Sobald das Spiel begonnen hat, teilt der Dealer jedem Spieler am Tisch zwei Karten aus und legt drei auf den Tisch. Sehen Sie, welche Karten Sie haben, welche Karten auf dem Tisch liegen und welche Gewinnkombinationen es im Spiel gibt. Vergleichen Sie Ihre Karten und Gewinnkombinationen und raten Sie, was Ihre besten und schlechtesten Kombinationen in den n\u00e4chsten beiden H\u00e4nden sein k\u00f6nnten.<\/li>\n<li>Platzieren Sie Ihre Wette und warten Sie, bis alle anderen es tun. Beobachten Sie Ihre Gegner und ihre Reaktionen.<\/li>\n<li>Sobald alle ihre Wetten platziert haben, sagt der Dealer: \u201eWetten sind platziert, keine weiteren Wetten.\u201c und teilen Sie allen Spielern eine weitere Karte aus. Dann k\u00f6nnen Sie Ihre Eins\u00e4tze erh\u00f6hen oder den Tisch verlassen.<\/li>\n<li>Wer noch im Spiel ist, bekommt die letzte Karte. Vergleichen Sie sorgf\u00e4ltig, welche Karten Sie haben und welche Ihre Gegner haben k\u00f6nnten. Verfolgen Sie ihre Bewegungen genau. Machen Sie danach eine letzte Erh\u00f6hung oder verlassen Sie den Tisch.<\/li>\n<li>Nachdem alle den letzten Einsatz get\u00e4tigt haben, \u00f6ffnen die Spieler ihre Karten und Sie k\u00f6nnen den Gewinner mit der h\u00f6chsten Kombination ermitteln. Wenn Sie das sind \u2013 herzlichen Gl\u00fcckwunsch, Sie haben alle Wetten in diesem Spiel gewonnen.<\/li>\n<\/ol>\n<p>Wenn Sie diese Anweisungen befolgen, k\u00f6nnen Sie Ihr Spiel immer mit dem richtigen Gl\u00fcck gewinnen.<\/p>\n<h2>ARTEN VON LIVE CASINO POKER<\/h2>\n<p>Es gibt eine Vielzahl von Pokerarten auf der Welt, haupts\u00e4chlich abh\u00e4ngig von der Region, aus der sie stammen. Und diese Arten von Poker k\u00f6nnen Sie in Online-Casinos treffen:<\/p>\n<ul>\n<li>Texas Holdem;<\/li>\n<li>Omaha;<\/li>\n<li>Stud mit sieben Karten;<\/li>\n<li>F\u00fcnf-Karten-Draw;<\/li>\n<li>High-Low-Chicago.<\/li>\n<\/ul>\n<p>Die Hauptunterschiede bestehen darin, wie viele Karten pro Spiel gespielt werden. Das beste Live-Pokerspiel ist Texas Hold&#8217;em.<\/p>\n<h2>VORTEILE VON LIVE-POKER<\/h2>\n<p>Live Poker hat sicherlich viele Vorteile. Nat\u00fcrlich findet jeder seine Vorteile. Wir k\u00f6nnen einige der Gemeinsamkeiten hervorheben \u2013 die Fairness gegen\u00fcber den Spielern, die gro\u00dfartige Atmosph\u00e4re, die Sie direkt in die Casino-Hallen bringt, und die Live-Interaktion, die zur Aufregung der Action beitr\u00e4gt.<\/p>\n<h2>FAZIT<\/h2>\n<p>Zusammenfassend l\u00e4sst sich sagen, dass Poker eines der aufregendsten Spiele in Online-Casinos ist. Befolgen Sie Live-Poker-Tipps, professionelle Spieler. Und unbedingt Poker spielen!<\/p>\n<p><img loading=\"lazy\" decoding=\"async\" class=\"aligncenter wp-image-4057\" src=\"https:\/\/rocketplay-slot.com\/wp-content\/uploads\/2024\/02\/casino-tokens-green-background-with-deck-cards.jpg\" alt=\"Rocket Play Casino Live-Poker-Rezension 2\" width=\"800\" height=\"534\" srcset=\"https:\/\/rocketplay-slot.com\/wp-content\/uploads\/2024\/02\/casino-tokens-green-background-with-deck-cards.jpg 1000w, https:\/\/rocketplay-slot.com\/wp-content\/uploads\/2024\/02\/casino-tokens-green-background-with-deck-cards-300x200.jpg 300w, https:\/\/rocketplay-slot.com\/wp-content\/uploads\/2024\/02\/casino-tokens-green-background-with-deck-cards-768x512.jpg 768w\" sizes=\"auto, (max-width: 800px) 100vw, 800px\" \/><\/p>\n<h2>FAQ<\/h2>\n<p>Anf\u00e4nger schreiben uns oft \u00e4hnliche Fragen, was zu erwarten ist, weil sich jeder Sorgen dar\u00fcber macht, wie er spielen wird. Und so haben wir einige davon in diesem Artikel gesammelt und beantwortet.<\/p>\n<h3>KANN ICH KOSTENLOS SPIELEN?<\/h3>\n<p>Ja, Online-Casinos haben Demoversionen von Live-Poker, bei denen Sie Ihr Guthaben nicht riskieren und zun\u00e4chst lernen k\u00f6nnen, wie man spielt.<\/p>\n<h3>KANN ICH POKER AUF MEINEM HANDY SPIELEN?<\/h3>\n<p>Sie k\u00f6nnen die Online-Casino-App auf Ihr Handy herunterladen, wenn Sie Android haben. Sie k\u00f6nnen von der offiziellen Online-Casino-Website aus spielen, wenn Sie ein iPhone haben. Es ist perfekt f\u00fcr mobile Ger\u00e4te optimiert.<\/p>\n<h3>AB WELCHEM ALTER KANN ICH POKER SPIELEN?<\/h3>\n<p>Laut Gesetz d\u00fcrfen Sie mit dem Gl\u00fccksspiel erst beginnen, wenn Sie das 18. Lebensjahr vollendet haben.<\/p>\n","protected":false},"excerpt":{"rendered":"<p>Im fr\u00fchen 20. Jahrhundert wurde Poker zu einem der beliebtesten Spiele. Poker wurde \u00fcberall in Bars, auf der Stra\u00dfe und zu Hause gespielt. Daher ist es nicht verwunderlich, dass Poker zu den beliebtesten Casinos geh\u00f6rt. Und eine dieser Optionen ist Live Poker, ein Spiel, das viele Benutzer lieben und bei dem viele Benutzer ganze Abende&#8230;<\/p>\n","protected":false},"author":1,"featured_media":0,"parent":0,"menu_order":0,"comment_status":"closed","ping_status":"closed","template":"","meta":{"_acf_changed":false,"_kad_post_transparent":"default","_kad_post_title":"default","_kad_post_layout":"default","_kad_post_sidebar_id":"","_kad_post_content_style":"default","_kad_post_vertical_padding":"default","_kad_post_feature":"","_kad_post_feature_position":"","_kad_post_header":false,"_kad_post_footer":false,"footnotes":""},"class_list":["post-2730","page","type-page","status-publish","hentry"],"acf":[],"rttpg_featured_image_url":null,"rttpg_author":{"display_name":"Elvis","author_link":"https:\/\/rocketplay-slot.com\/de\/author\/pemvas95n89x\/"},"rttpg_comment":0,"rttpg_category":null,"rttpg_excerpt":"Im fr\u00fchen 20. Jahrhundert wurde Poker zu einem der beliebtesten Spiele. Poker wurde \u00fcberall in Bars, auf der Stra\u00dfe und zu Hause gespielt. Daher ist es nicht verwunderlich, dass Poker zu den beliebtesten Casinos geh\u00f6rt. Und eine dieser Optionen ist Live Poker, ein Spiel, das viele Benutzer lieben und bei dem viele Benutzer ganze Abende...","_links":{"self":[{"href":"https:\/\/rocketplay-slot.com\/de\/wp-json\/wp\/v2\/pages\/2730","targetHints":{"allow":["GET"]}}],"collection":[{"href":"https:\/\/rocketplay-slot.com\/de\/wp-json\/wp\/v2\/pages"}],"about":[{"href":"https:\/\/rocketplay-slot.com\/de\/wp-json\/wp\/v2\/types\/page"}],"author":[{"embeddable":true,"href":"https:\/\/rocketplay-slot.com\/de\/wp-json\/wp\/v2\/users\/1"}],"replies":[{"embeddable":true,"href":"https:\/\/rocketplay-slot.com\/de\/wp-json\/wp\/v2\/comments?post=2730"}],"version-history":[{"count":3,"href":"https:\/\/rocketplay-slot.com\/de\/wp-json\/wp\/v2\/pages\/2730\/revisions"}],"predecessor-version":[{"id":4585,"href":"https:\/\/rocketplay-slot.com\/de\/wp-json\/wp\/v2\/pages\/2730\/revisions\/4585"}],"wp:attachment":[{"href":"https:\/\/rocketplay-slot.com\/de\/wp-json\/wp\/v2\/media?parent=2730"}],"curies":[{"name":"wp","href":"https:\/\/api.w.org\/{rel}","templated":true}]}}