{"id":2782,"date":"2023-01-11T00:48:32","date_gmt":"2023-01-10T21:48:32","guid":{"rendered":"https:\/\/rocketplay-slot.com\/sports-betting\/"},"modified":"2024-02-08T15:46:04","modified_gmt":"2024-02-08T12:46:04","slug":"sports-betting","status":"publish","type":"page","link":"https:\/\/rocketplay-slot.com\/de\/sports-betting\/","title":{"rendered":"Ein Anf\u00e4ngerleitfaden f\u00fcr Sportwetten"},"content":{"rendered":"<p>Viele von uns sehen sich gerne verschiedene Sportveranstaltungen an. Manche Menschen lieben einen bestimmten Sport und sehen den Profis gerne dabei zu. Sie sehen uns anderen gerne zu. Einige lieben die sportliche Aufregung, ein Sportspiel zu sehen, w\u00e4hrend sie auf den Gewinner warten. Interessanter wird es, wenn Sie im B\u00fcro eines Buchmachers Sportwetten auf Ihr Lieblingsteam abschlie\u00dfen.<\/p>\n<p><img loading=\"lazy\" decoding=\"async\" class=\"aligncenter wp-image-4008\" src=\"https:\/\/rocketplay-slot.com\/wp-content\/uploads\/2024\/02\/5581939_3644-2.jpg\" alt=\"Ein Anf\u00e4ngerleitfaden f\u00fcr Sportwetten\" width=\"800\" height=\"496\" srcset=\"https:\/\/rocketplay-slot.com\/wp-content\/uploads\/2024\/02\/5581939_3644-2.jpg 2500w, https:\/\/rocketplay-slot.com\/wp-content\/uploads\/2024\/02\/5581939_3644-2-300x186.jpg 300w, https:\/\/rocketplay-slot.com\/wp-content\/uploads\/2024\/02\/5581939_3644-2-1024x634.jpg 1024w, https:\/\/rocketplay-slot.com\/wp-content\/uploads\/2024\/02\/5581939_3644-2-768x476.jpg 768w, https:\/\/rocketplay-slot.com\/wp-content\/uploads\/2024\/02\/5581939_3644-2-1536x952.jpg 1536w, https:\/\/rocketplay-slot.com\/wp-content\/uploads\/2024\/02\/5581939_3644-2-2048x1269.jpg 2048w\" sizes=\"auto, (max-width: 800px) 100vw, 800px\" \/><\/p>\n<p>WIE FUNKTIONIEREN SPORTWETTEN?<\/p>\n<p>Sportwetten sind nach bestimmten Prinzipien in der mathematischen Formel der Sportwetten-App angelehnt. Diese Prinzipien sehen in etwa so aus:<\/p>\n<ul>\n<li>wie viele Benutzer auf bestimmte Ergebnisse wetten. Das ist einfach, je \u00f6fter Benutzer auf ein bestimmtes Ergebnis wetten, desto mehr Menschen scheinen dieses Ergebnis wahrscheinlicher zu sein, was bedeutet, dass das Casino gezwungen ist, die Quoten zu reduzieren, da der Hauptnutznie\u00dfer in der Welt des Wettens das B\u00fcro des Buchmachers ist.<\/li>\n<li>mathematische Quoten f\u00fcr ein bestimmtes Ergebnis. Bestimmt die Startquoten f\u00fcr verschiedene Ergebnisse des Spiels. Je wahrscheinlicher das Ergebnis ist, desto geringer sind die Chancen auf dieses Ereignis. Au\u00dferdem k\u00f6nnen mathematische Quoten nach Beginn des Wettens basierend auf neu empfangenen Daten aktualisiert werden. Beispielsweise kann eine<\/li>\n<li>Verletzung eines Spielers in einer Mannschaftssportart das Ergebnis beeinflussen, daher sollten die Quoten ge\u00e4ndert werden.<br \/>\nWettkommission. Das B\u00fcro des Buchmachers wird immer das meiste Geld verdienen, wenn Sie auf ein beliebiges Sportereignis wetten; andernfalls w\u00e4re seine Arbeit unrentabel. Nein, sie betr\u00fcgen ihre Benutzer nicht, aber ihre Quoten dr\u00e4ngen Sie immer dazu, auf ein weniger offensichtliches Ergebnis zu setzen. Das bedeutet, dass Sie eine bessere Chance haben, Ihre Wette zu verlieren, w\u00e4hrend das B\u00fcro des Buchmachers sie bekommt.<\/li>\n<\/ul>\n<p>Wenn Sie diese Grundprinzipien des Casinos kennen, werden Sie weniger Fragen dazu haben.<\/p>\n<h2>VERSCHIEDENE WETTARTEN<\/h2>\n<p>Auf der Sportwettenseite gibt es viele verschiedene Arten von Wetten. Viele unerfahrene Benutzer k\u00f6nnen schnell verwirrt werden, etwas falsch verstehen oder das B\u00fcro des Buchmachers nutzen, nicht mit dem maximalen Nutzen f\u00fcr sich. Deshalb haben wir uns entschieden, Ihnen zu helfen, dieses Problem zu verstehen. Und hier sind die wichtigsten Arten von Wetten auf ein Sportspiel:<\/p>\n<ul>\n<li>eine Wette auf ein bestimmtes Ergebnis des Spiels. Es ist ganz einfach: Sie wetten darauf, dass Team \u201eA\u201c gegen Team \u201eB\u201c gewinnt, verliert oder unentschieden spielt. Oder Sie wetten, dass Team \u201eA\u201c gegen Team \u201eB\u201c mit einem bestimmten Ergebnis spielt, zum Beispiel Team \u201eA\u201c gewinnt das Spiel mit einem Ergebnis von 1:0. Diese Wetten sind nicht die profitabelsten, aber sie sind die einfachsten, sodass Sie ein geringeres Risiko haben, Ihre Wette zu verlieren.<\/li>\n<li>Wetten auf ein Ereignis im Spiel. Das ist komplizierter, als auf ein bestimmtes Ergebnis zu wetten, aber es gibt auch Optionen, bei denen Sie ein geringeres Verlustrisiko haben. Sie k\u00f6nnen zum Beispiel darauf wetten, dass Mannschaft \u201eA\u201c nicht verliert oder dass es kein Unentschieden gibt. Sie k\u00f6nnen auch darauf wetten, dass eine bestimmte Mannschaft oder ein bestimmter Spieler in diesem Spiel einen Elfmeter bekommt oder ein Tor erzielt. Und ein Dutzend verschiedener Optionen f\u00fcr das, was passieren k\u00f6nnte.<\/li>\n<li>mehr\/weniger. Bei dieser Art von Wetten wetten Sie auf ein Ereignis, das mehr oder weniger oft stattfindet. Zum Beispiel erzielt Team \u201eA\u201c mehr als drei Tore oder verfehlt weniger als zwei Tore. Dies ist eine der beliebtesten Wettarten, da diese Art von Wette fast das beste Risiko-Ertrags-Verh\u00e4ltnis aufweist.<\/li>\n<li>Linienwetten. Dies ist die komplizierteste Wettart und schlie\u00dft die anderen Wettarten ein. In diesem Fall wettest du auf drei oder mehr sportliche Duelle und bekommst deine Belohnung, wenn sie richtig liegen. Dies ist eine der riskantesten Wettarten, da im Sport alles passieren kann, insbesondere in Mannschaftssportarten. Aber es ist vorteilhaft, weil Ihre Quoten steigen, je mehr Spiele Sie wetten.<\/li>\n<\/ul>\n<p>Wenn Sie diese grundlegenden Arten von Wetten kennen, k\u00f6nnen Sie leicht viele richtige Wetten abschlie\u00dfen und mit minimalem Risiko gutes Geld verdienen.<\/p>\n<h2>SPORTWETTEN-STRATEGIEN<\/h2>\n<p>Wie \u00fcberall im Leben lohnt es sich auch bei den besten Sportwetten, einer bestimmten Strategie zu folgen, um das Beste aus den Wetten herauszuholen. Es kann f\u00fcr jeden einzigartig sein. Aber finden Sie auf jeden Fall Ihren eigenen.<\/p>\n<p>F\u00fcr jemanden mag die Strategie darin bestehen, kleine Betr\u00e4ge zu setzen, in der Erwartung, dass auf diese Weise das Risiko, alles zu verlieren, um ein Vielfaches geringer ist, aber auch die M\u00f6glichkeit zu gewinnen geringer ist. F\u00fcr jemanden mag die Strategie darin bestehen, die verschiedenen Ergebnisse so gut wie m\u00f6glich zu studieren und auf die profitabelsten und wahrscheinlichsten von ihnen zu wetten. Dennoch werden Sie in diesem Fall selten wetten, sodass Ihre Effizienz sinkt.<\/p>\n<p>Achten Sie darauf, diese Ausgabe zu studieren und etwas f\u00fcr sich selbst zu finden.<\/p>\n<h2>SPORTWETTEN-TIPPS<\/h2>\n<p>Wir k\u00f6nnen nicht umhin, Ihnen unsere Sportwetten-Tipps zu geben, um Risiken zu minimieren und Ihren Gewinn zu maximieren. Deshalb hier eine kleine Liste mit Tipps f\u00fcr den Einstieg:<\/p>\n<ul>\n<li>wetten Sie nicht, wenn Sie auch nur ein wenig getrunken haben. Alkohol ist schlecht f\u00fcr Ihre Gewinne. Sie f\u00fchlen sich weniger riskant, Ihre Sinne sind abgestumpft und Sie geben m\u00f6glicherweise mehr aus als erwartet. Dies bringt negative Emotionen mit sich.<\/li>\n<li>Wetten Sie nicht Ihr ganzes Geld auf eine Option. Denken Sie daran, dass im Sport alles passieren kann und niemand davor gefeit ist, zu verlieren, also wird es sehr unangenehm sein, alles auf einmal zu verlieren. Vergessen Sie nicht, Ihre Investitionen zu differenzieren.<\/li>\n<li>Verwenden Sie die Top-Sportwetten nicht, um Geld zu verdienen. Verwenden Sie es, um Spa\u00df zu haben oder Ihre Emotionen beim Anschauen des Spiels zu steigern.<\/li>\n<\/ul>\n<p>Indem Sie diesen einfachen Ereignissen folgen, erhalten Sie mehr positive Emotionen und mehr Vorteile aus Sportwetten-Vorhersagen.<\/p>\n<p><img loading=\"lazy\" decoding=\"async\" class=\"aligncenter wp-image-4017\" src=\"https:\/\/rocketplay-slot.com\/wp-content\/uploads\/2024\/02\/sports-betting-american-football-player-appearing-from-smartphone-field-money-shower.jpg\" alt=\"Ein Anf\u00e4ngerleitfaden f\u00fcr Sportwetten 2\" width=\"800\" height=\"534\" srcset=\"https:\/\/rocketplay-slot.com\/wp-content\/uploads\/2024\/02\/sports-betting-american-football-player-appearing-from-smartphone-field-money-shower.jpg 1000w, https:\/\/rocketplay-slot.com\/wp-content\/uploads\/2024\/02\/sports-betting-american-football-player-appearing-from-smartphone-field-money-shower-300x200.jpg 300w, https:\/\/rocketplay-slot.com\/wp-content\/uploads\/2024\/02\/sports-betting-american-football-player-appearing-from-smartphone-field-money-shower-768x512.jpg 768w\" sizes=\"auto, (max-width: 800px) 100vw, 800px\" \/><\/p>\n<h2>FAQ<\/h2>\n<p>Anf\u00e4nger haben immer viele offensichtliche und nicht offensichtliche Fragen, von denen wir einige im Folgenden geben werden.<\/p>\n<h3>AB WELCHEM ALTER KANN ICH AUF SPORT WETTEN?<\/h3>\n<p>Laut Gesetz d\u00fcrfen Sie an australischen Sportwetten erst teilnehmen, wenn Sie 21 Jahre alt sind. Andernfalls kann Ihr Konto gesperrt werden.<\/p>\n<h3>WIE KANN ICH MEIN GUTHABEN AUFLADEN?<\/h3>\n<p>Sie k\u00f6nnen Ihr Guthaben von fast jedem bestehenden Zahlungssystem einzahlen. Dies kann Visa, MasterCard, American Express, Payoneer oder Ihre Kryptow\u00e4hrungs-Wallet sein.<\/p>\n<h3>KANN ICH \u00dcBER MEIN HANDY WETTEN?<\/h3>\n<p>Ja, Sie k\u00f6nnen sogar von Ihrem Mobilger\u00e4t aus Wetten abschlie\u00dfen. Dazu m\u00fcssen Sie lediglich auf die offizielle Website des Buchmacherb\u00fcros gehen und sich dort einloggen. Sie k\u00f6nnen die Anwendung auch auf Ihr Android-Smartphone herunterladen und Wetten abschlie\u00dfen.<\/p>\n","protected":false},"excerpt":{"rendered":"<p>Viele von uns sehen sich gerne verschiedene Sportveranstaltungen an. Manche Menschen lieben einen bestimmten Sport und sehen den Profis gerne dabei zu. Sie sehen uns anderen gerne zu. Einige lieben die sportliche Aufregung, ein Sportspiel zu sehen, w\u00e4hrend sie auf den Gewinner warten. Interessanter wird es, wenn Sie im B\u00fcro eines Buchmachers Sportwetten auf Ihr&#8230;<\/p>\n","protected":false},"author":1,"featured_media":0,"parent":0,"menu_order":0,"comment_status":"closed","ping_status":"closed","template":"","meta":{"_acf_changed":false,"_kad_post_transparent":"default","_kad_post_title":"default","_kad_post_layout":"default","_kad_post_sidebar_id":"","_kad_post_content_style":"default","_kad_post_vertical_padding":"default","_kad_post_feature":"","_kad_post_feature_position":"","_kad_post_header":false,"_kad_post_footer":false,"footnotes":""},"class_list":["post-2782","page","type-page","status-publish","hentry"],"acf":[],"rttpg_featured_image_url":null,"rttpg_author":{"display_name":"Elvis","author_link":"https:\/\/rocketplay-slot.com\/de\/author\/pemvas95n89x\/"},"rttpg_comment":0,"rttpg_category":null,"rttpg_excerpt":"Viele von uns sehen sich gerne verschiedene Sportveranstaltungen an. Manche Menschen lieben einen bestimmten Sport und sehen den Profis gerne dabei zu. Sie sehen uns anderen gerne zu. Einige lieben die sportliche Aufregung, ein Sportspiel zu sehen, w\u00e4hrend sie auf den Gewinner warten. Interessanter wird es, wenn Sie im B\u00fcro eines Buchmachers Sportwetten auf Ihr...","_links":{"self":[{"href":"https:\/\/rocketplay-slot.com\/de\/wp-json\/wp\/v2\/pages\/2782","targetHints":{"allow":["GET"]}}],"collection":[{"href":"https:\/\/rocketplay-slot.com\/de\/wp-json\/wp\/v2\/pages"}],"about":[{"href":"https:\/\/rocketplay-slot.com\/de\/wp-json\/wp\/v2\/types\/page"}],"author":[{"embeddable":true,"href":"https:\/\/rocketplay-slot.com\/de\/wp-json\/wp\/v2\/users\/1"}],"replies":[{"embeddable":true,"href":"https:\/\/rocketplay-slot.com\/de\/wp-json\/wp\/v2\/comments?post=2782"}],"version-history":[{"count":3,"href":"https:\/\/rocketplay-slot.com\/de\/wp-json\/wp\/v2\/pages\/2782\/revisions"}],"predecessor-version":[{"id":4569,"href":"https:\/\/rocketplay-slot.com\/de\/wp-json\/wp\/v2\/pages\/2782\/revisions\/4569"}],"wp:attachment":[{"href":"https:\/\/rocketplay-slot.com\/de\/wp-json\/wp\/v2\/media?parent=2782"}],"curies":[{"name":"wp","href":"https:\/\/api.w.org\/{rel}","templated":true}]}}