{"id":2834,"date":"2023-01-11T19:13:11","date_gmt":"2023-01-11T16:13:11","guid":{"rendered":"https:\/\/rocketplay-slot.com\/sports-betting\/free\/"},"modified":"2024-02-08T15:06:38","modified_gmt":"2024-02-08T12:06:38","slug":"free","status":"publish","type":"page","link":"https:\/\/rocketplay-slot.com\/de\/sports-betting\/free\/","title":{"rendered":"Kostenlose Bewertung von Sportwetten"},"content":{"rendered":"<p>Viele Benutzer, die sich gerade mit Online-Wetten vertraut machen, haben immer noch Angst, ihre Wetten zu platzieren. Es ist Sache solcher Buchmacherfirmen, das Abschlie\u00dfen von Gratiswetten zuzulassen. Au\u00dferdem k\u00f6nnen erfahrene Spieler f\u00fcr sie auf den Seiten der Buchmacherunternehmen Gratiswetten machen und oft werden verschiedene Werbeaktionen und Werbegeschenke veranstaltet. Unter diesen Werbeaktionen und Ziehungen k\u00f6nnen Gratiswetten sein. Um sie zu erhalten, m\u00fcssen Sie h\u00e4ufig mehrere Bedingungen erf\u00fcllen. Dies k\u00f6nnen Bedingungen sein, die sich auf Ihre Wetten oder Ihr Spielguthaben beziehen.<\/p>\n<p>Aus diesem Grund haben wir uns entschlossen, unsere kostenlosen Wetttipps Australien zu sammeln, um es Ihnen so einfach wie m\u00f6glich zu machen, Ihre Boni zu realisieren.<\/p>\n<p><img loading=\"lazy\" decoding=\"async\" class=\"aligncenter wp-image-3928\" src=\"https:\/\/rocketplay-slot.com\/wp-content\/uploads\/2024\/02\/side-view-man-holding-tablet.jpg\" alt=\"Kostenlose Bewertung von Sportwetten\" width=\"800\" height=\"534\" srcset=\"https:\/\/rocketplay-slot.com\/wp-content\/uploads\/2024\/02\/side-view-man-holding-tablet.jpg 1000w, https:\/\/rocketplay-slot.com\/wp-content\/uploads\/2024\/02\/side-view-man-holding-tablet-300x200.jpg 300w, https:\/\/rocketplay-slot.com\/wp-content\/uploads\/2024\/02\/side-view-man-holding-tablet-768x513.jpg 768w\" sizes=\"auto, (max-width: 800px) 100vw, 800px\" \/><\/p>\n<p>WAS IST EINE KOSTENLOSE WETTE?<\/p>\n<p>Kostenlose Online-Wetten sind in fast jedem Wettb\u00fcro verf\u00fcgbar. Dies ist ein Treueprogramm. Entweder k\u00f6nnen Gratiswetten Teil der Registrierungspr\u00e4mien sein, um es Ihnen zu erleichtern, Ihre ersten Wetten auf Kosten des Unternehmens zu platzieren. Dann k\u00f6nnen Sie selbstbewusster mit Ihrem eigenen Geld oder mit Freiwetten aus dem gewonnenen Guthaben wetten.<\/p>\n<p>Um Gratiswetten zu erhalten, muss ein alter Spieler eines Wettanbieters oft viele Bedingungen erf\u00fcllen. Es kann sein, dass Sie Ihr Guthaben um einen bestimmten Betrag aufladen. Sowie das Begehen einer Wette, manchmal erfolglos. Sie haben zum Beispiel in den Rennen gewettet, aber Ihr Favorit wurde Zweiter. Manchmal kann dies eine Bedingung daf\u00fcr sein, dass Sie eine Gratiswette erhalten.<\/p>\n<h2>DIE BESTEN KOSTENLOSE WETTANGEBOTE<\/h2>\n<p>Verschiedene Wettanbieter bieten unterschiedliche beste kostenlose Wettangebote an. Einige davon m\u00f6chte ich im Detail betrachten:<\/p>\n<ul>\n<li>Das h\u00e4ufigste Gratiswettenangebot ist, wenn das Wettunternehmen einen Teil Ihrer Wette abdeckt, aber nicht vollst\u00e4ndig abschlie\u00dft. Sie sind oft durch die maximale Abdeckung Ihrer Wette und den Prozentsatz Ihrer Wette, den das Wettunternehmen abdecken kann, begrenzt;<\/li>\n<li>eine feste Gratiswette. Neulinge k\u00f6nnen oft eine feste Gratiswette als Willkommensbonus erhalten. Dabei handelt es sich um einen genau definierten Betrag Ihrer Wette, den das Wettunternehmen vollst\u00e4ndig abdeckt;<br \/>\nein Cashback auf eine Wette. Dies ist eine Art Trostpreis, falls sich Ihre Wette nicht rechtfertigen und nicht als Gewinner herausstellen sollte;<\/li>\n<li>Erweiterter Quotenbonus. Kostenlose Wettseiten bieten dies oft Anf\u00e4ngern an, und der Bonus ist, dass das Casino g\u00fcnstigere Quoten f\u00fcr Sportereignisse bietet. Das wird Ihr Gewinnen noch angenehmer machen;<br \/>\nEinzahlungsbonus. Buchmacher geben oft einen Bonus f\u00fcr Ihre erste Einzahlung in Form der Anzahl der Gratiswetten, die Sie platzieren k\u00f6nnen.<\/li>\n<\/ul>\n<p>Dies sind alles m\u00f6gliche Angebote von verschiedenen Wettanbietern. Sehen Sie sich unbedingt die Vorhersagen f\u00fcr kostenlose Wetten an, um die profitabelste Wette abzuschlie\u00dfen.<\/p>\n<h2>WIE FUNKTIONIEREN KOSTENLOSE WETTEN?<\/h2>\n<p>Kostenlose Sportwetten funktionieren nach dem gleichen Prinzip wie herk\u00f6mmliche Wetten. Ihre Chancen sind nicht anders. Sie k\u00f6nnen nur einen bestimmten Betrag setzen, der in Ihrer Gratiswette angegeben ist. Der Betrag dieser Wette wird nicht von Ihrem Guthaben abgezogen, aber wenn Sie gewinnen, erhalten Sie Ihren Gewinn abz\u00fcglich des Betrags Ihrer Gratiswette.<\/p>\n<p>Das hei\u00dft, wenn Sie eine kostenlose Sportwette in H\u00f6he von 10 $ auf ein Ereignis mit einer Quote von 2,58 abgeschlossen und gewonnen haben. Normalerweise w\u00fcrden Sie $25,8 bekommen, aber hier haben Sie nicht Ihr Geld gesetzt, sondern das Geld des Buchmachers. Sie w\u00fcrden 25,8 $ bis 10 $ erhalten, was bedeutet, dass Ihre Gewinne 15,8 $ betragen. Das ist nicht schlecht, wenn man bedenkt, dass Sie Ihr eigenes Geld nicht riskiert haben.<\/p>\n<h2>VORTEILE VON KOSTENFREIEN WETTANGEBOTEN<\/h2>\n<p>Durch das Abschlie\u00dfen von Gratiswetten auf Sportarten erhalten Sie viele Vorteile f\u00fcr sich. Wie zum Beispiel das minimale Risiko, Ihre Investition zu verlieren, die rentabelste Realisierung und angenehme Einnahmen beim Wetten auf Sportereignisse. Aber um Ihren Nutzen zu maximieren, sollten Sie unsere Tipps befolgen:<\/p>\n<ul>\n<li>Machen Sie die genauesten Wetten, damit Sie das Beste aus Ihren Gratiswetten herausholen k\u00f6nnen.<\/li>\n<li>Informieren Sie sich immer \u00fcber die Vorhersage des Sportereignisses von den entsprechenden Experten, erfahren Sie von den Nachrichten, die das Ergebnis beeinflussen k\u00f6nnen;<\/li>\n<li>Wetten Sie direkt vor dem Sportereignis, bis keine neuen Ereignisse bereits Zeit hatten, den Ausgang des Ereignisses zu beeinflussen, und Sie eine Wette korrekt abgegeben haben;<\/li>\n<li>Verfolgen Sie immer die Nachrichten des Buchmacherunternehmens, um genau zu wissen, wo Sie mit dem gr\u00f6\u00dften Nutzen f\u00fcr sich selbst wetten k\u00f6nnen;<\/li>\n<li>Verfolgen Sie die neuen Werbeaktionen und Ziehungen, um so viele Boni wie m\u00f6glich zu erhalten und von diesen Boni so viele Gewinne wie m\u00f6glich zu erhalten.<\/li>\n<li>Wetten Sie niemals, wenn Sie Alkohol getrunken haben. Es kann Ihr Risikogef\u00fchl verschlechtern. Sie k\u00f6nnen vorschnellere Entscheidungen treffen;<\/li>\n<li>Denken Sie daran, dass im Sport alles passieren kann und jede Vorhersage nicht 100%ig ist, also platzieren Sie Ihre Wetten mit Vorsicht.<\/li>\n<\/ul>\n<p>Indem Sie diese kostenlosen Wetttipps befolgen, k\u00f6nnen Sie nicht nur Ihre Boni optimal nutzen, sondern auch Sportwetten genie\u00dfen.<\/p>\n<p><img loading=\"lazy\" decoding=\"async\" class=\"aligncenter wp-image-3938\" src=\"https:\/\/rocketplay-slot.com\/wp-content\/uploads\/2024\/02\/give-money-united-states-dollar-usd.jpg\" alt=\"Kostenlose Bewertung von Sportwetten 2\" width=\"800\" height=\"534\" srcset=\"https:\/\/rocketplay-slot.com\/wp-content\/uploads\/2024\/02\/give-money-united-states-dollar-usd.jpg 1000w, https:\/\/rocketplay-slot.com\/wp-content\/uploads\/2024\/02\/give-money-united-states-dollar-usd-300x200.jpg 300w, https:\/\/rocketplay-slot.com\/wp-content\/uploads\/2024\/02\/give-money-united-states-dollar-usd-768x512.jpg 768w\" sizes=\"auto, (max-width: 800px) 100vw, 800px\" \/><\/p>\n<h2>FAZIT<\/h2>\n<p>Gratiswetten sind ein gro\u00dfartiges Werkzeug, nicht nur f\u00fcr den Buchmacher, sondern auch f\u00fcr die Spieler, die sie nutzen. Und das liegt nicht nur daran, dass der Buchmacher auf diese Weise neue Benutzer gewinnt und die Benutzer bei den ersten Wetten ein minimales Risiko eingehen. Versuchen Sie sich jetzt in der Welt der Wetten!<\/p>\n","protected":false},"excerpt":{"rendered":"<p>Viele Benutzer, die sich gerade mit Online-Wetten vertraut machen, haben immer noch Angst, ihre Wetten zu platzieren. Es ist Sache solcher Buchmacherfirmen, das Abschlie\u00dfen von Gratiswetten zuzulassen. Au\u00dferdem k\u00f6nnen erfahrene Spieler f\u00fcr sie auf den Seiten der Buchmacherunternehmen Gratiswetten machen und oft werden verschiedene Werbeaktionen und Werbegeschenke veranstaltet. Unter diesen Werbeaktionen und Ziehungen k\u00f6nnen Gratiswetten&#8230;<\/p>\n","protected":false},"author":1,"featured_media":0,"parent":2782,"menu_order":0,"comment_status":"closed","ping_status":"closed","template":"","meta":{"_acf_changed":false,"_kad_post_transparent":"default","_kad_post_title":"default","_kad_post_layout":"default","_kad_post_sidebar_id":"","_kad_post_content_style":"default","_kad_post_vertical_padding":"default","_kad_post_feature":"","_kad_post_feature_position":"","_kad_post_header":false,"_kad_post_footer":false,"footnotes":""},"class_list":["post-2834","page","type-page","status-publish","hentry"],"acf":[],"rttpg_featured_image_url":null,"rttpg_author":{"display_name":"Elvis","author_link":"https:\/\/rocketplay-slot.com\/de\/author\/pemvas95n89x\/"},"rttpg_comment":0,"rttpg_category":null,"rttpg_excerpt":"Viele Benutzer, die sich gerade mit Online-Wetten vertraut machen, haben immer noch Angst, ihre Wetten zu platzieren. Es ist Sache solcher Buchmacherfirmen, das Abschlie\u00dfen von Gratiswetten zuzulassen. Au\u00dferdem k\u00f6nnen erfahrene Spieler f\u00fcr sie auf den Seiten der Buchmacherunternehmen Gratiswetten machen und oft werden verschiedene Werbeaktionen und Werbegeschenke veranstaltet. Unter diesen Werbeaktionen und Ziehungen k\u00f6nnen Gratiswetten...","_links":{"self":[{"href":"https:\/\/rocketplay-slot.com\/de\/wp-json\/wp\/v2\/pages\/2834","targetHints":{"allow":["GET"]}}],"collection":[{"href":"https:\/\/rocketplay-slot.com\/de\/wp-json\/wp\/v2\/pages"}],"about":[{"href":"https:\/\/rocketplay-slot.com\/de\/wp-json\/wp\/v2\/types\/page"}],"author":[{"embeddable":true,"href":"https:\/\/rocketplay-slot.com\/de\/wp-json\/wp\/v2\/users\/1"}],"replies":[{"embeddable":true,"href":"https:\/\/rocketplay-slot.com\/de\/wp-json\/wp\/v2\/comments?post=2834"}],"version-history":[{"count":3,"href":"https:\/\/rocketplay-slot.com\/de\/wp-json\/wp\/v2\/pages\/2834\/revisions"}],"predecessor-version":[{"id":4537,"href":"https:\/\/rocketplay-slot.com\/de\/wp-json\/wp\/v2\/pages\/2834\/revisions\/4537"}],"up":[{"embeddable":true,"href":"https:\/\/rocketplay-slot.com\/de\/wp-json\/wp\/v2\/pages\/2782"}],"wp:attachment":[{"href":"https:\/\/rocketplay-slot.com\/de\/wp-json\/wp\/v2\/media?parent=2834"}],"curies":[{"name":"wp","href":"https:\/\/api.w.org\/{rel}","templated":true}]}}