{"id":2890,"date":"2023-01-11T19:42:14","date_gmt":"2023-01-11T16:42:14","guid":{"rendered":"https:\/\/rocketplay-slot.com\/sports-betting\/app\/"},"modified":"2024-02-08T15:37:42","modified_gmt":"2024-02-08T12:37:42","slug":"app","status":"publish","type":"page","link":"https:\/\/rocketplay-slot.com\/de\/sports-betting\/app\/","title":{"rendered":"Test der Sportwetten-App"},"content":{"rendered":"<p>Fr\u00fcher oder sp\u00e4ter denkt jeder aktive Fan von Sportereignissen dar\u00fcber nach, das Erlebnis des Ansehens von Sportereignissen durch Wetten zu verbessern. Und das ist keine schlechte Idee. Schlie\u00dflich kannst du so nicht nur zuschauen, sondern auch Geld verdienen oder dein Lieblingsteam unterst\u00fctzen. Dazu finden Sie im Internet immer eine Wett-App. Und welche von ihnen am besten zu w\u00e4hlen ist, wir helfen Ihnen zu verstehen.<\/p>\n<p><img loading=\"lazy\" decoding=\"async\" class=\"aligncenter wp-image-3988\" src=\"https:\/\/rocketplay-slot.com\/wp-content\/uploads\/2024\/02\/5581939_3644-1.jpg\" alt=\"Test der Sportwetten-App\" width=\"800\" height=\"496\" srcset=\"https:\/\/rocketplay-slot.com\/wp-content\/uploads\/2024\/02\/5581939_3644-1.jpg 2500w, https:\/\/rocketplay-slot.com\/wp-content\/uploads\/2024\/02\/5581939_3644-1-300x186.jpg 300w, https:\/\/rocketplay-slot.com\/wp-content\/uploads\/2024\/02\/5581939_3644-1-1024x634.jpg 1024w, https:\/\/rocketplay-slot.com\/wp-content\/uploads\/2024\/02\/5581939_3644-1-768x476.jpg 768w, https:\/\/rocketplay-slot.com\/wp-content\/uploads\/2024\/02\/5581939_3644-1-1536x952.jpg 1536w, https:\/\/rocketplay-slot.com\/wp-content\/uploads\/2024\/02\/5581939_3644-1-2048x1269.jpg 2048w\" sizes=\"auto, (max-width: 800px) 100vw, 800px\" \/><\/p>\n<h2>BESTBEWERTETE WETTEN-APPS<\/h2>\n<p>Sie k\u00f6nnen die Spitzen und Bewertungen vieler Wettanbieter im Internet finden. Vielen von ihnen ist schwer zu trauen, da die Unternehmen oft gesehen wurden, wie sie ihre Meinungen und Pl\u00e4tze in den Ratings f\u00fcr Geld verkauften, was Sie an ihrer Objektivit\u00e4t zweifeln l\u00e4sst. Aber es gibt viele ehrliche Bewertungen, aber leider sind sie manchmal schwer zu finden und von L\u00fcgnern zu unterscheiden. Also haben wir uns entschieden, unsere kleine Liste der besten Wett-Apps mit objektiven Kriterien zu erstellen:<\/p>\n<ul>\n<li>BetWinner ist eine der bekanntesten Sportwetten-Apps. Sie werden hervorragende Boni f\u00fcr neue Benutzer f\u00fcr die Registrierung und eine erste Einzahlung finden. Sie bieten entz\u00fcckende Quoten und eine gro\u00dfe Auswahl an Wetten. Probieren Sie ihren Service aus;<\/li>\n<li>WinBet \u2013 dieses Wettunternehmen bietet eines der umfangreichsten Wettangebote f\u00fcr eine Vielzahl von Sportarten und gute Quoten daf\u00fcr. Hier sind die besten Werbeaktionen f\u00fcr Sportwetten-Apps, die ihre treuesten Spieler idealerweise mit gro\u00dfartigen Boni und Werbeaktionen belohnen;<\/li>\n<li>BetWin ist ein Buchmacherb\u00fcro mit einem der einfachsten und pr\u00e4gnantesten Designs. Und manche m\u00f6gen sagen, dass es nicht das Wichtigste ist, aber es ist immer noch einer der wesentlichen Teile. Ein gutes Design hilft dem Benutzer immer, und ein Anf\u00e4nger kann mit wenigen Klicks immer das tun, was er braucht. Au\u00dferdem werden einige der g\u00fcnstigsten Quoten und ein hervorragender technischer Support rund um die Uhr alle Ihre Fragen beantworten.<\/li>\n<\/ul>\n<p>Sie k\u00f6nnen sich immer auf unsere kleine Liste verlassen, um einen zuverl\u00e4ssigen Partner in der Welt der besten Wett-App zu finden.<\/p>\n<h2>DIE BESTEN LIVE-WETTEN-APPS<\/h2>\n<p>Au\u00dferdem wetten viele Leute gerne in Echtzeit, und viele Wettanbieter bieten eine solche Gelegenheit. Daher empfehlen wir Ihnen, die wichtigsten zu ber\u00fccksichtigen:<\/p>\n<ul>\n<li>SkyBet &#8211; bietet viele verschiedene Wettoptionen in einem Live-Format.<\/li>\n<li>BetBoom \u2013 die beliebteste Wett-App, bekannt f\u00fcr ihre gro\u00dfz\u00fcgigen Boni und tollen Quoten.<\/li>\n<li>FonBet ist ein Wettunternehmen mit fast keinen M\u00e4ngeln. Sie sind in allem gut. Einige halten es sogar f\u00fcr die beste Wett-App Australiens.<\/li>\n<\/ul>\n<p>Schauen Sie sich diese Listen an, damit Sie ausw\u00e4hlen k\u00f6nnen, was f\u00fcr Sie richtig ist.<\/p>\n<h2>WIE DOWNLOADET MAN DAS<\/h2>\n<p>Um die Sportwetten-App herunterzuladen, m\u00fcssen Sie unsere kleine Anleitung befolgen:<\/p>\n<ol>\n<li>Besuchen Sie die offizielle Website des Wettanbieters, an dem Sie interessiert sind.<\/li>\n<li>Oben auf dem Bildschirm wird Ihnen angeboten, die Anwendung auf Ihr Mobiltelefon herunterzuladen. Klicken Sie hier und der Download startet automatisch.<\/li>\n<li>Wenn der Download abgeschlossen ist, installieren Sie ihn.<\/li>\n<li>Sobald die App installiert ist, \u00f6ffnen Sie sie.<\/li>\n<li>Um Wetten platzieren zu k\u00f6nnen, m\u00fcssen Sie sich anmelden oder registrieren. Wenn Sie ein neues Konto registrieren, geben Sie unbedingt Ihre aktuellen Daten und Ihre g\u00fcltige E-Mail-Adresse ein. Denken Sie auch daran, Ihren Einladungscode anzugeben, damit Sie zu Beginn mehr Boni erhalten k\u00f6nnen und damit derjenige, der Sie eingeladen hat, seine Boni f\u00fcr Sie erh\u00e4lt.<\/li>\n<li>Einmal eingeloggt, k\u00f6nnen Sie Ihr Guthaben einzahlen und Ihre ersten Sportwetten abschlie\u00dfen.<\/li>\n<\/ol>\n<p>Wenn Sie diese Anweisungen befolgen, k\u00f6nnen Sie so schnell wie m\u00f6glich mit dem Wetten beginnen. Diese Anleitung ist relevant f\u00fcr Smartphones auf Basis von Android. Wenn Sie ein iPhone haben, k\u00f6nnen Sie Wetten \u00fcber die mobile Website von Wettanbietern abschlie\u00dfen. Sie sind oft perfekt f\u00fcr Ihr Smartphone optimiert.<\/p>\n<h2>VORTEILE VON SPORTWETTEN AUF MOBILEN GER\u00c4TEN<\/h2>\n<p>Das Wetten auf Sportereignisse von Ihren Mobilger\u00e4ten aus hat viele positive Aspekte. Sie m\u00f6gen f\u00fcr jeden unterschiedlich sein, aber es gibt viele gemeinsame Vorteile. Ich schlage vor, dass Sie einige der folgenden Punkte ber\u00fccksichtigen:<\/p>\n<ul>\n<li>Sie k\u00f6nnen immer auf die aktuellsten Ereignisse wetten, auch wenn Sie nicht zu Hause sind, und es wird nur ein Minimum an Zeit in Anspruch nehmen;<\/li>\n<li>Komfort bei der Verwendung der mobilen Anwendung ist viel mehr als \u00e4hnliche Aktionen von Ihrem PC aus;<\/li>\n<li>Sie k\u00f6nnen immer Wetten in Echtzeit abschlie\u00dfen, auch w\u00e4hrend Sie das Spiel verfolgen, und Sie m\u00fcssen das Spiel nicht auf Ihrem Fernseher ansehen.<\/li>\n<\/ul>\n<p>Und das sind noch nicht alle Vorteile des Wettens von Ihrem Handy aus, also haben Sie die M\u00f6glichkeit herauszufinden, welche Vorteile f\u00fcr Sie richtig sind.<\/p>\n<p><img loading=\"lazy\" decoding=\"async\" class=\"aligncenter wp-image-3997\" src=\"https:\/\/rocketplay-slot.com\/wp-content\/uploads\/2024\/02\/watch-live-sports-event-your-mobile-device-betting-football-matches.jpg\" alt=\"Test der Sportwetten-App 2\" width=\"800\" height=\"448\" srcset=\"https:\/\/rocketplay-slot.com\/wp-content\/uploads\/2024\/02\/watch-live-sports-event-your-mobile-device-betting-football-matches.jpg 1000w, https:\/\/rocketplay-slot.com\/wp-content\/uploads\/2024\/02\/watch-live-sports-event-your-mobile-device-betting-football-matches-300x168.jpg 300w, https:\/\/rocketplay-slot.com\/wp-content\/uploads\/2024\/02\/watch-live-sports-event-your-mobile-device-betting-football-matches-768x430.jpg 768w\" sizes=\"auto, (max-width: 800px) 100vw, 800px\" \/><\/p>\n<h2>FAQ<\/h2>\n<p>Neue Benutzer haben immer viele verschiedene Fragen, was zu erwarten ist, also haben wir uns entschieden, die beliebtesten zu sammeln und Antworten darauf zu geben.<\/p>\n<h3>WENN ICH NUR 17 BIN, KANN ICH MIT WETTEN BEGINNEN?<\/h3>\n<p>Nein, laut Gesetz d\u00fcrfen Sie ab 18 Jahren grunds\u00e4tzlich am Gl\u00fccksspiel teilnehmen. Dies geschieht, weil viele Minderj\u00e4hrige m\u00f6glicherweise nicht bereit sind, dem Gef\u00fchl des Gl\u00fccksspiels zu widerstehen, und viel Geld verlieren, oft nicht ihr eigenes, sondern das Geld ihrer Eltern.<\/p>\n<h3>KANN ICH MEINE GEWINNE AUF MEINE KRYPTOW\u00c4HRUNGSWALLET ABHEBEN?<\/h3>\n<p>Viele Wettanbieter bieten diese M\u00f6glichkeit mittlerweile an, aber es gibt solche, denen diese Funktion nicht zur Verf\u00fcgung steht. Sie sollten also die Bewertungen der Wett-Apps sorgf\u00e4ltig lesen. Dar\u00fcber wird geschrieben.<\/p>\n<h3>WAS IST EIN WILLKOMMENSBONUS?<\/h3>\n<p>Dies ist der Bonus, den Sie erhalten, wenn Sie Ihr Konto registrieren. Dies geschieht, damit mehr neue Benutzer bei den Wettanbietern bleiben.<\/p>\n","protected":false},"excerpt":{"rendered":"<p>Fr\u00fcher oder sp\u00e4ter denkt jeder aktive Fan von Sportereignissen dar\u00fcber nach, das Erlebnis des Ansehens von Sportereignissen durch Wetten zu verbessern. Und das ist keine schlechte Idee. Schlie\u00dflich kannst du so nicht nur zuschauen, sondern auch Geld verdienen oder dein Lieblingsteam unterst\u00fctzen. Dazu finden Sie im Internet immer eine Wett-App. Und welche von ihnen am&#8230;<\/p>\n","protected":false},"author":1,"featured_media":0,"parent":2782,"menu_order":0,"comment_status":"closed","ping_status":"closed","template":"","meta":{"_acf_changed":false,"_kad_post_transparent":"default","_kad_post_title":"default","_kad_post_layout":"default","_kad_post_sidebar_id":"","_kad_post_content_style":"default","_kad_post_vertical_padding":"default","_kad_post_feature":"","_kad_post_feature_position":"","_kad_post_header":false,"_kad_post_footer":false,"footnotes":""},"class_list":["post-2890","page","type-page","status-publish","hentry"],"acf":[],"rttpg_featured_image_url":null,"rttpg_author":{"display_name":"Elvis","author_link":"https:\/\/rocketplay-slot.com\/de\/author\/pemvas95n89x\/"},"rttpg_comment":0,"rttpg_category":null,"rttpg_excerpt":"Fr\u00fcher oder sp\u00e4ter denkt jeder aktive Fan von Sportereignissen dar\u00fcber nach, das Erlebnis des Ansehens von Sportereignissen durch Wetten zu verbessern. Und das ist keine schlechte Idee. Schlie\u00dflich kannst du so nicht nur zuschauen, sondern auch Geld verdienen oder dein Lieblingsteam unterst\u00fctzen. Dazu finden Sie im Internet immer eine Wett-App. Und welche von ihnen am...","_links":{"self":[{"href":"https:\/\/rocketplay-slot.com\/de\/wp-json\/wp\/v2\/pages\/2890","targetHints":{"allow":["GET"]}}],"collection":[{"href":"https:\/\/rocketplay-slot.com\/de\/wp-json\/wp\/v2\/pages"}],"about":[{"href":"https:\/\/rocketplay-slot.com\/de\/wp-json\/wp\/v2\/types\/page"}],"author":[{"embeddable":true,"href":"https:\/\/rocketplay-slot.com\/de\/wp-json\/wp\/v2\/users\/1"}],"replies":[{"embeddable":true,"href":"https:\/\/rocketplay-slot.com\/de\/wp-json\/wp\/v2\/comments?post=2890"}],"version-history":[{"count":3,"href":"https:\/\/rocketplay-slot.com\/de\/wp-json\/wp\/v2\/pages\/2890\/revisions"}],"predecessor-version":[{"id":4561,"href":"https:\/\/rocketplay-slot.com\/de\/wp-json\/wp\/v2\/pages\/2890\/revisions\/4561"}],"up":[{"embeddable":true,"href":"https:\/\/rocketplay-slot.com\/de\/wp-json\/wp\/v2\/pages\/2782"}],"wp:attachment":[{"href":"https:\/\/rocketplay-slot.com\/de\/wp-json\/wp\/v2\/media?parent=2890"}],"curies":[{"name":"wp","href":"https:\/\/api.w.org\/{rel}","templated":true}]}}