{"id":2942,"date":"2023-01-11T23:08:32","date_gmt":"2023-01-11T20:08:32","guid":{"rendered":"https:\/\/rocketplay-slot.com\/sports-betting\/handball\/"},"modified":"2024-02-08T14:52:48","modified_gmt":"2024-02-08T11:52:48","slug":"handball","status":"publish","type":"page","link":"https:\/\/rocketplay-slot.com\/de\/sports-betting\/handball\/","title":{"rendered":"Handbuch f\u00fcr Handball-Wetten"},"content":{"rendered":"<p>Handball ist kein sehr beliebter Sport, daher gibt es nicht viele Handball-Wettfans. Aber das ist gro\u00dfartig, denn je mehr Leute auf ein bestimmtes Ereignis wetten, desto niedriger sind die Quoten darauf, und da nicht viele Leute auf Handball wetten, sind die Quoten bedeutender und Ihre potenziellen Gewinne sind auch umfangreicher.<\/p>\n<p>Au\u00dferdem kann jeder Benutzer seinen Willkommensbonus erhalten, und die erh\u00f6hten Quoten von Handballspielen sind gro\u00dfartig, um Ihnen zu helfen, mehr Geld bei Handballveranstaltungen zu verdienen. Versuchen Sie unbedingt, auf ein Handballspiel zu wetten, nachdem Sie unseren Artikel gelesen haben.<\/p>\n<p><img loading=\"lazy\" decoding=\"async\" class=\"aligncenter wp-image-3908\" src=\"https:\/\/rocketplay-slot.com\/wp-content\/uploads\/2024\/02\/soccer-player-stadium-action-mixed-media.jpg\" alt=\"Handbuch f\u00fcr Handball-Wetten \" width=\"800\" height=\"466\" srcset=\"https:\/\/rocketplay-slot.com\/wp-content\/uploads\/2024\/02\/soccer-player-stadium-action-mixed-media.jpg 1000w, https:\/\/rocketplay-slot.com\/wp-content\/uploads\/2024\/02\/soccer-player-stadium-action-mixed-media-300x175.jpg 300w, https:\/\/rocketplay-slot.com\/wp-content\/uploads\/2024\/02\/soccer-player-stadium-action-mixed-media-768x448.jpg 768w\" sizes=\"auto, (max-width: 800px) 100vw, 800px\" \/><\/p>\n<h2>DIE GRUNDPRINZIPIEN DES HANDBALLS<\/h2>\n<p>Handball ist dem Fu\u00dfball im Fitnessstudio sehr \u00e4hnlich. Und es gibt tats\u00e4chlich viele Gemeinsamkeiten, und der Hauptunterschied ist, dass man beim Handball nicht mit den F\u00fc\u00dfen und beim Fu\u00dfball nicht mit den H\u00e4nden spielen kann.<\/p>\n<p>Aber es gibt noch viel mehr Unterschiede. Gehen wir der Sache auf den Grund. An einem Handballspiel nehmen zwei Mannschaften mit je 7 Spielern teil. Die Teams k\u00f6nnen Spieler ersetzen, wenn jemand verletzt oder m\u00fcde ist. Ein Handballspiel dauert nur zwei Halbzeiten von jeweils 30 Minuten, was gro\u00dfartig ist, da Sie mehr Wetten platzieren k\u00f6nnen und es weniger Zeit in Anspruch nimmt. Im Handball kann man den Ball nicht lange halten. Ein Teilnehmer einmal alle 3 Sekunden oder Schritte. Es muss ein Pass oder ein Dribbling geben. Das macht den Sport sehr dynamisch und spektakul\u00e4r. Achten Sie darauf, dies zu beobachten.<\/p>\n<h2>WARUM ONLINE AUF HANDBALL WETTEN?<\/h2>\n<p>Sie k\u00f6nnen beim Spiel offline oder online wetten, w\u00e4hrend Sie das Spiel zu Hause von Ihrem Handy oder Fernseher aus verfolgen. Viele Leute ziehen es immer noch vor, offline zu wetten, aber es bringt viele Unannehmlichkeiten mit sich. Deshalb empfehlen wir alle, dass Sie online wetten.<\/p>\n<p>Wenn Sie eine Wette bei einem Online-Buchmacher platzieren, m\u00fcssen Sie nicht in einer Warteschlange stehen und darauf warten, dass Sie Ihre Wette platzieren oder Ihre Gewinne abholen. Au\u00dferdem haben Sie im Online-Format eine viel bessere Auswahl an Variationen Ihrer Wette, nutzen Sie diese unbedingt. Sie m\u00fcssen kein Bargeld haben. Sie k\u00f6nnen jederzeit mit Ihrer Bankkarte oder Kryptow\u00e4hrung bezahlen und Ihre Gewinne bequem mitnehmen. Nutzen Sie auch die Handball-Wettaktionen, um so viel Gewinn wie m\u00f6glich zu erzielen.<\/p>\n<h2>WETTARTEN<\/h2>\n<p>Alle Handball-Wettseiten haben viele m\u00f6gliche Wetten, was den unerfahrenen Benutzer verwirren kann. Deshalb haben wir uns entschieden, Ihnen zu helfen, einige davon zu verstehen:<\/p>\n<ul>\n<li>Wetten auf die Gewinnlinie. Dies ist eine der einfachsten Wettmethoden. Sie wetten auf das Endergebnis des Spiels. Sie wetten, dass Team \u201eA\u201c gegen Team \u201eB\u201c gewinnt, verliert oder unentschieden spielt.<\/li>\n<li>Wetten auf ein bestimmtes Ergebnis. Sie k\u00f6nnen auf das genaue Ergebnis des Spiels wetten. Aber Sie sollten verstehen, dass Sie immer noch verlieren werden, wenn Ihr Team gewonnen hat, aber die Punktzahl anders ausgefallen ist.<\/li>\n<li>mehr \/ weniger &#8211; Sie k\u00f6nnen darauf wetten, ob dieses oder jenes Ereignis \u00f6fter oder seltener stattfindet. Sie k\u00f6nnen beispielsweise darauf wetten, dass Ihr Team mehr als drei Tore erzielt oder weniger als zwei Gegentore kassiert.<\/li>\n<li>auf ein bestimmtes Ereignis wetten &#8211; Sie k\u00f6nnen darauf wetten, ob ein bestimmtes Ereignis stattfindet oder nicht. Wenn zum Beispiel ein Spieler der Mannschaft \u201eA\u201c ein Tor erzielt oder vielleicht in diesem Spiel, wird ein Spieler entfernt.<\/li>\n<li>Sie k\u00f6nnen auch auf mehrere Spiele wetten &#8211; Sie k\u00f6nnen innerhalb einer Wette auf drei oder mehr Handballspiele gleichzeitig wetten, und die Quoten steigen nur f\u00fcr jedes Spiel. Sie brauchen alle Wetten, um zu gewinnen. Wenn Sie auf f\u00fcnf Spiele gewettet haben und nur eines falsch war, erhalten Sie Ihren Gewinn immer noch nicht. Seien Sie also vorsichtig mit dieser Art von Wetten.<\/li>\n<\/ul>\n<p>In verschiedenen Wettanbietern finden Sie andere Wettm\u00f6glichkeiten, aber gerade diese empfehlen wir Anf\u00e4ngern, da sie so einfach wie m\u00f6glich sind und Ihnen gute Quoten bieten.<\/p>\n<h2>TIPPS<\/h2>\n<p>Jeder erfahrene Nutzer hat sicher seine Handball-Wettstrategie. Da es sich um eine durchdachte Strategie handelt, mit der Sie Ihr Guthaben so effizient wie m\u00f6glich verwalten k\u00f6nnen, haben wir einige wichtige Handball-Wetttipps f\u00fcr Sie vorbereitet:<\/p>\n<ul>\n<li>spielen Sie nicht, wenn Sie betrunken sind. Dies kann Ihren Ergebnissen schaden, da Sie m\u00f6glicherweise ein abgestumpftes Gef\u00fchl f\u00fcr Proportionen und Gefahren haben.<\/li>\n<li>Sehen Sie sich unbedingt die Handball-Wettvorhersagen an. Dies wird Ihnen helfen, die genaueste Wette zu machen, die m\u00f6glich ist;<\/li>\n<li>Verwenden Sie die besten Handball-Wettquoten, um Ihre Gewinne so gro\u00df wie m\u00f6glich zu machen.<\/li>\n<li>Verwenden Sie keine Handballwetten, um Geld zu verdienen, denn Handball ist ein Mannschaftsspiel, und das Ergebnis h\u00e4ngt von vielen Fakten ab, die Sie alle nicht vorhersagen k\u00f6nnen.<\/li>\n<\/ul>\n<p>Folgen Sie unserem Handball-Wettleitfaden, um Ihre Investition so rentabel wie m\u00f6glich zu machen und gleichzeitig das geringe Risiko einzugehen, Ihre Investition zu verlieren.<\/p>\n<p><img loading=\"lazy\" decoding=\"async\" class=\"aligncenter wp-image-3918\" src=\"https:\/\/rocketplay-slot.com\/wp-content\/uploads\/2024\/02\/soccer-player-ready-play-with-soccerball-stadium.jpg\" alt=\"Handbuch f\u00fcr Handball-Wetten 2\" width=\"800\" height=\"534\" srcset=\"https:\/\/rocketplay-slot.com\/wp-content\/uploads\/2024\/02\/soccer-player-ready-play-with-soccerball-stadium.jpg 1000w, https:\/\/rocketplay-slot.com\/wp-content\/uploads\/2024\/02\/soccer-player-ready-play-with-soccerball-stadium-300x200.jpg 300w, https:\/\/rocketplay-slot.com\/wp-content\/uploads\/2024\/02\/soccer-player-ready-play-with-soccerball-stadium-768x512.jpg 768w\" sizes=\"auto, (max-width: 800px) 100vw, 800px\" \/><\/p>\n<h2>FAQ<\/h2>\n<p>Unabh\u00e4ngig davon, wie erfahren Sie als Benutzer sind, haben Sie m\u00f6glicherweise immer Fragen zur Funktionsweise eines Wettunternehmens. Deshalb haben wir einige beliebte gesammelt und Ihnen die Antworten gegeben.<\/p>\n<h3>WOHER WEISS ICH, AUF WEN ICH WETTEN SOLL?<\/h3>\n<p>Den Sieger kann man erst nach dem Schlusspfiff zu 100% kennen. Aber Sie k\u00f6nnen alle objektiven und subjektiven Faktoren zusammenz\u00e4hlen und versuchen, den Sieger des bevorstehenden Spiels selbst zu bestimmen. Von Zeit zu Zeit gewinnen sogar die Au\u00dfenseiter die Spitzenreiter.<\/p>\n<h3>AUF WELCHE EREIGNISSE SOLLTE ICH WETTEN?<\/h3>\n<p>Einige Turniere sind bei einigen Buchmachern nicht verf\u00fcgbar. Meist sind weniger professionelle Matches nicht vorhanden. Es lohnt sich auch, auf einen Sieg f\u00fcr eines der Teams zu wetten.<\/p>\n<h3>AB WELCHEM ALTER KANN ICH WETTEN?<\/h3>\n<p>Sie k\u00f6nnen erst mit dem Spielen beginnen, wenn Sie 18 Jahre alt sind. Das Gesetz definiert dies streng, und Wettunternehmen verletzen es nicht.<\/p>\n","protected":false},"excerpt":{"rendered":"<p>Handball ist kein sehr beliebter Sport, daher gibt es nicht viele Handball-Wettfans. Aber das ist gro\u00dfartig, denn je mehr Leute auf ein bestimmtes Ereignis wetten, desto niedriger sind die Quoten darauf, und da nicht viele Leute auf Handball wetten, sind die Quoten bedeutender und Ihre potenziellen Gewinne sind auch umfangreicher. Au\u00dferdem kann jeder Benutzer seinen&#8230;<\/p>\n","protected":false},"author":1,"featured_media":0,"parent":2782,"menu_order":0,"comment_status":"closed","ping_status":"closed","template":"","meta":{"_acf_changed":false,"_kad_post_transparent":"default","_kad_post_title":"default","_kad_post_layout":"default","_kad_post_sidebar_id":"","_kad_post_content_style":"default","_kad_post_vertical_padding":"default","_kad_post_feature":"","_kad_post_feature_position":"","_kad_post_header":false,"_kad_post_footer":false,"footnotes":""},"class_list":["post-2942","page","type-page","status-publish","hentry"],"acf":[],"rttpg_featured_image_url":null,"rttpg_author":{"display_name":"Elvis","author_link":"https:\/\/rocketplay-slot.com\/de\/author\/pemvas95n89x\/"},"rttpg_comment":0,"rttpg_category":null,"rttpg_excerpt":"Handball ist kein sehr beliebter Sport, daher gibt es nicht viele Handball-Wettfans. Aber das ist gro\u00dfartig, denn je mehr Leute auf ein bestimmtes Ereignis wetten, desto niedriger sind die Quoten darauf, und da nicht viele Leute auf Handball wetten, sind die Quoten bedeutender und Ihre potenziellen Gewinne sind auch umfangreicher. Au\u00dferdem kann jeder Benutzer seinen...","_links":{"self":[{"href":"https:\/\/rocketplay-slot.com\/de\/wp-json\/wp\/v2\/pages\/2942","targetHints":{"allow":["GET"]}}],"collection":[{"href":"https:\/\/rocketplay-slot.com\/de\/wp-json\/wp\/v2\/pages"}],"about":[{"href":"https:\/\/rocketplay-slot.com\/de\/wp-json\/wp\/v2\/types\/page"}],"author":[{"embeddable":true,"href":"https:\/\/rocketplay-slot.com\/de\/wp-json\/wp\/v2\/users\/1"}],"replies":[{"embeddable":true,"href":"https:\/\/rocketplay-slot.com\/de\/wp-json\/wp\/v2\/comments?post=2942"}],"version-history":[{"count":3,"href":"https:\/\/rocketplay-slot.com\/de\/wp-json\/wp\/v2\/pages\/2942\/revisions"}],"predecessor-version":[{"id":4529,"href":"https:\/\/rocketplay-slot.com\/de\/wp-json\/wp\/v2\/pages\/2942\/revisions\/4529"}],"up":[{"embeddable":true,"href":"https:\/\/rocketplay-slot.com\/de\/wp-json\/wp\/v2\/pages\/2782"}],"wp:attachment":[{"href":"https:\/\/rocketplay-slot.com\/de\/wp-json\/wp\/v2\/media?parent=2942"}],"curies":[{"name":"wp","href":"https:\/\/api.w.org\/{rel}","templated":true}]}}