{"id":2994,"date":"2023-01-11T23:39:55","date_gmt":"2023-01-11T20:39:55","guid":{"rendered":"https:\/\/rocketplay-slot.com\/sports-betting\/football\/"},"modified":"2024-02-08T15:15:38","modified_gmt":"2024-02-08T12:15:38","slug":"football","status":"publish","type":"page","link":"https:\/\/rocketplay-slot.com\/de\/sports-betting\/football\/","title":{"rendered":"Fu\u00dfball &#8211; Wettf\u00fchrer"},"content":{"rendered":"<p>Fu\u00dfball ist eines der beliebtesten Spiele der Welt. Viele Leute lieben dieses Spiel f\u00fcr seinen Drive und nicht f\u00fcr die Analyse. Es ist komplizierter als Schach. Aufgrund all dieser Faktoren ist dieses Spiel bei Buchmachern beliebt. Die wichtigsten Variationen von Wetten werden immer auf Fu\u00dfball sein. Wir schreiben diesen Artikel, um Ihnen zu helfen, Fu\u00dfballwetten zu verstehen.<\/p>\n<p><img loading=\"lazy\" decoding=\"async\" class=\"aligncenter wp-image-3948\" src=\"https:\/\/rocketplay-slot.com\/wp-content\/uploads\/2024\/02\/businessman-with-banknotes-around-holds-cellphone-his-hand-with-football-field-display.jpg\" alt=\"Fu\u00dfball - Wettf\u00fchrer\" width=\"800\" height=\"534\" srcset=\"https:\/\/rocketplay-slot.com\/wp-content\/uploads\/2024\/02\/businessman-with-banknotes-around-holds-cellphone-his-hand-with-football-field-display.jpg 1000w, https:\/\/rocketplay-slot.com\/wp-content\/uploads\/2024\/02\/businessman-with-banknotes-around-holds-cellphone-his-hand-with-football-field-display-300x200.jpg 300w, https:\/\/rocketplay-slot.com\/wp-content\/uploads\/2024\/02\/businessman-with-banknotes-around-holds-cellphone-his-hand-with-football-field-display-768x513.jpg 768w\" sizes=\"auto, (max-width: 800px) 100vw, 800px\" \/><\/p>\n<h2>FUSSBALLQUOTEN ERKL\u00c4RT<\/h2>\n<p>Die Quoten spielen in der Wettwelt eine entscheidende Rolle. Die Quoten bestimmen, wie viel Sie f\u00fcr Ihre Wette gewinnen. Und die Quoten h\u00e4ngen von mehreren Faktoren ab:<\/p>\n<ul>\n<li>die mathematischen Chancen eines bestimmten Ereignisses. Je wahrscheinlicher ein Ereignis eintritt, desto geringer sind die Chancen. Mathematische Quoten werden f\u00fcr anf\u00e4ngliche Quoten verwendet, die durch die Wetten anderer Benutzer und mathematische Formeln nach Ereignissen korrigiert werden, die das Layout der Streitkr\u00e4fte \u00e4ndern.<\/li>\n<li>Wetten anderer Benutzer. Eine mathematische Formel kann nicht alles berechnen. Die Quoten werden gem\u00e4\u00df den Wetten anderer Benutzer korrigiert, um das Gleichgewicht zu halten.<\/li>\n<li>die Marge eines Buchmacherunternehmens. Dies h\u00e4ngt davon ab, wie die insgesamt g\u00fcnstigen Quoten sein werden. Je kleiner die Marge des Wettunternehmens ist, desto mehr Benutzer gewinnen. Oft weigern sich einige Wettunternehmen, von einigen Ereignissen zu profitieren, und die Benutzer erhalten den maximalen Gewinn f\u00fcr sich.<\/li>\n<\/ul>\n<p>Wenn Sie wissen, wie man die Quoten berechnet, wird das Abschlie\u00dfen von Wetten einfacher; Nutzen Sie unbedingt unsere Fu\u00dfball-Wetttipps.<\/p>\n<h2>FUSSBALLWETTENARTEN ERKL\u00c4RT<\/h2>\n<p>Es gibt viele verschiedene Arten von Fu\u00dfballwetten. Einige von ihnen k\u00f6nnen f\u00fcr Anf\u00e4nger schwer zu verstehen sein, deshalb haben wir uns entschieden, Ihnen mit den Grundtypen zu helfen, um Ihnen das Abschlie\u00dfen Ihrer ersten Wetten zu erleichtern:<\/p>\n<ul>\n<li>eine Wette auf ein bestimmtes Ergebnis. Am einfachsten ist es, darauf zu wetten, ob Ihr Team gewinnt, verliert oder unentschieden spielt;<\/li>\n<li>Sie k\u00f6nnen auf eine bestimmte Punktzahl wetten. Wenn Sie sicher sind, dass das Spiel mit einem bestimmten Ergebnis enden wird, k\u00f6nnen Sie darauf wetten. Ja, das ist ein ausreichend gro\u00dfes Risiko, aber es zahlt sich auch sehr gut aus;<\/li>\n<li>mehr\/weniger. Dies ist eine Wette darauf, ob ein bestimmtes Ereignis \u00f6fter oder seltener stattfindet. Sie k\u00f6nnen zum Beispiel darauf wetten, dass Ihr Team mehr als ein Tor erzielt;<\/li>\n<li>eine Wettkette. Sie k\u00f6nnen mehr als drei Wetten in einem Check platzieren, und f\u00fcr jede weitere Wette steigen Ihre Chancen. Aber wenn eine Ihrer Wetten falsch ist, verlieren Sie.<\/li>\n<\/ul>\n<p>Wenn Sie diese grundlegenden Arten von Wetten kennen, wird es Ihnen viel leichter fallen, Ihre erste Wette abzuschlie\u00dfen. Sie k\u00f6nnen kostenlose Fu\u00dfballwetten ausprobieren, wenn Sie sich nicht sicher sind.<\/p>\n<h2>LANGZEIT- UND SONDERWETTEN<\/h2>\n<p>Langzeitwetten werden nicht f\u00fcr ein Spiel, sondern f\u00fcr die ganze Saison abgeschlossen. Viele Benutzer nennen es das Gegenteil von Live-Wetten auf Fu\u00dfball.<\/p>\n<p>Langzeitwetten sind nicht so beliebt wie Kurzzeitwetten, was aber auch nicht verwundert, denn jeder will hier und jetzt gewinnen. Aber Langzeitwetten haben ihre Vorteile. Zum Beispiel erh\u00f6hte Quoten im Vergleich zu regul\u00e4ren Wetten. Obwohl auf die Spitzenreiter gesetzt wird, sind die Wetten immer noch nicht die gr\u00f6\u00dften. Manchmal sind lange Ereignisse einfacher zu analysieren als ein kurzes Spiel.<\/p>\n<p>Dies liegt daran, dass Sie in einem Spiel aufgrund verschiedener unangenehmer Unf\u00e4lle verlieren k\u00f6nnen, aber das gesamte Turnier ist schwer durch Zufall zu verlieren. In diesem Fall steht der systematische Ansatz im Vordergrund. Versuchen Sie unbedingt, auf den Sieg einer der Mannschaften in einem gro\u00dfen Turnier zu wetten. Du wirst es lieben.<\/p>\n<h2>SO PLATZIEREN SIE EINE FUSSBALLWETTE:<\/h2>\n<p>Um auf Fu\u00dfball zu wetten, m\u00fcssen Sie unseren kleinen, aber einfachen Anweisungen folgen:<\/p>\n<ol>\n<li>Sie m\u00fcssen Ihre bevorzugte Fu\u00dfballwetten-App ausw\u00e4hlen. Dies kann anhand der verschiedenen Bewertungen erfolgen, die Sie im Internet finden k\u00f6nnen.<\/li>\n<li>Danach m\u00fcssen Sie sich auf der Website des von Ihnen gew\u00e4hlten Buchmachers registrieren. Normalerweise befindet sich die Registrierungsschaltfl\u00e4che in der oberen rechten Ecke. Achten Sie darauf, nur Ihre aktuellen Daten und Ihre E-Mail-Adresse anzugeben.<\/li>\n<li>Laden Sie Ihr Guthaben von Ihrer Bank- oder Kryptow\u00e4hrungskarte auf.<\/li>\n<li>Dann sollten Sie das Spiel ausw\u00e4hlen, auf das Sie wetten m\u00f6chten.<\/li>\n<li>Studieren Sie sorgf\u00e4ltig das Thema der Wette und Ihre Gewinnm\u00f6glichkeiten. Wenn Sie dem Risiko, dem Sie ausgesetzt sind, zustimmen, platzieren Sie Ihre Wette.<\/li>\n<li>Warten Sie auf das Ergebnis; Wenn Sie gewinnen, wird die Anzahl Ihrer Gewinne Ihrem Guthaben gutgeschrieben.<\/li>\n<\/ol>\n<p>Diese Anleitung mag f\u00fcr Anf\u00e4nger geeignet sein, aber wenn Sie bereits ein erfahrener Spieler sind, kennen Sie es selbst.<\/p>\n<h2>TIPPS UND STRATEGIEN F\u00dcR WETTEN AUF FUSSBALL<\/h2>\n<p>Wenn Sie Ihre ersten Wetten abschlie\u00dfen, sollten Sie wissen, dass Sie Ihre Fu\u00dfballwettstrategien entwickeln und sich daran halten sollten, wenn Sie ernsthaft Wetten betreiben m\u00f6chten. Das machen alle erfahrenen Spieler und erhalten ihre besten Fu\u00dfballwetten.<\/p>\n<p><img loading=\"lazy\" decoding=\"async\" class=\"aligncenter wp-image-3957\" src=\"https:\/\/rocketplay-slot.com\/wp-content\/uploads\/2024\/02\/football-scene-night-match-with-close-up-soccer-shoe-hitting-ball-with-power.jpg\" alt=\"Fu\u00dfball - Wettf\u00fchrer 2\" width=\"800\" height=\"450\" srcset=\"https:\/\/rocketplay-slot.com\/wp-content\/uploads\/2024\/02\/football-scene-night-match-with-close-up-soccer-shoe-hitting-ball-with-power.jpg 1000w, https:\/\/rocketplay-slot.com\/wp-content\/uploads\/2024\/02\/football-scene-night-match-with-close-up-soccer-shoe-hitting-ball-with-power-300x169.jpg 300w, https:\/\/rocketplay-slot.com\/wp-content\/uploads\/2024\/02\/football-scene-night-match-with-close-up-soccer-shoe-hitting-ball-with-power-768x432.jpg 768w\" sizes=\"auto, (max-width: 800px) 100vw, 800px\" \/><\/p>\n<h2>FAQ<\/h2>\n<p>Uns werden oft Fragen zum richtigen Online-Fu\u00dfballwetten gestellt, und wir haben uns entschieden, die beliebtesten davon zu sammeln und Ihnen die Antworten in diesem Artikel zu geben.<\/p>\n<h3>WOHER WEISS ICH, WELCHES TEAM GEWINNT?<\/h3>\n<p>Sie k\u00f6nnen nie sicher sein, dass Ihr Team gewinnt. Aber Sie k\u00f6nnen jederzeit die aggregierten Daten zu den Teams analysieren und Ihre Wette abschlie\u00dfen.<\/p>\n<h3>WIE WETTEN SIE VON EINEM HANDY?<\/h3>\n<p>Sie k\u00f6nnen jederzeit die Website des Wettanbieters verwenden, bei dem Sie wetten. Alle von ihnen sind gut f\u00fcr Mobiltelefone optimiert. Sie k\u00f6nnen auch ihre mobilen Apps verwenden, die Sie auch auf der Website finden.<\/p>\n<h3>KANN ICH KOSTENLOS WETTEN?<\/h3>\n<p>Ja, viele Unternehmen bieten einen Willkommensbonus in Gratiswetten an, um es Ihnen zu erleichtern, Ihre erste Wette bei ihnen zu platzieren.<\/p>\n","protected":false},"excerpt":{"rendered":"<p>Fu\u00dfball ist eines der beliebtesten Spiele der Welt. Viele Leute lieben dieses Spiel f\u00fcr seinen Drive und nicht f\u00fcr die Analyse. Es ist komplizierter als Schach. Aufgrund all dieser Faktoren ist dieses Spiel bei Buchmachern beliebt. Die wichtigsten Variationen von Wetten werden immer auf Fu\u00dfball sein. Wir schreiben diesen Artikel, um Ihnen zu helfen, Fu\u00dfballwetten&#8230;<\/p>\n","protected":false},"author":1,"featured_media":0,"parent":2782,"menu_order":0,"comment_status":"closed","ping_status":"closed","template":"","meta":{"_acf_changed":false,"_kad_post_transparent":"default","_kad_post_title":"default","_kad_post_layout":"default","_kad_post_sidebar_id":"","_kad_post_content_style":"default","_kad_post_vertical_padding":"default","_kad_post_feature":"","_kad_post_feature_position":"","_kad_post_header":false,"_kad_post_footer":false,"footnotes":""},"class_list":["post-2994","page","type-page","status-publish","hentry"],"acf":[],"rttpg_featured_image_url":null,"rttpg_author":{"display_name":"Elvis","author_link":"https:\/\/rocketplay-slot.com\/de\/author\/pemvas95n89x\/"},"rttpg_comment":0,"rttpg_category":null,"rttpg_excerpt":"Fu\u00dfball ist eines der beliebtesten Spiele der Welt. Viele Leute lieben dieses Spiel f\u00fcr seinen Drive und nicht f\u00fcr die Analyse. Es ist komplizierter als Schach. Aufgrund all dieser Faktoren ist dieses Spiel bei Buchmachern beliebt. Die wichtigsten Variationen von Wetten werden immer auf Fu\u00dfball sein. Wir schreiben diesen Artikel, um Ihnen zu helfen, Fu\u00dfballwetten...","_links":{"self":[{"href":"https:\/\/rocketplay-slot.com\/de\/wp-json\/wp\/v2\/pages\/2994","targetHints":{"allow":["GET"]}}],"collection":[{"href":"https:\/\/rocketplay-slot.com\/de\/wp-json\/wp\/v2\/pages"}],"about":[{"href":"https:\/\/rocketplay-slot.com\/de\/wp-json\/wp\/v2\/types\/page"}],"author":[{"embeddable":true,"href":"https:\/\/rocketplay-slot.com\/de\/wp-json\/wp\/v2\/users\/1"}],"replies":[{"embeddable":true,"href":"https:\/\/rocketplay-slot.com\/de\/wp-json\/wp\/v2\/comments?post=2994"}],"version-history":[{"count":3,"href":"https:\/\/rocketplay-slot.com\/de\/wp-json\/wp\/v2\/pages\/2994\/revisions"}],"predecessor-version":[{"id":4545,"href":"https:\/\/rocketplay-slot.com\/de\/wp-json\/wp\/v2\/pages\/2994\/revisions\/4545"}],"up":[{"embeddable":true,"href":"https:\/\/rocketplay-slot.com\/de\/wp-json\/wp\/v2\/pages\/2782"}],"wp:attachment":[{"href":"https:\/\/rocketplay-slot.com\/de\/wp-json\/wp\/v2\/media?parent=2994"}],"curies":[{"name":"wp","href":"https:\/\/api.w.org\/{rel}","templated":true}]}}