{"id":3046,"date":"2023-01-12T00:10:18","date_gmt":"2023-01-11T21:10:18","guid":{"rendered":"https:\/\/rocketplay-slot.com\/sports-betting\/cricket\/"},"modified":"2026-02-28T00:34:36","modified_gmt":"2026-02-27T21:34:36","slug":"cricket","status":"publish","type":"page","link":"https:\/\/rocketplay-slot.com\/de\/sports-betting\/cricket\/","title":{"rendered":"Alles \u00fcber Online-Cricketwetten"},"content":{"rendered":"<p>Cricket ist das beliebteste Spiel der Welt, aber es hat immer noch seine Fangemeinde. Aber weil Cricket nicht so oft gewettet wird wie Fu\u00dfball und andere beliebte Spiele, sind Cricket-Wetten sehr profitabel. Es w\u00e4re hilfreich f\u00fcr Sie, einige Cricket-Wetttipps zu kennen und diesen Artikel daf\u00fcr zu schreiben.<\/p>\n<p><img loading=\"lazy\" decoding=\"async\" class=\"aligncenter wp-image-3968\" src=\"https:\/\/rocketplay-slot.com\/wp-content\/uploads\/2024\/02\/cricketer-field-action.jpg\" alt=\"Everything about online cricket betting\" width=\"800\" height=\"534\" srcset=\"https:\/\/rocketplay-slot.com\/wp-content\/uploads\/2024\/02\/cricketer-field-action.jpg 1000w, https:\/\/rocketplay-slot.com\/wp-content\/uploads\/2024\/02\/cricketer-field-action-300x200.jpg 300w, https:\/\/rocketplay-slot.com\/wp-content\/uploads\/2024\/02\/cricketer-field-action-768x512.jpg 768w\" sizes=\"auto, (max-width: 800px) 100vw, 800px\" \/><\/p>\n<h2>VERSCHIEDENE WETTENARTEN IM CRICKET<\/h2>\n<p>Jeder Buchmacher hat unterschiedliche Wettoptionen. Viele von ihnen k\u00f6nnen den Benutzer verwirren und er wird eine falsche Wette abschlie\u00dfen. Das bedeutet, dass der Buchmacher das Geld gewinnt. Es gibt auch einfache Wetten, aber Sie m\u00fcssen die Daten analysieren. Nat\u00fcrlich wird es Cricket-Wetten mit den h\u00f6chsten Gewinnchancen geben.<\/p>\n<p>Um Ihnen dabei zu helfen, die richtigen Wetten abzuschlie\u00dfen, haben wir f\u00fcr Sie kostenlose Cricket-Wetttipps zusammengestellt:<\/p>\n<ul>\n<li>eine Wette auf den Gewinner. Sie k\u00f6nnen auf die Mannschaft wetten, die Ihrer Meinung nach dieses Spiel gewinnen muss;<\/li>\n<li>mehr\/weniger. Sie k\u00f6nnen auf das Ereignis wetten, das Ihrer Meinung nach \u00f6fter oder seltener stattfinden wird. Sie k\u00f6nnen zum Beispiel sagen, dass Team \u201eA\u201c mehr als 5 Punkte erzielen wird;<\/li>\n<li>erster Ball\/erster Empfang &#8211; Diese Wette ist hervorragend f\u00fcr diejenigen, die so schnell wie m\u00f6glich ein Ergebnis erzielen m\u00f6chten;<\/li>\n<li>Innings laufen. Dies ist eine einfache Wette und besteht darin, dass Sie erraten m\u00fcssen, ob das Team die erforderliche Anzahl von L\u00e4ufen haben wird. Sie m\u00fcssen nicht einmal die genaue Zahl erraten. Es muss nur reichen;<\/li>\n<li>Spieler wetten. Sie k\u00f6nnen nicht auf die Mannschaft, sondern auf einen bestimmten Spieler wetten. Wenn er der Spieler im Spiel wird, gewinnen Sie.<\/li>\n<\/ul>\n<p>Wenn Sie diesem Cricket-Wettleitfaden folgen, k\u00f6nnen Sie immer Ihre Wette abschlie\u00dfen.<\/p>\n<h2>CRICKET-WETTSTRATEGIE<\/h2>\n<p>Jeder professionelle Spieler bei Sportveranstaltungen hat seine eigene Strategie. Deshalb empfehlen wir Ihnen, sich auch Ihre eigenen zu \u00fcberlegen, aber f\u00fcr Sie haben wir allgemeine Tipps von erfahrenen Benutzern gelernt:<\/p>\n<ul>\n<li>Studieren Sie immer genau, worauf Sie wetten. Eine gute Analyse kann Ihnen nicht offensichtliche und sehr profitable Wetten aufzeigen.<\/li>\n<li>Sehen Sie sich die Spiele an, auf die Sie gewettet haben. Auf diese Weise k\u00f6nnen Sie mehr Daten f\u00fcr die weitere Analyse sammeln, was bedeutet, dass beim Wetten weniger Fehler auftreten.<\/li>\n<li>Trinken Sie niemals Alkohol beim Wetten. Dies kann Sie daran hindern, die Dinge objektiv und fair zu sehen. Sie k\u00f6nnen mehr Fehler machen.<\/li>\n<li>Verwenden Sie Wetten nicht, um Geld zu verdienen. Ja, Sie k\u00f6nnen hier viel gewinnen, aber wenn Ihr Gl\u00fcck ausgeht, riskieren Sie, alles zu verlieren.<\/li>\n<li>Machen Sie keine gro\u00dfen Wetten. Aus viel klein machen. Es erm\u00f6glicht Ihnen, Ihre Investitionen zu differenzieren und sie alle auf einmal zu verlieren. Sie haben eine viel geringere Chance.<\/li>\n<li>Verwenden Sie eine bew\u00e4hrte Cricket-Wett-App, die faire Auszahlungen, gute Quoten und hervorragende Boni garantiert<\/li>\n<\/ul>\n<p>Wenn Sie diese einfachen Tipps befolgen, k\u00f6nnen Sie mit Live-Cricket-Wetten immer eine gute Zeit haben.<\/p>\n<h2>DIE BELIEBTESTEN CRICKET-WETTEN<\/h2>\n<p>Bei Cricket-Wetten gibt es viele Variationen, wie Sie wetten k\u00f6nnen. Aber Sie m\u00fcssen bedenken, dass die Quoten umso ung\u00fcnstiger sind, je beliebter eine bestimmte Wette ist. Dies bedeutet, dass Sie eine viel geringere Chance haben, eine anst\u00e4ndige Belohnung zu erhalten.<\/p>\n<p>Aus diesem Grund verwenden viele Leute Wetten, die nicht die beliebtesten sind. Aber dazu lohnt es sich, zu studieren, welche Wetten es gibt, und die Mannschaften und Spieler zu analysieren, auf die Sie wetten k\u00f6nnen. Auf diese Weise k\u00f6nnen Sie viele Dinge entdecken, die nicht sofort offensichtlich waren.<\/p>\n<p>Vergessen Sie auch nicht, dass Australien bei Cricket-Wetten bei Langzeitwetten immer beliebter wird. Sie bestehen darin, dass Sie nicht auf ein Spiel, sondern auf das gesamte Turnier wetten k\u00f6nnen. Dadurch wird das Gl\u00fcck oder Pech einzelner Mannschaften eliminiert und die systematische Leistung der Mannschaft tritt in den Vordergrund, was diese Wetten sehr attraktiv macht.<\/p>\n<h2>FAZIT<\/h2>\n<p>Zusammenfassend l\u00e4sst sich sagen, dass Wetten eine hervorragende Erg\u00e4nzung zum Anschauen Ihres Lieblingssports sind, der Ihnen gelegentlich und regelm\u00e4\u00dfig Gewinne bringen kann. Um regelm\u00e4\u00dfig zu gewinnen, m\u00fcssen Sie nat\u00fcrlich die bevorstehenden Spiele im Detail analysieren. Es ist auch wichtig, alle Vorurteile des Durchschnittsfans abzulegen, denn ein Profi ist rational, auch wenn es um Ihr Lieblingsteam geht.<\/p>\n<p><img loading=\"lazy\" decoding=\"async\" class=\"aligncenter wp-image-3977\" src=\"https:\/\/rocketplay-slot.com\/wp-content\/uploads\/2024\/02\/man-watching-football-sports-game-digital-tablet.jpg\" alt=\"Everything about online cricket betting 2\" width=\"800\" height=\"534\" srcset=\"https:\/\/rocketplay-slot.com\/wp-content\/uploads\/2024\/02\/man-watching-football-sports-game-digital-tablet.jpg 1000w, https:\/\/rocketplay-slot.com\/wp-content\/uploads\/2024\/02\/man-watching-football-sports-game-digital-tablet-300x200.jpg 300w, https:\/\/rocketplay-slot.com\/wp-content\/uploads\/2024\/02\/man-watching-football-sports-game-digital-tablet-768x512.jpg 768w\" sizes=\"auto, (max-width: 800px) 100vw, 800px\" \/><\/p>\n<h2>FAQ<\/h2>\n<p>Vielen Neulingen f\u00e4llt es schwer, sich schnell mit Wettanwendungen vertraut zu machen. Aus diesem Grund haben wir diesen Abschnitt erstellt, in dem wir beliebte Fragen sammeln, damit Sie ihre Antworten erfahren k\u00f6nnen.<\/p>\n<h3>WOHER WEISS ICH, AUF WELCHES SPIEL ICH WETTE?<\/h3>\n<p>Sie w\u00e4hlen immer selbst aus, auf welches Spiel Sie wetten m\u00f6chten. Wir empfehlen Ihnen, auf Spiele mit guten Quoten oder einer Mindestmarge des Wettanbieters zu wetten. Sie werden oft Neulingen angeboten.<\/p>\n<h3>WIE W\u00c4HLE ICH AUS, WELCHES TEAM ICH WETTEN KANN?<\/h3>\n<p>W\u00e4hlen Sie das Team, auf das Sie wetten m\u00f6chten. Sie m\u00fcssen eine Reihe von Daten sammeln, die Ihnen bei der Analyse helfen. Dies m\u00fcssen zwangsl\u00e4ufig die Meinungen verschiedener Experten \u00fcber die bevorstehende Veranstaltung sein. Die Ergebnisse fr\u00fcherer Treffen dieser Teams und Spiele in fr\u00fcheren Runden, um die Dynamik der Teams zu sehen. Sie sollten Informationen \u00fcber Verletzungen der f\u00fchrenden Spieler sammeln und ob jemand sie ersetzen kann. Stellen Sie sicher, dass Sie diese Fragen sorgf\u00e4ltig studieren und Ihre Wette abschlie\u00dfen.<\/p>\n<h3>WIE H\u00d6CHST SOLLTE MEINE EINSATZ H\u00d6HE SEIN?<\/h3>\n<p>Der Einsatzbetrag ist haupts\u00e4chlich nur durch Ihr Guthaben begrenzt. Nat\u00fcrlich gibt es manchmal Obergrenzen von Wettanbietern, aber meistens ist es nicht erforderlich, weil die Mehrheit der Spieler auf nicht die gr\u00f6\u00dften Betr\u00e4ge wetten. Normalerweise liegt es zwischen 10 und 20 US-Dollar. Wenn Sie Angst haben, dieses Geld zu verlieren, verringern Sie Ihren Einsatzbetrag.<\/p>\n","protected":false},"excerpt":{"rendered":"<p>Cricket ist das beliebteste Spiel der Welt, aber es hat immer noch seine Fangemeinde. Aber weil Cricket nicht so oft gewettet wird wie Fu\u00dfball und andere beliebte Spiele, sind Cricket-Wetten sehr profitabel. Es w\u00e4re hilfreich f\u00fcr Sie, einige Cricket-Wetttipps zu kennen und diesen Artikel daf\u00fcr zu schreiben. VERSCHIEDENE WETTENARTEN IM CRICKET Jeder Buchmacher hat unterschiedliche&#8230;<\/p>\n","protected":false},"author":1,"featured_media":0,"parent":2782,"menu_order":0,"comment_status":"closed","ping_status":"closed","template":"","meta":{"_acf_changed":false,"_kad_post_transparent":"default","_kad_post_title":"default","_kad_post_layout":"default","_kad_post_sidebar_id":"","_kad_post_content_style":"default","_kad_post_vertical_padding":"default","_kad_post_feature":"","_kad_post_feature_position":"","_kad_post_header":false,"_kad_post_footer":false,"footnotes":""},"class_list":["post-3046","page","type-page","status-publish","hentry"],"acf":[],"rttpg_featured_image_url":null,"rttpg_author":{"display_name":"Elvis","author_link":"https:\/\/rocketplay-slot.com\/de\/author\/pemvas95n89x\/"},"rttpg_comment":0,"rttpg_category":null,"rttpg_excerpt":"Cricket ist das beliebteste Spiel der Welt, aber es hat immer noch seine Fangemeinde. Aber weil Cricket nicht so oft gewettet wird wie Fu\u00dfball und andere beliebte Spiele, sind Cricket-Wetten sehr profitabel. Es w\u00e4re hilfreich f\u00fcr Sie, einige Cricket-Wetttipps zu kennen und diesen Artikel daf\u00fcr zu schreiben. VERSCHIEDENE WETTENARTEN IM CRICKET Jeder Buchmacher hat unterschiedliche...","_links":{"self":[{"href":"https:\/\/rocketplay-slot.com\/de\/wp-json\/wp\/v2\/pages\/3046","targetHints":{"allow":["GET"]}}],"collection":[{"href":"https:\/\/rocketplay-slot.com\/de\/wp-json\/wp\/v2\/pages"}],"about":[{"href":"https:\/\/rocketplay-slot.com\/de\/wp-json\/wp\/v2\/types\/page"}],"author":[{"embeddable":true,"href":"https:\/\/rocketplay-slot.com\/de\/wp-json\/wp\/v2\/users\/1"}],"replies":[{"embeddable":true,"href":"https:\/\/rocketplay-slot.com\/de\/wp-json\/wp\/v2\/comments?post=3046"}],"version-history":[{"count":4,"href":"https:\/\/rocketplay-slot.com\/de\/wp-json\/wp\/v2\/pages\/3046\/revisions"}],"predecessor-version":[{"id":7887,"href":"https:\/\/rocketplay-slot.com\/de\/wp-json\/wp\/v2\/pages\/3046\/revisions\/7887"}],"up":[{"embeddable":true,"href":"https:\/\/rocketplay-slot.com\/de\/wp-json\/wp\/v2\/pages\/2782"}],"wp:attachment":[{"href":"https:\/\/rocketplay-slot.com\/de\/wp-json\/wp\/v2\/media?parent=3046"}],"curies":[{"name":"wp","href":"https:\/\/api.w.org\/{rel}","templated":true}]}}