{"id":3368,"date":"2023-08-17T12:14:12","date_gmt":"2023-08-17T09:14:12","guid":{"rendered":"https:\/\/rocketplay-slot.com\/9-coins\/"},"modified":"2023-10-07T19:48:52","modified_gmt":"2023-10-07T16:48:52","slug":"9-coins","status":"publish","type":"page","link":"https:\/\/rocketplay-slot.com\/de\/9-coins\/","title":{"rendered":"\u00dcberpr\u00fcfen Sie den 9-M\u00fcnzen-Slot"},"content":{"rendered":"<p>Der 9 Coins-Spielautomat ist ein aufregender Spielautomat, der Spieler mit seinem einzigartigen Thema und den M\u00f6glichkeiten f\u00fcr gro\u00dfe Gewinne anzieht. In diesem Testbericht werden wir uns die Hauptfunktionen des 9 Coins-Slots ansehen, einen \u00dcberblick \u00fcber die Demoversion des Spiels geben und \u00fcber die M\u00f6glichkeit sprechen, in Australien Freespins f\u00fcr diesen aufregenden Slot um echtes Geld zu erhalten.<\/p>\n<p><img loading=\"lazy\" decoding=\"async\" class=\"aligncenter wp-image-3226\" src=\"https:\/\/rocketplay-slot.com\/wp-content\/uploads\/2023\/08\/9-coins-ss.jpg\" alt=\"Review 9 Coins slot 1\" width=\"816\" height=\"445\" srcset=\"https:\/\/rocketplay-slot.com\/wp-content\/uploads\/2023\/08\/9-coins-ss.jpg 850w, https:\/\/rocketplay-slot.com\/wp-content\/uploads\/2023\/08\/9-coins-ss-300x164.jpg 300w, https:\/\/rocketplay-slot.com\/wp-content\/uploads\/2023\/08\/9-coins-ss-768x419.jpg 768w\" sizes=\"auto, (max-width: 816px) 100vw, 816px\" \/><\/p>\n<h2>BESCHREIBUNG DES 9-M\u00dcNZEN-Slots<\/h2>\n<p>9 Coins Slot Review ist ein heller und farbenfroher Online-Slot mit einem interessanten Gl\u00fccksspielthema. Es verf\u00fcgt \u00fcber f\u00fcnf Walzen und neun Gewinnlinien, was zahlreiche Gewinnm\u00f6glichkeiten bietet. Zu den Slot-Symbolen geh\u00f6ren Goldm\u00fcnzen, Barren, Dollarsymbole und andere Gl\u00fccksattribute. Dar\u00fcber hinaus verf\u00fcgt der 9 Coins-Slot \u00fcber wundersch\u00f6n detaillierte Grafiken, Animationen und einen spannenden Soundtrack, der die Atmosph\u00e4re eines echten Gl\u00fccksspielabenteuers schafft.<\/p>\n<h2>REVIEW DEMO SLOT 9 COINS<\/h2>\n<p>F\u00fcr Anf\u00e4nger und diejenigen, die den Slot ausprobieren m\u00f6chten, ohne ihr Guthaben zu riskieren, steht die Demoversion des 9 Coins-Spiels zur Verf\u00fcgung. Mit der 9-M\u00fcnzen-Slot-Demo k\u00f6nnen Sie mit virtuellen Credits spielen und alle Features und Funktionen, die im echten Spiel verf\u00fcgbar sind, bleiben erhalten. Dies ist eine gro\u00dfartige Gelegenheit, sich mit den Regeln des Spielautomaten vertraut zu machen, die Auszahlungs- und Bonusfunktionen zu erkunden und Ihre eigene Spielstrategie zu entwickeln.<\/p>\n<h2>FREESPINS IM 9-M\u00dcNZEN-Slot IN AUSTRALIEN<\/h2>\n<p>Spieler aus Australien k\u00f6nnen aufregende Freispiele im 9-M\u00fcnzen-Slot genie\u00dfen. Freespins sind kostenlose Walzendrehungen, die dem Spieler im Rahmen einer Werbeaktion oder eines Bonus gew\u00e4hrt werden. Um Freespins im 9-M\u00fcnzen-Slot zu aktivieren, m\u00fcssen Spieler normalerweise eine bestimmte Anzahl von Scatter-Symbolen (h\u00e4ufig M\u00fcnzsymbole) auf den Walzen sammeln. Die Anzahl der Freespins und m\u00f6glichen Zusatzboni kann von Casino zu Casino unterschiedlich sein.<\/p>\n<h2>SPIELEN SIE UM ECHTES GELD IM SLOT 9 COINS<\/h2>\n<p>Wenn Sie bereit sind, echte Gl\u00fccksspielsensationen und echte Gewinne zu erleben, k\u00f6nnen Sie zum Spielautomaten mit 9 M\u00fcnzen und echtem Geld wechseln. Dazu m\u00fcssen Sie ein Konto bei einem der lizenzierten Online-Casinos erstellen, eine Einzahlung t\u00e4tigen und mit dem Einsatz von echtem Geld beginnen. Mit einzigartigen Bonusfunktionen und Gewinnm\u00f6glichkeiten bietet der 9 Coins-Slot gro\u00dfartige Chancen f\u00fcr Spieler.<\/p>\n<p><img loading=\"lazy\" decoding=\"async\" class=\"aligncenter wp-image-3235\" src=\"https:\/\/rocketplay-slot.com\/wp-content\/uploads\/2023\/08\/9coins1000editionslot.png\" alt=\"Review 9 Coins slot 2\" width=\"811\" height=\"356\" srcset=\"https:\/\/rocketplay-slot.com\/wp-content\/uploads\/2023\/08\/9coins1000editionslot.png 1898w, https:\/\/rocketplay-slot.com\/wp-content\/uploads\/2023\/08\/9coins1000editionslot-300x132.png 300w, https:\/\/rocketplay-slot.com\/wp-content\/uploads\/2023\/08\/9coins1000editionslot-1024x449.png 1024w, https:\/\/rocketplay-slot.com\/wp-content\/uploads\/2023\/08\/9coins1000editionslot-768x337.png 768w, https:\/\/rocketplay-slot.com\/wp-content\/uploads\/2023\/08\/9coins1000editionslot-1536x674.png 1536w\" sizes=\"auto, (max-width: 811px) 100vw, 811px\" \/><\/p>\n<h2>WO KANN MAN 9 COINS SLOT UM ECHTES GELD SPIELEN<\/h2>\n<p>Um in Australien am 9 Coins-Slot um echtes Geld zu spielen, m\u00fcssen Sie ein zuverl\u00e4ssiges und lizenziertes Online-Casino ausw\u00e4hlen. \u00dcberpr\u00fcfen Sie den Ruf des Casinos, die Verf\u00fcgbarkeit von Boni und 9-M\u00fcnzen-Freispielen in Australien sowie den Komfort der Spieleplattform. Sobald Sie sich f\u00fcr das richtige Casino entschieden haben, k\u00f6nnen Sie ein spannendes Gl\u00fccksspielabenteuer am 9-M\u00fcnzen-Slot genie\u00dfen und die Chance auf gro\u00dfe Gewinne haben.<\/p>\n<h2>ABSCHLUSS<\/h2>\n<p>Der 9-M\u00fcnzen-Spielautomat ist ein spannender Spielautomat mit einem interessanten Thema und vielen Gewinnm\u00f6glichkeiten. Sie k\u00f6nnen die Demoversion des Spiels ausprobieren, um die Regeln zu verstehen, oder sich direkt in ein Gl\u00fccksspielabenteuer um echtes Geld in Online-Casinos in Australien st\u00fcrzen. Freespins und einzigartige Boni machen den 9 Coins-Slot f\u00fcr Spieler noch attraktiver und Sie haben die einmalige Gelegenheit, die gesamte Gl\u00fccksspielatmosph\u00e4re des Spiels in diesem aufregenden Slot zu sp\u00fcren.<\/p>\n","protected":false},"excerpt":{"rendered":"<p>Der 9 Coins-Spielautomat ist ein aufregender Spielautomat, der Spieler mit seinem einzigartigen Thema und den M\u00f6glichkeiten f\u00fcr gro\u00dfe Gewinne anzieht. In diesem Testbericht werden wir uns die Hauptfunktionen des 9 Coins-Slots ansehen, einen \u00dcberblick \u00fcber die Demoversion des Spiels geben und \u00fcber die M\u00f6glichkeit sprechen, in Australien Freespins f\u00fcr diesen aufregenden Slot um echtes Geld&#8230;<\/p>\n","protected":false},"author":1,"featured_media":0,"parent":0,"menu_order":0,"comment_status":"closed","ping_status":"closed","template":"","meta":{"_acf_changed":false,"_kad_post_transparent":"default","_kad_post_title":"default","_kad_post_layout":"default","_kad_post_sidebar_id":"","_kad_post_content_style":"default","_kad_post_vertical_padding":"default","_kad_post_feature":"","_kad_post_feature_position":"","_kad_post_header":false,"_kad_post_footer":false,"footnotes":""},"class_list":["post-3368","page","type-page","status-publish","hentry"],"acf":[],"rttpg_featured_image_url":null,"rttpg_author":{"display_name":"Elvis","author_link":"https:\/\/rocketplay-slot.com\/de\/author\/pemvas95n89x\/"},"rttpg_comment":0,"rttpg_category":null,"rttpg_excerpt":"Der 9 Coins-Spielautomat ist ein aufregender Spielautomat, der Spieler mit seinem einzigartigen Thema und den M\u00f6glichkeiten f\u00fcr gro\u00dfe Gewinne anzieht. In diesem Testbericht werden wir uns die Hauptfunktionen des 9 Coins-Slots ansehen, einen \u00dcberblick \u00fcber die Demoversion des Spiels geben und \u00fcber die M\u00f6glichkeit sprechen, in Australien Freespins f\u00fcr diesen aufregenden Slot um echtes Geld...","_links":{"self":[{"href":"https:\/\/rocketplay-slot.com\/de\/wp-json\/wp\/v2\/pages\/3368","targetHints":{"allow":["GET"]}}],"collection":[{"href":"https:\/\/rocketplay-slot.com\/de\/wp-json\/wp\/v2\/pages"}],"about":[{"href":"https:\/\/rocketplay-slot.com\/de\/wp-json\/wp\/v2\/types\/page"}],"author":[{"embeddable":true,"href":"https:\/\/rocketplay-slot.com\/de\/wp-json\/wp\/v2\/users\/1"}],"replies":[{"embeddable":true,"href":"https:\/\/rocketplay-slot.com\/de\/wp-json\/wp\/v2\/comments?post=3368"}],"version-history":[{"count":2,"href":"https:\/\/rocketplay-slot.com\/de\/wp-json\/wp\/v2\/pages\/3368\/revisions"}],"predecessor-version":[{"id":3370,"href":"https:\/\/rocketplay-slot.com\/de\/wp-json\/wp\/v2\/pages\/3368\/revisions\/3370"}],"wp:attachment":[{"href":"https:\/\/rocketplay-slot.com\/de\/wp-json\/wp\/v2\/media?parent=3368"}],"curies":[{"name":"wp","href":"https:\/\/api.w.org\/{rel}","templated":true}]}}