{"id":3466,"date":"2023-08-17T12:20:18","date_gmt":"2023-08-17T09:20:18","guid":{"rendered":"https:\/\/rocketplay-slot.com\/lion-gems-hold-and-win\/"},"modified":"2023-10-08T13:43:36","modified_gmt":"2023-10-08T10:43:36","slug":"lion-gems-hold-and-win","status":"publish","type":"page","link":"https:\/\/rocketplay-slot.com\/de\/lion-gems-hold-and-win\/","title":{"rendered":"Rezension des Spielautomaten Lion Gems: Hold and Win"},"content":{"rendered":"<p>Der Spielautomat Lion Gems: Hold and Win ist ein aufregender Spielautomat, der den Spielern die einzigartige Gelegenheit bietet, in die Atmosph\u00e4re der afrikanischen Pr\u00e4rie einzutauchen und den Drang zu versp\u00fcren, Lion Gems Hold um echtes Geld zu spielen.<\/p>\n<p><img loading=\"lazy\" decoding=\"async\" class=\"aligncenter size-full wp-image-3294\" src=\"https:\/\/rocketplay-slot.com\/wp-content\/uploads\/2023\/08\/lion_gems__post_984x552.png\" alt=\"Lion Gems 1\" width=\"984\" height=\"552\" srcset=\"https:\/\/rocketplay-slot.com\/wp-content\/uploads\/2023\/08\/lion_gems__post_984x552.png 984w, https:\/\/rocketplay-slot.com\/wp-content\/uploads\/2023\/08\/lion_gems__post_984x552-300x168.png 300w, https:\/\/rocketplay-slot.com\/wp-content\/uploads\/2023\/08\/lion_gems__post_984x552-768x431.png 768w\" sizes=\"auto, (max-width: 984px) 100vw, 984px\" \/><\/p>\n<h2>AUFREGENDES GAMEPLAY LION GEMS: HALTEN UND GEWINNEN<\/h2>\n<p>Lion Gems Hold and Win \u2013 ein heller und farbenfroher Spielautomat mit f\u00fcnf Walzen und 25 Gewinnlinien. Das Thema des Slots ist dem Leben in der Wildnis afrikanischer L\u00e4nder gewidmet und zu den Symbolen geh\u00f6ren L\u00f6wen, Elefanten, Giraffen und andere Bewohner der Savanne. Hochwertige Grafiken und stimmungsvoller Sound lassen Spieler in die wunderbare Welt der afrikanischen Natur eintauchen.<\/p>\n<h2>FUNKTIONEN UND BONI VON LION GEMS: HALTEN UND GEWINNEN<\/h2>\n<p>Die Rezension zu Lion Gems: Hold and Win bietet verschiedene interessante Funktionen und Boni:<\/p>\n<ul>\n<li>Hold-and-Win-Bonus \u2013 wenn mehrere Edelsteinsymbole auf die Walzen fallen, wird der Hold-and-Win-Modus aktiviert. Spieler haben die M\u00f6glichkeit, riesige Gewinne zu erzielen und au\u00dferdem einen der drei Jackpots zu gewinnen.<\/li>\n<li>Freispiele \u2013 wenn drei oder mehr Scatter-Symbole fallen, erhalten Spieler Freispiele mit erh\u00f6hten Gewinnchancen.<\/li>\n<\/ul>\n<h2>WIE MAN LION GEMS SPIELT: HALTEN UND GEWINNEN SIE DEN SLOT UM ECHTES GELD<\/h2>\n<p>Um den Lion Gems: Hold and Win-Slot um echtes Geld zu spielen, m\u00fcssen Sie ein zuverl\u00e4ssiges Online-Casino ausw\u00e4hlen, das diesen Automaten anbietet. Dann sollten Sie sich auf der Casino-Website registrieren, Ihr Spielkonto auff\u00fcllen und im Slot-Bereich Lion Gems: Hold and Win ausw\u00e4hlen.<\/p>\n<h2 style=\"font-family: Rubik, sans-serif;\"><img loading=\"lazy\" decoding=\"async\" class=\"aligncenter size-full wp-image-3285\" src=\"https:\/\/rocketplay-slot.com\/wp-content\/uploads\/2023\/08\/lion-gems-hold-and-win-ss.jpg\" alt=\"Lion Gems 2\" width=\"850\" height=\"483\" srcset=\"https:\/\/rocketplay-slot.com\/wp-content\/uploads\/2023\/08\/lion-gems-hold-and-win-ss.jpg 850w, https:\/\/rocketplay-slot.com\/wp-content\/uploads\/2023\/08\/lion-gems-hold-and-win-ss-300x170.jpg 300w, https:\/\/rocketplay-slot.com\/wp-content\/uploads\/2023\/08\/lion-gems-hold-and-win-ss-768x436.jpg 768w\" sizes=\"auto, (max-width: 850px) 100vw, 850px\" \/><\/h2>\n<h2>TIPPS, UM IHRE GEWINNE ZU ERH\u00d6HEN<\/h2>\n<p>Um Ihre Gewinnchancen am Lion Gems: Hold and Win-Slot zu erh\u00f6hen, wird empfohlen, die folgenden Tipps zu beachten:<\/p>\n<ul>\n<li>Legen Sie optimale Wetten fest \u2013 w\u00e4hlen Sie Wetten, die zu Ihrem Budget passen und es Ihnen erm\u00f6glichen, das Spiel \u00fcber einen l\u00e4ngeren Zeitraum hinweg zu genie\u00dfen.<\/li>\n<li>Nutzen Sie den Hold and Win-Bonus \u2013 nehmen Sie aktiv am Hold and Win-Modus teil, um Ihre Chancen auf gro\u00dfe Gewinne zu erh\u00f6hen.<\/li>\n<li>Spielen Sie verantwortungsbewusst \u2013 denken Sie daran, dass Gl\u00fccksspiel s\u00fcchtig machen kann, also spielen Sie verantwortungsbewusst und legen Sie Wettlimits fest.<\/li>\n<\/ul>\n<h2>ABSCHLUSS<\/h2>\n<p>Lion Gems: Hold and Win ist ein aufregender Spielautomat mit leuchtender Grafik und aufregendem Gameplay. Boni und Funktionen des Spielautomaten erm\u00f6glichen es den Spielern, gro\u00dfe Gewinne zu erzielen und die Spannung in vollen Z\u00fcgen zu genie\u00dfen. Wenn Sie auf der Suche nach einem Qualit\u00e4tsspiel mit der M\u00f6glichkeit sind, echtes Geld zu gewinnen, ist Lion Gems: Hold and Win Ihre Aufmerksamkeit wert. Spielen Sie Lion Gems: Hold and Win verantwortungsvoll und viel Gl\u00fcck auf Ihrer Gl\u00fccksspielreise!<\/p>\n","protected":false},"excerpt":{"rendered":"<p>Der Spielautomat Lion Gems: Hold and Win ist ein aufregender Spielautomat, der den Spielern die einzigartige Gelegenheit bietet, in die Atmosph\u00e4re der afrikanischen Pr\u00e4rie einzutauchen und den Drang zu versp\u00fcren, Lion Gems Hold um echtes Geld zu spielen. AUFREGENDES GAMEPLAY LION GEMS: HALTEN UND GEWINNEN Lion Gems Hold and Win \u2013 ein heller und farbenfroher&#8230;<\/p>\n","protected":false},"author":1,"featured_media":0,"parent":0,"menu_order":0,"comment_status":"closed","ping_status":"closed","template":"","meta":{"_acf_changed":false,"_kad_post_transparent":"default","_kad_post_title":"default","_kad_post_layout":"default","_kad_post_sidebar_id":"","_kad_post_content_style":"default","_kad_post_vertical_padding":"default","_kad_post_feature":"","_kad_post_feature_position":"","_kad_post_header":false,"_kad_post_footer":false,"footnotes":""},"class_list":["post-3466","page","type-page","status-publish","hentry"],"acf":[],"rttpg_featured_image_url":null,"rttpg_author":{"display_name":"Elvis","author_link":"https:\/\/rocketplay-slot.com\/de\/author\/pemvas95n89x\/"},"rttpg_comment":0,"rttpg_category":null,"rttpg_excerpt":"Der Spielautomat Lion Gems: Hold and Win ist ein aufregender Spielautomat, der den Spielern die einzigartige Gelegenheit bietet, in die Atmosph\u00e4re der afrikanischen Pr\u00e4rie einzutauchen und den Drang zu versp\u00fcren, Lion Gems Hold um echtes Geld zu spielen. AUFREGENDES GAMEPLAY LION GEMS: HALTEN UND GEWINNEN Lion Gems Hold and Win \u2013 ein heller und farbenfroher...","_links":{"self":[{"href":"https:\/\/rocketplay-slot.com\/de\/wp-json\/wp\/v2\/pages\/3466","targetHints":{"allow":["GET"]}}],"collection":[{"href":"https:\/\/rocketplay-slot.com\/de\/wp-json\/wp\/v2\/pages"}],"about":[{"href":"https:\/\/rocketplay-slot.com\/de\/wp-json\/wp\/v2\/types\/page"}],"author":[{"embeddable":true,"href":"https:\/\/rocketplay-slot.com\/de\/wp-json\/wp\/v2\/users\/1"}],"replies":[{"embeddable":true,"href":"https:\/\/rocketplay-slot.com\/de\/wp-json\/wp\/v2\/comments?post=3466"}],"version-history":[{"count":2,"href":"https:\/\/rocketplay-slot.com\/de\/wp-json\/wp\/v2\/pages\/3466\/revisions"}],"predecessor-version":[{"id":3468,"href":"https:\/\/rocketplay-slot.com\/de\/wp-json\/wp\/v2\/pages\/3466\/revisions\/3468"}],"wp:attachment":[{"href":"https:\/\/rocketplay-slot.com\/de\/wp-json\/wp\/v2\/media?parent=3466"}],"curies":[{"name":"wp","href":"https:\/\/api.w.org\/{rel}","templated":true}]}}