{"id":3498,"date":"2023-08-17T12:27:24","date_gmt":"2023-08-17T09:27:24","guid":{"rendered":"https:\/\/rocketplay-slot.com\/cash-pig\/"},"modified":"2025-11-24T20:19:06","modified_gmt":"2025-11-24T17:19:06","slug":"cash-pig","status":"publish","type":"page","link":"https:\/\/rocketplay-slot.com\/de\/cash-pig\/","title":{"rendered":"Rezension zum Spielautomaten Cash Pig"},"content":{"rendered":"<p>Cash Pig ist ein aufregender Online-Spielautomat, der es Spielern erm\u00f6glicht, in eine Welt voller Abenteuer und aufregender Spielabl\u00e4ufe einzutauchen. In diesem Artikel erkl\u00e4ren wir Ihnen, wie Sie Cash Pig spielen, gehen auf die Funktionen dieses Spielautomaten ein, geben einen \u00dcberblick \u00fcber die Hauptfunktionen und geben Tipps, wie Sie Ihre Gewinne steigern k\u00f6nnen. Also lasst uns anfangen!<\/p>\n<p><img loading=\"lazy\" decoding=\"async\" class=\"aligncenter size-full wp-image-3315\" src=\"https:\/\/rocketplay-slot.com\/wp-content\/uploads\/2023\/08\/maxresdefault-2.jpg\" alt=\"Cash Pig slot machine review 1\" width=\"1273\" height=\"487\" srcset=\"https:\/\/rocketplay-slot.com\/wp-content\/uploads\/2023\/08\/maxresdefault-2.jpg 1273w, https:\/\/rocketplay-slot.com\/wp-content\/uploads\/2023\/08\/maxresdefault-2-300x115.jpg 300w, https:\/\/rocketplay-slot.com\/wp-content\/uploads\/2023\/08\/maxresdefault-2-1024x392.jpg 1024w, https:\/\/rocketplay-slot.com\/wp-content\/uploads\/2023\/08\/maxresdefault-2-768x294.jpg 768w\" sizes=\"auto, (max-width: 1273px) 100vw, 1273px\" \/><\/p>\n<h2>Kennenlernen des Spielautomaten CASH PIG<\/h2>\n<p>Cash Pig ist ein heller und farbenfroher Spielautomat mit f\u00fcnf Walzen und 20 Gewinnlinien. Das Thema des Slots ist Abenteuern in der Landwirtschaft gewidmet und die Symbole umfassen verschiedene Tiere, Schatztruhen und andere Attribute des Bauernlebens. Hochwertige Grafiken und ein angenehmer Soundtrack machen das Spielen von Cash Pig besonders spannend.<\/p>\n<h2>WIE MAN CASH PIG SPIELT<\/h2>\n<p>Das Spielen des Cash Pig-Online-Slots ist ganz einfach. Zuerst m\u00fcssen Sie ein zuverl\u00e4ssiges Online-Casino ausw\u00e4hlen, das diesen Spielautomaten anbietet. Dann sollten Sie sich auf der Website des Casinos registrieren, Ihr Spielkonto aufladen und im Slot-Bereich Cash Pig ausw\u00e4hlen. Sie k\u00f6nnen Cash Pig auch kostenlos im Demomodus spielen, um sich mit den Regeln und Funktionen des Spiels vertraut zu machen.<\/p>\n<h2>CASH PIG-FUNKTIONEN UND BONI<\/h2>\n<p>Die Cash Pig Online-Slot-Rezension bietet verschiedene interessante Funktionen und Boni:<\/p>\n<ul>\n<li>Bonussymbole \u2013 spezielle Symbole fallen auf die Walzen, die Bonusrunden und Freispiele aktivieren.<\/li>\n<li>Wild-Symbole \u2013 Symbole mit einem Zwergschwein sind Wild-Symbole und k\u00f6nnen andere Symbole ersetzen, um Gewinnkombinationen zu bilden.<\/li>\n<li>Freispiele \u2013 Wenn drei oder mehr Truhensymbole erscheinen, erhalten Spieler Freispiele mit erh\u00f6hten Gewinnchancen.<\/li>\n<\/ul>\n<p><img loading=\"lazy\" decoding=\"async\" class=\"aligncenter size-full wp-image-3306\" src=\"https:\/\/rocketplay-slot.com\/wp-content\/uploads\/2023\/08\/cash-pig.jpg\" alt=\"Cash Pig slot machine review 2\" width=\"838\" height=\"449\" srcset=\"https:\/\/rocketplay-slot.com\/wp-content\/uploads\/2023\/08\/cash-pig.jpg 838w, https:\/\/rocketplay-slot.com\/wp-content\/uploads\/2023\/08\/cash-pig-300x161.jpg 300w, https:\/\/rocketplay-slot.com\/wp-content\/uploads\/2023\/08\/cash-pig-768x411.jpg 768w\" sizes=\"auto, (max-width: 838px) 100vw, 838px\" \/><\/p>\n<h2>TIPPS, UM IHRE GEWINNE ZU ERH\u00d6HEN<\/h2>\n<p>Um Ihre Gewinnchancen bei Cash Pig zu erh\u00f6hen, empfiehlt es sich, sich an die folgenden Tipps zu halten:<\/p>\n<ul>\n<li>Spielen Sie mit maximalen Eins\u00e4tzen \u2013 w\u00e4hlen Sie Wetten, die zu Ihrem Budget passen und es Ihnen erm\u00f6glichen, Ihre Gewinne zu maximieren.<\/li>\n<li>Nutzen Sie Bonusrunden \u2013 nehmen Sie aktiv an Bonusrunden und Freispielen teil, um Ihre Chancen auf gro\u00dfe Gewinne zu erh\u00f6hen.<\/li>\n<li>Verwalten Sie Ihr Guthaben \u2013 behalten Sie Ihr Gl\u00fccksspielkonto im Auge und legen Sie Wettlimits fest, um gro\u00dfe Verluste zu vermeiden.<\/li>\n<\/ul>\n<h2>ABSCHLUSS<\/h2>\n<p>Es handelt sich um einen aufregenden und s\u00fcchtig machenden Cash Pig-Spielautomaten, der Spielern die M\u00f6glichkeit gibt, Spannung zu erleben und ihre Gewinne zu steigern. Wenn Sie auf der Suche nach einem interessanten Spiel mit guten Gewinnchancen sind, ist Cash Pig eine gute Wahl. Spielen Sie den Spielautomaten Cash Pig und genie\u00dfen Sie die lebhaften Emotionen und beeindruckenden Gewinne!<\/p>\n","protected":false},"excerpt":{"rendered":"<p>Cash Pig ist ein aufregender Online-Spielautomat, der es Spielern erm\u00f6glicht, in eine Welt voller Abenteuer und aufregender Spielabl\u00e4ufe einzutauchen. In diesem Artikel erkl\u00e4ren wir Ihnen, wie Sie Cash Pig spielen, gehen auf die Funktionen dieses Spielautomaten ein, geben einen \u00dcberblick \u00fcber die Hauptfunktionen und geben Tipps, wie Sie Ihre Gewinne steigern k\u00f6nnen. Also lasst uns&#8230;<\/p>\n","protected":false},"author":1,"featured_media":0,"parent":0,"menu_order":0,"comment_status":"closed","ping_status":"closed","template":"","meta":{"_acf_changed":false,"_kad_post_transparent":"default","_kad_post_title":"default","_kad_post_layout":"default","_kad_post_sidebar_id":"","_kad_post_content_style":"default","_kad_post_vertical_padding":"default","_kad_post_feature":"","_kad_post_feature_position":"","_kad_post_header":false,"_kad_post_footer":false,"footnotes":""},"class_list":["post-3498","page","type-page","status-publish","hentry"],"acf":[],"rttpg_featured_image_url":null,"rttpg_author":{"display_name":"Elvis","author_link":"https:\/\/rocketplay-slot.com\/de\/author\/pemvas95n89x\/"},"rttpg_comment":0,"rttpg_category":null,"rttpg_excerpt":"Cash Pig ist ein aufregender Online-Spielautomat, der es Spielern erm\u00f6glicht, in eine Welt voller Abenteuer und aufregender Spielabl\u00e4ufe einzutauchen. In diesem Artikel erkl\u00e4ren wir Ihnen, wie Sie Cash Pig spielen, gehen auf die Funktionen dieses Spielautomaten ein, geben einen \u00dcberblick \u00fcber die Hauptfunktionen und geben Tipps, wie Sie Ihre Gewinne steigern k\u00f6nnen. Also lasst uns...","_links":{"self":[{"href":"https:\/\/rocketplay-slot.com\/de\/wp-json\/wp\/v2\/pages\/3498","targetHints":{"allow":["GET"]}}],"collection":[{"href":"https:\/\/rocketplay-slot.com\/de\/wp-json\/wp\/v2\/pages"}],"about":[{"href":"https:\/\/rocketplay-slot.com\/de\/wp-json\/wp\/v2\/types\/page"}],"author":[{"embeddable":true,"href":"https:\/\/rocketplay-slot.com\/de\/wp-json\/wp\/v2\/users\/1"}],"replies":[{"embeddable":true,"href":"https:\/\/rocketplay-slot.com\/de\/wp-json\/wp\/v2\/comments?post=3498"}],"version-history":[{"count":2,"href":"https:\/\/rocketplay-slot.com\/de\/wp-json\/wp\/v2\/pages\/3498\/revisions"}],"predecessor-version":[{"id":3500,"href":"https:\/\/rocketplay-slot.com\/de\/wp-json\/wp\/v2\/pages\/3498\/revisions\/3500"}],"wp:attachment":[{"href":"https:\/\/rocketplay-slot.com\/de\/wp-json\/wp\/v2\/media?parent=3498"}],"curies":[{"name":"wp","href":"https:\/\/api.w.org\/{rel}","templated":true}]}}