{"id":3616,"date":"2024-01-22T21:39:33","date_gmt":"2024-01-22T18:39:33","guid":{"rendered":"https:\/\/rocketplay-slot.com\/bonus-policy\/"},"modified":"2024-01-22T22:32:54","modified_gmt":"2024-01-22T19:32:54","slug":"bonus-policy","status":"publish","type":"page","link":"https:\/\/rocketplay-slot.com\/de\/bonus-policy\/","title":{"rendered":"Bonusrichtlinie"},"content":{"rendered":"<p>In der dynamischen Welt der Online-Casinos suchen Spieler st\u00e4ndig nach Plattformen, die eine umfangreiche Auswahl an Spielen bieten und lukrative Anreize bieten, um ihre Spielerfahrung zu bereichern. RocketPlay Casino sticht in dieser Landschaft als Leuchtturm hervor, nicht nur durch seine vielf\u00e4ltigen Spieloptionen, sondern auch durch seine transparente und spielerorientierte Bonuspolitik. Lassen Sie uns in die Feinheiten der Bonusrichtlinien von RocketPlay Casino eintauchen, um zu verstehen, wie sie dem Spielerlebnis eine zus\u00e4tzliche Ebene an Spannung verleihen.<\/p>\n<h2>Willkommensboni: Starten Sie Ihr Abenteuer<\/h2>\n<p>RocketPlay Casino hei\u00dft neue Spieler mit offenen Armen willkommen und bietet verlockende Willkommensbonusse. Diese Boni sollen Ihr Spielabenteuer mit zus\u00e4tzlichen Mitteln ankurbeln. Unabh\u00e4ngig davon, ob Sie ein erfahrener Spieler oder ein Neuling sind, fungiert der Willkommensbonus als Katalysator und bietet zus\u00e4tzliche Ressourcen, um die gro\u00dfe Auswahl an Spielen auf der Plattform zu erkunden.<\/p>\n<p>Die Struktur des Willkommensbonus im RocketPlay Casino ist gro\u00dfz\u00fcgig und leicht verst\u00e4ndlich. Spieler k\u00f6nnen sich auf eine Kombination aus Einzahlungsspielen und Freispielen freuen, die ein perfektes Gleichgewicht f\u00fcr Slot-Enthusiasten und Tischspiel-Fans schaffen. Die transparenten Gesch\u00e4ftsbedingungen dieser Boni stellen sicher, dass Spieler ihre Spielreise mit Klarheit und Zuversicht beginnen.<\/p>\n<h2>Reload-Boni: Den Nervenkitzel aufrechterhalten<\/h2>\n<p>RocketPlay Casino geht \u00fcber den anf\u00e4nglichen Willkommensgru\u00df hinaus und sorgt daf\u00fcr, dass die Spannung auch im Laufe der Zeit gro\u00df bleibt. Betreten Sie das Reich der Reload-Boni, wo Spieler f\u00fcr ihre Treue und ihr konsistentes Gameplay belohnt werden. Diese Boni zeugen vom Engagement von RocketPlay f\u00fcr die Schaffung einer lohnenden und nachhaltigen Spielumgebung.<\/p>\n<p>Reload-Boni kommen normalerweise ins Spiel, wenn Spieler nach der ersten Willkommensphase weitere Einzahlungen t\u00e4tigen. Diese Boni sind oft gestaffelt, d. h. je mehr Sie in Ihr Spielerlebnis investieren, desto umfangreicher wird der Bonus. RocketPlay Casino sch\u00e4tzt die Loyalit\u00e4t der Spieler und die Reload-Boni sind ein Ausdruck der Dankbarkeit an diejenigen, die sich daf\u00fcr entschieden haben, diese Plattform zu ihrem Gaming-Zuhause zu machen.<\/p>\n<h2>Freispiele: Das Gl\u00fccksrad drehen<\/h2>\n<p>RocketPlay Casino bietet im Rahmen seiner Bonusrichtlinien eine F\u00fclle von Freispielen f\u00fcr Spielautomaten-Enthusiasten, die Freude daran haben, die Walzen zu drehen. Diese Freispiele k\u00f6nnen mit verschiedenen Werbeaktionen verbunden werden, darunter Willkommensboni und Reload-Boni, wodurch Spieler zus\u00e4tzliche Gewinnchancen erhalten, ohne ihr Guthaben zu ersch\u00f6pfen.<\/p>\n<p>Das Sch\u00f6ne an Freispielen liegt in ihrer Einfachheit und Vielseitigkeit. Sie k\u00f6nnen an bestimmte Spielautomatenspiele gebunden oder als allgemeiner Bonus angeboten werden, sodass Spieler neue Titel entdecken oder sich ihren absoluten Favoriten hingeben k\u00f6nnen. RocketPlay Casino aktualisiert regelm\u00e4\u00dfig seine Freispielangebote, um sicherzustellen, dass sich die Spieler immer auf etwas Neues und Aufregendes freuen k\u00f6nnen.<\/p>\n<h2>Wettanforderungen: Ein Gleichgewicht herstellen<\/h2>\n<p>W\u00e4hrend Boni das Spielerlebnis noch spannender machen, sorgt RocketPlay Casino durch seine klar definierten Wettanforderungen f\u00fcr Fairness und Transparenz. Wettanforderungen sind ein h\u00e4ufiger Aspekt von Online-Casino-Boni, und RocketPlay stellt sicher, dass sie ein Gleichgewicht zwischen der Belohnung der Spieler und der Wahrung der Integrit\u00e4t der Plattform gew\u00e4hrleisten.<\/p>\n<p>Die Wettanforderungen des Casinos sind in den mit jedem Bonus verbundenen Gesch\u00e4ftsbedingungen klar dargelegt. Auf diese Weise gibt RocketPlay Casino den Spielern das Wissen an die Hand, fundierte Entscheidungen zu treffen. Das Engagement des Casinos f\u00fcr Fairplay zeigt sich in seinen angemessenen Wettanforderungen, die sicherstellen, dass die Spieler ihre Gewinne ohne unn\u00f6tige Hindernisse genie\u00dfen k\u00f6nnen.<\/p>\n<h2>VIP-Programm: H\u00f6here Belohnungen f\u00fcr die Elite<\/h2>\n<p>RocketPlay Casino geht dar\u00fcber hinaus und bietet ein VIP-Programm an, das die Spielerpr\u00e4mien auf ein neues Niveau hebt. Das VIP-Programm richtet sich an die engagiertesten und erfolgreichsten Spieler des Casinos und bietet exklusive Verg\u00fcnstigungen und Boni, die auf individuelle Vorlieben zugeschnitten sind.<\/p>\n<p>VIP-Mitglieder im RocketPlay Casino genie\u00dfen ein personalisiertes Spielerlebnis mit engagierten Account Managern, schnelleren Auszahlungszeiten und ma\u00dfgeschneiderten Werbeaktionen. Das VIP-Programm ist ein Beispiel f\u00fcr das Engagement von RocketPlay, die Loyalit\u00e4t seiner angesehensten Spieler anzuerkennen und zu belohnen und so eine gehobene und erstklassige Spielumgebung zu schaffen.<\/p>\n<p>In der riesigen Landschaft der Online-Casinos zeichnet sich RocketPlay Casino durch seine umfangreiche Spielbibliothek und seine spielerzentrierten Bonusrichtlinien aus. Von dem Moment an, in dem sich Spieler anmelden und ihren Willkommensbonus beanspruchen, bis hin zur anhaltenden Spannung der Reload-Boni und den exklusiven Verg\u00fcnstigungen des VIP-Programms stellt RocketPlay Casino sicher, dass jede Spielreise von gro\u00dfz\u00fcgigen Belohnungen begleitet wird.<\/p>\n<p>Die transparente und faire Herangehensweise an Boni und angemessene Wettanforderungen zeichnen RocketPlay Casino als eine Plattform aus, die das Spielererlebnis in den Vordergrund stellt. Schnallen Sie sich also an und bereiten Sie sich auf ein aufregendes Spielabenteuer vor, das von der un\u00fcbertroffenen Bonusrichtlinie von RocketPlay Casino angetrieben wird.<\/p>\n","protected":false},"excerpt":{"rendered":"<p>In der dynamischen Welt der Online-Casinos suchen Spieler st\u00e4ndig nach Plattformen, die eine umfangreiche Auswahl an Spielen bieten und lukrative Anreize bieten, um ihre Spielerfahrung zu bereichern. RocketPlay Casino sticht in dieser Landschaft als Leuchtturm hervor, nicht nur durch seine vielf\u00e4ltigen Spieloptionen, sondern auch durch seine transparente und spielerorientierte Bonuspolitik. Lassen Sie uns in die&#8230;<\/p>\n","protected":false},"author":1,"featured_media":0,"parent":0,"menu_order":0,"comment_status":"closed","ping_status":"closed","template":"","meta":{"_acf_changed":false,"_kad_post_transparent":"default","_kad_post_title":"default","_kad_post_layout":"default","_kad_post_sidebar_id":"","_kad_post_content_style":"default","_kad_post_vertical_padding":"default","_kad_post_feature":"","_kad_post_feature_position":"","_kad_post_header":false,"_kad_post_footer":false,"footnotes":""},"class_list":["post-3616","page","type-page","status-publish","hentry"],"acf":[],"rttpg_featured_image_url":null,"rttpg_author":{"display_name":"Elvis","author_link":"https:\/\/rocketplay-slot.com\/de\/author\/pemvas95n89x\/"},"rttpg_comment":0,"rttpg_category":null,"rttpg_excerpt":"In der dynamischen Welt der Online-Casinos suchen Spieler st\u00e4ndig nach Plattformen, die eine umfangreiche Auswahl an Spielen bieten und lukrative Anreize bieten, um ihre Spielerfahrung zu bereichern. RocketPlay Casino sticht in dieser Landschaft als Leuchtturm hervor, nicht nur durch seine vielf\u00e4ltigen Spieloptionen, sondern auch durch seine transparente und spielerorientierte Bonuspolitik. Lassen Sie uns in die...","_links":{"self":[{"href":"https:\/\/rocketplay-slot.com\/de\/wp-json\/wp\/v2\/pages\/3616","targetHints":{"allow":["GET"]}}],"collection":[{"href":"https:\/\/rocketplay-slot.com\/de\/wp-json\/wp\/v2\/pages"}],"about":[{"href":"https:\/\/rocketplay-slot.com\/de\/wp-json\/wp\/v2\/types\/page"}],"author":[{"embeddable":true,"href":"https:\/\/rocketplay-slot.com\/de\/wp-json\/wp\/v2\/users\/1"}],"replies":[{"embeddable":true,"href":"https:\/\/rocketplay-slot.com\/de\/wp-json\/wp\/v2\/comments?post=3616"}],"version-history":[{"count":1,"href":"https:\/\/rocketplay-slot.com\/de\/wp-json\/wp\/v2\/pages\/3616\/revisions"}],"predecessor-version":[{"id":3617,"href":"https:\/\/rocketplay-slot.com\/de\/wp-json\/wp\/v2\/pages\/3616\/revisions\/3617"}],"wp:attachment":[{"href":"https:\/\/rocketplay-slot.com\/de\/wp-json\/wp\/v2\/media?parent=3616"}],"curies":[{"name":"wp","href":"https:\/\/api.w.org\/{rel}","templated":true}]}}