{"id":3640,"date":"2024-01-22T20:16:05","date_gmt":"2024-01-22T17:16:05","guid":{"rendered":"https:\/\/rocketplay-slot.com\/contact-us\/"},"modified":"2024-01-22T22:46:32","modified_gmt":"2024-01-22T19:46:32","slug":"contact-us","status":"publish","type":"page","link":"https:\/\/rocketplay-slot.com\/de\/contact-us\/","title":{"rendered":"Kontaktiere uns"},"content":{"rendered":"<p>Willkommen im RocketPlay Casino, wo spannende Spielerlebnisse auf erstklassigen Kundensupport treffen. Unser Engagement f\u00fcr Ihre Zufriedenheit erstreckt sich auch auf unseren engagierten Kontaktservice. Egal, ob Sie Fragen oder Feedback haben oder Hilfe ben\u00f6tigen, wir sind hier, um Ihr RocketPlay-Erlebnis reibungslos und angenehm zu gestalten.<\/p>\n<h2>Erreichen Sie jederzeit und \u00fcberall<\/h2>\n<p>Wir bei RocketPlay Casino verstehen, dass jederzeit Fragen auftauchen k\u00f6nnen. Aus diesem Grund steht Ihnen unsere Kontaktfunktion rund um die Uhr zur Verf\u00fcgung, sodass Sie uns jederzeit kontaktieren k\u00f6nnen, wenn Sie Hilfe ben\u00f6tigen. Ganz gleich, ob Sie ein Nachtschw\u00e4rmer sind, der bis sp\u00e4t in die Nacht Spins genie\u00dft, oder ein Fr\u00fchaufsteher, der sich den morgendlichen Jackpot schnappt, unser Support-Team ist rund um die Uhr f\u00fcr Sie da.<\/p>\n<h2>Mehrere Kan\u00e4le f\u00fcr Komfort<\/h2>\n<p>Wir sch\u00e4tzen Ihre Zeit und verstehen, dass jeder seine bevorzugten Kommunikationsmittel hat. Deshalb bieten wir mehrere Kan\u00e4le an, um mit uns in Kontakt zu treten. Egal, ob Sie die Unmittelbarkeit eines Live-Chats, die Formalit\u00e4t einer E-Mail oder die Vertrautheit eines Telefonanrufs bevorzugen, bei RocketPlay Casino sind Sie an der richtigen Adresse. Unsere vielf\u00e4ltigen Kontaktm\u00f6glichkeiten stellen sicher, dass Sie den Weg w\u00e4hlen k\u00f6nnen, der Ihren Bed\u00fcrfnissen und Vorlieben am besten entspricht.<\/p>\n<h2>Sofortige Hilfe mit Live-Chat<\/h2>\n<p>Unsere Live-Chat-Funktion ist Ihre Anlaufstelle f\u00fcr schnellen Support in Echtzeit. Nehmen Sie sofort Kontakt zu unseren kompetenten Supportmitarbeitern auf, sodass Sie alle Fragen oder Bedenken ohne Verz\u00f6gerung kl\u00e4ren k\u00f6nnen. Egal, ob Sie Fragen zu Spielregeln, Kontoverwaltung oder Werbeaktionen haben, unser Live-Chat-Support ist darauf ausgelegt, Ihnen sofortige L\u00f6sungen zur Verf\u00fcgung zu stellen.<\/p>\n<h2>E-Mail f\u00fcr umfassenden Support<\/h2>\n<p>Wenn Sie eine ausf\u00fchrlichere Erkl\u00e4rung w\u00fcnschen oder Dokumente beif\u00fcgen m\u00fcssen, steht Ihnen unser E-Mail-Support gerne zur Verf\u00fcgung. Bitte senden Sie uns eine E-Mail an support@rocketplaycasino.com. Unser engagiertes Team wird Ihnen umgehend antworten. Ob Kontoverifizierung, Zahlungsprobleme oder allgemeines Feedback \u2013 unser E-Mail-Support gew\u00e4hrleistet umfassende Unterst\u00fctzung bei allen Ihren Casino-Anfragen.<\/p>\n<h2>Sprechen Sie direkt mit unserem Team<\/h2>\n<p>\u00dcber unseren Telefonsupport k\u00f6nnen Sie f\u00fcr eine pers\u00f6nlichere Note direkt mit unserem Expertenteam sprechen. W\u00e4hlen Sie unsere geb\u00fchrenfreie Nummer und unsere freundlichen Support-Mitarbeiter helfen Ihnen bei allen Problemen, auf die Sie sto\u00dfen. Von technischen St\u00f6rungen bis hin zur Kontoverwaltung ist unser Telefonsupport bestrebt, Ihnen die Hilfe, die Sie ben\u00f6tigen, klar und pr\u00e4gnant zu bieten.<\/p>\n<p>\u201eKontakt\u201c von RocketPlay Casino ist nicht nur ein Service; Es ist eine Verpflichtung, beispiellosen Support zu bieten und sicherzustellen, dass Ihre Gaming-Reise mit uns au\u00dfergew\u00f6hnlich ist. Z\u00f6gern Sie nicht, uns zu kontaktieren \u2013 wir sind hier, um Ihr RocketPlay-Erlebnis auf jede erdenkliche Weise zu verbessern.<\/p>\n","protected":false},"excerpt":{"rendered":"<p>Willkommen im RocketPlay Casino, wo spannende Spielerlebnisse auf erstklassigen Kundensupport treffen. Unser Engagement f\u00fcr Ihre Zufriedenheit erstreckt sich auch auf unseren engagierten Kontaktservice. Egal, ob Sie Fragen oder Feedback haben oder Hilfe ben\u00f6tigen, wir sind hier, um Ihr RocketPlay-Erlebnis reibungslos und angenehm zu gestalten. Erreichen Sie jederzeit und \u00fcberall Wir bei RocketPlay Casino verstehen, dass&#8230;<\/p>\n","protected":false},"author":1,"featured_media":0,"parent":0,"menu_order":0,"comment_status":"closed","ping_status":"closed","template":"","meta":{"_acf_changed":false,"_kad_post_transparent":"default","_kad_post_title":"default","_kad_post_layout":"default","_kad_post_sidebar_id":"","_kad_post_content_style":"default","_kad_post_vertical_padding":"default","_kad_post_feature":"","_kad_post_feature_position":"","_kad_post_header":false,"_kad_post_footer":false,"footnotes":""},"class_list":["post-3640","page","type-page","status-publish","hentry"],"acf":[],"rttpg_featured_image_url":null,"rttpg_author":{"display_name":"Elvis","author_link":"https:\/\/rocketplay-slot.com\/de\/author\/pemvas95n89x\/"},"rttpg_comment":0,"rttpg_category":null,"rttpg_excerpt":"Willkommen im RocketPlay Casino, wo spannende Spielerlebnisse auf erstklassigen Kundensupport treffen. Unser Engagement f\u00fcr Ihre Zufriedenheit erstreckt sich auch auf unseren engagierten Kontaktservice. Egal, ob Sie Fragen oder Feedback haben oder Hilfe ben\u00f6tigen, wir sind hier, um Ihr RocketPlay-Erlebnis reibungslos und angenehm zu gestalten. Erreichen Sie jederzeit und \u00fcberall Wir bei RocketPlay Casino verstehen, dass...","_links":{"self":[{"href":"https:\/\/rocketplay-slot.com\/de\/wp-json\/wp\/v2\/pages\/3640","targetHints":{"allow":["GET"]}}],"collection":[{"href":"https:\/\/rocketplay-slot.com\/de\/wp-json\/wp\/v2\/pages"}],"about":[{"href":"https:\/\/rocketplay-slot.com\/de\/wp-json\/wp\/v2\/types\/page"}],"author":[{"embeddable":true,"href":"https:\/\/rocketplay-slot.com\/de\/wp-json\/wp\/v2\/users\/1"}],"replies":[{"embeddable":true,"href":"https:\/\/rocketplay-slot.com\/de\/wp-json\/wp\/v2\/comments?post=3640"}],"version-history":[{"count":1,"href":"https:\/\/rocketplay-slot.com\/de\/wp-json\/wp\/v2\/pages\/3640\/revisions"}],"predecessor-version":[{"id":3641,"href":"https:\/\/rocketplay-slot.com\/de\/wp-json\/wp\/v2\/pages\/3640\/revisions\/3641"}],"wp:attachment":[{"href":"https:\/\/rocketplay-slot.com\/de\/wp-json\/wp\/v2\/media?parent=3640"}],"curies":[{"name":"wp","href":"https:\/\/api.w.org\/{rel}","templated":true}]}}