{"id":3667,"date":"2024-01-22T21:16:56","date_gmt":"2024-01-22T18:16:56","guid":{"rendered":"https:\/\/rocketplay-slot.com\/gdpr-policy\/"},"modified":"2024-01-22T23:02:37","modified_gmt":"2024-01-22T20:02:37","slug":"gdpr-policy","status":"publish","type":"page","link":"https:\/\/rocketplay-slot.com\/de\/gdpr-policy\/","title":{"rendered":"DSGVO-Richtlinie"},"content":{"rendered":"<p>RocketPlay Casino ist sich der Bedeutung der DSGVO bewusst, einer umfassenden Datenschutzverordnung, die eingef\u00fchrt wurde, um Einzelpersonen zu st\u00e4rken und ihre Kontrolle \u00fcber pers\u00f6nliche Daten zu verbessern. Unser Engagement f\u00fcr die Einhaltung der DSGVO geht \u00fcber die blo\u00dfe Einhaltung gesetzlicher Anforderungen hinaus. Es spiegelt unser Engagement f\u00fcr die Schaffung einer sicheren und spielerzentrierten Gaming-Plattform wider.<\/p>\n<h2>Umfang der Datenerhebung<\/h2>\n<p>Wenn Spieler mit RocketPlay Casino interagieren, werden bestimmte Informationen gesammelt, um ein reibungsloses Spielerlebnis zu gew\u00e4hrleisten. Zu diesen Daten geh\u00f6ren unter anderem pers\u00f6nliche Daten, Kontaktinformationen und Transaktionsaufzeichnungen. Es ist wichtig zu beachten, dass RocketPlay Casino nur die f\u00fcr den Spielbetrieb erforderlichen Informationen sammelt und alle Anstrengungen unternommen werden, um einen minimalistischen Ansatz bei der Datenerfassung sicherzustellen.<\/p>\n<h2>Rechtsgrundlage f\u00fcr die Datenverarbeitung<\/h2>\n<p>RocketPlay Casino verarbeitet Benutzerdaten auf Grundlage der in der DSGVO definierten Rechtsgrundlagen. Zu diesen Rechtsgrundlagen z\u00e4hlen die Notwendigkeit der Datenverarbeitung zur Vertragserf\u00fcllung, zur Einhaltung gesetzlicher Verpflichtungen, zum Schutz lebenswichtiger Interessen, zur Einwilligung, zur Wahrnehmung von Aufgaben im \u00f6ffentlichen Interesse oder zur Aus\u00fcbung \u00f6ffentlicher Gewalt sowie berechtigte Interessen von RocketPlay Casino oder ein Dritter.<\/p>\n<h2>Einwilligungsmechanismus<\/h2>\n<p>Das Einholen der Benutzereinwilligung ist ein Eckpfeiler unserer DSGVO-Compliance-Strategie. RocketPlay Casino stellt sicher, dass die Spieler gut \u00fcber die von uns erfassten Daten, deren Verwendung und ihre Rechte an personenbezogenen Daten informiert sind. Die Einwilligung wird ausdr\u00fccklich eingeholt und Spieler k\u00f6nnen ihre Einwilligung jederzeit widerrufen, ohne dass die Rechtm\u00e4\u00dfigkeit der Verarbeitung aufgrund der Einwilligung vor dem Widerruf ber\u00fchrt wird.<\/p>\n<h2>Datensicherheitsma\u00dfnahmen<\/h2>\n<p>RocketPlay Casino setzt modernste Sicherheitsma\u00dfnahmen ein, um Spielerdaten vor unbefugtem Zugriff, Offenlegung, \u00c4nderung und Zerst\u00f6rung zu sch\u00fctzen. Zu unseren robusten Sicherheitsprotokollen geh\u00f6ren Verschl\u00fcsselung, Zugriffskontrollen, regelm\u00e4\u00dfige Sicherheits\u00fcberpr\u00fcfungen und Mitarbeiterschulungen, um ein H\u00f6chstma\u00df an Datenschutz zu gew\u00e4hrleisten.<\/p>\n<h2>Datenminimierung und -aufbewahrung<\/h2>\n<p>Wir befolgen den Grundsatz der Datenminimierung und stellen sicher, dass wir nur die Informationen sammeln und speichern, die f\u00fcr den beabsichtigten Zweck erforderlich sind. RocketPlay Casino legt spezifische Aufbewahrungsfristen f\u00fcr verschiedene Datenkategorien fest und die Daten werden nach Ablauf der Aufbewahrungsfrist sicher und unwiderruflich gel\u00f6scht.<\/p>\n<h2>Spielerrechte gem\u00e4\u00df DSGVO<\/h2>\n<p>RocketPlay Casino anerkennt und respektiert die den Spielern gem\u00e4\u00df der DSGVO gew\u00e4hrten Rechte. Zu diesen Rechten geh\u00f6rt das Recht auf Zugang, Berichtigung, L\u00f6schung, Einschr\u00e4nkung der Verarbeitung und Widerspruch gegen die Verarbeitung personenbezogener Daten. Wir haben Mechanismen implementiert, um die Aus\u00fcbung dieser Rechte zu erleichtern und den Spielern die Kontrolle \u00fcber ihre pers\u00f6nlichen Daten zu erm\u00f6glichen.<\/p>\n<h2>Daten\u00fcbertragung und Verarbeitung durch Dritte<\/h2>\n<p>Unter bestimmten Umst\u00e4nden kann RocketPlay Casino Spielerdaten an Dritte weitergeben oder diese in Zusammenarbeit mit externen Dienstleistern verarbeiten. Solche \u00dcbermittlungen werden mit gr\u00f6\u00dfter Sorgfalt durchgef\u00fchrt und Dritte werden sorgf\u00e4ltig \u00fcberpr\u00fcft, um sicherzustellen, dass sie den DSGVO-Standards entsprechen. Zur Regelung der Datenverarbeitungst\u00e4tigkeiten werden Vertr\u00e4ge und Vereinbarungen geschlossen, wobei die Bedeutung des Datenschutzes betont wird.<\/p>\n<h2>Reaktion auf Vorf\u00e4lle und Benachrichtigung bei Verst\u00f6\u00dfen<\/h2>\n<p>Trotz unserer strengen Sicherheitsma\u00dfnahmen kann es zu unvorhergesehenen Zwischenf\u00e4llen kommen. Im Falle einer Datenschutzverletzung verpflichtet sich RocketPlay Casino zu einer zeitnahen und transparenten Kommunikation. Wir halten uns an die DSGVO-Anforderung, die zust\u00e4ndigen Aufsichtsbeh\u00f6rden und betroffenen Spieler unverz\u00fcglich zu benachrichtigen und Informationen \u00fcber die Art des Versto\u00dfes, seine m\u00f6glichen Folgen und die zu seiner Behebung ergriffenen Ma\u00dfnahmen bereitzustellen.<\/p>\n<h2>Regelm\u00e4\u00dfige DSGVO-Compliance-Audits und -Updates<\/h2>\n<p>RocketPlay Casino ist sich der Dynamik der digitalen Landschaft und der sich weiterentwickelnden Datenschutzbestimmungen bewusst. Um immer einen Schritt voraus zu sein, f\u00fchren wir regelm\u00e4\u00dfig DSGVO-Compliance-Audits durch und aktualisieren unsere Richtlinien und Praktiken, um den neuesten rechtlichen Anforderungen und technologischen Fortschritten Rechnung zu tragen.<\/p>\n<p>Zusammenfassend l\u00e4sst sich sagen, dass sich RocketPlay Casino unersch\u00fctterlich f\u00fcr die Einhaltung der DSGVO einsetzt und sicherstellt, dass Spielerdaten mit gr\u00f6\u00dfter Sorgfalt und Respekt behandelt werden. Unsere DSGVO-Richtlinie spiegelt unser Engagement f\u00fcr Transparenz, Sicherheit und den Schutz der Privatsph\u00e4re der Spieler in der sich st\u00e4ndig ver\u00e4ndernden Landschaft des Online-Gl\u00fccksspiels wider. W\u00e4hrend wir unser Spielangebot weiter verbessern, k\u00f6nnen unsere Spieler darauf vertrauen, dass ihre pers\u00f6nlichen Daten im RocketPlay Casino sicher sind.<\/p>\n","protected":false},"excerpt":{"rendered":"<p>RocketPlay Casino ist sich der Bedeutung der DSGVO bewusst, einer umfassenden Datenschutzverordnung, die eingef\u00fchrt wurde, um Einzelpersonen zu st\u00e4rken und ihre Kontrolle \u00fcber pers\u00f6nliche Daten zu verbessern. Unser Engagement f\u00fcr die Einhaltung der DSGVO geht \u00fcber die blo\u00dfe Einhaltung gesetzlicher Anforderungen hinaus. Es spiegelt unser Engagement f\u00fcr die Schaffung einer sicheren und spielerzentrierten Gaming-Plattform wider&#8230;.<\/p>\n","protected":false},"author":1,"featured_media":0,"parent":0,"menu_order":0,"comment_status":"closed","ping_status":"closed","template":"","meta":{"_acf_changed":false,"_kad_post_transparent":"default","_kad_post_title":"default","_kad_post_layout":"default","_kad_post_sidebar_id":"","_kad_post_content_style":"default","_kad_post_vertical_padding":"default","_kad_post_feature":"","_kad_post_feature_position":"","_kad_post_header":false,"_kad_post_footer":false,"footnotes":""},"class_list":["post-3667","page","type-page","status-publish","hentry"],"acf":[],"rttpg_featured_image_url":null,"rttpg_author":{"display_name":"Elvis","author_link":"https:\/\/rocketplay-slot.com\/de\/author\/pemvas95n89x\/"},"rttpg_comment":0,"rttpg_category":null,"rttpg_excerpt":"RocketPlay Casino ist sich der Bedeutung der DSGVO bewusst, einer umfassenden Datenschutzverordnung, die eingef\u00fchrt wurde, um Einzelpersonen zu st\u00e4rken und ihre Kontrolle \u00fcber pers\u00f6nliche Daten zu verbessern. Unser Engagement f\u00fcr die Einhaltung der DSGVO geht \u00fcber die blo\u00dfe Einhaltung gesetzlicher Anforderungen hinaus. Es spiegelt unser Engagement f\u00fcr die Schaffung einer sicheren und spielerzentrierten Gaming-Plattform wider....","_links":{"self":[{"href":"https:\/\/rocketplay-slot.com\/de\/wp-json\/wp\/v2\/pages\/3667","targetHints":{"allow":["GET"]}}],"collection":[{"href":"https:\/\/rocketplay-slot.com\/de\/wp-json\/wp\/v2\/pages"}],"about":[{"href":"https:\/\/rocketplay-slot.com\/de\/wp-json\/wp\/v2\/types\/page"}],"author":[{"embeddable":true,"href":"https:\/\/rocketplay-slot.com\/de\/wp-json\/wp\/v2\/users\/1"}],"replies":[{"embeddable":true,"href":"https:\/\/rocketplay-slot.com\/de\/wp-json\/wp\/v2\/comments?post=3667"}],"version-history":[{"count":1,"href":"https:\/\/rocketplay-slot.com\/de\/wp-json\/wp\/v2\/pages\/3667\/revisions"}],"predecessor-version":[{"id":3668,"href":"https:\/\/rocketplay-slot.com\/de\/wp-json\/wp\/v2\/pages\/3667\/revisions\/3668"}],"wp:attachment":[{"href":"https:\/\/rocketplay-slot.com\/de\/wp-json\/wp\/v2\/media?parent=3667"}],"curies":[{"name":"wp","href":"https:\/\/api.w.org\/{rel}","templated":true}]}}