{"id":3694,"date":"2024-01-22T21:30:34","date_gmt":"2024-01-22T18:30:34","guid":{"rendered":"https:\/\/rocketplay-slot.com\/kyc-policy\/"},"modified":"2024-01-22T23:15:05","modified_gmt":"2024-01-22T20:15:05","slug":"kyc-policy","status":"publish","type":"page","link":"https:\/\/rocketplay-slot.com\/de\/kyc-policy\/","title":{"rendered":"KYC-Richtlinie"},"content":{"rendered":"<p>KYC, ein grundlegendes Element in der Online-Gaming-Branche, bezieht sich auf den Prozess der \u00dcberpr\u00fcfung der Identit\u00e4t von Spielern, um die Risiken im Zusammenhang mit Betrug, Geldw\u00e4sche und Gl\u00fccksspiel von Minderj\u00e4hrigen zu mindern. RocketPlay Casino betrachtet KYC nicht nur als regulatorische Verpflichtung, sondern als entscheidenden Bestandteil seines Engagements, den Spielern eine sichere und vertrauensw\u00fcrdige Plattform bereitzustellen.<\/p>\n<h2>Der KYC-Prozess von RocketPlay Casino: einfach und doch streng<\/h2>\n<p>RocketPlay Casino hat seinen KYC-Prozess benutzerfreundlich gestaltet und gleichzeitig einen strengen Ansatz zur Identit\u00e4ts\u00fcberpr\u00fcfung beibehalten. Bei der Registrierung m\u00fcssen die Spieler grundlegende Informationen angeben, darunter ihren Namen, ihre Adresse, ihr Geburtsdatum und ihre Kontaktdaten. Um den Prozess zu rationalisieren, setzt das Casino modernste Technologie zur Dokumenten\u00fcberpr\u00fcfung ein und sorgt so f\u00fcr ein schnelles und effizientes Erlebnis f\u00fcr die Spieler.<\/p>\n<h2>Datensicherheit: Von gr\u00f6\u00dfter Bedeutung bei der KYC-Implementierung<\/h2>\n<p>Der Schutz von Spielerinformationen steht im Mittelpunkt der KYC-Richtlinie von RocketPlay Casino. Das Casino setzt modernste Verschl\u00fcsselungstechnologien ein, um die \u00dcbertragung und Speicherung sensibler Daten zu sichern. Spieler k\u00f6nnen darauf vertrauen, dass ihre pers\u00f6nlichen und finanziellen Daten mit h\u00f6chster Vertraulichkeit und unter Einhaltung branchenf\u00fchrender Sicherheitsstandards behandelt werden.<\/p>\n<h2>Alters\u00fcberpr\u00fcfung: Gl\u00fccksspiel verantwortungsvoll und legal halten<\/h2>\n<p>Eines der Hauptziele der KYC-Richtlinie von RocketPlay Casino besteht darin, das Gl\u00fccksspiel von Minderj\u00e4hrigen zu verhindern. Die Alters\u00fcberpr\u00fcfung ist ein entscheidender Schritt in diesem Prozess und erfordert von den Spielern die Vorlage g\u00fcltiger Ausweisdokumente, die belegen, dass sie das gesetzliche Mindestalter f\u00fcr Gl\u00fccksspiele erreicht haben. Dies stellt die Einhaltung regulatorischer Anforderungen sicher und f\u00f6rdert verantwortungsvolle Spielpraktiken.<\/p>\n<h2>Dokumentarische Anforderungen: Ein transparenter Ansatz<\/h2>\n<p>RocketPlay Casino sorgt f\u00fcr Transparenz in seinem KYC-Prozess, indem es die dokumentarischen Anforderungen f\u00fcr die Identit\u00e4ts\u00fcberpr\u00fcfung klar darlegt. In der Regel werden Spieler aufgefordert, einen amtlichen Lichtbildausweis, einen Adressnachweis und in einigen F\u00e4llen Finanzdokumente vorzulegen. Durch die Bereitstellung einer klaren Roadmap m\u00f6chte das Casino die Zusammenarbeit der Spieler f\u00f6rdern und den Verifizierungsprozess rationalisieren.<\/p>\n<h2>Schnelle Verifizierung: Minimierung der Unterbrechung des Spielerlebnisses<\/h2>\n<p>RocketPlay Casino ist sich der Bedeutung eines reibungslosen Spielerlebnisses bewusst und ist bestrebt, den KYC-Verifizierungsprozess zeitnah abzuschlie\u00dfen. Fortschrittliche Verifizierungstools stellen sicher, dass legitime Spieler mit minimalen St\u00f6rungen konfrontiert werden, sodass sie verschiedene Spiele ohne unn\u00f6tige Verz\u00f6gerungen genie\u00dfen k\u00f6nnen. Dieses Engagement f\u00fcr Effizienz ist ein Beweis f\u00fcr das Engagement von RocketPlay Casino f\u00fcr die Zufriedenheit der Spieler.<\/p>\n<h2>Verst\u00e4rkte Due Diligence: Wachsamkeit gegen betr\u00fcgerische Aktivit\u00e4ten<\/h2>\n<p>RocketPlay Casino geht proaktiv gegen betr\u00fcgerische Aktivit\u00e4ten vor, indem es erweiterte Due-Diligence-Ma\u00dfnahmen umsetzt. Dazu geh\u00f6rt die kontinuierliche \u00dcberwachung der Spielerkonten und -transaktionen, um verd\u00e4chtiges Verhalten rechtzeitig zu erkennen. Das engagierte Sicherheitsteam des Casinos arbeitet unerm\u00fcdlich daran, die Plattform zu sch\u00fctzen und den Spielern die Sicherheit zu geben, w\u00e4hrend sie ihren Lieblingsspielen fr\u00f6nen.<\/p>\n<h2>KYC und verantwortungsvolles Gl\u00fccksspiel: Eine symbiotische Beziehung<\/h2>\n<p>RocketPlay Casino betrachtet KYC als Compliance-Anforderung und als integralen Bestandteil der F\u00f6rderung verantwortungsvollen Gl\u00fccksspiels. Indem es sicherstellt, dass die Spieler vollj\u00e4hrig sind und sich an ethische Spielpraktiken halten, tr\u00e4gt das Casino zu einer sichereren und ges\u00fcnderen Spielumgebung bei. Das Engagement f\u00fcr verantwortungsvolles Spielen steht im Einklang mit der umfassenderen Mission von RocketPlay Casino, das Wohlergehen der Spieler in den Vordergrund zu stellen.<\/p>\n<h2>Kontinuierliche Compliance: Anpassung an regulatorische \u00c4nderungen<\/h2>\n<p>In der sich st\u00e4ndig weiterentwickelnden Landschaft der Online-Gl\u00fccksspielvorschriften bleibt RocketPlay Casino wachsam und anpassungsf\u00e4hig. Die KYC-Richtlinie wird regelm\u00e4\u00dfig aktualisiert, um sie an die neuesten Branchenstandards und regulatorischen Anforderungen anzupassen. Diese Verpflichtung zur Compliance unterstreicht das Engagement des Casinos f\u00fcr ethisches Handeln und die Wahrung des Vertrauens seiner Spielerbasis.<\/p>\n<h2>Spieler ausbilden: Eine gemeinsame Anstrengung<\/h2>\n<p>RocketPlay Casino glaubt an einen kollaborativen Ansatz bei der KYC-Implementierung. Das Casino ist bestrebt, Spieler \u00fcber die Bedeutung von KYC und seine Rolle bei der Schaffung einer sicheren Spielumgebung aufzukl\u00e4ren. Es werden klare Kommunikationskan\u00e4le eingerichtet, um den Spielern dabei zu helfen, die KYC-Anforderungen zu verstehen, ein Gef\u00fchl der Partnerschaft zu f\u00f6rdern und die Integrit\u00e4t der Spieleplattform aufrechtzuerhalten.<\/p>\n<h2>Das Spielerlebnis durch Vertrauen und Sicherheit verbessern<\/h2>\n<p>Zusammenfassend l\u00e4sst sich sagen, dass die KYC-Richtlinie von RocketPlay Casino ein Beweis f\u00fcr sein unersch\u00fctterliches Engagement f\u00fcr Fairplay, Sicherheit und verantwortungsvolles Spielen ist. Durch die Implementierung eines optimierten, aber strengen KYC-Prozesses legt das Casino gro\u00dfen Wert auf den Schutz der Spielerinformationen und die Verhinderung betr\u00fcgerischer Aktivit\u00e4ten. RocketPlay Casino l\u00e4dt Spieler zu einem spannenden Spielerlebnis ein, in der Gewissheit, dass ihr Wohlbefinden und ihre Sicherheit f\u00fcr das Casino an erster Stelle stehen.<\/p>\n","protected":false},"excerpt":{"rendered":"<p>KYC, ein grundlegendes Element in der Online-Gaming-Branche, bezieht sich auf den Prozess der \u00dcberpr\u00fcfung der Identit\u00e4t von Spielern, um die Risiken im Zusammenhang mit Betrug, Geldw\u00e4sche und Gl\u00fccksspiel von Minderj\u00e4hrigen zu mindern. RocketPlay Casino betrachtet KYC nicht nur als regulatorische Verpflichtung, sondern als entscheidenden Bestandteil seines Engagements, den Spielern eine sichere und vertrauensw\u00fcrdige Plattform bereitzustellen&#8230;.<\/p>\n","protected":false},"author":1,"featured_media":0,"parent":0,"menu_order":0,"comment_status":"closed","ping_status":"closed","template":"","meta":{"_acf_changed":false,"_kad_post_transparent":"default","_kad_post_title":"default","_kad_post_layout":"default","_kad_post_sidebar_id":"","_kad_post_content_style":"default","_kad_post_vertical_padding":"default","_kad_post_feature":"","_kad_post_feature_position":"","_kad_post_header":false,"_kad_post_footer":false,"footnotes":""},"class_list":["post-3694","page","type-page","status-publish","hentry"],"acf":[],"rttpg_featured_image_url":null,"rttpg_author":{"display_name":"Elvis","author_link":"https:\/\/rocketplay-slot.com\/de\/author\/pemvas95n89x\/"},"rttpg_comment":0,"rttpg_category":null,"rttpg_excerpt":"KYC, ein grundlegendes Element in der Online-Gaming-Branche, bezieht sich auf den Prozess der \u00dcberpr\u00fcfung der Identit\u00e4t von Spielern, um die Risiken im Zusammenhang mit Betrug, Geldw\u00e4sche und Gl\u00fccksspiel von Minderj\u00e4hrigen zu mindern. RocketPlay Casino betrachtet KYC nicht nur als regulatorische Verpflichtung, sondern als entscheidenden Bestandteil seines Engagements, den Spielern eine sichere und vertrauensw\u00fcrdige Plattform bereitzustellen....","_links":{"self":[{"href":"https:\/\/rocketplay-slot.com\/de\/wp-json\/wp\/v2\/pages\/3694","targetHints":{"allow":["GET"]}}],"collection":[{"href":"https:\/\/rocketplay-slot.com\/de\/wp-json\/wp\/v2\/pages"}],"about":[{"href":"https:\/\/rocketplay-slot.com\/de\/wp-json\/wp\/v2\/types\/page"}],"author":[{"embeddable":true,"href":"https:\/\/rocketplay-slot.com\/de\/wp-json\/wp\/v2\/users\/1"}],"replies":[{"embeddable":true,"href":"https:\/\/rocketplay-slot.com\/de\/wp-json\/wp\/v2\/comments?post=3694"}],"version-history":[{"count":1,"href":"https:\/\/rocketplay-slot.com\/de\/wp-json\/wp\/v2\/pages\/3694\/revisions"}],"predecessor-version":[{"id":3695,"href":"https:\/\/rocketplay-slot.com\/de\/wp-json\/wp\/v2\/pages\/3694\/revisions\/3695"}],"wp:attachment":[{"href":"https:\/\/rocketplay-slot.com\/de\/wp-json\/wp\/v2\/media?parent=3694"}],"curies":[{"name":"wp","href":"https:\/\/api.w.org\/{rel}","templated":true}]}}