{"id":3749,"date":"2024-01-22T20:29:31","date_gmt":"2024-01-22T17:29:31","guid":{"rendered":"https:\/\/rocketplay-slot.com\/responsible-gaming\/"},"modified":"2024-01-23T11:46:19","modified_gmt":"2024-01-23T08:46:19","slug":"responsible-gaming","status":"publish","type":"page","link":"https:\/\/rocketplay-slot.com\/de\/responsible-gaming\/","title":{"rendered":"Verantwortungsvolles Spielen"},"content":{"rendered":"<p>Verantwortungsvolles Spielen ist ein zentraler Wert bei RocketPlay Casino, eingebettet in unsere Mission, unseren Spielern eine sichere und angenehme Umgebung zu bieten. Wir sind uns der potenziellen Risiken bewusst, die mit Online-Gl\u00fccksspielen verbunden sind, und sind bestrebt, diese Risiken durch proaktive Ma\u00dfnahmen zu mindern. Unsere Responsible Gaming-Initiative ist ein umfassender Ansatz, der darauf abzielt, unsere Spieler vor den negativen Auswirkungen \u00fcberm\u00e4\u00dfigen Gl\u00fccksspiels zu sch\u00fctzen und gleichzeitig eine Kultur verantwortungsvoller Unterhaltung zu f\u00f6rdern.<\/p>\n<h2>Spielerschulung und -bewusstsein<\/h2>\n<p>Im RocketPlay Casino sind gut informierte Spieler selbstbewusste Spieler. Zu diesem Zweck stellen wir umfangreiche Ressourcen und Informationen zum Thema verantwortungsvolles Spielen zur Verf\u00fcgung. Auf unserer Website finden Sie Lehrmaterialien zu Themen wie dem Festlegen von Limits, dem Erkennen von Anzeichen von Gl\u00fccksspielproblemen und dem Zugang zu Supportdiensten. Wir ermutigen unsere Spieler, diese Ressourcen zu nutzen, um fundierte Entscheidungen \u00fcber ihre Spielaktivit\u00e4ten zu treffen.<\/p>\n<h2>Grenzwerte und Selbstausschluss-Tools festlegen<\/h2>\n<p>Um unseren Spielern die M\u00f6glichkeit zu geben, ihre Spielaktivit\u00e4ten verantwortungsvoll zu verwalten, bietet RocketPlay Casino eine Reihe von Tools zur Selbstbeschr\u00e4nkung an. Spieler k\u00f6nnen t\u00e4gliche, w\u00f6chentliche oder monatliche Einzahlungslimits festlegen, um sicherzustellen, dass sie innerhalb ihres vorgegebenen Budgets bleiben. Dar\u00fcber hinaus k\u00f6nnen Spieler mit unserer Selbstausschlussfunktion eine Spielpause einlegen, indem sie den Zugriff auf ihre Konten f\u00fcr einen bestimmten Zeitraum sperren. Diese Tools sollen den Spielern die Kontrolle geben, die sie ben\u00f6tigen, um verantwortungsvolle Entscheidungen zu treffen.<\/p>\n<h2>Alters\u00fcberpr\u00fcfung und Kontosicherheit<\/h2>\n<p>Sicherzustellen, dass unsere Spieler legal am Online-Gl\u00fccksspiel teilnehmen d\u00fcrfen, ist ein grundlegender Aspekt des verantwortungsvollen Spielens. RocketPlay Casino verwendet fortschrittliche Altersverifizierungsprozesse, um sicherzustellen, dass nur vollj\u00e4hrige Personen Konten erstellen und um echtes Geld spielen k\u00f6nnen. Dar\u00fcber hinaus legen wir gro\u00dfen Wert auf die Kontosicherheit, um unsere Spieler vor unbefugtem Zugriff zu sch\u00fctzen. Zum Schutz der Spielerinformationen und zur Aufrechterhaltung einer sicheren Spielumgebung sind eine Zwei-Faktor-Authentifizierung und robuste Verschl\u00fcsselungstechnologien vorhanden.<\/p>\n<h2>Zusammenarbeit mit Support-Organisationen<\/h2>\n<p>RocketPlay Casino arbeitet aktiv mit renommierten Support-Organisationen zusammen, die sich auf die Unterst\u00fctzung von Einzelpersonen bei Problemen im Zusammenhang mit Gl\u00fccksspielen spezialisiert haben. Wir stellen auf unserer Website direkte Links zu diesen Organisationen bereit, sodass Spieler bei Bedarf problemlos auf professionelle Hilfe zugreifen k\u00f6nnen. Durch die F\u00f6rderung von Partnerschaften mit diesen Einrichtungen tragen wir zu einem Netzwerk von Ressourcen bei, die sich der F\u00f6rderung verantwortungsvoller Spielpraktiken und der Unterst\u00fctzung derjenigen widmen, die dies ben\u00f6tigen.<\/p>\n<h2>Regelm\u00e4\u00dfige \u00dcberwachung und Audits zum verantwortungsvollen Spielen<\/h2>\n<p>RocketPlay Casino f\u00fchrt regelm\u00e4\u00dfige \u00dcberwachungen und interne Audits durch, um die Wirksamkeit unserer Ma\u00dfnahmen zum verantwortungsvollen Spielen sicherzustellen. Wir analysieren die Verhaltensmuster der Spieler, um potenzielle Anzeichen f\u00fcr problematisches Gl\u00fccksspiel zu erkennen und entsprechende Ma\u00dfnahmen zu ergreifen. Dieser proaktive Ansatz erm\u00f6glicht es uns, bei Bedarf einzugreifen und m\u00f6glicherweise gef\u00e4hrdete Spieler zu unterst\u00fctzen. Unser Engagement f\u00fcr verantwortungsvolles Spielen ist nicht nur eine Aussage, sondern ein kontinuierliches Bem\u00fchen, unsere Praktiken weiterzuentwickeln und zu verbessern.<\/p>\n<h2>F\u00f6rderung einer Kultur verantwortungsvoller Unterhaltung<\/h2>\n<p>\u00dcber die technischen Aspekte des verantwortungsvollen Spielens hinaus m\u00f6chte RocketPlay Casino eine Kultur verantwortungsvoller Unterhaltung innerhalb der Online-Gaming-Community f\u00f6rdern. Wir ermutigen Spieler durch Werbekampagnen und \u00d6ffentlichkeitsarbeit, bei ihren Spielaktivit\u00e4ten Ausgewogenheit und Achtsamkeit in den Vordergrund zu stellen. Indem wir die Bedeutung von verantwortungsvollem Spielen betonen, hoffen wir, zu einem positiven und nachhaltigen Spielumfeld f\u00fcr alle beizutragen.<\/p>\n<h2>Unser kontinuierliches Engagement f\u00fcr verantwortungsvolles Spielen<\/h2>\n<p>Zusammenfassend l\u00e4sst sich sagen, dass RocketPlay Casino mehr als nur eine Online-Gaming-Plattform ist; Es handelt sich um eine Gemeinschaft, die sich f\u00fcr die F\u00f6rderung verantwortungsvoller Spielpraktiken einsetzt. Unser vielschichtiger Ansatz umfasst Bildung, St\u00e4rkung der Spieler, Zusammenarbeit mit Unterst\u00fctzungsorganisationen und laufende \u00dcberwachung. Mit der Weiterentwicklung der Online-Gaming-Landschaft w\u00e4chst auch unser Engagement, unseren Spielern ein sicheres, unterhaltsames und verantwortungsvolles Spielerlebnis zu bieten. Im RocketPlay Casino ist verantwortungsvolles Spielen nicht nur ein Kontrollk\u00e4stchen; Es ist ein grundlegender Aspekt unserer Mission, das Online-Casino-Erlebnis neu zu definieren. Erleben Sie mit uns den Nervenkitzel verantwortungsvoller Unterhaltung im RocketPlay Casino \u2013 wo die Verpflichtung zu Ihrem Wohlbefinden mit der Aufregung einhergeht.<\/p>\n","protected":false},"excerpt":{"rendered":"<p>Verantwortungsvolles Spielen ist ein zentraler Wert bei RocketPlay Casino, eingebettet in unsere Mission, unseren Spielern eine sichere und angenehme Umgebung zu bieten. Wir sind uns der potenziellen Risiken bewusst, die mit Online-Gl\u00fccksspielen verbunden sind, und sind bestrebt, diese Risiken durch proaktive Ma\u00dfnahmen zu mindern. Unsere Responsible Gaming-Initiative ist ein umfassender Ansatz, der darauf abzielt, unsere&#8230;<\/p>\n","protected":false},"author":1,"featured_media":0,"parent":0,"menu_order":0,"comment_status":"closed","ping_status":"closed","template":"","meta":{"_acf_changed":false,"_kad_post_transparent":"default","_kad_post_title":"default","_kad_post_layout":"default","_kad_post_sidebar_id":"","_kad_post_content_style":"default","_kad_post_vertical_padding":"default","_kad_post_feature":"","_kad_post_feature_position":"","_kad_post_header":false,"_kad_post_footer":false,"footnotes":""},"class_list":["post-3749","page","type-page","status-publish","hentry"],"acf":[],"rttpg_featured_image_url":null,"rttpg_author":{"display_name":"Elvis","author_link":"https:\/\/rocketplay-slot.com\/de\/author\/pemvas95n89x\/"},"rttpg_comment":0,"rttpg_category":null,"rttpg_excerpt":"Verantwortungsvolles Spielen ist ein zentraler Wert bei RocketPlay Casino, eingebettet in unsere Mission, unseren Spielern eine sichere und angenehme Umgebung zu bieten. Wir sind uns der potenziellen Risiken bewusst, die mit Online-Gl\u00fccksspielen verbunden sind, und sind bestrebt, diese Risiken durch proaktive Ma\u00dfnahmen zu mindern. Unsere Responsible Gaming-Initiative ist ein umfassender Ansatz, der darauf abzielt, unsere...","_links":{"self":[{"href":"https:\/\/rocketplay-slot.com\/de\/wp-json\/wp\/v2\/pages\/3749","targetHints":{"allow":["GET"]}}],"collection":[{"href":"https:\/\/rocketplay-slot.com\/de\/wp-json\/wp\/v2\/pages"}],"about":[{"href":"https:\/\/rocketplay-slot.com\/de\/wp-json\/wp\/v2\/types\/page"}],"author":[{"embeddable":true,"href":"https:\/\/rocketplay-slot.com\/de\/wp-json\/wp\/v2\/users\/1"}],"replies":[{"embeddable":true,"href":"https:\/\/rocketplay-slot.com\/de\/wp-json\/wp\/v2\/comments?post=3749"}],"version-history":[{"count":1,"href":"https:\/\/rocketplay-slot.com\/de\/wp-json\/wp\/v2\/pages\/3749\/revisions"}],"predecessor-version":[{"id":3750,"href":"https:\/\/rocketplay-slot.com\/de\/wp-json\/wp\/v2\/pages\/3749\/revisions\/3750"}],"wp:attachment":[{"href":"https:\/\/rocketplay-slot.com\/de\/wp-json\/wp\/v2\/media?parent=3749"}],"curies":[{"name":"wp","href":"https:\/\/api.w.org\/{rel}","templated":true}]}}