{"id":3774,"date":"2024-01-22T20:34:58","date_gmt":"2024-01-22T17:34:58","guid":{"rendered":"https:\/\/rocketplay-slot.com\/terms-conditions\/"},"modified":"2024-01-23T11:57:37","modified_gmt":"2024-01-23T08:57:37","slug":"terms-conditions","status":"publish","type":"page","link":"https:\/\/rocketplay-slot.com\/de\/terms-conditions\/","title":{"rendered":"Terms &#038; Bedingungen"},"content":{"rendered":"<p>Willkommen im RocketPlay Casino, Ihrer Eintrittskarte f\u00fcr ein interstellares Spielerlebnis! Bevor Sie sich auf diese kosmische Reise begeben, ist es wichtig, sich mit den Bedingungen vertraut zu machen, die f\u00fcr Ihr Spiel gelten. Unser Ziel ist es, Ihnen eine nahtlose und unterhaltsame Spielumgebung zu bieten und dabei Fairness, Sicherheit und verantwortungsvolles Spielen zu gew\u00e4hrleisten. Lesen Sie weiter, um das Universum der Regeln zu erkunden, die Ihr RocketPlay Casino-Abenteuer pr\u00e4gen.<\/p>\n<h2>Akzeptanz der Bedingungen<\/h2>\n<p>Durch den Zugriff auf und die Nutzung von RocketPlay Casino best\u00e4tigen Sie, dass Sie diese Allgemeinen Gesch\u00e4ftsbedingungen gelesen, verstanden und akzeptiert haben. Es ist unbedingt erforderlich, \u00fcber Aktualisierungen oder \u00c4nderungen auf dem Laufenden zu bleiben, da die fortgesetzte Nutzung der Plattform Ihre fortlaufende Zustimmung zu den Bedingungen voraussetzt.<\/p>\n<h2>Kontoregistrierung und Sicherheit<\/h2>\n<p>Das Erstellen eines Kontos bei RocketPlay Casino ist Ihr Weg zu den Sternen. Stellen Sie jedoch sicher, dass die von Ihnen bei der Registrierung gemachten Angaben korrekt und aktuell sind. Sie sind f\u00fcr die Wahrung der Vertraulichkeit Ihrer Kontodaten verantwortlich. Jede verd\u00e4chtige Aktivit\u00e4t sollte umgehend unserem Support-Team gemeldet werden. Wir legen gro\u00dfen Wert auf die Sicherheit Ihrer Daten und verwenden fortschrittliche Verschl\u00fcsselungsmethoden, um Ihre pers\u00f6nlichen Daten zu sch\u00fctzen.<\/p>\n<h2>Berechtigung und Gerichtsstand<\/h2>\n<p>Das RocketPlay Casino ist ein intergalaktischer Spielplatz, aber nicht jeder kann an der kosmischen Party teilnehmen. Um teilnehmen zu k\u00f6nnen, m\u00fcssen die Spieler in ihrem Zust\u00e4ndigkeitsbereich vollj\u00e4hrig sein. Einwohnern von L\u00e4ndern, in denen Online-Gl\u00fccksspiele verboten sind, ist die Nutzung unserer Plattform untersagt. Es liegt in Ihrer Verantwortung, die Einhaltung der \u00f6rtlichen Gesetze sicherzustellen.<\/p>\n<h2>Einzahlungen und Auszahlungen<\/h2>\n<p>Um Ihre RocketPlay-Reise voranzutreiben, ist ein finanzieller Aufschwung erforderlich. Stellen Sie bei Einzahlungen sicher, dass die Zahlungsmethode Ihnen geh\u00f6rt. Auszahlungsanfragen werden umgehend bearbeitet, es k\u00f6nnen jedoch bestimmte Bedingungen gelten, wie z. B. die Erf\u00fcllung der Wettanforderungen. Bitte machen Sie sich mit unseren Bankrichtlinien vertraut, um reibungslose Transaktionen zu gew\u00e4hrleisten.<\/p>\n<h2>Spielregeln und Fairplay<\/h2>\n<p>In der Weite des RocketPlay Casinos ist Fairness der Leitstern. Alle Spiele sind zuf\u00e4llig und fair gestaltet und gew\u00e4hrleisten gleiche Chancen f\u00fcr alle Spieler. Betrug und betr\u00fcgerische Aktivit\u00e4ten werden nicht toleriert. Unsere hochentwickelten Systeme erkennen und verhindern unlauteres Verhalten. Genie\u00dfen Sie die Spiele verantwortungsbewusst und ethisch.<\/p>\n<h2>Boni und Werbeaktionen<\/h2>\n<p>Halten Sie beim Erkunden der Galaxien von RocketPlay Ausschau nach spannenden Boni und Werbeaktionen. Allerdings bringt jede kosmische Gabe ihre eigenen Bedingungen mit sich. Es k\u00f6nnen Wettanforderungen, Ablaufdaten und Spielbeschr\u00e4nkungen gelten. Lesen Sie die Bonusbedingungen sorgf\u00e4ltig durch, um das Beste aus diesen himmlischen Angeboten zu machen.<\/p>\n<h2>Verantwortungsbewusstes Spielen<\/h2>\n<p>RocketPlay Casino setzt sich f\u00fcr verantwortungsvolles Spielen ein. Auch wenn der Unterhaltungskosmos riesig ist, ist es entscheidend, Grenzen zu setzen und im Rahmen seiner M\u00f6glichkeiten zu spielen. Unsere Plattform bietet Tools f\u00fcr Selbstausschluss, Einzahlungslimits und Auszeiten, um eine gesunde Spielumgebung zu f\u00f6rdern. Suchen Sie Hilfe, wenn Sie glauben, dass Sie m\u00f6glicherweise ein Gl\u00fccksspielproblem haben.<\/p>\n<h2>K\u00fcndigung des Kontos<\/h2>\n<p>Im st\u00e4ndig wachsenden Universum von RocketPlay bestimmen einige Regeln das Ende Ihrer Reise. Konten k\u00f6nnen aus verschiedenen Gr\u00fcnden gek\u00fcndigt werden, einschlie\u00dflich Verletzung der Nutzungsbedingungen, Betrug oder rechtlicher Anforderungen. RocketPlay beh\u00e4lt sich das Recht vor, Konten ohne vorherige Ank\u00fcndigung zu schlie\u00dfen. Stellen Sie die Einhaltung unserer Bedingungen sicher, um ununterbrochenen Zugang zum kosmischen Abenteuer zu genie\u00dfen.<\/p>\n<h2>Datenschutzerkl\u00e4rung<\/h2>\n<p>Der Schutz Ihrer Privatsph\u00e4re hat bei RocketPlay Casino oberste Priorit\u00e4t. In unserer Datenschutzerkl\u00e4rung erfahren Sie, wie Ihre Daten erhoben, genutzt und gespeichert werden. Durch die Nutzung unserer Plattform stimmen Sie den in der Datenschutzrichtlinie beschriebenen Praktiken zu. Bitte machen Sie sich mit diesem Dokument vertraut, um zu verstehen, welche Ma\u00dfnahmen wir ergreifen, um die Vertraulichkeit Ihrer Daten zu gew\u00e4hrleisten.<\/p>\n<h2>Geistiges Eigentum<\/h2>\n<p>Das kosmische Thema und die Markenidentit\u00e4t von RocketPlay Casino sind das Ergebnis kreativer Bem\u00fchungen. Respektieren Sie unsere geistigen Eigentumsrechte und unterlassen Sie die unbefugte Nutzung unserer Marken, Logos oder anderer Inhalte. Jeder Versto\u00df kann rechtliche Konsequenzen nach sich ziehen.<\/p>\n<h2>Haftungsausschluss<\/h2>\n<p>Obwohl wir eine reibungslose kosmische Reise anstreben, kann RocketPlay Casino keinen unterbrechungsfreien, fehlerfreien Betrieb garantieren. Wir haften nicht f\u00fcr technische Probleme, einschlie\u00dflich, aber nicht beschr\u00e4nkt auf, Serverausf\u00e4lle, Softwareprobleme oder Verbindungsprobleme. Die Nutzung der Plattform erfolgt auf Ihr eigenes Risiko.<\/p>\n<h2>\u00c4nderungen der Allgemeinen Gesch\u00e4ftsbedingungen<\/h2>\n<p>Der Kosmos ver\u00e4ndert sich st\u00e4ndig, und so auch die Regeln, die im RocketPlay Casino gelten. Wir behalten uns das Recht vor, diese Allgemeinen Gesch\u00e4ftsbedingungen jederzeit zu \u00e4ndern oder zu \u00e4ndern. Es liegt in Ihrer Verantwortung, \u00fcber alle Aktualisierungen auf dem Laufenden zu bleiben. Die fortgesetzte Nutzung der Plattform setzt die Annahme der ge\u00e4nderten Bedingungen voraus.<\/p>\n<h2>Begeben Sie sich verantwortungsvoll auf Ihr galaktisches Abenteuer<\/h2>\n<p>RocketPlay Casino l\u00e4dt Sie ein, sich auf ein kosmisches Abenteuer voller Spannung und Unterhaltung einzulassen. Machen Sie sich mit unseren Allgemeinen Gesch\u00e4ftsbedingungen vertraut und sorgen Sie f\u00fcr eine reibungslose Reise durch die Sterne. Navigieren Sie verantwortungsbewusst, spielen Sie ethisch und lassen Sie sich von den kosmischen Winden des Gl\u00fccks leiten, w\u00e4hrend Sie die Galaxien von RocketPlay Casino erkunden. M\u00f6ge Ihr Spielerlebnis so grenzenlos sein wie das Universum selbst!<\/p>\n","protected":false},"excerpt":{"rendered":"<p>Willkommen im RocketPlay Casino, Ihrer Eintrittskarte f\u00fcr ein interstellares Spielerlebnis! Bevor Sie sich auf diese kosmische Reise begeben, ist es wichtig, sich mit den Bedingungen vertraut zu machen, die f\u00fcr Ihr Spiel gelten. Unser Ziel ist es, Ihnen eine nahtlose und unterhaltsame Spielumgebung zu bieten und dabei Fairness, Sicherheit und verantwortungsvolles Spielen zu gew\u00e4hrleisten. Lesen&#8230;<\/p>\n","protected":false},"author":1,"featured_media":0,"parent":0,"menu_order":0,"comment_status":"closed","ping_status":"closed","template":"","meta":{"_acf_changed":false,"_kad_post_transparent":"default","_kad_post_title":"default","_kad_post_layout":"default","_kad_post_sidebar_id":"","_kad_post_content_style":"default","_kad_post_vertical_padding":"default","_kad_post_feature":"","_kad_post_feature_position":"","_kad_post_header":false,"_kad_post_footer":false,"footnotes":""},"class_list":["post-3774","page","type-page","status-publish","hentry"],"acf":[],"rttpg_featured_image_url":null,"rttpg_author":{"display_name":"Elvis","author_link":"https:\/\/rocketplay-slot.com\/de\/author\/pemvas95n89x\/"},"rttpg_comment":0,"rttpg_category":null,"rttpg_excerpt":"Willkommen im RocketPlay Casino, Ihrer Eintrittskarte f\u00fcr ein interstellares Spielerlebnis! Bevor Sie sich auf diese kosmische Reise begeben, ist es wichtig, sich mit den Bedingungen vertraut zu machen, die f\u00fcr Ihr Spiel gelten. Unser Ziel ist es, Ihnen eine nahtlose und unterhaltsame Spielumgebung zu bieten und dabei Fairness, Sicherheit und verantwortungsvolles Spielen zu gew\u00e4hrleisten. Lesen...","_links":{"self":[{"href":"https:\/\/rocketplay-slot.com\/de\/wp-json\/wp\/v2\/pages\/3774","targetHints":{"allow":["GET"]}}],"collection":[{"href":"https:\/\/rocketplay-slot.com\/de\/wp-json\/wp\/v2\/pages"}],"about":[{"href":"https:\/\/rocketplay-slot.com\/de\/wp-json\/wp\/v2\/types\/page"}],"author":[{"embeddable":true,"href":"https:\/\/rocketplay-slot.com\/de\/wp-json\/wp\/v2\/users\/1"}],"replies":[{"embeddable":true,"href":"https:\/\/rocketplay-slot.com\/de\/wp-json\/wp\/v2\/comments?post=3774"}],"version-history":[{"count":1,"href":"https:\/\/rocketplay-slot.com\/de\/wp-json\/wp\/v2\/pages\/3774\/revisions"}],"predecessor-version":[{"id":3775,"href":"https:\/\/rocketplay-slot.com\/de\/wp-json\/wp\/v2\/pages\/3774\/revisions\/3775"}],"wp:attachment":[{"href":"https:\/\/rocketplay-slot.com\/de\/wp-json\/wp\/v2\/media?parent=3774"}],"curies":[{"name":"wp","href":"https:\/\/api.w.org\/{rel}","templated":true}]}}