{"id":3799,"date":"2024-01-22T21:12:25","date_gmt":"2024-01-22T18:12:25","guid":{"rendered":"https:\/\/rocketplay-slot.com\/underage-gaming-policy\/"},"modified":"2024-01-23T12:22:30","modified_gmt":"2024-01-23T09:22:30","slug":"underage-gaming-policy","status":"publish","type":"page","link":"https:\/\/rocketplay-slot.com\/de\/underage-gaming-policy\/","title":{"rendered":"Spielrichtlinie f\u00fcr Minderj\u00e4hrige"},"content":{"rendered":"<p>Verantwortungsvolles Spielen ist ein Grundprinzip bei RocketPlay Casino und basiert auf dem Verst\u00e4ndnis, dass Gl\u00fccksspiel eine Form der Unterhaltung f\u00fcr Erwachsene sein sollte, die fundierte Entscheidungen treffen k\u00f6nnen. Mit dieser Philosophie im Hinterkopf hat RocketPlay umfassende Richtlinien ausgearbeitet, um zu verhindern, dass minderj\u00e4hrige Personen auf Online-Gl\u00fccksspielaktivit\u00e4ten jeglicher Art zugreifen und daran teilnehmen.<\/p>\n<h2>Protokolle zur Alters\u00fcberpr\u00fcfung<\/h2>\n<p>RocketPlay Casino verwendet hochmoderne Protokolle zur Alters\u00fcberpr\u00fcfung, um sein Engagement f\u00fcr verantwortungsvolles Spielen zu st\u00e4rken. Diese Protokolle sollen sicherstellen, dass nur Personen, die das gesetzliche Mindestalter f\u00fcr Gl\u00fccksspiele in ihrer jeweiligen Gerichtsbarkeit erreicht haben, Konten erstellen und an Echtgeld-Spielaktivit\u00e4ten teilnehmen k\u00f6nnen. RocketPlay nutzt fortschrittliche Tools zur Identit\u00e4ts\u00fcberpr\u00fcfung und Querverweise mit offiziellen Datenbanken, um das Alter und die Identit\u00e4t jedes Benutzers festzustellen.<\/p>\n<h2>Registrierungsprozess und Dokumentation<\/h2>\n<p>Der Registrierungsprozess im RocketPlay Casino beinhaltet ein sorgf\u00e4ltiges Verifizierungsverfahren. Potenzielle Spieler m\u00fcssen bei der Registrierung g\u00fcltige Ausweisdokumente wie amtliche Ausweise oder Reisep\u00e4sse vorlegen. Diese Dokumentation ist entscheidend f\u00fcr die Best\u00e4tigung des Alters und der Identit\u00e4t des Spielers. Die Einhaltung dieser strengen \u00dcberpr\u00fcfungsma\u00dfnahmen durch RocketPlay Casino gew\u00e4hrleistet den Schutz vor Gl\u00fccksspielen durch Minderj\u00e4hrige.<\/p>\n<h2>Strikte Durchsetzung von Altersbeschr\u00e4nkungen<\/h2>\n<p>RocketPlay Casino setzt sich konsequent f\u00fcr die strikte Durchsetzung von Altersbeschr\u00e4nkungen ein. Das Casino nutzt modernste Geolokalisierungstechnologie, um den physischen Standort seiner Benutzer zu ermitteln. Diese Technologie tr\u00e4gt in Verbindung mit IP-Tracking dazu bei, sicherzustellen, dass Spieler aus L\u00e4ndern, in denen Online-Gl\u00fccksspiele legal sind, auf die Plattform zugreifen und dass sie die Altersanforderungen erf\u00fcllen.<\/p>\n<h2>Bildungsinitiativen und Bewusstsein<\/h2>\n<p>Zus\u00e4tzlich zu strengen Durchsetzungsma\u00dfnahmen kl\u00e4rt RocketPlay Casino seine Benutzer proaktiv \u00fcber verantwortungsvolle Spielpraktiken auf. Die Plattform bietet umfassende Informationen \u00fcber das gesetzliche Gl\u00fccksspielalter in verschiedenen Gerichtsbarkeiten und ermutigt Spieler, die \u00f6rtlichen Gesetze und Vorschriften zu kennen und einzuhalten.<\/p>\n<p>Dar\u00fcber hinaus setzt sich RocketPlay Casino daf\u00fcr ein, das Bewusstsein f\u00fcr die potenziellen Risiken zu sch\u00e4rfen, die mit dem Gl\u00fccksspiel von Minderj\u00e4hrigen verbunden sind. Die Plattform verbreitet Informationen \u00fcber die Bedeutung der Sicherheit pers\u00f6nlicher Anmeldedaten und die m\u00f6glichen Folgen, wenn Minderj\u00e4hrigen der Zugang zu Gl\u00fccksspielplattformen gestattet wird. Diese Bildungsinitiative zielt darauf ab, das Verantwortungsbewusstsein der Spielergemeinschaft des Casinos zu f\u00f6rdern.<\/p>\n<h2>Kindersicherung und Filtertools<\/h2>\n<p>RocketPlay Casino ist sich der Rolle bewusst, die Eltern und Erziehungsberechtigte beim Schutz Minderj\u00e4hriger vor den potenziellen Sch\u00e4den des Online-Gl\u00fccksspiels spielen. Das Casino bietet robuste Kindersicherungs- und Filtertools, um diese Bem\u00fchungen zu unterst\u00fctzen. Mit diesen Tools k\u00f6nnen Eltern den Zugriff auf die Website des Casinos auf Ger\u00e4ten beschr\u00e4nken, die von Minderj\u00e4hrigen verwendet werden. RocketPlay ist davon \u00fcberzeugt, dass verantwortungsvolles Spielen eine gemeinsame Verantwortung ist, und diese Funktionen erm\u00f6glichen es Eltern, sich aktiv an der Aufrechterhaltung einer sicheren Online-Umgebung f\u00fcr ihre Kinder zu beteiligen.<\/p>\n<h2>Meldemechanismen und Supportdienste<\/h2>\n<p>RocketPlay Casino ist bestrebt, eine offene und transparente Benutzerumgebung zu schaffen. Die Plattform ermutigt die Community, alle F\u00e4lle von Gl\u00fccksspielen durch Minderj\u00e4hrige zu melden. Ein leicht zug\u00e4nglicher Meldemechanismus erm\u00f6glicht es Benutzern, potenzielle Verst\u00f6\u00dfe umgehend dem Support-Team des Casinos zu melden. Das Casino untersucht solche Meldungen umgehend und ergreift geeignete Ma\u00dfnahmen, um die Einhaltung seiner Richtlinie zum Spielen von Minderj\u00e4hrigen sicherzustellen.<\/p>\n<p>Dar\u00fcber hinaus bietet RocketPlay Unterst\u00fctzungsdienste f\u00fcr diejenigen, die m\u00f6glicherweise mit Problemen im Zusammenhang mit Gl\u00fccksspielen zu k\u00e4mpfen haben. Die Plattform arbeitet mit Organisationen f\u00fcr verantwortungsvolles Gl\u00fccksspiel zusammen, um Spielern, die Hilfe bei der Bew\u00e4ltigung ihrer Spielgewohnheiten suchen, Ressourcen, Hotlines und Selbstausschlussoptionen anzubieten.<\/p>\n<h2>Kontinuierliche Verbesserung und Anpassung<\/h2>\n<p>RocketPlay Casino ist bestrebt, seine verantwortungsvollen Spielpraktiken kontinuierlich zu verbessern. Die Plattform \u00fcberpr\u00fcft und aktualisiert regelm\u00e4\u00dfig ihre Richtlinie zum Spielen von Minderj\u00e4hrigen, um sie an neue Technologien und Best Practices der Branche anzupassen. Indem RocketPlay immer einen Schritt voraus bleibt, stellt es sicher, dass sein Engagement f\u00fcr verantwortungsvolles Spielen weiterhin im Vordergrund seiner Gesch\u00e4ftst\u00e4tigkeit steht.<\/p>\n<h2>Ein ganzheitlicher Ansatz f\u00fcr verantwortungsvolles Spielen<\/h2>\n<p>Zusammenfassend l\u00e4sst sich sagen, dass die Richtlinie zum Spielen von Minderj\u00e4hrigen von RocketPlay Casino ein Beweis f\u00fcr sein Engagement f\u00fcr die F\u00f6rderung einer sicheren und verantwortungsvollen Spielumgebung ist. Durch strenge Protokolle zur Alters\u00fcberpr\u00fcfung, Bildungsinitiativen, Kindersicherung und Supportdienste gestaltet RocketPlay aktiv eine Gaming-Community mit, die verantwortungsvolles Verhalten in den Vordergrund stellt. W\u00e4hrend sich die Online-Gl\u00fccksspiellandschaft weiterentwickelt, bleibt RocketPlay seinem Engagement treu, die h\u00f6chsten Standards f\u00fcr verantwortungsvolles Spielen aufrechtzuerhalten und allen Spielern ein angenehmes und sicheres Erlebnis zu bieten.<\/p>\n","protected":false},"excerpt":{"rendered":"<p>Verantwortungsvolles Spielen ist ein Grundprinzip bei RocketPlay Casino und basiert auf dem Verst\u00e4ndnis, dass Gl\u00fccksspiel eine Form der Unterhaltung f\u00fcr Erwachsene sein sollte, die fundierte Entscheidungen treffen k\u00f6nnen. Mit dieser Philosophie im Hinterkopf hat RocketPlay umfassende Richtlinien ausgearbeitet, um zu verhindern, dass minderj\u00e4hrige Personen auf Online-Gl\u00fccksspielaktivit\u00e4ten jeglicher Art zugreifen und daran teilnehmen. Protokolle zur Alters\u00fcberpr\u00fcfung&#8230;<\/p>\n","protected":false},"author":1,"featured_media":0,"parent":0,"menu_order":0,"comment_status":"closed","ping_status":"closed","template":"","meta":{"_acf_changed":false,"_kad_post_transparent":"default","_kad_post_title":"default","_kad_post_layout":"default","_kad_post_sidebar_id":"","_kad_post_content_style":"default","_kad_post_vertical_padding":"default","_kad_post_feature":"","_kad_post_feature_position":"","_kad_post_header":false,"_kad_post_footer":false,"footnotes":""},"class_list":["post-3799","page","type-page","status-publish","hentry"],"acf":[],"rttpg_featured_image_url":null,"rttpg_author":{"display_name":"Elvis","author_link":"https:\/\/rocketplay-slot.com\/de\/author\/pemvas95n89x\/"},"rttpg_comment":0,"rttpg_category":null,"rttpg_excerpt":"Verantwortungsvolles Spielen ist ein Grundprinzip bei RocketPlay Casino und basiert auf dem Verst\u00e4ndnis, dass Gl\u00fccksspiel eine Form der Unterhaltung f\u00fcr Erwachsene sein sollte, die fundierte Entscheidungen treffen k\u00f6nnen. Mit dieser Philosophie im Hinterkopf hat RocketPlay umfassende Richtlinien ausgearbeitet, um zu verhindern, dass minderj\u00e4hrige Personen auf Online-Gl\u00fccksspielaktivit\u00e4ten jeglicher Art zugreifen und daran teilnehmen. Protokolle zur Alters\u00fcberpr\u00fcfung...","_links":{"self":[{"href":"https:\/\/rocketplay-slot.com\/de\/wp-json\/wp\/v2\/pages\/3799","targetHints":{"allow":["GET"]}}],"collection":[{"href":"https:\/\/rocketplay-slot.com\/de\/wp-json\/wp\/v2\/pages"}],"about":[{"href":"https:\/\/rocketplay-slot.com\/de\/wp-json\/wp\/v2\/types\/page"}],"author":[{"embeddable":true,"href":"https:\/\/rocketplay-slot.com\/de\/wp-json\/wp\/v2\/users\/1"}],"replies":[{"embeddable":true,"href":"https:\/\/rocketplay-slot.com\/de\/wp-json\/wp\/v2\/comments?post=3799"}],"version-history":[{"count":1,"href":"https:\/\/rocketplay-slot.com\/de\/wp-json\/wp\/v2\/pages\/3799\/revisions"}],"predecessor-version":[{"id":3800,"href":"https:\/\/rocketplay-slot.com\/de\/wp-json\/wp\/v2\/pages\/3799\/revisions\/3800"}],"wp:attachment":[{"href":"https:\/\/rocketplay-slot.com\/de\/wp-json\/wp\/v2\/media?parent=3799"}],"curies":[{"name":"wp","href":"https:\/\/api.w.org\/{rel}","templated":true}]}}