{"id":1345,"date":"2022-09-30T14:50:51","date_gmt":"2022-09-30T11:50:51","guid":{"rendered":"https:\/\/rocketplay-slot.com\/3-coins\/"},"modified":"2022-12-24T01:00:44","modified_gmt":"2022-12-23T22:00:44","slug":"3-coins","status":"publish","type":"page","link":"https:\/\/rocketplay-slot.com\/fr\/3-coins\/","title":{"rendered":"3 pi\u00e8ces tiennent et gagnent"},"content":{"rendered":"<p><img loading=\"lazy\" decoding=\"async\" class=\"size-medium wp-image-411 alignleft lazy-loaded\" src=\"https:\/\/rocketplay-slot.com\/wp-content\/uploads\/2022\/09\/3-coins-hold-and-win-300x300.png\" sizes=\"auto, (max-width: 300px) 100vw, 300px\" srcset=\"https:\/\/rocketplay-slot.com\/wp-content\/uploads\/2022\/09\/3-coins-hold-and-win-300x300.png 300w, https:\/\/rocketplay-slot.com\/wp-content\/uploads\/2022\/09\/3-coins-hold-and-win-150x150.png 150w, https:\/\/rocketplay-slot.com\/wp-content\/uploads\/2022\/09\/3-coins-hold-and-win.png 425w\" alt=\"3 pi\u00e8ces tiennent et gagnent\" width=\"300\" height=\"300\" data-lazy-type=\"image\" data-src=\"https:\/\/rocketplay-slot.com\/wp-content\/uploads\/2022\/09\/3-coins-hold-and-win-300x300.png\" data-srcset=\"\" \/>Une \u00e9norme expansion de l&rsquo;un des principaux cr\u00e9ateurs mondiaux de contenu de jeu, Booongo, peut \u00eatre trouv\u00e9e parmi l&rsquo;assortiment de jeux sur le portail.\u00a0La machine \u00e0 sous Rocket Play 3 pi\u00e8ces m\u00e9rite certainement votre attention et votre temps.\u00a0Un an apr\u00e8s la premi\u00e8re sortie, le jeu a \u00e9t\u00e9 extr\u00eamement ador\u00e9 par des milliers de clients.\u00a0Et chaque jour, l&rsquo;arm\u00e9e de fans de la machine \u00e0 sous ne fait qu&rsquo;augmenter.\u00a0Devenez un connaisseur de ce divertissement et commencez vos aventures tout de suite.<\/p>\n<h2>EXAMEN DE LA MACHINE \u00c0 SOUS 3 COINS HOLD AND WIN<\/h2>\n<p>Nous pr\u00e9sentons \u00e0 votre attention l&rsquo;examen de la machine \u00e0 sous Rocket Play 3 coins.\u00a0Notre courte description contient toutes les informations int\u00e9ressantes sur le programme et les faits importants qui vous seront utiles.\u00a0Pour une meilleure pr\u00e9sentation et compr\u00e9hension de tout ce qui influence, lisez le tableau.<\/p>\n<table border=\"0\" cellspacing=\"0\" cellpadding=\"0\">\n<tbody>\n<tr>\n<td><b>D\u00e9veloppeur\u00a0<\/b><\/td>\n<td><b>Booongo<\/b><\/td>\n<\/tr>\n<tr>\n<td>Date d&rsquo;apparition<\/td>\n<td>2021<\/td>\n<\/tr>\n<tr>\n<td>Lignes<\/td>\n<td>5<\/td>\n<\/tr>\n<tr>\n<td>roues<\/td>\n<td>3<\/td>\n<\/tr>\n<tr>\n<td>Lignes<\/td>\n<td>3<\/td>\n<\/tr>\n<tr>\n<td>Bonus<\/td>\n<td>respins\u00a0;<\/p>\n<p>Fonction bonus<\/td>\n<\/tr>\n<tr>\n<td>RTP<\/td>\n<td>95,82%<\/td>\n<\/tr>\n<tr>\n<td>Diapason des paris<\/td>\n<td>0,01-80 CAD<\/td>\n<\/tr>\n<\/tbody>\n<\/table>\n<p>&nbsp;<\/p>\n<p>Apr\u00e8s avoir \u00e9tudi\u00e9 le jeu, vous pouvez noter de nombreux points positifs qui font son succ\u00e8s aupr\u00e8s des utilisateurs.\u00a0Voici un gameplay extr\u00eamement pratique et rapide.\u00a0Tout est intuitif.\u00a0M\u00eame un d\u00e9butant qui s&rsquo;occupe des machines \u00e0 sous pour la premi\u00e8re fois n&rsquo;aura besoin que de quelques minutes pour se familiariser et apprendre les fonctions du menu principal.\u00a0De plus, si vous avez des questions, vous pouvez toujours consulter les conseils, qui d\u00e9criront en d\u00e9tail toutes les fonctions, ic\u00f4nes et symboles n\u00e9cessaires du jeu.<\/p>\n<p>Il y a une s\u00e9rie de bonus assez solide ici.\u00a0Quatre respins et un tour suppl\u00e9mentaire ne vous laisseront certainement pas sans impressions.\u00a0Super opportunit\u00e9s pour des gains incroyables !\u00a0M\u00eame avec une mise minimale de seulement 10 centimes, vous pouvez obtenir un tr\u00e8s bon prix.<\/p>\n<h2>COMMENT JOUER \u00c0 LA MACHINE \u00c0 SOUS 3 COINS EGYPT<\/h2>\n<p>Il existe deux mani\u00e8res de jouer sur le portail :<\/p>\n<ul>\n<li>Rocket Jouez gratuitement \u00e0 3 pi\u00e8ces de monnaie;<\/li>\n<li>Rocket Play 3 machines \u00e0 sous en argent r\u00e9el.<\/li>\n<\/ul>\n<p>La premi\u00e8re option est disponible pour tous les visiteurs du portail sans inscription ni d\u00e9p\u00f4t.\u00a0La deuxi\u00e8me option n\u00e9cessite les deux.\u00a0Cependant, cela ouvre la voie \u00e0 des gains incroyables.\u00a0Inscrivez-vous, effectuez un d\u00e9p\u00f4t sur votre compte, s\u00e9lectionnez cet emplacement et d\u00e9marrez-le.\u00a0Pour une rotation r\u00e9ussie, cela vaut :<\/p>\n<ol>\n<li>d\u00e9finir la taille du pari\u00a0;<\/li>\n<li>s\u00e9lectionnez le nombre de lignes\u00a0;<\/li>\n<li>appuyez sur Start;<\/li>\n<li>attendez que la rotation soit termin\u00e9e.<\/li>\n<\/ol>\n<p>Toutes les combinaisons gagnantes sont calcul\u00e9es automatiquement et les fonds sont instantan\u00e9ment d\u00e9pos\u00e9s sur votre compte.<\/p>\n<p><img loading=\"lazy\" decoding=\"async\" class=\"aligncenter wp-image-413 size-full lazy-loaded\" src=\"https:\/\/rocketplay-slot.com\/wp-content\/uploads\/2022\/09\/3-coins--e1664538849251.jpeg\" sizes=\"auto, (max-width: 680px) 100vw, 680px\" srcset=\"https:\/\/rocketplay-slot.com\/wp-content\/uploads\/2022\/09\/3-coins--e1664538849251.jpeg 680w, https:\/\/rocketplay-slot.com\/wp-content\/uploads\/2022\/09\/3-coins--e1664538849251-300x179.jpeg 300w\" alt=\"3 pi\u00e8ces RocketPlay\" width=\"680\" height=\"406\" data-lazy-type=\"image\" data-src=\"https:\/\/rocketplay-slot.com\/wp-content\/uploads\/2022\/09\/3-coins--e1664538849251.jpeg\" data-srcset=\"\" \/><\/p>\n<h2>CARACT\u00c9RISTIQUES DE LA MACHINE \u00c0 SOUS 3 COINS EGYPT<\/h2>\n<p>La machine \u00e0 sous en ligne Rocket Play 3 coins est un divertissement classique et familier pour les joueurs exp\u00e9riment\u00e9s.\u00a0Si nous parlons sp\u00e9cifiquement des fonctionnalit\u00e9s de la machine \u00e0 sous, la premi\u00e8re chose qui nous vient \u00e0 l&rsquo;esprit est la pr\u00e9sence de 4 respins.\u00a0Ils aideront \u00e0 passer \u00e0 des tours uniques avec uniquement des ic\u00f4nes sp\u00e9ciales et co\u00fbteuses.\u00a0Cela vous aidera \u00e0 obtenir un profit incroyable.\u00a0Le paiement le plus \u00e9lev\u00e9 peut \u00eatre jusqu&rsquo;\u00e0 500 fois le pari initial.<\/p>\n<p>Un autre fait int\u00e9ressant \u00e0 propos de la machine \u00e0 sous est la possibilit\u00e9 d&rsquo;obtenir un multiplicateur al\u00e9atoire.\u00a0Sa valeur peut varier de 1 \u00e0 20. Cela permet encore une fois d&rsquo;obtenir un \u00e9norme profit avec un investissement en capital minimum.<\/p>\n<h2>FAQ<\/h2>\n<h3>POUVEZ-VOUS JOUER GRATUITEMENT ?<\/h3>\n<p>Oui, en choisissant la version d\u00e9mo de la machine \u00e0 sous, vous pouvez jouer gratuitement, sans d\u00e9p\u00f4t, et m\u00eame sans inscription.\u00a0C&rsquo;est une excellente opportunit\u00e9 si vous n&rsquo;\u00eates pas encore pr\u00eat \u00e0 investir de l&rsquo;argent r\u00e9el dans le jeu.<\/p>\n<h3>QUELLE EST LA PARTICULARIT\u00c9 DE LA MACHINE \u00c0 SOUS\u00a0?<\/h3>\n<p>Une caract\u00e9ristique des machines \u00e0 sous est la possibilit\u00e9 d&rsquo;y utiliser 4 respins, ce qui ouvre l&rsquo;acc\u00e8s \u00e0 des tours bonus.\u00a0Il existe \u00e9galement un multiplicateur al\u00e9atoire qui tombe au hasard et augmente le nombre de gains de 1 \u00e0 20 fois.<\/p>\n<h3>QUEL EST LE PRINCIPAL INCONV\u00c9NIENT DE LA MACHINE \u00c0 SOUS ?<\/h3>\n<p>Nous n&rsquo;avons pas remarqu\u00e9 de tels d\u00e9fauts apr\u00e8s avoir examin\u00e9 le jeu.\u00a0La seule chose que l&rsquo;on peut noter, pas m\u00eame comme un inconv\u00e9nient mais comme une petite nuance, c&rsquo;est que la version de base du jeu manque de certaines fonctions.<\/p>\n<p><strong>A lire \u00e9galement sur :<\/strong><\/p>\n<ul>\n<li style=\"list-style-type: none;\">\n<ul>\n<li><a href=\"https:\/\/rocketplay-slot.com\/fr\/aloha-king-elvis\/\">Aloha Roi Elvis<\/a><\/li>\n<li><a href=\"https:\/\/rocketplay-slot.com\/fr\/black-wolf\/\">Loup noir<\/a><\/li>\n<\/ul>\n<\/li>\n<\/ul>\n","protected":false},"excerpt":{"rendered":"<p>Une \u00e9norme expansion de l&rsquo;un des principaux cr\u00e9ateurs mondiaux de contenu de jeu, Booongo, peut \u00eatre trouv\u00e9e parmi l&rsquo;assortiment de jeux sur le portail.\u00a0La machine \u00e0 sous Rocket Play 3 pi\u00e8ces m\u00e9rite certainement votre attention et votre temps.\u00a0Un an apr\u00e8s la premi\u00e8re sortie, le jeu a \u00e9t\u00e9 extr\u00eamement ador\u00e9 par des milliers de clients.\u00a0Et chaque&#8230;<\/p>\n","protected":false},"author":1,"featured_media":0,"parent":0,"menu_order":0,"comment_status":"closed","ping_status":"closed","template":"","meta":{"_acf_changed":false,"_kad_post_transparent":"default","_kad_post_title":"default","_kad_post_layout":"default","_kad_post_sidebar_id":"","_kad_post_content_style":"default","_kad_post_vertical_padding":"default","_kad_post_feature":"","_kad_post_feature_position":"","_kad_post_header":false,"_kad_post_footer":false,"footnotes":""},"class_list":["post-1345","page","type-page","status-publish","hentry"],"acf":[],"rttpg_featured_image_url":null,"rttpg_author":{"display_name":"Elvis","author_link":"https:\/\/rocketplay-slot.com\/fr\/author\/pemvas95n89x\/"},"rttpg_comment":0,"rttpg_category":null,"rttpg_excerpt":"Une \u00e9norme expansion de l&rsquo;un des principaux cr\u00e9ateurs mondiaux de contenu de jeu, Booongo, peut \u00eatre trouv\u00e9e parmi l&rsquo;assortiment de jeux sur le portail.\u00a0La machine \u00e0 sous Rocket Play 3 pi\u00e8ces m\u00e9rite certainement votre attention et votre temps.\u00a0Un an apr\u00e8s la premi\u00e8re sortie, le jeu a \u00e9t\u00e9 extr\u00eamement ador\u00e9 par des milliers de clients.\u00a0Et chaque...","_links":{"self":[{"href":"https:\/\/rocketplay-slot.com\/fr\/wp-json\/wp\/v2\/pages\/1345","targetHints":{"allow":["GET"]}}],"collection":[{"href":"https:\/\/rocketplay-slot.com\/fr\/wp-json\/wp\/v2\/pages"}],"about":[{"href":"https:\/\/rocketplay-slot.com\/fr\/wp-json\/wp\/v2\/types\/page"}],"author":[{"embeddable":true,"href":"https:\/\/rocketplay-slot.com\/fr\/wp-json\/wp\/v2\/users\/1"}],"replies":[{"embeddable":true,"href":"https:\/\/rocketplay-slot.com\/fr\/wp-json\/wp\/v2\/comments?post=1345"}],"version-history":[{"count":3,"href":"https:\/\/rocketplay-slot.com\/fr\/wp-json\/wp\/v2\/pages\/1345\/revisions"}],"predecessor-version":[{"id":2389,"href":"https:\/\/rocketplay-slot.com\/fr\/wp-json\/wp\/v2\/pages\/1345\/revisions\/2389"}],"wp:attachment":[{"href":"https:\/\/rocketplay-slot.com\/fr\/wp-json\/wp\/v2\/media?parent=1345"}],"curies":[{"name":"wp","href":"https:\/\/api.w.org\/{rel}","templated":true}]}}