{"id":1349,"date":"2022-09-30T15:52:03","date_gmt":"2022-09-30T12:52:03","guid":{"rendered":"https:\/\/rocketplay-slot.com\/aloha-king-elvis\/"},"modified":"2022-10-31T11:40:18","modified_gmt":"2022-10-31T08:40:18","slug":"aloha-king-elvis","status":"publish","type":"page","link":"https:\/\/rocketplay-slot.com\/fr\/aloha-king-elvis\/","title":{"rendered":"Aloha Roi Elvis"},"content":{"rendered":"<p><img loading=\"lazy\" decoding=\"async\" class=\"aligncenter wp-image-425 size-full\" src=\"https:\/\/rocketplay-slot.com\/wp-content\/uploads\/2022\/09\/aloha-king-elvis.jpeg\" alt=\"Aloha King Elvis\" width=\"720\" height=\"240\" srcset=\"https:\/\/rocketplay-slot.com\/wp-content\/uploads\/2022\/09\/aloha-king-elvis.jpeg 720w, https:\/\/rocketplay-slot.com\/wp-content\/uploads\/2022\/09\/aloha-king-elvis-300x100.jpeg 300w\" sizes=\"auto, (max-width: 720px) 100vw, 720px\" \/><\/p>\n<p><span>Si vous souhaitez ajouter des couleurs vives \u00e0 votre routine, alors la machine \u00e0 sous en ligne Rocket Play Aloha King Elvis est ce dont vous avez besoin.\u00a0Une grenouille joyeuse ne vous laissera pas vous ennuyer.\u00a0Les th\u00e8mes d&rsquo;une f\u00eate hawa\u00efenne avec des danses folles et amusantes, ainsi que des gains incroyables, ne vous laisseront certainement pas indiff\u00e9rents.<\/span><\/p>\n<p><span>Le jeu est apparu relativement r\u00e9cemment, mais son fabricant, la soci\u00e9t\u00e9 BGaming, a tout mis en \u0153uvre pour le rendre m\u00e9morable et appr\u00e9ci\u00e9 par de nombreux utilisateurs.\u00a0Nous portons \u00e0 votre attention la revue de la machine \u00e0 sous Rocket Play Aloha King Elvis, gr\u00e2ce \u00e0 laquelle vous pourrez d\u00e9couvrir ce divertissement, apprendre tous les d\u00e9tails et commencer \u00e0 gagner tout de suite.<\/span><\/p>\n<p><span>Le Rocket Play Aloha King Elvis en argent r\u00e9el est sorti \u00e0 l&rsquo;\u00e9t\u00e9 2021, et de nombreux utilisateurs l&rsquo;ont imm\u00e9diatement aim\u00e9.\u00a0Le design lumineux, l&rsquo;intrigue discr\u00e8te et l&rsquo;excellente offre de bonus ont conquis le c\u0153ur de nombreux joueurs.<\/span><\/p>\n<table border=\"0\" cellspacing=\"0\" cellpadding=\"0\">\n<tbody>\n<tr>\n<td><b><span>D\u00e9veloppeur\u00a0<\/span><\/b><\/td>\n<td><b><span>BJeux<\/span><\/b><\/td>\n<\/tr>\n<tr>\n<td><span>Date d&rsquo;apparition<\/span><\/td>\n<td><span>2021<\/span><\/td>\n<\/tr>\n<tr>\n<td><span>Lignes<\/span><\/td>\n<td><span>20<\/span><\/td>\n<\/tr>\n<tr>\n<td><span>roues<\/span><\/td>\n<td><span>5<\/span><\/td>\n<\/tr>\n<tr>\n<td><span>Lignes<\/span><\/td>\n<td><span>3<\/span><\/td>\n<\/tr>\n<tr>\n<td><span>Bonus<\/span><\/td>\n<td><span>lancements gratuits;<\/span>&nbsp;<\/p>\n<p><span>3 gros lots<\/span><\/td>\n<\/tr>\n<tr>\n<td><span>RTP<\/span><\/td>\n<td><span>94,9%<\/span><\/td>\n<\/tr>\n<tr>\n<td><span>Lecture automatique<\/span><\/td>\n<td><span>+<\/span><\/td>\n<\/tr>\n<tr>\n<td><span>Signes sp\u00e9ciaux<\/span><\/td>\n<td><span>Dispersion<\/span>&nbsp;<\/p>\n<p><span>Sauvage<\/span><\/td>\n<\/tr>\n<tr>\n<td><span>Diapason des paris<\/span><\/td>\n<td><span>0,25-50 CAD<\/span><\/td>\n<\/tr>\n<\/tbody>\n<\/table>\n<p>&nbsp;<\/p>\n<p><span>Tout joueur ne restera pas indiff\u00e9rent aux gains incroyables et aux aventures passionnantes qui l&rsquo;attendent ici.<\/span><\/p>\n<p><span>Il y a une s\u00e9rie de bonus assez solide ici.\u00a0Si les joueurs ne sont plus surpris par les tours gratuits suppl\u00e9mentaires de Rocket Play Aloha King Elvis ou les symboles scatter sp\u00e9ciaux, alors les d\u00e9veloppeurs du jeu ont cach\u00e9 quelques astuces suppl\u00e9mentaires dans leurs manches.\u00a0Quatre jackpots permanents et un mini-tour suppl\u00e9mentaire ne vous laisseront certainement pas sans impressions.\u00a0Super opportunit\u00e9s pour des gains incroyables\u00a0!\u00a0M\u00eame avec une mise minimale de seulement 25 cents, vous pouvez obtenir un tr\u00e8s bon prix.<\/span><\/p>\n<h2><span>JOUER AU JEU<\/span><\/h2>\n<p><span>Apr\u00e8s avoir \u00e9tudi\u00e9 la machine \u00e0 sous gratuite Rocket Play Aloha King Elvis, vous pouvez noter de nombreux points positifs qui font son succ\u00e8s aupr\u00e8s des utilisateurs.\u00a0Voici un gameplay extr\u00eamement pratique et rapide.\u00a0Tout est intuitif.\u00a0M\u00eame un d\u00e9butant qui s&rsquo;occupe des machines \u00e0 sous pour la premi\u00e8re fois n&rsquo;aura besoin que de quelques minutes pour se familiariser et apprendre les fonctions du menu principal.<\/span><\/p>\n<p><span>La conception de la fente est visuellement agr\u00e9able.\u00a0En arri\u00e8re-plan, les joueurs voient la nature tropicale et les attributs d&rsquo;une f\u00eate, et l&rsquo;incroyable amusement hawa\u00efen\u00a0: selon le th\u00e8me, les combinaisons gagnantes consistent en des images th\u00e9matiques de personnages.\u00a0Ici sont pr\u00e9sent\u00e9s :<\/span><\/p>\n<ul>\n<li><span>Grenouille gaie avec une guitare (sauvage);<\/span><\/li>\n<li><span>Fille grenouille avec un cocktail;<\/span><\/li>\n<li><span>Totem dr\u00f4le (patineur);<\/span><\/li>\n<li><span>fourgonnette rose\u00a0;<\/span><\/li>\n<li><span>Guitare;<\/span><\/li>\n<li><span>Tambours;<\/span><\/li>\n<li><span>Collecte de pi\u00e8ces\u00a0;<\/span><\/li>\n<li><span>Lettres A, Q, K et J en fleurs !<\/span><\/li>\n<\/ul>\n<p><span>Cette action de jeu vive est accompagn\u00e9e de bandes sonores appropri\u00e9es au th\u00e8me.<\/span><\/p>\n<p><span>Les deux m\u00e9thodes ont des r\u00e8gles et des conditions identiques, \u00e0 l&rsquo;exception de la composante financi\u00e8re dans la version de d\u00e9monstration.\u00a0Les paris sont effectu\u00e9s sur des fonds virtuels et, par cons\u00e9quent, les gains sont re\u00e7us dans la m\u00eame devise.\u00a0Dans n&rsquo;importe quel mode, les joueurs peuvent utiliser la lecture automatique.<\/span><\/p>\n<h2><span>FONCTIONNALIT\u00c9S<\/span><\/h2>\n<p><span>La machine \u00e0 sous Rocket Play Aloha King Elvis est un divertissement classique avec 5 roues et 3 rang\u00e9es.\u00a0Si nous parlons sp\u00e9cifiquement des fonctionnalit\u00e9s de la machine \u00e0 sous, la premi\u00e8re chose qui nous vient \u00e0 l&rsquo;esprit est la pr\u00e9sence de :<\/span><\/p>\n<ul>\n<li><span>3 gros lots\u00a0;<\/span><\/li>\n<li><span>Lancement libre\u00a0;<\/span><\/li>\n<li><span>Respins\u00a0;<\/span><\/li>\n<li><span>Ic\u00f4nes g\u00e9antes\u00a0!<\/span><\/li>\n<\/ul>\n<p><span>Toutes ces particularit\u00e9s vous aideront \u00e0 obtenir un profit incroyable.\u00a0Le paiement le plus \u00e9lev\u00e9 peut \u00eatre jusqu&rsquo;\u00e0 2200 fois le pari initial.<\/span><\/p>\n<p><img loading=\"lazy\" decoding=\"async\" class=\"aligncenter wp-image-426 size-large lazy-loaded\" src=\"https:\/\/rocketplay-slot.com\/wp-content\/uploads\/2022\/09\/aloha-king-elvis-slot-e1664541573948-1024x514.jpeg\" sizes=\"auto, (max-width: 1024px) 100vw, 1024px\" srcset=\"https:\/\/rocketplay-slot.com\/wp-content\/uploads\/2022\/09\/aloha-king-elvis-slot-e1664541573948-1024x514.jpeg 1024w, https:\/\/rocketplay-slot.com\/wp-content\/uploads\/2022\/09\/aloha-king-elvis-slot-e1664541573948-300x151.jpeg 300w, https:\/\/rocketplay-slot.com\/wp-content\/uploads\/2022\/09\/aloha-king-elvis-slot-e1664541573948-768x386.jpeg 768w, https:\/\/rocketplay-slot.com\/wp-content\/uploads\/2022\/09\/aloha-king-elvis-slot-e1664541573948.jpeg 1455w\" alt=\"Machine \u00e0 sous Aloha King Elvis\" width=\"1024\" height=\"514\" data-lazy-type=\"image\" data-src=\"https:\/\/rocketplay-slot.com\/wp-content\/uploads\/2022\/09\/aloha-king-elvis-slot-e1664541573948-1024x514.jpeg\" data-srcset=\"\" \/><\/p>\n<h2><span>CONCLUSION<\/span><\/h2>\n<p><span>En conclusion, une chose peut \u00eatre not\u00e9e &#8211; c&rsquo;est un divertissement brillant et int\u00e9ressant.\u00a0Tout est compr\u00e9hensible ici, donc le gameplay est facile, m\u00eame pour les d\u00e9butants.\u00a0Il y a les lignes et les moulinets habituels.\u00a0Il y a aussi des respins, des essais gratuits et un mini tour suppl\u00e9mentaire.\u00a0Il y a un super jackpot qui peut grossir 2200 fois.\u00a0La gamme de paris est extr\u00eamement large \u2013 de 25 cents \u00e0 50 dollars par tour.\u00a0Cependant, m\u00eame avec un investissement en capital minimal, vous pouvez gagner beaucoup d&rsquo;argent.\u00a0Ce jeu est certainement digne de votre attention et de votre temps.<\/span><\/p>\n<p><strong><span>A lire \u00e9galement sur :<\/span><\/strong><\/p>\n<ul>\n<li style=\"list-style-type: none;\">\n<ul>\n<li><a href=\"https:\/\/rocketplay-slot.com\/fr\/black-wolf\/\"><span>Loup noir<\/span><\/a><\/li>\n<li><a href=\"https:\/\/rocketplay-slot.com\/fr\/buffalo-power-hold-and-win\/\"><span>Buffalo Power Hold and Win<\/span><\/a><\/li>\n<\/ul>\n<\/li>\n<\/ul>\n","protected":false},"excerpt":{"rendered":"<p>Si vous souhaitez ajouter des couleurs vives \u00e0 votre routine, alors la machine \u00e0 sous en ligne Rocket Play Aloha King Elvis est ce dont vous avez besoin.\u00a0Une grenouille joyeuse ne vous laissera pas vous ennuyer.\u00a0Les th\u00e8mes d&rsquo;une f\u00eate hawa\u00efenne avec des danses folles et amusantes, ainsi que des gains incroyables, ne vous laisseront certainement&#8230;<\/p>\n","protected":false},"author":1,"featured_media":0,"parent":0,"menu_order":0,"comment_status":"closed","ping_status":"closed","template":"","meta":{"_acf_changed":false,"_kad_post_transparent":"default","_kad_post_title":"default","_kad_post_layout":"default","_kad_post_sidebar_id":"","_kad_post_content_style":"default","_kad_post_vertical_padding":"default","_kad_post_feature":"","_kad_post_feature_position":"","_kad_post_header":false,"_kad_post_footer":false,"footnotes":""},"class_list":["post-1349","page","type-page","status-publish","hentry"],"acf":[],"rttpg_featured_image_url":null,"rttpg_author":{"display_name":"Elvis","author_link":"https:\/\/rocketplay-slot.com\/fr\/author\/pemvas95n89x\/"},"rttpg_comment":0,"rttpg_category":null,"rttpg_excerpt":"Si vous souhaitez ajouter des couleurs vives \u00e0 votre routine, alors la machine \u00e0 sous en ligne Rocket Play Aloha King Elvis est ce dont vous avez besoin.\u00a0Une grenouille joyeuse ne vous laissera pas vous ennuyer.\u00a0Les th\u00e8mes d&rsquo;une f\u00eate hawa\u00efenne avec des danses folles et amusantes, ainsi que des gains incroyables, ne vous laisseront certainement...","_links":{"self":[{"href":"https:\/\/rocketplay-slot.com\/fr\/wp-json\/wp\/v2\/pages\/1349","targetHints":{"allow":["GET"]}}],"collection":[{"href":"https:\/\/rocketplay-slot.com\/fr\/wp-json\/wp\/v2\/pages"}],"about":[{"href":"https:\/\/rocketplay-slot.com\/fr\/wp-json\/wp\/v2\/types\/page"}],"author":[{"embeddable":true,"href":"https:\/\/rocketplay-slot.com\/fr\/wp-json\/wp\/v2\/users\/1"}],"replies":[{"embeddable":true,"href":"https:\/\/rocketplay-slot.com\/fr\/wp-json\/wp\/v2\/comments?post=1349"}],"version-history":[{"count":2,"href":"https:\/\/rocketplay-slot.com\/fr\/wp-json\/wp\/v2\/pages\/1349\/revisions"}],"predecessor-version":[{"id":1351,"href":"https:\/\/rocketplay-slot.com\/fr\/wp-json\/wp\/v2\/pages\/1349\/revisions\/1351"}],"wp:attachment":[{"href":"https:\/\/rocketplay-slot.com\/fr\/wp-json\/wp\/v2\/media?parent=1349"}],"curies":[{"name":"wp","href":"https:\/\/api.w.org\/{rel}","templated":true}]}}