{"id":1353,"date":"2022-06-15T09:01:36","date_gmt":"2022-06-15T06:01:36","guid":{"rendered":"https:\/\/rocketplay-slot.com\/live-baccarat\/"},"modified":"2026-02-28T00:41:52","modified_gmt":"2026-02-27T21:41:52","slug":"live-baccarat","status":"publish","type":"page","link":"https:\/\/rocketplay-slot.com\/fr\/live-baccarat\/","title":{"rendered":"Baccara en ligne sur RocketPlay Casino"},"content":{"rendered":"<p>Le baccara peut \u00eatre consid\u00e9r\u00e9 comme l&rsquo;un des jeux de casino classiques qui sera toujours populaire aupr\u00e8s d&rsquo;un large public de joueurs du monde entier.\u00a0\u00c0 l&rsquo;origine un jeu de hasard exclusivement r\u00e9serv\u00e9 \u00e0 l&rsquo;aristocratie, le baccara n&rsquo;est plus seulement un jeu pour l&rsquo;\u00e9lite &#8211; il n&rsquo;y a aucune restriction quant \u00e0 qui peut y jouer.\u00a0Ainsi, les casinos en ligne proposent aujourd&rsquo;hui une vari\u00e9t\u00e9 de jeux auxquels vous pouvez jouer \u00e0 des mises minimales.\u00a0Dans le m\u00eame temps, les machines \u00e0 sous de baccarat n&rsquo;ont pas perdu leur charme, leur frisson et leurs grandes chances de gagner de l&rsquo;argent r\u00e9el.\u00a0Ce dernier est d\u00fb \u00e0 la r\u00e8gle du jeu simple et \u00e0 une grande chance de gagner pour le joueur.<\/p>\n<p><a href=\"https:\/\/rocketplay-slot.com\/fr\">Le baccarat en ligne RocketPlay en<\/a>\u00a0direct\u00a0est l&rsquo;un des jeux les plus faciles o\u00f9 il vous suffit de faire un pari et c&rsquo;est tout.\u00a0Contrairement aux autres jeux de casino, les participants peuvent parier sur le joueur, le banquier ou les deux.\u00a0Il n&rsquo;y a pas de r\u00e8gles d\u00e9licates ou de combinaisons compliqu\u00e9es, vous n&rsquo;avez donc pas \u00e0 perdre votre temps \u00e0 apprendre la th\u00e9orie.\u00a0Le but du jeu est de deviner qui a mis\u00e9 correctement : le joueur ou le banquier.\u00a0En plus de cela, vous pouvez parier sur les deux, ce qui peut \u00e9galement vous rapporter de l&rsquo;argent dans le jeu.<\/p>\n<p>Si vous n&rsquo;avez jamais jou\u00e9 au\u00a0baccarat\u00a0<a href=\"https:\/\/rocketplay-slot.com\/fr\/live-casino\/\">casino en direct<\/a>\u00a0RocketPlay\u00a0et que vous ne savez pas pourquoi vous devriez essayer ce jeu, nous avons quelques arguments et recommandations pour vous ;<\/p>\n<ul>\n<li>Si vous voulez voir si la chance est de votre c\u00f4t\u00e9 aujourd&rsquo;hui, alors le baccara est le meilleur jeu pour vous.\u00a0Au baccara, le succ\u00e8s est d\u00e9termin\u00e9 \u00e0 100 % par votre chance ;<\/li>\n<li>Dans ce jeu, le casino a le plus petit avantage sur le joueur, seulement 1,06 % ;<\/li>\n<li>Les mises au baccarat vont de 0,15 $ \u00e0 1 000 $.<\/li>\n<\/ul>\n<p>Lorsque vous jouez, vous devez garder \u00e0 l&rsquo;esprit que m\u00eame si le casino a un faible avantage, plus vous jouez longtemps, moins vous avez de chances de gagner.<\/p>\n<p>Si vous ne cherchez pas les gains, mais que vous voulez juste vous amuser en jouant \u00e0 votre jeu pr\u00e9f\u00e9r\u00e9, alors vous pouvez jouer\u00a0au baccarat en direct de RocketPlay Canada.\u00a0Un gameplay passionnant et une large gamme de jeux vous sont garantis.\u00a0Avant de commencer votre session, prenez note des recommandations suivantes des experts du baccara :<\/p>\n<ul>\n<li>Parier sur le banquier est plus avantageux que parier sur le joueur.\u00a0A titre de comparaison, l&rsquo;avantage joueur est de 1,29% et l&rsquo;avantage banquier est de 1,01%.\u00a0Dans le m\u00eame temps, parier sur les deux est le moins r\u00e9ussi.<\/li>\n<li>Plus il y a de decks impliqu\u00e9s dans le jeu, moins c&rsquo;est favorable pour le joueur.<\/li>\n<li>Vos chances de gagner d\u00e9pendent \u00e9galement du montant de votre gain si vous pariez sur le banquier.\u00a0Choisissez un jeu o\u00f9 ce pourcentage est inf\u00e9rieur \u00e0 4 %.<\/li>\n<li>Faites des paris raisonnables, mais d\u00e8s que vous commencez \u00e0 gagner, arr\u00eatez le jeu imm\u00e9diatement.<\/li>\n<\/ul>\n<p>G\u00e9n\u00e9ralement, les casinos en ligne proposent une version classique du jeu.\u00a0Cependant, nous sommes une exception \u00e0 cet \u00e9gard.\u00a0Sur notre site, vous pouvez choisir parmi une vari\u00e9t\u00e9 de variantes de Baccarat, toutes disponibles sans inscription et couvrant les meilleures versions de ce jeu.\u00a0 \u00a0 \u00a0 \u00a0 \u00a0 \u00a0 \u00a0 \u00a0 \u00a0 \u00a0 \u00a0 \u00a0 \u00a0 \u00a0 \u00a0 \u00a0 \u00a0 \u00a0 \u00a0 \u00a0 \u00a0 \u00a0 \u00a0 \u00a0 \u00a0 \u00a0 \u00a0 \u00a0 \u00a0 \u00a0 \u00a0 \u00a0 \u00a0 \u00a0 \u00a0 \u00a0 \u00a0 \u00a0 \u00a0 \u00a0 \u00a0<img loading=\"lazy\" decoding=\"async\" class=\"aligncenter wp-image-272 lazy-loaded\" src=\"https:\/\/rocketplay-slot.com\/wp-content\/uploads\/2022\/06\/second_bonus_nonlog-300x148.png\" sizes=\"auto, (max-width: 600px) 100vw, 600px\" srcset=\"https:\/\/rocketplay-slot.com\/wp-content\/uploads\/2022\/06\/second_bonus_nonlog-300x148.png 300w, https:\/\/rocketplay-slot.com\/wp-content\/uploads\/2022\/06\/second_bonus_nonlog-1024x504.png 1024w, https:\/\/rocketplay-slot.com\/wp-content\/uploads\/2022\/06\/second_bonus_nonlog-768x378.png 768w, https:\/\/rocketplay-slot.com\/wp-content\/uploads\/2022\/06\/second_bonus_nonlog.png 1300w\" alt=\"\" width=\"600\" height=\"295\" data-lazy-type=\"image\" data-src=\"https:\/\/rocketplay-slot.com\/wp-content\/uploads\/2022\/06\/second_bonus_nonlog-300x148.png\" data-srcset=\"\" \/><\/p>\n<h2>LES AVANTAGES DE JOUER AU BACCARAT EN LIGNE<\/h2>\n<p>Le fait que les jeux de cartes soient passionnants et impr\u00e9visibles est connu de tous les amateurs d&rsquo;excitation et de sensations fortes.\u00a0Ce type de divertissement est populaire dans le monde entier depuis de tr\u00e8s nombreuses ann\u00e9es.\u00a0M\u00eame aujourd&rsquo;hui, alors que les joueurs peuvent jouer \u00e0 des jeux comme les machines \u00e0 sous et le vid\u00e9o poker, le baccara n&rsquo;a pas perdu sa popularit\u00e9.<\/p>\n<p>Mais la meilleure chose \u00e0 propos de ce jeu est les chances \u00e9lev\u00e9es de gagner, ainsi que les montants que vous pouvez gagner en tant que premier prix du jeu.\u00a0\u00c0 cet \u00e9gard, le baccara est un jeu tr\u00e8s tentant.<\/p>\n<p>Vous ne savez pas s&rsquo;il est logique de jouer au\u00a0bonus de baccara en direct RocketPlay\u00a0sur notre site Web\u00a0?\u00a0Nous offrons de nombreuses raisons d&rsquo;essayer ce jeu avec nous.\u00a0Et voici quelques-uns d&rsquo;entre eux :<\/p>\n<ul>\n<li aria-level=\"1\">Large gamme de jeux \u2013 En plus de la version classique du jeu, vous pouvez jouer \u00e0 15 autres variantes du baccara.\u00a0Baccarat Gold, Baccarat High Roller, Baccarat Pro et Baccarat Pro \u2013 VIP Limit ne sont que quelques-unes des options ;<\/li>\n<li aria-level=\"1\">Logiciel de jeu de qualit\u00e9 \u2013 Nous n&rsquo;utilisons que des logiciels de jeu de qualit\u00e9 provenant des principaux fabricants mondiaux \u2013 Microgaming, OneTouch et NetEnt ;<\/li>\n<li aria-level=\"1\">Casino en ligne RocketPlay live baccarat en argent r\u00e9el\u00a0\u2013 Si vous d\u00e9cidez de vous battre pour le premier prix, vous appr\u00e9cierez certainement de jouer avec nous ;<\/li>\n<li aria-level=\"1\">Chances \u00e9lev\u00e9es de gagner \u2013 Nous offrons l&rsquo;une des meilleures chances de gagner au baccarat, allant de 94 % \u00e0 97 % ;<\/li>\n<li aria-level=\"1\">Jeu gratuit en ligne de baccara en direct Simple\u00a0RocketPlay\u00a0&#8211; vous n&rsquo;avez pas besoin de passer du temps \u00e0 apprendre les r\u00e8gles du jeu.\u00a0Apprenez les r\u00e8gles en jouant au jeu;<\/li>\n<li aria-level=\"1\">Le g\u00e9n\u00e9rateur de nombres al\u00e9atoires garantit le fair-play &#8211; Absolument aucun risque d&rsquo;\u00eatre tromp\u00e9\u00a0;<\/li>\n<li aria-level=\"1\">Pas de restrictions.\u00a0Quel que soit votre pays de r\u00e9sidence, vous pouvez acc\u00e9der \u00e0 notre casino et jouer \u00e0 n&rsquo;importe quel jeu en ligne ;<\/li>\n<li aria-level=\"1\">Vous ne risquez rien lorsque vous jouez sur notre casino en ligne.\u00a0C&rsquo;est tout simplement l&rsquo;endroit id\u00e9al pour les joueurs novices et les champions de baccara exp\u00e9riment\u00e9s.<\/li>\n<\/ul>\n<p>Le baccara peut \u00eatre consid\u00e9r\u00e9 comme l&rsquo;un des jeux de casino classiques qui sera toujours populaire aupr\u00e8s d&rsquo;un large public de joueurs du monde entier.\u00a0\u00c0 l&rsquo;origine un jeu de hasard exclusivement r\u00e9serv\u00e9 \u00e0 l&rsquo;aristocratie, le baccara n&rsquo;est plus seulement un jeu pour l&rsquo;\u00e9lite &#8211; il n&rsquo;y a aucune restriction quant \u00e0 qui peut y jouer.\u00a0Ainsi, les casinos en ligne proposent aujourd&rsquo;hui une vari\u00e9t\u00e9 de jeux auxquels vous pouvez jouer \u00e0 des mises minimales.\u00a0Dans le m\u00eame temps, les machines \u00e0 sous de baccarat n&rsquo;ont pas perdu leur charme, leur frisson et leurs grandes chances de gagner de l&rsquo;argent r\u00e9el.\u00a0Ce dernier est d\u00fb \u00e0 la r\u00e8gle du jeu simple et \u00e0 une grande chance de gagner pour le joueur.<\/p>\n<p>Le baccara en ligne RocketPlay en direct\u00a0est l&rsquo;un des jeux les plus faciles o\u00f9 il vous suffit de faire un pari et c&rsquo;est tout.\u00a0Contrairement aux autres jeux de casino, les participants peuvent parier sur le joueur, le banquier ou les deux.\u00a0Il n&rsquo;y a pas de r\u00e8gles d\u00e9licates ou de combinaisons compliqu\u00e9es, vous n&rsquo;avez donc pas \u00e0 perdre votre temps \u00e0 apprendre la th\u00e9orie.\u00a0Le but du jeu est de deviner qui a mis\u00e9 correctement : le joueur ou le banquier.\u00a0En plus de cela, vous pouvez parier sur les deux, ce qui peut \u00e9galement vous rapporter de l&rsquo;argent dans le jeu.<\/p>\n<p>Si vous n&rsquo;avez jamais jou\u00e9 au\u00a0baccarat casino en direct RocketPlay\u00a0et que vous ne savez pas pourquoi vous devriez essayer ce jeu, nous avons quelques arguments et recommandations pour vous ;<\/p>\n<p>Si vous voulez voir si la chance est de votre c\u00f4t\u00e9 aujourd&rsquo;hui, alors le baccara est le meilleur jeu pour vous.\u00a0Au baccara, le succ\u00e8s est d\u00e9termin\u00e9 \u00e0 100 % par votre chance ;<\/p>\n<p>Dans ce jeu, le casino a le plus petit avantage sur le joueur, seulement 1,06 % ;<\/p>\n<p>Les mises au baccarat vont de 0,15 $ \u00e0 1 000 $.<\/p>\n<p>Lorsque vous jouez, vous devez garder \u00e0 l&rsquo;esprit que m\u00eame si le casino a un faible avantage, plus vous jouez longtemps, moins vous avez de chances de gagner.<\/p>\n<p>Si vous ne cherchez pas les gains, mais que vous voulez juste vous amuser en jouant \u00e0 votre jeu pr\u00e9f\u00e9r\u00e9, alors vous pouvez jouer\u00a0au baccarat en direct de RocketPlay Canada.\u00a0Un gameplay passionnant et une large gamme de jeux vous sont garantis.\u00a0Avant de commencer votre session, prenez note des recommandations suivantes des experts du baccara :<\/p>\n<p>Parier sur le banquier est plus avantageux que parier sur le joueur.\u00a0A titre de comparaison, l&rsquo;avantage joueur est de 1,29% et l&rsquo;avantage banquier est de 1,01%.\u00a0Dans le m\u00eame temps, parier sur les deux est le moins r\u00e9ussi.<\/p>\n<p>Plus il y a de decks impliqu\u00e9s dans le jeu, moins c&rsquo;est favorable pour le joueur.<\/p>\n<p>Vos chances de gagner d\u00e9pendent \u00e9galement du montant de votre gain si vous pariez sur le banquier.\u00a0Choisissez un jeu o\u00f9 ce pourcentage est inf\u00e9rieur \u00e0 4 %.<\/p>\n<p>Faites des paris raisonnables, mais d\u00e8s que vous commencez \u00e0 gagner, arr\u00eatez le jeu imm\u00e9diatement.<\/p>\n<p>G\u00e9n\u00e9ralement, les casinos en ligne proposent une version classique du jeu.\u00a0Cependant, nous sommes une exception \u00e0 cet \u00e9gard.\u00a0Sur notre site, vous pouvez choisir parmi une vari\u00e9t\u00e9 de variantes de Baccarat, toutes disponibles sans inscription et couvrant les meilleures versions de ce jeu.<\/p>\n<div class=\"alao-sidebar-box alao-sidebar-box-\">\t<div class=\"alao-sidebar-box alao-sidebar-box-\">\n\t\t<a href=\"\" class=\"alao-sidebar-box__link\">\n\t\t\t<span class=\"alao-sidebar-box__thumb\">\n\t\t\t\t<img decoding=\"async\" src=\"https:\/\/rocketplay-slot.com\/wp-content\/uploads\/2022\/06\/second_bonus_nonlog.png\" alt=\"Bonus de premier d\u00e9p\u00f4t\">\n\t\t\t<\/span>\n\t\t\t<span class=\"alao-sidebar-box__info\">\n\t\t\t\t<span class=\"alao-sidebar-box__info-wrap\">\n\t\t\t\t\t<span class=\"alao-sidebar-box__head\">Bonus de premier d\u00e9p\u00f4t<\/span>\n\t\t\t\t\t<span class=\"alao-sidebar-box__desc\">100% + 100 FS POUR UN D\u00c9MARRAGE PARFAIT<\/span>\n\t\t\t\t\t<span class=\"alao-sidebar-box__button\">Obtenir<\/span>\n\t\t\t\t<\/span>\n\t\t\t<\/span>\n\t\t<\/a>\n\t<\/div>\n\t<\/div>\n<h2>MEILLEURS JEUX DE BACCARA<\/h2>\n<p>Le baccara est un jeu de cartes r\u00e9pandu, qui est propos\u00e9 dans tous les casinos traditionnels et les casinos en ligne du monde.\u00a0Naturellement, en raison de sa popularit\u00e9, ainsi que de sa longue histoire, il existe diff\u00e9rents types de ce jeu &#8211; les plus courants et les plus populaires sont le Baccarat am\u00e9ricain, le Mini Baccara, le Punto Banco, le Macao et le neuf.\u00a0Ils diff\u00e8rent les uns des autres :<\/p>\n<ul>\n<li aria-level=\"1\">Les r\u00e8gles de distribution et de distribution des cartes\u00a0;<\/li>\n<li aria-level=\"1\">Le nombre de decks impliqu\u00e9s dans le jeu\u00a0;<\/li>\n<li aria-level=\"1\">Le pourcentage de paris\u00a0;<\/li>\n<li aria-level=\"1\">Le nombre de joueurs\u00a0;<\/li>\n<li aria-level=\"1\">Les gains\u00a0;<\/li>\n<li aria-level=\"1\">nombre de cartes\u00a0;<\/li>\n<li aria-level=\"1\">les r\u00e8gles relatives \u00e0 la 3\u00e8me carte.<\/li>\n<\/ul>\n<p>Consid\u00e9rez les variantes les plus courantes de ce jeu, auxquelles vous pouvez\u00a0jouer en direct au baccarat RocketPlay\u00a0dans notre casino.<\/p>\n<h2>BACCARAT EUROP\u00c9EN<\/h2>\n<p>Le baccara europ\u00e9en est un type de jeu classique.\u00a0Au baccara europ\u00e9en, les gains sont d\u00e9termin\u00e9s par le casino et le nombre de participants d\u00e9pend de la taille totale de tous les paris effectu\u00e9s dans le tour.\u00a0Lorsqu&rsquo;ils parient sur un banquier, les joueurs (s&rsquo;ils gagnent) doivent payer des frais, qui sont g\u00e9n\u00e9ralement d&rsquo;environ 5 %.\u00a0Sinon, toutes les r\u00e8gles du jeu sont identiques au baccara classique.<\/p>\n<h2>BACCARA FRAN\u00c7AIS (CHEMIN DE FER)<\/h2>\n<p>Le baccara fran\u00e7ais est un autre type de jeu populaire.\u00a0Ses r\u00e8gles de base sont les m\u00eames que la version classique du jeu, mais sa principale caract\u00e9ristique est que le casino n&rsquo;est pas impliqu\u00e9 dans le jeu.\u00a0Ainsi, les joueurs jouent les uns contre les autres.\u00a0Dans ce cas, le casino agit en tant qu&rsquo;observateur et s&rsquo;assure que les joueurs respectent toutes les r\u00e8gles et, bien s\u00fbr, facture une commission \u00e0 chaque partie.<\/p>\n<h2>MINI BACCARA<\/h2>\n<p>Le mini baccara est surtout populaire aux \u00c9tats-Unis.\u00a0Le jeu est pratiquement le m\u00eame que les versions classiques, sauf que le jeu se d\u00e9roule \u00e0 une petite table.\u00a0Ainsi, au mini baccara, un maximum de sept personnes peuvent jouer \u00e0 une table.\u00a0Y compris un\u00a0croupier en direct baccarat RocketPlay\u00a0, qui est responsable de toutes les actions et paris qui ont lieu pendant le jeu minibaccarat.\u00a0Il sert \u00e9galement de banquier.<\/p>\n<p><img loading=\"lazy\" decoding=\"async\" class=\"aligncenter wp-image-247 lazy-loaded\" src=\"https:\/\/rocketplay-slot.com\/wp-content\/uploads\/2022\/06\/vip_header_icon1-300x300.png\" sizes=\"auto, (max-width: 600px) 100vw, 600px\" srcset=\"https:\/\/rocketplay-slot.com\/wp-content\/uploads\/2022\/06\/vip_header_icon1-300x300.png 300w, https:\/\/rocketplay-slot.com\/wp-content\/uploads\/2022\/06\/vip_header_icon1-150x150.png 150w, https:\/\/rocketplay-slot.com\/wp-content\/uploads\/2022\/06\/vip_header_icon1.png 552w\" alt=\"\" width=\"600\" height=\"600\" data-lazy-type=\"image\" data-src=\"https:\/\/rocketplay-slot.com\/wp-content\/uploads\/2022\/06\/vip_header_icon1-300x300.png\" data-srcset=\"\" \/><\/p>\n<h2>POINT BANCO<\/h2>\n<p>Le jeu de Punto Banco est tr\u00e8s similaire \u00e0 la version classique du baccarat.\u00a0La seule diff\u00e9rence est qu&rsquo;au lieu de parier sur le joueur et le banquier, les participants parient soit sur le Punto (joueur) soit sur le Banco (banquier).\u00a0En d&rsquo;autres termes, les noms sont diff\u00e9rents &#8211; l&rsquo;essence du jeu est la m\u00eame.<\/p>\n<p>Quel que soit le jeu que vous choisissez, vous pouvez y jouer sans inscription sur notre site Web.\u00a0Aucune restriction, une large gamme de jeux &#8211; ce ne sont l\u00e0 que quelques-uns des avantages de jouer au baccarat sur RocketPlay.<\/p>\n<p>Le baccara est un jeu de cartes r\u00e9pandu, qui est propos\u00e9 dans tous les casinos traditionnels et les casinos en ligne du monde.\u00a0Naturellement, en raison de sa popularit\u00e9, ainsi que de sa longue histoire, il existe diff\u00e9rents types de ce jeu &#8211; les plus courants et les plus populaires sont le Baccarat am\u00e9ricain, le Mini Baccara, le Punto Banco, le Macao et le neuf.\u00a0Ils diff\u00e8rent les uns des autres :<\/p>\n<ul>\n<li aria-level=\"1\">Les r\u00e8gles de distribution et de distribution des cartes\u00a0;<\/li>\n<li aria-level=\"1\">Le nombre de decks impliqu\u00e9s dans le jeu\u00a0;<\/li>\n<li aria-level=\"1\">Le pourcentage de paris\u00a0;<\/li>\n<li aria-level=\"1\">Le nombre de joueurs\u00a0;<\/li>\n<li aria-level=\"1\">Les gains\u00a0;<\/li>\n<li aria-level=\"1\">nombre de cartes\u00a0;<\/li>\n<li aria-level=\"1\">les r\u00e8gles relatives \u00e0 la 3\u00e8me carte.<\/li>\n<\/ul>\n<p>Consid\u00e9rez les variantes les plus courantes de ce jeu, auxquelles vous pouvez\u00a0jouer en direct au baccarat RocketPlay\u00a0dans notre casino.<\/p>\n<h2>BACCARAT EUROP\u00c9EN<\/h2>\n<p>Le baccara europ\u00e9en est un type de jeu classique.\u00a0Au baccara europ\u00e9en, les gains sont d\u00e9termin\u00e9s par le casino et le nombre de participants d\u00e9pend de la taille totale de tous les paris effectu\u00e9s dans le tour.\u00a0Lorsqu&rsquo;ils parient sur un banquier, les joueurs (s&rsquo;ils gagnent) doivent payer des frais, qui sont g\u00e9n\u00e9ralement d&rsquo;environ 5 %.\u00a0Sinon, toutes les r\u00e8gles du jeu sont identiques au baccara classique.<\/p>\n<h2>BACCARA FRAN\u00c7AIS (CHEMIN DE FER)<\/h2>\n<p>Le baccara fran\u00e7ais est un autre type de jeu populaire.\u00a0Ses r\u00e8gles de base sont les m\u00eames que la version classique du jeu, mais sa principale caract\u00e9ristique est que le casino n&rsquo;est pas impliqu\u00e9 dans le jeu.\u00a0Ainsi, les joueurs jouent les uns contre les autres.\u00a0Dans ce cas, le casino agit en tant qu&rsquo;observateur et s&rsquo;assure que les joueurs respectent toutes les r\u00e8gles et, bien s\u00fbr, facture une commission \u00e0 chaque partie.<\/p>\n<h2>MINI BACCARA<\/h2>\n<p>Le mini baccara est surtout populaire aux \u00c9tats-Unis.\u00a0Le jeu est pratiquement le m\u00eame que les versions classiques, sauf que le jeu se d\u00e9roule \u00e0 une petite table.\u00a0Ainsi, au mini baccara, un maximum de sept personnes peuvent jouer \u00e0 une table.\u00a0Y compris un\u00a0croupier en direct baccarat RocketPlay\u00a0, qui est responsable de toutes les actions et paris qui ont lieu pendant le jeu minibaccarat.\u00a0Il sert \u00e9galement de banquier.<\/p>\n<h2>POINT BANCO<\/h2>\n<p>Le jeu de Punto Banco est tr\u00e8s similaire \u00e0 la version classique du baccarat.\u00a0La seule diff\u00e9rence est qu&rsquo;au lieu de parier sur le joueur et le banquier, les participants parient soit sur le Punto (joueur) soit sur le Banco (banquier).\u00a0En d&rsquo;autres termes, les noms sont diff\u00e9rents &#8211; l&rsquo;essence du jeu est la m\u00eame.<\/p>\n<p>Quel que soit le jeu que vous choisissez, vous pouvez y jouer sans inscription sur notre site Web.\u00a0Aucune restriction, une large gamme de jeux &#8211; ce ne sont l\u00e0 que quelques-uns des avantages de jouer au baccarat sur RocketPlay.<\/p>\n","protected":false},"excerpt":{"rendered":"<p>Le baccara peut \u00eatre consid\u00e9r\u00e9 comme l&rsquo;un des jeux de casino classiques qui sera toujours populaire aupr\u00e8s d&rsquo;un large public de joueurs du monde entier.\u00a0\u00c0 l&rsquo;origine un jeu de hasard exclusivement r\u00e9serv\u00e9 \u00e0 l&rsquo;aristocratie, le baccara n&rsquo;est plus seulement un jeu pour l&rsquo;\u00e9lite &#8211; il n&rsquo;y a aucune restriction quant \u00e0 qui peut y jouer.\u00a0Ainsi,&#8230;<\/p>\n","protected":false},"author":1,"featured_media":0,"parent":0,"menu_order":0,"comment_status":"closed","ping_status":"closed","template":"","meta":{"_acf_changed":false,"_kad_post_transparent":"default","_kad_post_title":"default","_kad_post_layout":"default","_kad_post_sidebar_id":"","_kad_post_content_style":"default","_kad_post_vertical_padding":"default","_kad_post_feature":"","_kad_post_feature_position":"","_kad_post_header":false,"_kad_post_footer":false,"footnotes":""},"class_list":["post-1353","page","type-page","status-publish","hentry"],"acf":[],"rttpg_featured_image_url":null,"rttpg_author":{"display_name":"Elvis","author_link":"https:\/\/rocketplay-slot.com\/fr\/author\/pemvas95n89x\/"},"rttpg_comment":0,"rttpg_category":null,"rttpg_excerpt":"Le baccara peut \u00eatre consid\u00e9r\u00e9 comme l&rsquo;un des jeux de casino classiques qui sera toujours populaire aupr\u00e8s d&rsquo;un large public de joueurs du monde entier.\u00a0\u00c0 l&rsquo;origine un jeu de hasard exclusivement r\u00e9serv\u00e9 \u00e0 l&rsquo;aristocratie, le baccara n&rsquo;est plus seulement un jeu pour l&rsquo;\u00e9lite &#8211; il n&rsquo;y a aucune restriction quant \u00e0 qui peut y jouer.\u00a0Ainsi,...","_links":{"self":[{"href":"https:\/\/rocketplay-slot.com\/fr\/wp-json\/wp\/v2\/pages\/1353","targetHints":{"allow":["GET"]}}],"collection":[{"href":"https:\/\/rocketplay-slot.com\/fr\/wp-json\/wp\/v2\/pages"}],"about":[{"href":"https:\/\/rocketplay-slot.com\/fr\/wp-json\/wp\/v2\/types\/page"}],"author":[{"embeddable":true,"href":"https:\/\/rocketplay-slot.com\/fr\/wp-json\/wp\/v2\/users\/1"}],"replies":[{"embeddable":true,"href":"https:\/\/rocketplay-slot.com\/fr\/wp-json\/wp\/v2\/comments?post=1353"}],"version-history":[{"count":4,"href":"https:\/\/rocketplay-slot.com\/fr\/wp-json\/wp\/v2\/pages\/1353\/revisions"}],"predecessor-version":[{"id":7890,"href":"https:\/\/rocketplay-slot.com\/fr\/wp-json\/wp\/v2\/pages\/1353\/revisions\/7890"}],"wp:attachment":[{"href":"https:\/\/rocketplay-slot.com\/fr\/wp-json\/wp\/v2\/media?parent=1353"}],"curies":[{"name":"wp","href":"https:\/\/api.w.org\/{rel}","templated":true}]}}