{"id":1358,"date":"2022-09-30T15:12:17","date_gmt":"2022-09-30T12:12:17","guid":{"rendered":"https:\/\/rocketplay-slot.com\/black-wolf\/"},"modified":"2025-11-24T20:53:21","modified_gmt":"2025-11-24T17:53:21","slug":"black-wolf","status":"publish","type":"page","link":"https:\/\/rocketplay-slot.com\/fr\/black-wolf\/","title":{"rendered":"Black Wolf\u00a0: Tenez et gagnez"},"content":{"rendered":"<p><img loading=\"lazy\" decoding=\"async\" class=\"size-medium wp-image-421 alignleft lazy-loaded\" src=\"https:\/\/rocketplay-slot.com\/wp-content\/uploads\/2022\/09\/black-wolf-hold-and-win-300x300.png\" sizes=\"auto, (max-width: 300px) 100vw, 300px\" srcset=\"https:\/\/rocketplay-slot.com\/wp-content\/uploads\/2022\/09\/black-wolf-hold-and-win-300x300.png 300w, https:\/\/rocketplay-slot.com\/wp-content\/uploads\/2022\/09\/black-wolf-hold-and-win-150x150.png 150w, https:\/\/rocketplay-slot.com\/wp-content\/uploads\/2022\/09\/black-wolf-hold-and-win.png 425w\" alt=\"Black Wolf tient et gagne\" width=\"300\" height=\"300\" data-lazy-type=\"image\" data-src=\"https:\/\/rocketplay-slot.com\/wp-content\/uploads\/2022\/09\/black-wolf-hold-and-win-300x300.png\" data-srcset=\"\" \/>Apr\u00e8s sa sortie fin 2021, la machine \u00e0 sous en ligne Rocket Play Black Wolf a fait sensation parmi les communaut\u00e9s de joueurs et a gagn\u00e9 plus ou moins en popularit\u00e9.\u00a0Des milliers d&rsquo;utilisateurs notent ses caract\u00e9ristiques technologiques \u00e9lev\u00e9es et ses fonctions incroyables.\u00a0Les d\u00e9veloppeurs de la machine \u00e0 sous, la soci\u00e9t\u00e9 Booongo, ont vraiment fait de leur mieux et ont cr\u00e9\u00e9 un projet m\u00e9ga cool.<\/p>\n<p>Pour en savoir plus sur cette nouveaut\u00e9 du jeu, nous vous proposons la revue de la machine \u00e0 sous Rocket Play Black Wolf.\u00a0Uniquement des informations utiles et v\u00e9rifi\u00e9es, des faits int\u00e9ressants et des conseils utiles.\u00a0Restez avec nous et apprenez-en plus!<\/p>\n<h2>UNE INTRODUCTION AU LOUP NOIR<\/h2>\n<p>Afin que vous puissiez conna\u00eetre la machine \u00e0 sous Rocket Play Black Wolf de la mani\u00e8re la plus r\u00e9ussie et la plus rentable possible, nous vous sugg\u00e9rons de vous familiariser avec les principales caract\u00e9ristiques du jeu.<\/p>\n<table border=\"0\" cellspacing=\"0\" cellpadding=\"0\">\n<tbody>\n<tr>\n<td><b>D\u00e9veloppeur\u00a0<\/b><\/td>\n<td><b>Booongo<\/b><\/td>\n<\/tr>\n<tr>\n<td>Date d&rsquo;apparition<\/td>\n<td>2021<\/td>\n<\/tr>\n<tr>\n<td>Lignes<\/td>\n<td>25<\/td>\n<\/tr>\n<tr>\n<td>roues<\/td>\n<td>5<\/td>\n<\/tr>\n<tr>\n<td>Lignes<\/td>\n<td>4<\/td>\n<\/tr>\n<tr>\n<td>Bonus<\/td>\n<td>Tours gratuits de la machine \u00e0 sous Rocket Play Black Wolf;<\/p>\n<p>Tour bonus<\/p>\n<p>Multijoueur<\/td>\n<\/tr>\n<tr>\n<td>RTP<\/td>\n<td>95,65 %<\/td>\n<\/tr>\n<tr>\n<td>Lecture automatique<\/td>\n<td>+<\/td>\n<\/tr>\n<tr>\n<td>Signes sp\u00e9ciaux<\/td>\n<td>Dispersion<\/p>\n<p>Sauvage<\/td>\n<\/tr>\n<tr>\n<td>Diapason des paris<\/td>\n<td>0,25-60 CAD<\/td>\n<\/tr>\n<\/tbody>\n<\/table>\n<p>&nbsp;<\/p>\n<p>Tout joueur ne restera pas indiff\u00e9rent aux gains incroyables et aux aventures passionnantes qui l&rsquo;attendent ici.<\/p>\n<p>Il y a une s\u00e9rie de bonus assez solide ici.\u00a0Si les joueurs ne sont plus surpris par des essais gratuits suppl\u00e9mentaires ou des symboles scatter sp\u00e9ciaux, les d\u00e9veloppeurs du jeu ont cach\u00e9 quelques tours de plus dans leurs manches.\u00a0Le multijoueur et un mini-tour suppl\u00e9mentaire ne vous laisseront certainement pas sans impressions.\u00a0Super opportunit\u00e9s pour des gains incroyables !\u00a0M\u00eame avec une mise minimale de seulement 25 cents, vous pouvez obtenir un tr\u00e8s bon prix.<\/p>\n<h2>GAMEPLAY ET FONCTIONNALIT\u00c9S<\/h2>\n<p>Apr\u00e8s avoir \u00e9tudi\u00e9 le jeu, vous pouvez noter de nombreux points positifs qui font son succ\u00e8s aupr\u00e8s des utilisateurs.\u00a0Voici un gameplay extr\u00eamement pratique et rapide.\u00a0Tout est intuitif.\u00a0M\u00eame un d\u00e9butant qui s&rsquo;occupe des machines \u00e0 sous pour la premi\u00e8re fois n&rsquo;aura besoin que de quelques minutes pour se familiariser et apprendre les fonctions du menu principal.<\/p>\n<p>La conception de la fente est visuellement agr\u00e9able.\u00a0En arri\u00e8re-plan, les joueurs voient une nature incroyable et un cr\u00e9puscule dans les montagnes.\u00a0Selon le th\u00e8me, les combinaisons gagnantes consistent en des images th\u00e9matiques d&rsquo;animaux.\u00a0Ici sont pr\u00e9sent\u00e9s :<\/p>\n<ul>\n<li>Wapiti;<\/li>\n<li>Loup (sauvage);<\/li>\n<li>Chasseuse (patineuse);<\/li>\n<li>Lynx;<\/li>\n<li>Aigle;<\/li>\n<li>Chouette.<\/li>\n<\/ul>\n<p>En plus des images th\u00e9matiques, il y a aussi les symboles habituels du jeu de cartes.<\/p>\n<p>Il y a deux options de jeu ici :<\/p>\n<ul>\n<li>Rocket Jouez \u00e0 la machine \u00e0 sous Black Wolf en argent r\u00e9el;<\/li>\n<li>Rocket Jouez \u00e0 la machine \u00e0 sous Black Wolf gratuite.<\/li>\n<\/ul>\n<p>Les deux m\u00e9thodes ont des r\u00e8gles et des conditions identiques, \u00e0 l&rsquo;exception de la composante financi\u00e8re dans la version de d\u00e9monstration.\u00a0Les paris sont effectu\u00e9s sur des fonds virtuels et, par cons\u00e9quent, les gains sont re\u00e7us dans la m\u00eame devise.\u00a0Dans n&rsquo;importe quel mode, les joueurs peuvent utiliser la lecture automatique.<\/p>\n<p><img loading=\"lazy\" decoding=\"async\" class=\"aligncenter wp-image-422 size-full lazy-loaded\" src=\"https:\/\/rocketplay-slot.com\/wp-content\/uploads\/2022\/09\/black-wolf-slot.png\" sizes=\"auto, (max-width: 1280px) 100vw, 1280px\" srcset=\"https:\/\/rocketplay-slot.com\/wp-content\/uploads\/2022\/09\/black-wolf-slot.png 1280w, https:\/\/rocketplay-slot.com\/wp-content\/uploads\/2022\/09\/black-wolf-slot-300x169.png 300w, https:\/\/rocketplay-slot.com\/wp-content\/uploads\/2022\/09\/black-wolf-slot-1024x576.png 1024w, https:\/\/rocketplay-slot.com\/wp-content\/uploads\/2022\/09\/black-wolf-slot-768x432.png 768w\" alt=\"Emplacement Loup noir\" width=\"1280\" height=\"720\" data-lazy-type=\"image\" data-src=\"https:\/\/rocketplay-slot.com\/wp-content\/uploads\/2022\/09\/black-wolf-slot.png\" data-srcset=\"\" \/><\/p>\n<h2>COMMENT GAGNER CHEZ BLACK WOLF ET R\u00c9CLAMER DES TOURS GRATUITS<\/h2>\n<p>Pour maximiser vos chances de gagner et de gagner des gains \u00e9lev\u00e9s, vous devez utiliser tous les bonus et fonctionnalit\u00e9s suppl\u00e9mentaires.\u00a0Premi\u00e8rement, sauvage &#8211; l&rsquo;image d&rsquo;un loup &#8211; sera utile.\u00a0Il remplace tout autre symbole sauf le scatter.\u00a0Cela vous permet de cr\u00e9er la combinaison gagnante avec le paiement le plus \u00e9lev\u00e9 le plus rapidement possible.<\/p>\n<p>Deuxi\u00e8mement, apr\u00e8s avoir collect\u00e9 3 \u00e9parpillements, le joueur obtient 8 tours suppl\u00e9mentaires gratuits.\u00a0Id\u00e9alement, cela augmente les chances de gagner car plus il y a de tentatives, plus il y a de chances que l&rsquo;une d&rsquo;entre elles r\u00e9ussisse.<\/p>\n<h2>FAQ<\/h2>\n<h3>COMMENT GAGNER LE JEU ET OBTENIR UN MAXIMUM DE GAINS\u00a0?<\/h3>\n<p>Utilisez toutes les opportunit\u00e9s et offres de bonus qui vous aideront \u00e0 devenir un gagnant.\u00a0Les jokers remplacent les autres ic\u00f4nes, ce qui vous permet d&rsquo;obtenir plus rapidement la combinaison souhait\u00e9e.\u00a0Les scatters d\u00e9bloquent des tours gratuits suppl\u00e9mentaires.\u00a0Il y a aussi un tour suppl\u00e9mentaire, gr\u00e2ce auquel vos chances de gagner augmentent \u00e9galement de mani\u00e8re significative.<\/p>\n<h3>PUIS-JE JOUER GRATUITEMENT ?<\/h3>\n<p>Oui, gr\u00e2ce \u00e0 la version d\u00e9mo gratuite, vous pouvez jouer pour des pi\u00e8ces virtuelles.\u00a0Pour cela, vous n&rsquo;avez pas besoin d&rsquo;effectuer de d\u00e9p\u00f4ts ni m\u00eame de devenir un client officiel du portail.<\/p>\n<h3>QUEL EST LE PARI LE PLUS BAS QUE JE PUISSE FAIRE\u00a0?<\/h3>\n<p>L&rsquo;\u00e9ventail des tarifs est tr\u00e8s large.\u00a0Le plus petit montant qui peut \u00eatre pari\u00e9 sur un tour n&rsquo;est que de 25 cents.<\/p>\n<p><strong>A lire \u00e9galement sur :<\/strong><\/p>\n<ul>\n<li style=\"list-style-type: none;\">\n<ul>\n<li><a href=\"https:\/\/rocketplay-slot.com\/fr\/buffalo-power-hold-and-win\/\">Buffalo Power Hold and Win<\/a><\/li>\n<li><a href=\"https:\/\/rocketplay-slot.com\/fr\/magic-spins\/\">Tours magiques<\/a><\/li>\n<\/ul>\n<\/li>\n<\/ul>\n","protected":false},"excerpt":{"rendered":"<p>Apr\u00e8s sa sortie fin 2021, la machine \u00e0 sous en ligne Rocket Play Black Wolf a fait sensation parmi les communaut\u00e9s de joueurs et a gagn\u00e9 plus ou moins en popularit\u00e9.\u00a0Des milliers d&rsquo;utilisateurs notent ses caract\u00e9ristiques technologiques \u00e9lev\u00e9es et ses fonctions incroyables.\u00a0Les d\u00e9veloppeurs de la machine \u00e0 sous, la soci\u00e9t\u00e9 Booongo, ont vraiment fait de&#8230;<\/p>\n","protected":false},"author":1,"featured_media":0,"parent":0,"menu_order":0,"comment_status":"closed","ping_status":"closed","template":"","meta":{"_acf_changed":false,"_kad_post_transparent":"default","_kad_post_title":"default","_kad_post_layout":"default","_kad_post_sidebar_id":"","_kad_post_content_style":"default","_kad_post_vertical_padding":"default","_kad_post_feature":"","_kad_post_feature_position":"","_kad_post_header":false,"_kad_post_footer":false,"footnotes":""},"class_list":["post-1358","page","type-page","status-publish","hentry"],"acf":[],"rttpg_featured_image_url":null,"rttpg_author":{"display_name":"Elvis","author_link":"https:\/\/rocketplay-slot.com\/fr\/author\/pemvas95n89x\/"},"rttpg_comment":0,"rttpg_category":null,"rttpg_excerpt":"Apr\u00e8s sa sortie fin 2021, la machine \u00e0 sous en ligne Rocket Play Black Wolf a fait sensation parmi les communaut\u00e9s de joueurs et a gagn\u00e9 plus ou moins en popularit\u00e9.\u00a0Des milliers d&rsquo;utilisateurs notent ses caract\u00e9ristiques technologiques \u00e9lev\u00e9es et ses fonctions incroyables.\u00a0Les d\u00e9veloppeurs de la machine \u00e0 sous, la soci\u00e9t\u00e9 Booongo, ont vraiment fait de...","_links":{"self":[{"href":"https:\/\/rocketplay-slot.com\/fr\/wp-json\/wp\/v2\/pages\/1358","targetHints":{"allow":["GET"]}}],"collection":[{"href":"https:\/\/rocketplay-slot.com\/fr\/wp-json\/wp\/v2\/pages"}],"about":[{"href":"https:\/\/rocketplay-slot.com\/fr\/wp-json\/wp\/v2\/types\/page"}],"author":[{"embeddable":true,"href":"https:\/\/rocketplay-slot.com\/fr\/wp-json\/wp\/v2\/users\/1"}],"replies":[{"embeddable":true,"href":"https:\/\/rocketplay-slot.com\/fr\/wp-json\/wp\/v2\/comments?post=1358"}],"version-history":[{"count":2,"href":"https:\/\/rocketplay-slot.com\/fr\/wp-json\/wp\/v2\/pages\/1358\/revisions"}],"predecessor-version":[{"id":7010,"href":"https:\/\/rocketplay-slot.com\/fr\/wp-json\/wp\/v2\/pages\/1358\/revisions\/7010"}],"wp:attachment":[{"href":"https:\/\/rocketplay-slot.com\/fr\/wp-json\/wp\/v2\/media?parent=1358"}],"curies":[{"name":"wp","href":"https:\/\/api.w.org\/{rel}","templated":true}]}}