{"id":1364,"date":"2022-09-30T13:41:51","date_gmt":"2022-09-30T10:41:51","guid":{"rendered":"https:\/\/rocketplay-slot.com\/bonus\/loyalty-program\/"},"modified":"2025-11-24T20:35:26","modified_gmt":"2025-11-24T17:35:26","slug":"loyalty-program","status":"publish","type":"page","link":"https:\/\/rocketplay-slot.com\/fr\/bonus\/loyalty-program\/","title":{"rendered":"Programme de fid\u00e9lit\u00e9 RocketPlay"},"content":{"rendered":"<p>La meilleure chose \u00e0 laquelle vous pouvez penser pour les clients des \u00e9tablissements de jeu est de cr\u00e9er un programme unique avec des cadeaux et des incitations.\u00a0C&rsquo;est tr\u00e8s motivant et stimulant de consacrer le plus de temps possible \u00e0 votre activit\u00e9 favorite.\u00a0Cela aide \u00e9galement \u00e0 ne pas perdre confiance en sa victoire, \u00e0 ne pas \u00eatre aussi boulevers\u00e9 par les \u00e9checs et \u00e0 augmenter les chances de victoire.<\/p>\n<h2>QUE SONT LES PROGRAMMES DE FID\u00c9LIT\u00c9 DES CASINOS ?<\/h2>\n<p>La premi\u00e8re chose \u00e0 comprendre est de savoir ce qu&rsquo;est un programme de fid\u00e9lit\u00e9.\u00a0Il vaut \u00e9galement la peine d&rsquo;\u00e9tudier tous les privil\u00e8ges du programme de fid\u00e9lit\u00e9 Rocket Play et de comprendre ce qui le rend unique et attrayant.<\/p>\n<p>Le programme de fid\u00e9lit\u00e9 est une opportunit\u00e9 suppl\u00e9mentaire de recevoir des bonus, des prix, des r\u00e9compenses ou du cashback.\u00a0Dans le cas de cette institution, c&rsquo;est une chance de retourner un certain montant de fonds utilis\u00e9s pour les paris.\u00a0Selon les termes du remboursement, les joueurs peuvent recevoir 10 \u00e0 15 % du montant d\u00e9pens\u00e9 sur les machines \u00e0 sous et les jeux en direct.<\/p>\n<p><img loading=\"lazy\" decoding=\"async\" class=\"aligncenter wp-image-4156\" src=\"https:\/\/rocketplay-slot.com\/wp-content\/uploads\/2024\/02\/2222.png\" alt=\"Programme de fid\u00e9lit\u00e9 RocketPlay \" width=\"800\" height=\"193\" srcset=\"https:\/\/rocketplay-slot.com\/wp-content\/uploads\/2024\/02\/2222.png 1213w, https:\/\/rocketplay-slot.com\/wp-content\/uploads\/2024\/02\/2222-300x72.png 300w, https:\/\/rocketplay-slot.com\/wp-content\/uploads\/2024\/02\/2222-1024x247.png 1024w, https:\/\/rocketplay-slot.com\/wp-content\/uploads\/2024\/02\/2222-768x185.png 768w\" sizes=\"auto, (max-width: 800px) 100vw, 800px\" \/><\/p>\n<h2>PRINCIPAUX AVANTAGES DES PROGRAMMES DE FID\u00c9LIT\u00c9 DU CASINO ROCKET PLAY<\/h2>\n<p>Les principaux avantages du programme de fid\u00e9lit\u00e9 du casino en ligne Rocket Play sont la possibilit\u00e9 de reverser sur votre compte un certain pourcentage des fonds d\u00e9pens\u00e9s en paris.\u00a0Il s&rsquo;agit d&rsquo;une offre unique qui prend soin de votre budget et offre des opportunit\u00e9s suppl\u00e9mentaires pour encore plus de paris et de gains, respectivement.<\/p>\n<p>L&rsquo;institution propose \u00e0 ses clients deux types de programmes de fid\u00e9lit\u00e9.\u00a0Cependant, ils font tous r\u00e9f\u00e9rence au retour des fonds d\u00e9pens\u00e9s.\u00a0Seul le montant du cashback et les conditions pour le recevoir diff\u00e8rent.<\/p>\n<ul>\n<li>Jusqu&rsquo;\u00e0 15\u00a0% des fonds d\u00e9pens\u00e9s sur les cr\u00e9neaux horaires, qui sont cumul\u00e9s tous les lundis et valables 3\u00a0jours\u00a0;<\/li>\n<li>Jusqu&rsquo;\u00e0 10\u00a0% de cashback sur les jeux en direct sont cr\u00e9dit\u00e9s tous les jeudis.<\/li>\n<\/ul>\n<p>Le montant d&rsquo;argent qui sera retourn\u00e9 au client d\u00e9pend de son statut de joueur. Plus il est \u00e9lev\u00e9, plus le montant est \u00e9lev\u00e9. Par cons\u00e9quent, cela vaut la peine d&rsquo;\u00eatre un utilisateur actif et de r\u00e9approvisionner constamment le compte. Veuillez noter que seuls les fonds r\u00e9els sont calcul\u00e9s et que les bonus ou les gains ne sont pas pris en compte. Le jour appropri\u00e9 (lundi ou jeudi), toute la proc\u00e9dure de remboursement du cashback se d\u00e9roule automatiquement. Le montant maximum du remboursement est de 5 000 euros ou 8 000 dollars canadien.<\/p>\n<h2>COMMENT \u00caTRE \u00c9LIGIBLE \u00c0 UN PROGRAMME DE FID\u00c9LIT\u00c9 DE CASINO ?<\/h2>\n<p>Pour postuler au programme de fid\u00e9lit\u00e9 du casino Rocket Play Canada, vous devez vous conformer \u00e0 toutes les conditions g\u00e9n\u00e9rales d&rsquo;octroi des bonus. Dans ce cas, il s&rsquo;agit d&rsquo;une accumulation de cashback. Tout d&rsquo;abord, vous devez \u00eatre un client officiellement enregistr\u00e9 du portail et avoir votre propre compte et compte de jeu. Deuxi\u00e8mement, vous devez effectuer des d\u00e9p\u00f4ts sur votre compte. Troisi\u00e8mement, il est n\u00e9cessaire de faire des paris en utilisant un budget r\u00e9el. Apr\u00e8s tout, c&rsquo;est de ces fonds que le montant du remboursement sera d\u00e9duit.<\/p>\n<h2>CONCLUSION<\/h2>\n<p>En r\u00e9sumant ce qui pr\u00e9c\u00e8de, nous pouvons conclure que pour les clients officiels du portail, le meilleur programme de fid\u00e9lit\u00e9 de casino Rocket Play est une offre incroyable qui aidera \u00e0 restituer une partie des fonds d\u00e9pens\u00e9s.\u00a0Vous pouvez obtenir jusqu&rsquo;\u00e0 15\u00a0% de remise sur les paris sur les machines \u00e0 sous et jusqu&rsquo;\u00e0 10\u00a0% sur les d\u00e9penses de divertissement en direct.\u00a0Augmentez votre statut de jeu et obtenez des rendements maximaux.\u00a0Le montant est calcul\u00e9 et cr\u00e9dit\u00e9 automatiquement sur le compte du jeu tous les lundis et jeudis.<\/p>\n<p><strong>A lire \u00e9galement sur :<\/strong><\/p>\n<ul>\n<li style=\"list-style-type: none;\">\n<ul>\n<li><a href=\"https:\/\/rocketplay-slot.com\/fr\/bonus\/regular-bonuses\">Bonus r\u00e9guliers<\/a><\/li>\n<li><a href=\"https:\/\/rocketplay-slot.com\/fr\/bonus\/vip-program\/\">Programme VIP<\/a><\/li>\n<\/ul>\n<\/li>\n<\/ul>\n","protected":false},"excerpt":{"rendered":"<p>La meilleure chose \u00e0 laquelle vous pouvez penser pour les clients des \u00e9tablissements de jeu est de cr\u00e9er un programme unique avec des cadeaux et des incitations.\u00a0C&rsquo;est tr\u00e8s motivant et stimulant de consacrer le plus de temps possible \u00e0 votre activit\u00e9 favorite.\u00a0Cela aide \u00e9galement \u00e0 ne pas perdre confiance en sa victoire, \u00e0 ne pas&#8230;<\/p>\n","protected":false},"author":1,"featured_media":0,"parent":1361,"menu_order":0,"comment_status":"closed","ping_status":"closed","template":"","meta":{"_acf_changed":false,"_kad_post_transparent":"default","_kad_post_title":"default","_kad_post_layout":"default","_kad_post_sidebar_id":"","_kad_post_content_style":"default","_kad_post_vertical_padding":"default","_kad_post_feature":"","_kad_post_feature_position":"","_kad_post_header":false,"_kad_post_footer":false,"footnotes":""},"class_list":["post-1364","page","type-page","status-publish","hentry"],"acf":[],"rttpg_featured_image_url":null,"rttpg_author":{"display_name":"Elvis","author_link":"https:\/\/rocketplay-slot.com\/fr\/author\/pemvas95n89x\/"},"rttpg_comment":0,"rttpg_category":null,"rttpg_excerpt":"La meilleure chose \u00e0 laquelle vous pouvez penser pour les clients des \u00e9tablissements de jeu est de cr\u00e9er un programme unique avec des cadeaux et des incitations.\u00a0C&rsquo;est tr\u00e8s motivant et stimulant de consacrer le plus de temps possible \u00e0 votre activit\u00e9 favorite.\u00a0Cela aide \u00e9galement \u00e0 ne pas perdre confiance en sa victoire, \u00e0 ne pas...","_links":{"self":[{"href":"https:\/\/rocketplay-slot.com\/fr\/wp-json\/wp\/v2\/pages\/1364","targetHints":{"allow":["GET"]}}],"collection":[{"href":"https:\/\/rocketplay-slot.com\/fr\/wp-json\/wp\/v2\/pages"}],"about":[{"href":"https:\/\/rocketplay-slot.com\/fr\/wp-json\/wp\/v2\/types\/page"}],"author":[{"embeddable":true,"href":"https:\/\/rocketplay-slot.com\/fr\/wp-json\/wp\/v2\/users\/1"}],"replies":[{"embeddable":true,"href":"https:\/\/rocketplay-slot.com\/fr\/wp-json\/wp\/v2\/comments?post=1364"}],"version-history":[{"count":4,"href":"https:\/\/rocketplay-slot.com\/fr\/wp-json\/wp\/v2\/pages\/1364\/revisions"}],"predecessor-version":[{"id":4661,"href":"https:\/\/rocketplay-slot.com\/fr\/wp-json\/wp\/v2\/pages\/1364\/revisions\/4661"}],"up":[{"embeddable":true,"href":"https:\/\/rocketplay-slot.com\/fr\/wp-json\/wp\/v2\/pages\/1361"}],"wp:attachment":[{"href":"https:\/\/rocketplay-slot.com\/fr\/wp-json\/wp\/v2\/media?parent=1364"}],"curies":[{"name":"wp","href":"https:\/\/api.w.org\/{rel}","templated":true}]}}