{"id":1369,"date":"2022-09-30T12:39:29","date_gmt":"2022-09-30T09:39:29","guid":{"rendered":"https:\/\/rocketplay-slot.com\/bonus\/regular-bonuses\/"},"modified":"2024-02-08T18:18:53","modified_gmt":"2024-02-08T15:18:53","slug":"regular-bonuses","status":"publish","type":"page","link":"https:\/\/rocketplay-slot.com\/fr\/bonus\/regular-bonuses\/","title":{"rendered":"Bonus r\u00e9guliers RocketPlay"},"content":{"rendered":"<p>C&rsquo;est cool de coop\u00e9rer avec une institution qui travaille pour les clients et fait tout son possible pour leur confort, leur satisfaction et leurs avantages.\u00a0C&rsquo;est pourquoi nous vous conseillons de pr\u00eater attention au programme de bonus du casino Rocket Play.\u00a0C&rsquo;est une institution unique qui est c\u00e9l\u00e8bre pour ses dons g\u00e9n\u00e9reux.\u00a0De nombreux clients sont des utilisateurs fid\u00e8les de ce portail en raison de ces conditions de bonus favorables et d&rsquo;un large \u00e9ventail d&rsquo;offres.<\/p>\n<h2>TOUT SUR LES BONUS R\u00c9GULIERS AU ROCKET PLAY CASINO<\/h2>\n<p>Bonus de casino Rocket Play Canada propose des bonus r\u00e9guliers que vous devez conna\u00eetre et dont vous devez tirer pleinement parti. Comme on dit, \u00ab\u00a0Faites confiance \u00e0 Dieu, mais faites aussi un effort vous-m\u00eame.\u00a0\u00bb\u00a0Alors ne soyez pas paresseux et lisez la suite.\u00a0Toutes les informations n\u00e9cessaires que vous devez conna\u00eetre sur les bonus r\u00e9guliers sont collect\u00e9es ici.<\/p>\n<p>Un point important est le fait que pour utiliser tous les bonus, offres et privil\u00e8ges du portail, vous devez \u00eatre un client officiellement enregistr\u00e9.\u00a0Suivez une proc\u00e9dure d&rsquo;inscription simple et rapide, cr\u00e9ez votre profil et profitez de tous les avantages et dividendes.<\/p>\n<p>N&rsquo;oubliez pas non plus de recharger le compte de jeu avec le montant minimum.\u00a0Cela vous ouvrira la voie non seulement \u00e0 de vraies mises et \u00e0 des gains maximum mais aussi \u00e0 tous les bonus possibles.\u00a0Plus vous rechargez activement votre compte, plus vous obtenez de privil\u00e8ges.<\/p>\n<p><img loading=\"lazy\" decoding=\"async\" class=\"aligncenter wp-image-4205\" src=\"https:\/\/rocketplay-slot.com\/wp-content\/uploads\/2024\/02\/32352252.png\" alt=\"bonus RocketPlay\" width=\"800\" height=\"304\" \/><\/p>\n<h2>TYPES DE BONUS DE CASINO<\/h2>\n<p>L&rsquo;institution propose \u00e0 ses clients plusieurs types de bonus :<\/p>\n<ul>\n<li>Le vendredi, ce sont des tours de cadeaux pour surcharge;<\/li>\n<li>Chaque dimanche, il s&rsquo;agit de 50\u00a0% suppl\u00e9mentaires sur le compte\u00a0;<\/li>\n<li>Codes promotionnels Rocket Play.<\/li>\n<\/ul>\n<p>Tous sont tr\u00e8s rentables et ouvrent de nouvelles opportunit\u00e9s pour le joueur.\u00a0Cependant, chacun de ces bonus n\u00e9cessite le respect de certaines conditions.\u00a0Restez avec nous et lisez ce qui est n\u00e9cessaire pour cela.<\/p>\n<p><img loading=\"lazy\" decoding=\"async\" class=\"alignright wp-image-4195\" src=\"https:\/\/rocketplay-slot.com\/wp-content\/uploads\/2024\/02\/333.png\" alt=\"bonus RocketPlay 2\" width=\"600\" height=\"299\" srcset=\"https:\/\/rocketplay-slot.com\/wp-content\/uploads\/2024\/02\/333.png 626w, https:\/\/rocketplay-slot.com\/wp-content\/uploads\/2024\/02\/333-300x150.png 300w\" sizes=\"auto, (max-width: 600px) 100vw, 600px\" \/><\/p>\n<h2>COMMENT OBTENIR LE BONUS DE CASINO<\/h2>\n<p>Pour obtenir des bonus, vous n&rsquo;avez rien d&rsquo;inhabituel \u00e0 faire.\u00a0Tout d&rsquo;abord, vous devez \u00eatre un client officiellement enregistr\u00e9 et avoir votre propre compte et votre compte personnel.<\/p>\n<p>De plus, pour recevoir des cadeaux, vous devez d\u00e9poser votre propre argent r\u00e9el sur le compte du jeu.\u00a0Cependant, c&rsquo;est comme d&rsquo;habitude pour un joueur.\u00a0Apr\u00e8s tout, pour faire un pari et avoir une chance de gagner de l&rsquo;argent, il est n\u00e9cessaire de faire des d\u00e9p\u00f4ts.\u00a0Faites-les correctement, \u00e0 temps et dans la quantit\u00e9 requise, et recevez des cadeaux suppl\u00e9mentaires pour cela.<\/p>\n<h2>TERMES ET CONDITIONS DES BONUS R\u00c9GULIERS<\/h2>\n<p>Afin que vous compreniez mieux tous les avantages de recevoir de tels cadeaux et ce qui est n\u00e9cessaire pour cela, lisez le tableau ci-dessous.\u00a0Il d\u00e9crit en d\u00e9tail toutes les informations n\u00e9cessaires.<\/p>\n<table border=\"0\" cellspacing=\"0\" cellpadding=\"0\">\n<tbody>\n<tr>\n<td><b>Prime<\/b><\/td>\n<td><b>Les conditions<\/b><\/td>\n<\/tr>\n<tr>\n<td>Rechargement du vendredi<\/td>\n<td>Si vendredi, vous reconstituez le compte de jeu d&rsquo;au moins le montant minimum (20 EUR ou 30 CAD), vous recevrez alors des tours gratuits Rocket Play d&rsquo;un montant \u00e9quivalent \u00e0 votre contribution (20, 50 ou 100).<\/td>\n<\/tr>\n<tr>\n<td>Offre du dimanche<\/td>\n<td>Si le dimanche, vous reconstituez le compte de jeu d&rsquo;au moins le montant minimum (20 EUR ou 30 CAD), vous recevrez alors 50 % suppl\u00e9mentaires du montant d\u00e9pos\u00e9.<\/td>\n<\/tr>\n<tr>\n<td>Codes bonus Rocket Play (promo)<\/td>\n<td>Rechargez votre compte avec un montant de 350 euros ou 300 CAD et entrez le code promotionnel sp\u00e9cial HIGHROLLER \u00e0 la fen\u00eatre de paiement. Pour cela, vous recevrez 50% suppl\u00e9mentaires du montant d\u00e9pos\u00e9.<\/td>\n<\/tr>\n<\/tbody>\n<\/table>\n<p>Comme vous pouvez le voir, les conditions sont assez simples, mais les cadeaux sont extr\u00eamement rentables.\u00a0Vous faites des d\u00e9p\u00f4ts de toute fa\u00e7on, alors faites-les correctement et \u00e0 temps.\u00a0Ne tardez pas car des gains de folie vous attendent d\u00e9j\u00e0 !<\/p>\n<h2>FAQ<\/h2>\n<h3>QUELS SONT LES BONUS R\u00c9GULIERS POUR LES JOUEURS ?<\/h3>\n<p>Il y a des bonus hebdomadaires pour les clients du portail &#8211; le mercredi, il y a des cadeaux pour le rechargement, et chaque dimanche, vous pouvez obtenir 50 % suppl\u00e9mentaires du d\u00e9p\u00f4t.\u00a0Vous pouvez \u00e9galement utiliser un code promotionnel sp\u00e9cial et, sous certaines conditions, b\u00e9n\u00e9ficier d&rsquo;une r\u00e9duction suppl\u00e9mentaire de 50\u00a0% sur votre compte.<\/p>\n<h3>DE QUOI AVEZ-VOUS BESOIN POUR OBTENIR DES BONUS ?<\/h3>\n<p>Les 2 conditions les plus importantes qui doivent \u00eatre remplies pour recevoir des bonus sont : \u00eatre un client officiellement enregistr\u00e9 et d\u00e9poser p\u00e9riodiquement vos propres fonds r\u00e9els sur le compte du jeu.<\/p>\n<h3>UN JOUEUR PEUT-IL OBTENIR TOUS LES BONUS EN M\u00caME TEMPS ?<\/h3>\n<p>Oui.\u00a0Chaque client peut recevoir absolument tous les types de bonus pr\u00e9sent\u00e9s.<\/p>\n<p><strong>A lire \u00e9galement sur :<\/strong><\/p>\n<ul>\n<li style=\"list-style-type: none;\">\n<ul>\n<li><a href=\"https:\/\/rocketplay-slot.com\/fr\/bonus\/welcome-offer\/\">Offre de bienvenue<\/a><\/li>\n<li><a href=\"https:\/\/rocketplay-slot.com\/fr\/bonus\/vip-program\/\">Programme VIP<\/a><\/li>\n<\/ul>\n<\/li>\n<\/ul>\n","protected":false},"excerpt":{"rendered":"<p>C&rsquo;est cool de coop\u00e9rer avec une institution qui travaille pour les clients et fait tout son possible pour leur confort, leur satisfaction et leurs avantages.\u00a0C&rsquo;est pourquoi nous vous conseillons de pr\u00eater attention au programme de bonus du casino Rocket Play.\u00a0C&rsquo;est une institution unique qui est c\u00e9l\u00e8bre pour ses dons g\u00e9n\u00e9reux.\u00a0De nombreux clients sont des utilisateurs&#8230;<\/p>\n","protected":false},"author":1,"featured_media":0,"parent":1361,"menu_order":0,"comment_status":"closed","ping_status":"closed","template":"","meta":{"_acf_changed":false,"_kad_post_transparent":"default","_kad_post_title":"default","_kad_post_layout":"default","_kad_post_sidebar_id":"","_kad_post_content_style":"default","_kad_post_vertical_padding":"default","_kad_post_feature":"","_kad_post_feature_position":"","_kad_post_header":false,"_kad_post_footer":false,"footnotes":""},"class_list":["post-1369","page","type-page","status-publish","hentry"],"acf":[],"rttpg_featured_image_url":null,"rttpg_author":{"display_name":"Elvis","author_link":"https:\/\/rocketplay-slot.com\/fr\/author\/pemvas95n89x\/"},"rttpg_comment":0,"rttpg_category":null,"rttpg_excerpt":"C&rsquo;est cool de coop\u00e9rer avec une institution qui travaille pour les clients et fait tout son possible pour leur confort, leur satisfaction et leurs avantages.\u00a0C&rsquo;est pourquoi nous vous conseillons de pr\u00eater attention au programme de bonus du casino Rocket Play.\u00a0C&rsquo;est une institution unique qui est c\u00e9l\u00e8bre pour ses dons g\u00e9n\u00e9reux.\u00a0De nombreux clients sont des utilisateurs...","_links":{"self":[{"href":"https:\/\/rocketplay-slot.com\/fr\/wp-json\/wp\/v2\/pages\/1369","targetHints":{"allow":["GET"]}}],"collection":[{"href":"https:\/\/rocketplay-slot.com\/fr\/wp-json\/wp\/v2\/pages"}],"about":[{"href":"https:\/\/rocketplay-slot.com\/fr\/wp-json\/wp\/v2\/types\/page"}],"author":[{"embeddable":true,"href":"https:\/\/rocketplay-slot.com\/fr\/wp-json\/wp\/v2\/users\/1"}],"replies":[{"embeddable":true,"href":"https:\/\/rocketplay-slot.com\/fr\/wp-json\/wp\/v2\/comments?post=1369"}],"version-history":[{"count":3,"href":"https:\/\/rocketplay-slot.com\/fr\/wp-json\/wp\/v2\/pages\/1369\/revisions"}],"predecessor-version":[{"id":4651,"href":"https:\/\/rocketplay-slot.com\/fr\/wp-json\/wp\/v2\/pages\/1369\/revisions\/4651"}],"up":[{"embeddable":true,"href":"https:\/\/rocketplay-slot.com\/fr\/wp-json\/wp\/v2\/pages\/1361"}],"wp:attachment":[{"href":"https:\/\/rocketplay-slot.com\/fr\/wp-json\/wp\/v2\/media?parent=1369"}],"curies":[{"name":"wp","href":"https:\/\/api.w.org\/{rel}","templated":true}]}}