{"id":1373,"date":"2022-09-30T14:05:28","date_gmt":"2022-09-30T11:05:28","guid":{"rendered":"https:\/\/rocketplay-slot.com\/bonus\/vip-program\/"},"modified":"2025-11-24T20:26:04","modified_gmt":"2025-11-24T17:26:04","slug":"vip-program","status":"publish","type":"page","link":"https:\/\/rocketplay-slot.com\/fr\/bonus\/vip-program\/","title":{"rendered":"Programme VIP RocketPlay"},"content":{"rendered":"<p>Seuls les \u00e9tablissements de jeu d&rsquo;\u00e9lite peuvent se vanter d&rsquo;avoir un syst\u00e8me d&rsquo;incitation sp\u00e9cial pour les clients.\u00a0Si vous avez choisi cette institution pour la coop\u00e9ration, alors vous avez fait le bon choix car les clients actifs ici attendent le meilleur programme VIP du casino Rocket Play et des bonus et cadeaux constants pour augmenter le statut de jeu.\u00a0Nous allons d\u00e9couvrir en quoi consiste exactement ce programme et quels avantages il offre.\u00a0Restez avec nous et apprenez-en plus!<\/p>\n<h2>QU&rsquo;EST-CE QUE LE PROGRAMME VIP DANS ROCKET PLAY CASINO ?<\/h2>\n<p>Le programme VIP du casino Rocket Play est une offre unique qui offre la possibilit\u00e9 d&rsquo;augmenter le statut de jeu.\u00a0Plus ce statut est \u00e9lev\u00e9, meilleures sont les conditions de coop\u00e9ration et les cadeaux et bonus les plus pr\u00e9cieux.\u00a0Il y a 10 niveaux au total.\u00a0Le premier d&rsquo;entre eux est le fer, que le joueur re\u00e7oit d\u00e8s qu&rsquo;il termine avec succ\u00e8s le processus d&rsquo;inscription.<\/p>\n<p>Ensuite, vous devez gagner des points Comp &#8211; des points virtuels, dont l&rsquo;accumulation am\u00e9liorera votre statut.\u00a0Le premier niveau est le bronze, et lorsque vous l&rsquo;atteignez, vous obtiendrez 10 tours gratuits sur les meilleures machines \u00e0 sous.\u00a0Le statut le plus \u00e9lev\u00e9 est Diamond Legend.\u00a0Cela ouvre des avantages incroyables au joueur &#8211; le retour de 15% de cashback hebdomadaire, ainsi que jusqu&rsquo;\u00e0 15 000 euros ou 22 500 dollars canadien en bonus sans d\u00e9p\u00f4t.<\/p>\n<p>Les conditions d&rsquo;accumulation des Points Comp sont tr\u00e8s simples.\u00a0Ils sont automatiquement cr\u00e9dit\u00e9s sur un compte de jeu sp\u00e9cial pour chaque pari de machine \u00e0 sous effectu\u00e9 avec de l&rsquo;argent r\u00e9el.\u00a0L&rsquo;\u00e9quivalent d&rsquo;accumulation est 1 pi\u00e8ce virtuelle pour chaque 20 \u20ac\/30 CAD d\u00e9pens\u00e9s sur un pari.<\/p>\n<p><img loading=\"lazy\" decoding=\"async\" class=\"aligncenter wp-image-4215\" src=\"https:\/\/rocketplay-slot.com\/wp-content\/uploads\/2024\/02\/r3463463.png\" alt=\"VIP RocketPlay\" width=\"1000\" height=\"333\" srcset=\"https:\/\/rocketplay-slot.com\/wp-content\/uploads\/2024\/02\/r3463463.png 1568w, https:\/\/rocketplay-slot.com\/wp-content\/uploads\/2024\/02\/r3463463-300x100.png 300w, https:\/\/rocketplay-slot.com\/wp-content\/uploads\/2024\/02\/r3463463-1024x341.png 1024w, https:\/\/rocketplay-slot.com\/wp-content\/uploads\/2024\/02\/r3463463-768x256.png 768w, https:\/\/rocketplay-slot.com\/wp-content\/uploads\/2024\/02\/r3463463-1536x511.png 1536w\" sizes=\"auto, (max-width: 1000px) 100vw, 1000px\" \/><\/p>\n<h2>AVANTAGES D&rsquo;\u00caTRE UN VIP DANS UN CASINO ROCKET PLAY<\/h2>\n<p>Les avantages du programme VIP du casino Rocket Play Canada sont \u00e9vidents. Chaque nouveau statut apportera de meilleures conditions de coop\u00e9ration et des bonus plus r\u00e9mun\u00e9rateurs.\u00a0Bien s\u00fbr, tout d\u00e9pend du statut, mais m\u00eame apr\u00e8s avoir atteint les premiers niveaux, le joueur sera heureux de recevoir des incitations suppl\u00e9mentaires.\u00a0Selon le niveau, c&rsquo;est :<\/p>\n<ul>\n<li>Tours gratuits suppl\u00e9mentaires dans les machines \u00e0 sous (de 10 pour un niveau Bronze \u00e0 300 pour Silver Legend);<\/li>\n<li>Cashback (de 3\u00a0% pour Silver \u00e0 15\u00a0% pour Diamond Legend)\u00a0;<\/li>\n<li>Bonus sans d\u00e9p\u00f4t (de 1,5 k\u20ac\/2,3 kCAD$ pour Gold Legend \u00e0 15 k\u20ac\/22,5 kCAD$ pour Diamond Legend).<\/li>\n<\/ul>\n<p>Comme vous pouvez le constater, les conditions et les avantages sont encore meilleurs que vous ne pouvez l&rsquo;imaginer.\u00a0De plus, pour augmenter le statut, vous n&rsquo;avez rien \u00e0 faire de sp\u00e9cial &#8211; seulement r\u00e9approvisionnez votre propre compte et faites des paris sur le budget r\u00e9el.\u00a0Cependant, l&rsquo;essence du jeu est la suivante.\u00a0Faites des actions habituelles et obtenez des dividendes pour cela.<\/p>\n<h2>AVANTAGES ET INCONV\u00c9NIENTS<\/h2>\n<p>Le programme vip du casino en ligne Rocket Play a ses nombreux avantages et ses inconv\u00e9nients mineurs, qui, par souci d&rsquo;\u00e9quit\u00e9, doivent \u00eatre not\u00e9s.<\/p>\n<table border=\"0\" cellspacing=\"0\" cellpadding=\"0\">\n<tbody>\n<tr>\n<td><b>Avantages<\/b><\/td>\n<td><b>Les inconv\u00e9nients<\/b><\/td>\n<\/tr>\n<tr>\n<td>Lancements gratuits dans les TOP pokies<\/td>\n<td>D\u00e9lai pour les bonus (5 jours)<\/td>\n<\/tr>\n<tr>\n<td>Cashback de 3% \u00e0 15%<\/td>\n<td>Le processus pour atteindre chaque nouveau niveau est assez long<\/td>\n<\/tr>\n<tr>\n<td>Aucun bonus de d\u00e9p\u00f4t<\/td>\n<td><\/td>\n<\/tr>\n<\/tbody>\n<\/table>\n<p>Les inconv\u00e9nients mineurs n&rsquo;annulent toujours pas les avantages incroyables que le client du portail re\u00e7oit \u00e0 chaque nouveau niveau.<\/p>\n<h2>FAQ<\/h2>\n<h3>COMMENT OBTENIR UN NOUVEAU NIVEAU DE JEU ?<\/h3>\n<p>Pour ce faire, il est n\u00e9cessaire de reconstituer le compte avec des fonds r\u00e9els et de faire des paris en utilisant ce capital.<\/p>\n<h3>QU&rsquo;EST-CE QUE J&rsquo;OBTIENS LORSQUE J&rsquo;ATTEINS LE NIVEAU VIP MAXIMUM\u00a0?<\/h3>\n<p>Dans ce cas, vous recevrez 15\u00a0% de cashback et un montant important de bonus sans d\u00e9p\u00f4t.<\/p>\n<h3>COMMENT GAGNER 1 PI\u00c8CE VIRTUELLE ?<\/h3>\n<p>Chaque nouveau point est cr\u00e9dit\u00e9 apr\u00e8s que l&rsquo;ambleur ait plac\u00e9 un pari de 20 \u20ac ou 30 AUD.<\/p>\n<p><strong>A lire \u00e9galement sur :<\/strong><\/p>\n<ul>\n<li style=\"list-style-type: none;\">\n<ul>\n<li><a href=\"https:\/\/rocketplay-slot.com\/fr\/bonus\/welcome-offer\/\">Offre de bienvenue<\/a><\/li>\n<\/ul>\n<\/li>\n<\/ul>\n","protected":false},"excerpt":{"rendered":"<p>Seuls les \u00e9tablissements de jeu d&rsquo;\u00e9lite peuvent se vanter d&rsquo;avoir un syst\u00e8me d&rsquo;incitation sp\u00e9cial pour les clients.\u00a0Si vous avez choisi cette institution pour la coop\u00e9ration, alors vous avez fait le bon choix car les clients actifs ici attendent le meilleur programme VIP du casino Rocket Play et des bonus et cadeaux constants pour augmenter le&#8230;<\/p>\n","protected":false},"author":1,"featured_media":0,"parent":1361,"menu_order":0,"comment_status":"closed","ping_status":"closed","template":"","meta":{"_acf_changed":false,"_kad_post_transparent":"default","_kad_post_title":"default","_kad_post_layout":"default","_kad_post_sidebar_id":"","_kad_post_content_style":"default","_kad_post_vertical_padding":"default","_kad_post_feature":"","_kad_post_feature_position":"","_kad_post_header":false,"_kad_post_footer":false,"footnotes":""},"class_list":["post-1373","page","type-page","status-publish","hentry"],"acf":[],"rttpg_featured_image_url":null,"rttpg_author":{"display_name":"Elvis","author_link":"https:\/\/rocketplay-slot.com\/fr\/author\/pemvas95n89x\/"},"rttpg_comment":0,"rttpg_category":null,"rttpg_excerpt":"Seuls les \u00e9tablissements de jeu d&rsquo;\u00e9lite peuvent se vanter d&rsquo;avoir un syst\u00e8me d&rsquo;incitation sp\u00e9cial pour les clients.\u00a0Si vous avez choisi cette institution pour la coop\u00e9ration, alors vous avez fait le bon choix car les clients actifs ici attendent le meilleur programme VIP du casino Rocket Play et des bonus et cadeaux constants pour augmenter le...","_links":{"self":[{"href":"https:\/\/rocketplay-slot.com\/fr\/wp-json\/wp\/v2\/pages\/1373","targetHints":{"allow":["GET"]}}],"collection":[{"href":"https:\/\/rocketplay-slot.com\/fr\/wp-json\/wp\/v2\/pages"}],"about":[{"href":"https:\/\/rocketplay-slot.com\/fr\/wp-json\/wp\/v2\/types\/page"}],"author":[{"embeddable":true,"href":"https:\/\/rocketplay-slot.com\/fr\/wp-json\/wp\/v2\/users\/1"}],"replies":[{"embeddable":true,"href":"https:\/\/rocketplay-slot.com\/fr\/wp-json\/wp\/v2\/comments?post=1373"}],"version-history":[{"count":3,"href":"https:\/\/rocketplay-slot.com\/fr\/wp-json\/wp\/v2\/pages\/1373\/revisions"}],"predecessor-version":[{"id":4642,"href":"https:\/\/rocketplay-slot.com\/fr\/wp-json\/wp\/v2\/pages\/1373\/revisions\/4642"}],"up":[{"embeddable":true,"href":"https:\/\/rocketplay-slot.com\/fr\/wp-json\/wp\/v2\/pages\/1361"}],"wp:attachment":[{"href":"https:\/\/rocketplay-slot.com\/fr\/wp-json\/wp\/v2\/media?parent=1373"}],"curies":[{"name":"wp","href":"https:\/\/api.w.org\/{rel}","templated":true}]}}