{"id":1377,"date":"2022-09-30T14:22:20","date_gmt":"2022-09-30T11:22:20","guid":{"rendered":"https:\/\/rocketplay-slot.com\/buffalo-power-hold-and-win\/"},"modified":"2022-12-24T01:15:45","modified_gmt":"2022-12-23T22:15:45","slug":"buffalo-power-hold-and-win","status":"publish","type":"page","link":"https:\/\/rocketplay-slot.com\/fr\/buffalo-power-hold-and-win\/","title":{"rendered":"Examen de Buffalo Power Hold and Win"},"content":{"rendered":"<p><img loading=\"lazy\" decoding=\"async\" class=\"alignleft wp-image-405 lazy-loaded\" src=\"https:\/\/rocketplay-slot.com\/wp-content\/uploads\/2022\/09\/buffalo-power-hold-and-win-150x150.png\" sizes=\"auto, (max-width: 200px) 100vw, 200px\" srcset=\"https:\/\/rocketplay-slot.com\/wp-content\/uploads\/2022\/09\/buffalo-power-hold-and-win-150x150.png 150w, https:\/\/rocketplay-slot.com\/wp-content\/uploads\/2022\/09\/buffalo-power-hold-and-win-300x300.png 300w, https:\/\/rocketplay-slot.com\/wp-content\/uploads\/2022\/09\/buffalo-power-hold-and-win.png 380w\" alt=\"Buffalo Power Hold and Win\" width=\"200\" height=\"200\" data-lazy-type=\"image\" data-src=\"https:\/\/rocketplay-slot.com\/wp-content\/uploads\/2022\/09\/buffalo-power-hold-and-win-150x150.png\" data-srcset=\"\" \/>Un d\u00e9veloppement incroyable de l&rsquo;un des principaux cr\u00e9ateurs mondiaux de contenu de jeu, Playson, peut \u00eatre trouv\u00e9 parmi l&rsquo;assortiment de jeux sur le portail.\u00a0Les machines \u00e0 sous Rocket Play Buffalo Power Hold et Win sont suffisamment demand\u00e9es et vous pouvez y consacrer du temps.\u00a02 ans apr\u00e8s la premi\u00e8re sortie, le jeu \u00e9tait extr\u00eamement appr\u00e9ci\u00e9 par des milliers d&rsquo;utilisateurs.\u00a0Et chaque jour, l&rsquo;arm\u00e9e de fans de la machine \u00e0 sous ne fait qu&rsquo;augmenter.\u00a0Devenez un connaisseur de ce divertissement et commencez vos aventures tout de suite.<\/p>\n<p>Nous pr\u00e9sentons \u00e0 votre attention la revue Rocket Play Buffalo Power Hold and Win.\u00a0Notre courte description contient toutes les informations int\u00e9ressantes sur le programme et les faits importants qui vous seront utiles.\u00a0Pour une meilleure pr\u00e9sentation et compr\u00e9hension de tout ce qui est essentiel, lisez le tableau.<\/p>\n<table border=\"0\" cellspacing=\"0\" cellpadding=\"0\">\n<tbody>\n<tr>\n<td><b>D\u00e9veloppeur\u00a0<\/b><\/td>\n<td><b>Playson<\/b><\/td>\n<\/tr>\n<tr>\n<td>Date d&rsquo;apparition<\/td>\n<td>2020<\/td>\n<\/tr>\n<tr>\n<td>Lignes<\/td>\n<td>20<\/td>\n<\/tr>\n<tr>\n<td>roues<\/td>\n<td>5<\/td>\n<\/tr>\n<tr>\n<td>Lignes<\/td>\n<td>3<\/td>\n<\/tr>\n<tr>\n<td>Bonus<\/td>\n<td>lancement libre\u00a0;<\/p>\n<p>4 gros lots<\/td>\n<\/tr>\n<tr>\n<td>RTP<\/td>\n<td>95%<\/td>\n<\/tr>\n<tr>\n<td>Lecture automatique<\/td>\n<td>+<\/td>\n<\/tr>\n<tr>\n<td>Signes sp\u00e9ciaux<\/td>\n<td>Dispersion<\/p>\n<p>Sauvage<\/td>\n<\/tr>\n<tr>\n<td>Diapason des paris<\/td>\n<td>0,20-100 CAD<\/td>\n<\/tr>\n<\/tbody>\n<\/table>\n<p>Apr\u00e8s avoir \u00e9tudi\u00e9 le jeu, vous pouvez noter de nombreux points positifs qui font son succ\u00e8s aupr\u00e8s des utilisateurs.\u00a0Voici un gameplay extr\u00eamement pratique et rapide.\u00a0Tout est intuitif.\u00a0M\u00eame un d\u00e9butant qui s&rsquo;occupe des machines \u00e0 sous pour la premi\u00e8re fois n&rsquo;aura besoin que de quelques minutes pour se familiariser et apprendre les fonctions du menu principal.\u00a0De plus, si vous avez des questions, vous pouvez toujours consulter les conseils, qui d\u00e9criront en d\u00e9tail toutes les fonctions, ic\u00f4nes et symboles n\u00e9cessaires du jeu.<\/p>\n<p>On ne peut s&#8217;emp\u00eacher d&rsquo;\u00eatre satisfait des fonctionnalit\u00e9s suppl\u00e9mentaires du jeu.\u00a0Il y a une s\u00e9rie de bonus assez solide ici.\u00a0Si les joueurs ne sont plus surpris par des essais gratuits suppl\u00e9mentaires ou des symboles scatter sp\u00e9ciaux, les d\u00e9veloppeurs du jeu ont cach\u00e9 quelques tours de plus dans leurs manches.\u00a0Quatre jackpots et un mini-tour suppl\u00e9mentaire ne vous laisseront certainement pas sans impressions.\u00a0Super opportunit\u00e9s pour des gains incroyables !\u00a0M\u00eame avec une mise minimale de seulement 20 cents, vous pouvez obtenir un tr\u00e8s bon prix.<\/p>\n<h2>TH\u00c8ME, GRAPHISMES ET BANDE SON<\/h2>\n<p>Une place sp\u00e9ciale dans le c\u0153ur est occup\u00e9e par les graphismes, les bandes sonores et le th\u00e8me du jeu.\u00a0La machine \u00e0 sous en ligne Rocket Play Buffalo Power Hold and Win combine harmonieusement les symboles des animaux et les effets sp\u00e9ciaux sonores et graphiques qui les accompagnent.\u00a0D\u00e8s les premi\u00e8res secondes apr\u00e8s le lancement, il devient clair \u00e0 quel point les d\u00e9veloppeurs ont travaill\u00e9 avec comp\u00e9tence pour combiner ces trois aspects.<\/p>\n<p>D\u00e9j\u00e0 \u00e0 partir du nom lui-m\u00eame, il devient clair qu&rsquo;ici, vous devrez voir des ic\u00f4nes traditionnelles avec des animaux et les symboles de carte habituels.\u00a0Pour r\u00e9aliser des combinaisons gagnantes et r\u00e9cup\u00e9rer vos lots, vous devrez collecter au moins trois symboles :<\/p>\n<ul>\n<li>taureaux;<\/li>\n<li>Ours;<\/li>\n<li>couguars\u00a0;<\/li>\n<li>Loups;<\/li>\n<li>Aigles\u00a0;<\/li>\n<li>Symboles de base des cartes\u00a0!<\/li>\n<\/ul>\n<p>Chaque signe a sa propre valeur.\u00a0De plus, le montant final des gains est affect\u00e9 par le nombre total dans la ligne.\u00a0Des symboles suppl\u00e9mentaires peuvent apporter des tours gratuits, un mini tour et l&rsquo;un des 4 ou m\u00eame tous les jackpots.<\/p>\n<h2>RTP ET VARIANCE<\/h2>\n<p>La valeur RTP est l\u00e9g\u00e8rement sup\u00e9rieure \u00e0 95 %.\u00a0Bien s\u00fbr, nous aimerions am\u00e9liorer ces indicateurs, mais ce n&rsquo;est pas critique.\u00a0M\u00eame avec ces valeurs, le divertissement vaut la peine d&rsquo;\u00eatre recommand\u00e9.<\/p>\n<p><img loading=\"lazy\" decoding=\"async\" class=\"aligncenter wp-image-406 size-full lazy-loaded\" src=\"https:\/\/rocketplay-slot.com\/wp-content\/uploads\/2022\/09\/buffalo-power-hold-and-win-slot.jpeg\" sizes=\"auto, (max-width: 1280px) 100vw, 1280px\" srcset=\"https:\/\/rocketplay-slot.com\/wp-content\/uploads\/2022\/09\/buffalo-power-hold-and-win-slot.jpeg 1280w, https:\/\/rocketplay-slot.com\/wp-content\/uploads\/2022\/09\/buffalo-power-hold-and-win-slot-300x169.jpeg 300w, https:\/\/rocketplay-slot.com\/wp-content\/uploads\/2022\/09\/buffalo-power-hold-and-win-slot-1024x576.jpeg 1024w, https:\/\/rocketplay-slot.com\/wp-content\/uploads\/2022\/09\/buffalo-power-hold-and-win-slot-768x432.jpeg 768w\" alt=\"Machine \u00e0 sous Buffalo Power Hold And Win\" width=\"1280\" height=\"720\" data-lazy-type=\"image\" data-src=\"https:\/\/rocketplay-slot.com\/wp-content\/uploads\/2022\/09\/buffalo-power-hold-and-win-slot.jpeg\" data-srcset=\"\" \/><\/p>\n<h2>COMMENT JOUER<\/h2>\n<p>Il existe deux fa\u00e7ons de jouer sur le portail Rocket Play Buffalo power hold et de gagner gratuitement.\u00a0La premi\u00e8re option est disponible pour tous les visiteurs du portail sans inscription ni d\u00e9p\u00f4t.\u00a0La deuxi\u00e8me option n\u00e9cessite les deux.\u00a0Cependant, cela ouvre la voie \u00e0 des gains incroyables.\u00a0Inscrivez-vous, effectuez un d\u00e9p\u00f4t sur votre compte, s\u00e9lectionnez cet emplacement et d\u00e9marrez-le.\u00a0Pour une rotation r\u00e9ussie, cela vaut :<\/p>\n<ol>\n<li>d\u00e9finir la taille du pari\u00a0;<\/li>\n<li>s\u00e9lectionnez le nombre de lignes\u00a0;<\/li>\n<li>appuyez sur Start;<\/li>\n<li>attendez que la rotation soit termin\u00e9e.<\/li>\n<\/ol>\n<p>Toutes les combinaisons gagnantes sont calcul\u00e9es automatiquement et les fonds sont instantan\u00e9ment d\u00e9pos\u00e9s sur votre compte.<\/p>\n<h2>FAQ<\/h2>\n<h3>POUVEZ-VOUS JOUER GRATUITEMENT ?<\/h3>\n<p>Oui, en choisissant la version d\u00e9mo du Rocket Play Buffalo power hold and win real money, vous pouvez jouer gratuitement, sans d\u00e9p\u00f4t, et m\u00eame sans inscription.<\/p>\n<h3>QUELLE EST LA PARTICULARIT\u00c9 DE LA MACHINE \u00c0 SOUS\u00a0?<\/h3>\n<p>Il y a 4 jackpots, un mini tour, des tours suppl\u00e9mentaires et bien d&rsquo;autres choses int\u00e9ressantes qui m\u00e9ritent votre attention.<\/p>\n<p><strong>A lire \u00e9galement sur :<\/strong><\/p>\n<ul>\n<li style=\"list-style-type: none;\">\n<ul>\n<li><a href=\"https:\/\/rocketplay-slot.com\/fr\/magic-spins\/\">Tours magiques<\/a><\/li>\n<li><a href=\"https:\/\/rocketplay-slot.com\/fr\/3-coins\/\">3 pi\u00e8ces<\/a><\/li>\n<\/ul>\n<\/li>\n<\/ul>\n","protected":false},"excerpt":{"rendered":"<p>Un d\u00e9veloppement incroyable de l&rsquo;un des principaux cr\u00e9ateurs mondiaux de contenu de jeu, Playson, peut \u00eatre trouv\u00e9 parmi l&rsquo;assortiment de jeux sur le portail.\u00a0Les machines \u00e0 sous Rocket Play Buffalo Power Hold et Win sont suffisamment demand\u00e9es et vous pouvez y consacrer du temps.\u00a02 ans apr\u00e8s la premi\u00e8re sortie, le jeu \u00e9tait extr\u00eamement appr\u00e9ci\u00e9 par&#8230;<\/p>\n","protected":false},"author":1,"featured_media":0,"parent":0,"menu_order":0,"comment_status":"closed","ping_status":"closed","template":"","meta":{"_acf_changed":false,"_kad_post_transparent":"default","_kad_post_title":"default","_kad_post_layout":"default","_kad_post_sidebar_id":"","_kad_post_content_style":"default","_kad_post_vertical_padding":"default","_kad_post_feature":"","_kad_post_feature_position":"","_kad_post_header":false,"_kad_post_footer":false,"footnotes":""},"class_list":["post-1377","page","type-page","status-publish","hentry"],"acf":[],"rttpg_featured_image_url":null,"rttpg_author":{"display_name":"Elvis","author_link":"https:\/\/rocketplay-slot.com\/fr\/author\/pemvas95n89x\/"},"rttpg_comment":0,"rttpg_category":null,"rttpg_excerpt":"Un d\u00e9veloppement incroyable de l&rsquo;un des principaux cr\u00e9ateurs mondiaux de contenu de jeu, Playson, peut \u00eatre trouv\u00e9 parmi l&rsquo;assortiment de jeux sur le portail.\u00a0Les machines \u00e0 sous Rocket Play Buffalo Power Hold et Win sont suffisamment demand\u00e9es et vous pouvez y consacrer du temps.\u00a02 ans apr\u00e8s la premi\u00e8re sortie, le jeu \u00e9tait extr\u00eamement appr\u00e9ci\u00e9 par...","_links":{"self":[{"href":"https:\/\/rocketplay-slot.com\/fr\/wp-json\/wp\/v2\/pages\/1377","targetHints":{"allow":["GET"]}}],"collection":[{"href":"https:\/\/rocketplay-slot.com\/fr\/wp-json\/wp\/v2\/pages"}],"about":[{"href":"https:\/\/rocketplay-slot.com\/fr\/wp-json\/wp\/v2\/types\/page"}],"author":[{"embeddable":true,"href":"https:\/\/rocketplay-slot.com\/fr\/wp-json\/wp\/v2\/users\/1"}],"replies":[{"embeddable":true,"href":"https:\/\/rocketplay-slot.com\/fr\/wp-json\/wp\/v2\/comments?post=1377"}],"version-history":[{"count":3,"href":"https:\/\/rocketplay-slot.com\/fr\/wp-json\/wp\/v2\/pages\/1377\/revisions"}],"predecessor-version":[{"id":2403,"href":"https:\/\/rocketplay-slot.com\/fr\/wp-json\/wp\/v2\/pages\/1377\/revisions\/2403"}],"wp:attachment":[{"href":"https:\/\/rocketplay-slot.com\/fr\/wp-json\/wp\/v2\/media?parent=1377"}],"curies":[{"name":"wp","href":"https:\/\/api.w.org\/{rel}","templated":true}]}}