{"id":1434,"date":"2022-09-29T18:12:36","date_gmt":"2022-09-29T15:12:36","guid":{"rendered":"https:\/\/rocketplay-slot.com\/bonus\/welcome-offer\/"},"modified":"2025-11-24T20:32:36","modified_gmt":"2025-11-24T17:32:36","slug":"welcome-offer","status":"publish","type":"page","link":"https:\/\/rocketplay-slot.com\/fr\/bonus\/welcome-offer\/","title":{"rendered":"Offre de bienvenue RocketPlay"},"content":{"rendered":"<p>Chaque joueur veut obtenir les meilleures conditions de coop\u00e9ration.\u00a0C&rsquo;est probablement l&rsquo;un des points cl\u00e9s lors de la d\u00e9cision de rejoindre un \u00e9tablissement de jeux.\u00a0Cependant, les bonus de bienvenue du casino en ligne Rocket Play ne vous font pas attendre longtemps et vous font douter de la justesse de la d\u00e9cision.<\/p>\n<p>Les d\u00e9butants qui d\u00e9cident de rejoindre la super \u00e9quipe de clients du portail peuvent compter sur des cadeaux incroyables qui seront un bon d\u00e9but pour de nouvelles r\u00e9alisations.\u00a0L&rsquo;offre de bienvenue de Casino Rocket Play m\u00e9rite votre attention.\u00a0C&rsquo;est pourquoi il est conseill\u00e9 d&rsquo;en savoir plus sur cette offre unique, dont nous vous parlerons plus tard.<\/p>\n<p><img loading=\"lazy\" decoding=\"async\" class=\"aligncenter wp-image-4234\" src=\"https:\/\/rocketplay-slot.com\/wp-content\/uploads\/2024\/02\/wtyeuyr453.png\" alt=\"Offre de bienvenue RocketPlay\" width=\"1000\" height=\"303\" srcset=\"https:\/\/rocketplay-slot.com\/wp-content\/uploads\/2024\/02\/wtyeuyr453.png 1047w, https:\/\/rocketplay-slot.com\/wp-content\/uploads\/2024\/02\/wtyeuyr453-300x91.png 300w, https:\/\/rocketplay-slot.com\/wp-content\/uploads\/2024\/02\/wtyeuyr453-1024x310.png 1024w, https:\/\/rocketplay-slot.com\/wp-content\/uploads\/2024\/02\/wtyeuyr453-768x233.png 768w\" sizes=\"auto, (max-width: 1000px) 100vw, 1000px\" \/><\/p>\n<h2>DIFF\u00c9RENTS TYPES D&rsquo;OFFRES DE BIENVENUE<\/h2>\n<p>Pas \u00e9tonnant que les meilleurs bonus de bienvenue du casino Rocket Play soient si populaires parmi les joueurs.<\/p>\n<p>L&rsquo;objectif de chaque offre de bienvenue Rocket Play Canada est de pr\u00e9senter le portail \u00e0 l&rsquo;utilisateur, ainsi que de faciliter le chemin vers le gain. Bien s\u00fbr, dans le monde du jeu, la chance est un point cl\u00e9 et tr\u00e8s important, mais vous pouvez toujours essayer d&rsquo;augmenter vos chances de chance.\u00a0Comme on dit, \u00ab\u00a0Ayez confiance en Dieu, mais ne restez pas les bras crois\u00e9s.\u00a0\u00bb<\/p>\n<p>Apr\u00e8s une inscription r\u00e9ussie sur le portail, la meilleure offre de bienvenue du casino Rocket Play devient disponible pour absolument tous les clients du portail.\u00a0Cette incitation se compose de deux parties, de sorte que les types de cadeaux de bienvenue suivants peuvent \u00eatre distingu\u00e9s.<\/p>\n<ol>\n<li>Un cadeau pour le premier d\u00e9p\u00f4t.\u00a0C&rsquo;est une offre tr\u00e8s int\u00e9ressante car le montant minimum de recharge n&rsquo;est que de 20 \u20ac ou 30 CAD. Ce dividende g\u00e9n\u00e9reux est re\u00e7u par le joueur imm\u00e9diatement apr\u00e8s avoir r\u00e9approvisionn\u00e9 le compte.\u00a0100 % suppl\u00e9mentaires du montant d\u00e9pos\u00e9 sont cr\u00e9dit\u00e9s sur le compte du jeu.\u00a0De plus, le joueur re\u00e7oit 100 tours gratuits sur les meilleures machines.\u00a020 tentatives sont comptabilis\u00e9es imm\u00e9diatement.\u00a0Le reste des tours est cr\u00e9dit\u00e9 au cours des 4 prochains jours.<\/li>\n<li>Apr\u00e8s la deuxi\u00e8me recharge, des cadeaux encore plus sympas vous attendent.\u00a0Si vous d\u00e9posez un montant compris entre 50 et 200 euros ou dollars, ils vous ajouteront 200 % suppl\u00e9mentaires du montant d\u00e9pos\u00e9.\u00a0Le montant minimum pour r\u00e9clamer le bonus est de 50 EUR ou CAD, alors soyez conscient de cette condition et ne manquez pas votre chance.<\/li>\n<\/ol>\n<p>Comme vous pouvez le voir, la politique de l&rsquo;institution joue en faveur du client d\u00e8s les premi\u00e8res minutes apr\u00e8s l&rsquo;inscription.\u00a0Il y a peu d&rsquo;endroits aujourd&rsquo;hui o\u00f9 vous pouvez trouver des conditions aussi favorables.\u00a0Par cons\u00e9quent, ne cherchez pas quelque chose de mieux lorsque l&rsquo;id\u00e9al est d\u00e9j\u00e0 devant vous.<\/p>\n<p><img loading=\"lazy\" decoding=\"async\" class=\"alignright wp-image-4243\" src=\"https:\/\/rocketplay-slot.com\/wp-content\/uploads\/2024\/02\/45345435435.png\" alt=\"Offre de bienvenue RocketPlay 2\" width=\"600\" height=\"304\" srcset=\"https:\/\/rocketplay-slot.com\/wp-content\/uploads\/2024\/02\/45345435435.png 615w, https:\/\/rocketplay-slot.com\/wp-content\/uploads\/2024\/02\/45345435435-300x152.png 300w\" sizes=\"auto, (max-width: 600px) 100vw, 600px\" \/><\/p>\n<h2>COMMENT PUIS-JE R\u00c9CLAMER UNE OFFRE DE BIENVENUE\u00a0?<\/h2>\n<p>Les conditions pour fournir un pack de bienvenue sont tr\u00e8s simples.\u00a0Suivez-les et vous serez heureux.<\/p>\n<ul>\n<li>Tout d&rsquo;abord, vous devez terminer avec succ\u00e8s le processus d&rsquo;inscription.\u00a0Seuls les clients officiels peuvent pr\u00e9tendre \u00e0 tous les avantages de la coop\u00e9ration avec l&rsquo;institution.<\/li>\n<li>Deuxi\u00e8mement, apr\u00e8s l&rsquo;inscription, il est absolument n\u00e9cessaire de d\u00e9poser vos propres fonds sur le compte du jeu. Les fonds suppl\u00e9mentaires et les tours gratuits ne seront cr\u00e9dit\u00e9s qu&rsquo;apr\u00e8s le d\u00e9p\u00f4t. C&rsquo;est tr\u00e8s simple. Pour ce faire, utilisez une section sp\u00e9ciale du menu dans votre compte personnel. Le d\u00e9p\u00f4t minimum n&rsquo;est que de 30 CAD pour la premi\u00e8re recharge et de 50 CAD pour la seconde. Ils restent de toute fa\u00e7on sur votre compte personnel. Cependant, plus les fonds vers\u00e9s sont importants, plus les dons seront importants. Faites attention \u00e0 cela.<\/li>\n<\/ul>\n<p>Quelques conditions pr\u00e9alables et un ensemble complet de cadeaux de bienvenue sont entre vos mains.\u00a0Ne n\u00e9gligez pas cette opportunit\u00e9.\u00a0Utilisez chaque opportunit\u00e9 au maximum pour votre propre b\u00e9n\u00e9fice.\u00a0La fortune sourit aux pers\u00e9v\u00e9rants.<\/p>\n<h2>FAQ<\/h2>\n<h3>COMMENT OBTENIR UN BONUS DE BIENVENUE ?<\/h3>\n<p>Pour recevoir un paquet cadeau de bienvenue, vous devez \u00eatre un client officiellement enregistr\u00e9 du portail.\u00a0La deuxi\u00e8me condition obligatoire est de reconstituer le compte de jeu d&rsquo;au moins le montant minimum.\u00a0Apr\u00e8s le premier paiement r\u00e9ussi, les cadeaux seront imm\u00e9diatement cr\u00e9dit\u00e9s sur votre compte.<\/p>\n<h3>QU&rsquo;EST-CE QUI EST INCLUS DANS LE PACK DE BIENVENUE ?<\/h3>\n<p>Le paquet cadeau de bienvenue comprend des fonds suppl\u00e9mentaires sur le compte et 100 machines \u00e0 sous gratuites commencent.\u00a0Vous recevez un capital bonus apr\u00e8s la premi\u00e8re et la deuxi\u00e8me recharge.\u00a0Apr\u00e8s le premier, sous la forme de 100% du montant, apr\u00e8s le second \u2013 jusqu&rsquo;\u00e0 200%.<\/p>\n<h3>QUEL EST LE MONTANT MINIMUM DU D\u00c9P\u00d4T\u00a0?<\/h3>\n<p>Cela d\u00e9pend de la devise que vous choisissez. Oui, si vous avez s\u00e9lectionn\u00e9 l&rsquo;euro dans les param\u00e8tres de votre profil, le premier d\u00e9p\u00f4t doit \u00eatre d&rsquo;au moins 20 euros. Si les transactions financi\u00e8res sont effectu\u00e9es en dollars ou canadiens, ce sera alors 30 $.<\/p>\n<p><strong>A lire \u00e9galement sur :<\/strong><\/p>\n<ul>\n<li style=\"list-style-type: none;\">\n<ul>\n<li><a href=\"https:\/\/rocketplay-slot.com\/fr\/bonus\/loyalty-program\/\">Programme de fid\u00e9lit\u00e9<\/a><\/li>\n<li><a href=\"https:\/\/rocketplay-slot.com\/fr\/bonus\/regular-bonuses\/\">Bonus r\u00e9guliers<\/a><\/li>\n<\/ul>\n<\/li>\n<\/ul>\n","protected":false},"excerpt":{"rendered":"<p>Chaque joueur veut obtenir les meilleures conditions de coop\u00e9ration.\u00a0C&rsquo;est probablement l&rsquo;un des points cl\u00e9s lors de la d\u00e9cision de rejoindre un \u00e9tablissement de jeux.\u00a0Cependant, les bonus de bienvenue du casino en ligne Rocket Play ne vous font pas attendre longtemps et vous font douter de la justesse de la d\u00e9cision. Les d\u00e9butants qui d\u00e9cident de&#8230;<\/p>\n","protected":false},"author":1,"featured_media":0,"parent":1361,"menu_order":0,"comment_status":"closed","ping_status":"closed","template":"","meta":{"_acf_changed":false,"_kad_post_transparent":"default","_kad_post_title":"default","_kad_post_layout":"default","_kad_post_sidebar_id":"","_kad_post_content_style":"default","_kad_post_vertical_padding":"default","_kad_post_feature":"","_kad_post_feature_position":"","_kad_post_header":false,"_kad_post_footer":false,"footnotes":""},"class_list":["post-1434","page","type-page","status-publish","hentry"],"acf":[],"rttpg_featured_image_url":null,"rttpg_author":{"display_name":"Elvis","author_link":"https:\/\/rocketplay-slot.com\/fr\/author\/pemvas95n89x\/"},"rttpg_comment":0,"rttpg_category":null,"rttpg_excerpt":"Chaque joueur veut obtenir les meilleures conditions de coop\u00e9ration.\u00a0C&rsquo;est probablement l&rsquo;un des points cl\u00e9s lors de la d\u00e9cision de rejoindre un \u00e9tablissement de jeux.\u00a0Cependant, les bonus de bienvenue du casino en ligne Rocket Play ne vous font pas attendre longtemps et vous font douter de la justesse de la d\u00e9cision. Les d\u00e9butants qui d\u00e9cident de...","_links":{"self":[{"href":"https:\/\/rocketplay-slot.com\/fr\/wp-json\/wp\/v2\/pages\/1434","targetHints":{"allow":["GET"]}}],"collection":[{"href":"https:\/\/rocketplay-slot.com\/fr\/wp-json\/wp\/v2\/pages"}],"about":[{"href":"https:\/\/rocketplay-slot.com\/fr\/wp-json\/wp\/v2\/types\/page"}],"author":[{"embeddable":true,"href":"https:\/\/rocketplay-slot.com\/fr\/wp-json\/wp\/v2\/users\/1"}],"replies":[{"embeddable":true,"href":"https:\/\/rocketplay-slot.com\/fr\/wp-json\/wp\/v2\/comments?post=1434"}],"version-history":[{"count":3,"href":"https:\/\/rocketplay-slot.com\/fr\/wp-json\/wp\/v2\/pages\/1434\/revisions"}],"predecessor-version":[{"id":4633,"href":"https:\/\/rocketplay-slot.com\/fr\/wp-json\/wp\/v2\/pages\/1434\/revisions\/4633"}],"up":[{"embeddable":true,"href":"https:\/\/rocketplay-slot.com\/fr\/wp-json\/wp\/v2\/pages\/1361"}],"wp:attachment":[{"href":"https:\/\/rocketplay-slot.com\/fr\/wp-json\/wp\/v2\/media?parent=1434"}],"curies":[{"name":"wp","href":"https:\/\/api.w.org\/{rel}","templated":true}]}}