{"id":1444,"date":"2022-09-30T15:05:52","date_gmt":"2022-09-30T12:05:52","guid":{"rendered":"https:\/\/rocketplay-slot.com\/magic-spins\/"},"modified":"2025-11-24T20:19:52","modified_gmt":"2025-11-24T17:19:52","slug":"magic-spins","status":"publish","type":"page","link":"https:\/\/rocketplay-slot.com\/fr\/magic-spins\/","title":{"rendered":"Tours magiques"},"content":{"rendered":"<p>Merci au d\u00e9veloppeur de la machine \u00e0 sous, la soci\u00e9t\u00e9 Wazdan, pour une cr\u00e9ation aussi int\u00e9ressante, inhabituelle et cr\u00e9ative.\u00a0Non seulement la conception et les nouvelles opportunit\u00e9s qui peuvent \u00eatre utilis\u00e9es, mais aussi le nombre de gains possibles sont impressionnants.\u00a0Si la chance vous sourit, votre prix passera \u00e0 2 500 fois la mise initiale.<\/p>\n<p>Nous parlerons de r\u00e9compenses extraordinaires et d&rsquo;autres fonctionnalit\u00e9s int\u00e9ressantes du jeu dans notre revue de la machine \u00e0 sous Rocket Play Magic Spins.\u00a0Restez avec nous et vous ne le regretterez pas car celui qui poss\u00e8de l&rsquo;information poss\u00e8de le monde.<\/p>\n<p><img loading=\"lazy\" decoding=\"async\" class=\"aligncenter wp-image-417 size-full lazy-loaded\" src=\"https:\/\/rocketplay-slot.com\/wp-content\/uploads\/2022\/09\/magic-spins.png\" sizes=\"auto, (max-width: 595px) 100vw, 595px\" srcset=\"https:\/\/rocketplay-slot.com\/wp-content\/uploads\/2022\/09\/magic-spins.png 595w, https:\/\/rocketplay-slot.com\/wp-content\/uploads\/2022\/09\/magic-spins-300x76.png 300w\" alt=\"Tours magiques\" width=\"595\" height=\"150\" data-lazy-type=\"image\" data-src=\"https:\/\/rocketplay-slot.com\/wp-content\/uploads\/2022\/09\/magic-spins.png\" data-srcset=\"\" \/><\/p>\n<h2>EXAMEN DES TOURS MAGIQUES<\/h2>\n<p>Les principaux points de la machine \u00e0 sous Rocket Play Magic Spins que chaque joueur doit conna\u00eetre avant de commencer le jeu sont pr\u00e9sent\u00e9s et d\u00e9crits dans le tableau.<\/p>\n<table border=\"0\" cellspacing=\"0\" cellpadding=\"0\">\n<tbody>\n<tr>\n<td><b>D\u00e9veloppeur\u00a0<\/b><\/td>\n<td><b>Wazdan<\/b><\/td>\n<\/tr>\n<tr>\n<td>Date d&rsquo;apparition<\/td>\n<td>2022<\/td>\n<\/tr>\n<tr>\n<td>Bonus<\/td>\n<td>Tours gratuits de la machine \u00e0 sous Rocket Play Magic Spins;<\/p>\n<p>gros lots<\/td>\n<\/tr>\n<tr>\n<td>RTP<\/td>\n<td>95%<\/td>\n<\/tr>\n<tr>\n<td>Signes sp\u00e9ciaux<\/td>\n<td>Collectionnez \u00e0 l&rsquo;infini\u00a0;<\/p>\n<p>Collectionneur<\/td>\n<\/tr>\n<tr>\n<td>Gain maximal<\/td>\n<td>x2500<\/td>\n<\/tr>\n<\/tbody>\n<\/table>\n<p>&nbsp;<\/p>\n<p>D\u00e8s le premier regard sur le jeu, vous pouvez d\u00e9j\u00e0 comprendre que quelque chose de sp\u00e9cial et d&rsquo;inhabituel vous attend.\u00a0La date de sortie de la machine \u00e0 sous est 2023\u00a0;\u00a0c&rsquo;est-\u00e0-dire qu&rsquo;il s&rsquo;agit toujours de la derni\u00e8re nouveaut\u00e9 dans le monde du jeu, qui m\u00e9rite votre attention.<\/p>\n<p>Bien qu&rsquo;il puisse sembler \u00e0 la fois que le gameplay soit compliqu\u00e9 et peu clair, ce n&rsquo;est pas du tout le cas.\u00a0D\u00e9j\u00e0 dans le jeu de base, vous pouvez obtenir un prix avec un multiplicateur de 150 sur les symboles r\u00e9guliers.\u00a0Et en utilisant des ic\u00f4nes sp\u00e9ciales, vous pouvez gagner le jackpot maximum et de l&rsquo;argent fou.<\/p>\n<p>Une autre caract\u00e9ristique de la machine \u00e0 sous est la nouvelle fonctionnalit\u00e9 brevet\u00e9e CollectToInfinity.\u00a0Je pense que nous vous avons convaincu d&rsquo;essayer.\u00a0Mais m\u00eame si vous avez encore des doutes, profitez du jeu gratuit Rocket Play Magic Spins et familiarisez-vous avec la nouvelle cr\u00e9ation de Wazdan sans risquer votre propre capital.<\/p>\n<h2>CARACT\u00c9RISTIQUES DU JEU MAGIC SPINS<\/h2>\n<p>Afin de faire une combinaison gagnante, vous devez collecter au moins 10 images identiques.\u00a0Il n&rsquo;y a pas de lignes et de rouleaux habituels, ils peuvent donc \u00eatre collect\u00e9s dans n&rsquo;importe quelle position sur le terrain de jeu.\u00a0Des symboles scatter sp\u00e9ciaux qui remplacent les autres images de base (\u00e0 l&rsquo;exception des images sp\u00e9ciales) vous aideront \u00e0 augmenter encore vos chances et \u00e0 r\u00e9ussir.\u00a0Si 6 ic\u00f4nes bonus ou plus tombent, le jeu bonus est lanc\u00e9.<\/p>\n<p>La machine \u00e0 sous en argent r\u00e9el Rocket Play Magic Spins est \u00e9galement excitante, avec la possibilit\u00e9 de recevoir une r\u00e9compense extraordinaire &#8211; 2500 fois plus que la mise initiale.<\/p>\n<p>Une autre caract\u00e9ristique des machines \u00e0 sous est la possibilit\u00e9 d&rsquo;acheter l&rsquo;un des quatre volatils disponibles\u00a0:<\/p>\n<ul>\n<li>Bas;<\/li>\n<li>Standard;<\/li>\n<li>Haute;<\/li>\n<li>Extr\u00eame!<\/li>\n<\/ul>\n<p>Une telle opportunit\u00e9 ne s&rsquo;est pas encore pr\u00e9sent\u00e9e.\u00a0C&rsquo;est une fonctionnalit\u00e9 int\u00e9ressante, mais il convient de noter qu&rsquo;elle n&rsquo;est pas bon march\u00e9.\u00a0Pour le plus haut niveau, il faut payer 500 fois plus que le montant de la mise.\u00a0Cependant, cela en vaut parfois la peine.<\/p>\n<p><img loading=\"lazy\" decoding=\"async\" class=\"aligncenter wp-image-418 size-full lazy-loaded\" src=\"https:\/\/rocketplay-slot.com\/wp-content\/uploads\/2022\/09\/magic-spins-e1664539322637.jpeg\" sizes=\"auto, (max-width: 900px) 100vw, 900px\" srcset=\"https:\/\/rocketplay-slot.com\/wp-content\/uploads\/2022\/09\/magic-spins-e1664539322637.jpeg 900w, https:\/\/rocketplay-slot.com\/wp-content\/uploads\/2022\/09\/magic-spins-e1664539322637-300x182.jpeg 300w, https:\/\/rocketplay-slot.com\/wp-content\/uploads\/2022\/09\/magic-spins-e1664539322637-768x466.jpeg 768w\" alt=\"Machine \u00e0 sous Magic Spins\" width=\"900\" height=\"546\" data-lazy-type=\"image\" data-src=\"https:\/\/rocketplay-slot.com\/wp-content\/uploads\/2022\/09\/magic-spins-e1664539322637.jpeg\" data-srcset=\"\" \/><\/p>\n<h2>TH\u00c8ME ET CONCEPTION<\/h2>\n<p>La machine \u00e0 sous en ligne Rocket Play Magic Spins a un design inhabituel mais visuellement agr\u00e9able.\u00a0En arri\u00e8re-plan, les joueurs regardent le ciel \u00e9toil\u00e9 o\u00f9 la magie op\u00e8re.\u00a0L&rsquo;\u00e9cran de travail est divis\u00e9 en quatre segments sym\u00e9triques en forme de croix.\u00a0C&rsquo;est en eux que tombent les symboles qui rapportent des gains.<\/p>\n<p>Il n&rsquo;y a pas de tambours habituels ici.\u00a0Les images apparaissent sur tout l&rsquo;\u00e9cran et s&rsquo;ajoutent au nombre total.\u00a0En plus des ic\u00f4nes th\u00e9matiques de gemmes color\u00e9es mystiques, le jeu propose les symboles de carte habituels.<\/p>\n<h2>CONCLUSION<\/h2>\n<p>En conclusion, une chose peut \u00eatre not\u00e9e &#8211; c&rsquo;est un divertissement sp\u00e9cial et inhabituel.\u00a0Tout est diff\u00e9rent ici, donc le gameplay peut sembler un peu compliqu\u00e9 et d\u00e9routant \u00e0 premi\u00e8re vue.\u00a0Il n&rsquo;y a pas de lignes ni de rouleaux et l&rsquo;\u00e9cran est segment\u00e9.\u00a0Cependant, il existe un super jackpot qui peut grossir 2500 fois.<\/p>\n<p>Mais m\u00eame sans jackpot, d\u00e9j\u00e0 dans le jeu de base, le nombre de gains peut \u00eatre x150.\u00a0En outre, le joueur peut acheter le niveau de volatilit\u00e9 et choisir le rythme du jeu.\u00a0Il y a 5 jackpots dans la machine \u00e0 sous, mais malheureusement, tous les pr\u00e9c\u00e9dents sont annul\u00e9s si le joueur remporte le plus gros d&rsquo;entre eux.<\/p>\n<p><strong>A lire \u00e9galement sur :<\/strong><\/p>\n<ul>\n<li style=\"list-style-type: none;\">\n<ul>\n<li><a href=\"https:\/\/rocketplay-slot.com\/fr\/3-coins\/\">3 pi\u00e8ces<\/a><\/li>\n<li><a href=\"https:\/\/rocketplay-slot.com\/fr\/aloha-king-elvis\/\">Aloha Roi Elvis<\/a><\/li>\n<\/ul>\n<\/li>\n<\/ul>\n","protected":false},"excerpt":{"rendered":"<p>Merci au d\u00e9veloppeur de la machine \u00e0 sous, la soci\u00e9t\u00e9 Wazdan, pour une cr\u00e9ation aussi int\u00e9ressante, inhabituelle et cr\u00e9ative.\u00a0Non seulement la conception et les nouvelles opportunit\u00e9s qui peuvent \u00eatre utilis\u00e9es, mais aussi le nombre de gains possibles sont impressionnants.\u00a0Si la chance vous sourit, votre prix passera \u00e0 2 500 fois la mise initiale. Nous parlerons&#8230;<\/p>\n","protected":false},"author":1,"featured_media":0,"parent":0,"menu_order":0,"comment_status":"closed","ping_status":"closed","template":"","meta":{"_acf_changed":false,"_kad_post_transparent":"default","_kad_post_title":"default","_kad_post_layout":"default","_kad_post_sidebar_id":"","_kad_post_content_style":"default","_kad_post_vertical_padding":"default","_kad_post_feature":"","_kad_post_feature_position":"","_kad_post_header":false,"_kad_post_footer":false,"footnotes":""},"class_list":["post-1444","page","type-page","status-publish","hentry"],"acf":[],"rttpg_featured_image_url":null,"rttpg_author":{"display_name":"Elvis","author_link":"https:\/\/rocketplay-slot.com\/fr\/author\/pemvas95n89x\/"},"rttpg_comment":0,"rttpg_category":null,"rttpg_excerpt":"Merci au d\u00e9veloppeur de la machine \u00e0 sous, la soci\u00e9t\u00e9 Wazdan, pour une cr\u00e9ation aussi int\u00e9ressante, inhabituelle et cr\u00e9ative.\u00a0Non seulement la conception et les nouvelles opportunit\u00e9s qui peuvent \u00eatre utilis\u00e9es, mais aussi le nombre de gains possibles sont impressionnants.\u00a0Si la chance vous sourit, votre prix passera \u00e0 2 500 fois la mise initiale. Nous parlerons...","_links":{"self":[{"href":"https:\/\/rocketplay-slot.com\/fr\/wp-json\/wp\/v2\/pages\/1444","targetHints":{"allow":["GET"]}}],"collection":[{"href":"https:\/\/rocketplay-slot.com\/fr\/wp-json\/wp\/v2\/pages"}],"about":[{"href":"https:\/\/rocketplay-slot.com\/fr\/wp-json\/wp\/v2\/types\/page"}],"author":[{"embeddable":true,"href":"https:\/\/rocketplay-slot.com\/fr\/wp-json\/wp\/v2\/users\/1"}],"replies":[{"embeddable":true,"href":"https:\/\/rocketplay-slot.com\/fr\/wp-json\/wp\/v2\/comments?post=1444"}],"version-history":[{"count":3,"href":"https:\/\/rocketplay-slot.com\/fr\/wp-json\/wp\/v2\/pages\/1444\/revisions"}],"predecessor-version":[{"id":1452,"href":"https:\/\/rocketplay-slot.com\/fr\/wp-json\/wp\/v2\/pages\/1444\/revisions\/1452"}],"wp:attachment":[{"href":"https:\/\/rocketplay-slot.com\/fr\/wp-json\/wp\/v2\/media?parent=1444"}],"curies":[{"name":"wp","href":"https:\/\/api.w.org\/{rel}","templated":true}]}}