{"id":1457,"date":"2022-08-11T20:10:48","date_gmt":"2022-08-11T17:10:48","guid":{"rendered":"https:\/\/rocketplay-slot.com\/baccarat\/"},"modified":"2022-10-31T18:59:06","modified_gmt":"2022-10-31T15:59:06","slug":"baccarat","status":"publish","type":"page","link":"https:\/\/rocketplay-slot.com\/fr\/baccarat\/","title":{"rendered":"Jouez au jeu de baccara pour de l&rsquo;argent r\u00e9el"},"content":{"rendered":"<p><img loading=\"lazy\" decoding=\"async\" class=\" wp-image-311 aligncenter\" src=\"https:\/\/rocketplay-slot.com\/wp-content\/uploads\/2022\/08\/online-baccarat-1-300x146.jpg\" alt=\"baccarat online\" width=\"596\" height=\"290\" srcset=\"https:\/\/rocketplay-slot.com\/wp-content\/uploads\/2022\/08\/online-baccarat-1-300x146.jpg 300w, https:\/\/rocketplay-slot.com\/wp-content\/uploads\/2022\/08\/online-baccarat-1-1024x497.jpg 1024w, https:\/\/rocketplay-slot.com\/wp-content\/uploads\/2022\/08\/online-baccarat-1-768x372.jpg 768w, https:\/\/rocketplay-slot.com\/wp-content\/uploads\/2022\/08\/online-baccarat-1.jpg 1200w\" sizes=\"auto, (max-width: 596px) 100vw, 596px\" \/><\/p>\n<p>Le casino\u00a0<a href=\"https:\/\/rocketplay-slot.com\/fr\">de baccarat RocketPlay<\/a>\u00a0est un jeu de renomm\u00e9e mondiale.\u00a0Elle est ador\u00e9e par des millions de personnes dans de nombreux pays.\u00a0Vous pouvez le trouver aussi bien dans un casino en ligne que dans un \u00e9tablissement fixe classique.\u00a0L\u00e0, elle prend la t\u00eate.\u00a0Ce divertissement de jeu a une atmosph\u00e8re particuli\u00e8re, gr\u00e2ce \u00e0 laquelle vous pouvez tout oublier dans le monde.<\/p>\n<p>Les aristocrates aimaient en jouer, assis \u00e0 table pendant des heures.\u00a0Le gameplay pourrait durer longtemps.\u00a0Les r\u00e8gles sont vraiment tr\u00e8s simples.\u00a0Mais m\u00eame dans un jeu aussi simple, il existe des strat\u00e9gies particuli\u00e8res que les joueurs utilisent pour gagner.\u00a0Leur efficacit\u00e9 ne peut \u00eatre test\u00e9e que sur leur propre exp\u00e9rience.<\/p>\n<p>Vous pouvez jouer au casino en ligne RocketPlay avec le baccarat.\u00a0Il y a un mode traditionnel \u00e0 choisir, ainsi que le direct.\u00a0En direct vous rencontrerez un\u00a0<a href=\"https:\/\/rocketplay-slot.com\/fr\/live-baccarat\/\">croupier en direct<\/a>\u00a0.\u00a0Ainsi, vous pourrez vous sentir comme dans une v\u00e9ritable maison de jeu, impr\u00e9gn\u00e9e de l&rsquo;ambiance.<\/p>\n<p>Le mode en direct ne peut \u00eatre essay\u00e9 que par des utilisateurs \u00e0 part enti\u00e8re qui ont cr\u00e9\u00e9 un compte, fourni toutes les informations n\u00e9cessaires et effectu\u00e9 un d\u00e9p\u00f4t.\u00a0Si vous \u00eates un d\u00e9butant complet et que vous n&rsquo;avez pas encore essay\u00e9 de jouer \u00e0 cela, mais que vous avez s\u00e9rieusement d\u00e9cid\u00e9 de commencer \u00e0 jouer, alors v\u00e9rifiez toutes les nuances.\u00a0Bien que les r\u00e8gles ne soient pas trop compliqu\u00e9es, vous devez tout de m\u00eame les conna\u00eetre.<\/p>\n<h2>COMMENT JOUER AU BACCARA<\/h2>\n<p>Tentez votre chance au meilleur casino en ligne de baccarat RocketPlay.\u00a0Tout ce qui est demand\u00e9 aux participants \u00e0 ce jeu est d&rsquo;obtenir neuf points.\u00a0bien, ou quelque chose comme \u00e7a.\u00a0Au tout d\u00e9but, les joueurs, ainsi que le croupier lui-m\u00eame, re\u00e7oivent une paire de cartes.\u00a0Ici, vous devez \u00eatre particuli\u00e8rement prudent:<\/p>\n<ul>\n<li aria-level=\"1\">Dix et cartes plus anciennes &#8211; ils obtiennent z\u00e9ro pour eux;<\/li>\n<li aria-level=\"1\">Pour ici \u2013 un;<\/li>\n<li aria-level=\"1\">De deux \u00e0 neuf &#8211; il sort tel quel \u00e0 la valeur nominale de ces cartes.<\/li>\n<\/ul>\n<p>Si plus de dix points ou plus sont marqu\u00e9s, alors seulement dix sont soustraits du r\u00e9sultat.\u00a0Et ce qui restera sera les derniers points.\u00a0Si vous en avez douze, puis en soustrayant dix, nous obtenons 2. Voici votre r\u00e9sultat.\u00a0Lorsque tous les participants connaissent leurs r\u00e9sultats.\u00a0Si le pari n&rsquo;a pas \u00e9t\u00e9 jou\u00e9, une troisi\u00e8me carte sera \u00e9galement n\u00e9cessaire.\u00a0Si 2 cartes ne donnent pas plus de six points, alors une autre carte est n\u00e9cessaire.\u00a0Tout est simple.\u00a0Apr\u00e8s quelques parties, vous vous souviendrez de toutes les subtilit\u00e9s.\u00a0Ceux qui connaissent toutes les r\u00e8gles \u00e0 fond ont plus de chances de gagner en jouant au baccara du casino en ligne RocketPlay.<\/p>\n<h2>CONSEILS GAGNANTS POUR LE JEU DE CARTES AU BACCARAT<\/h2>\n<p>Toutes les personnes sont diff\u00e9rentes, mais elles ont toujours quelque chose en commun.\u00a0Ou plut\u00f4t, dans leur psychologie.\u00a0Pour chacun de nous, le contr\u00f4le de la situation est tr\u00e8s important.\u00a0Pour cette raison, nous sommes souvent stress\u00e9s.\u00a0Pour le jeu de baccara casino RocketPlay, il n&rsquo;y a pas de raison de tension particuli\u00e8re, seule la chance peut affecter la victoire dans ce cas.\u00a0Mais de nombreux d\u00e9butants, ainsi que ceux qui jouent depuis longtemps, essaient constamment d&rsquo;utiliser diverses m\u00e9thodes pour d\u00e9jouer le destin.\u00a0Classiquement, toutes ces soi-disant astuces peuvent \u00eatre divis\u00e9es en certaines progressions, qui peuvent \u00eatre n\u00e9gatives ou positives.<\/p>\n<p>Pour les positifs, il est typique d&rsquo;augmenter le pari si la chance est du c\u00f4t\u00e9 du joueur, sinon &#8211; de le r\u00e9duire.\u00a0Les progressions n\u00e9gatives sont assez diff\u00e9rentes.\u00a0Si la chance se d\u00e9tourne, la mise monte, et en cas de chance, tout se passe dans l&rsquo;autre sens.<\/p>\n<p>Il y a autre chose.\u00a0Un autre syst\u00e8me, qui s&rsquo;appelle plat.\u00a0Si vous utilisez cette m\u00e9thode, l&rsquo;argent doit \u00eatre \u00e9conomis\u00e9 pendant toute la dur\u00e9e du jeu.\u00a0L&rsquo;int\u00e9r\u00eat d&rsquo;une telle strat\u00e9gie est que le montant du pari reste stable.\u00a0Si vous \u00eates un d\u00e9butant et que vous ne connaissez absolument pas le jeu, toutes ces m\u00e9thodes vous sembleront au d\u00e9but \u00e9tranges et incompr\u00e9hensibles.\u00a0Mais ils sont utilis\u00e9s par des dizaines de milliers de personnes.\u00a0Peut-\u00eatre qu&rsquo;ils aident quelqu&rsquo;un.\u00a0Ce sont les plus connus d&rsquo;entre eux.<\/p>\n<p>Ne comptez pas trop sur l&rsquo;une des strat\u00e9gies.\u00a0Apr\u00e8s tout, aucune de ces m\u00e9thodes ne vous apportera un gain de cent pour cent.\u00a0Chaque joueur ne le choisit que pour sa propre confiance.\u00a0Et il ne devrait pas oublier le jeu responsable.\u00a0Si on vous propose des conseils r\u00e9mun\u00e9r\u00e9s, n&rsquo;y croyez pas.\u00a0Ils veulent juste vous tromper, profitant de votre inexp\u00e9rience.<\/p>\n<p><img loading=\"lazy\" decoding=\"async\" class=\"wp-image-314 aligncenter lazy-loaded\" src=\"https:\/\/rocketplay-slot.com\/wp-content\/uploads\/2022\/08\/bac5-300x169.jpg\" sizes=\"auto, (max-width: 561px) 100vw, 561px\" srcset=\"https:\/\/rocketplay-slot.com\/wp-content\/uploads\/2022\/08\/bac5-300x169.jpg 300w, https:\/\/rocketplay-slot.com\/wp-content\/uploads\/2022\/08\/bac5-1024x576.jpg 1024w, https:\/\/rocketplay-slot.com\/wp-content\/uploads\/2022\/08\/bac5-768x432.jpg 768w, https:\/\/rocketplay-slot.com\/wp-content\/uploads\/2022\/08\/bac5.jpg 1200w\" alt=\"baccara fus\u00e9e\" width=\"561\" height=\"316\" data-lazy-type=\"image\" data-src=\"https:\/\/rocketplay-slot.com\/wp-content\/uploads\/2022\/08\/bac5-300x169.jpg\" data-srcset=\"\" \/><\/p>\n<h2>FAQ<\/h2>\n<h3>POURQUOI CHOISIR LE BACCARA ?<\/h3>\n<p>Des centaines de milliers de personnes \u00e0 travers le monde sont accros \u00e0 ce jeu.\u00a0Apr\u00e8s tout, cela \u00e9voque vraiment de v\u00e9ritables \u00e9motions.\u00a0En plus du fait que gr\u00e2ce \u00e0 cela, vous pouvez passer un bon moment, en \u00e9tant distrait des probl\u00e8mes de la vie, vous pouvez \u00e9galement gagner beaucoup d&rsquo;argent.\u00a0Si vous avez de la chance, bien s\u00fbr.\u00a0Mais m\u00eame si ce n&rsquo;est pas le cas, ce n&rsquo;est pas grave.\u00a0Apr\u00e8s tout, vous ressentirez toujours des \u00e9motions vives et une v\u00e9ritable excitation, dont l&rsquo;effet est similaire \u00e0 celui d&rsquo;une drogue.\u00a0N&rsquo;oubliez pas la ma\u00eetrise de soi.\u00a0ne pas r\u00e9agir de mani\u00e8re excessive au r\u00e9sultat.<\/p>\n<h3>POURQUOI NE PAS PARIER SUR UN MATCH NUL AU BACCARAT ?<\/h3>\n<p>Dans ce cas, la probabilit\u00e9 est souvent faible.\u00a0Par cons\u00e9quent, vous ne devriez pas parier sur un match nul.\u00a0Le plus souvent, cette erreur est commise par des d\u00e9butants inexp\u00e9riment\u00e9s, qui prennent tr\u00e8s r\u00e9guli\u00e8rement un risque irr\u00e9fl\u00e9chi, perdant ainsi tout leur argent.\u00a0Il est pr\u00e9f\u00e9rable d&rsquo;\u00e9couter les conseils de joueurs exp\u00e9riment\u00e9s et de se familiariser avec les strat\u00e9gies les plus connues.\u00a0Au fil du temps, m\u00eame un d\u00e9butant deviendra un joueur exp\u00e9riment\u00e9.\u00a0Mais cela n\u00e9cessite des connaissances et de l&rsquo;exp\u00e9rience.\u00a0Un facteur important pour les paris est la part des gains de l&rsquo;institution.\u00a0Sur le joueur, c&rsquo;est 1,26%, sur le banquier \u2013 1,06%, et sur un tirage \u2013 jusqu&rsquo;\u00e0 14,4%.\u00a0C&rsquo;est exactement ce dont nous parlons.\u00a0Par cons\u00e9quent, soyez raisonnable.<\/p>\n<h3>QUELS SONT LES PARIS ANNEXES AU BACCARAT ?<\/h3>\n<p>Parfois, il y a des cas o\u00f9 les casinos proposent une version \u00e9tendue de ce jeu.\u00a0Cela signifie qu&rsquo;il existe d&rsquo;autres paris que les paris classiques.\u00a0Vous pouvez parier sur l&rsquo;avantage des points d&rsquo;un des participants, ou sur une combinaison sp\u00e9cifique de cartes.\u00a0Un pari tr\u00e8s commun est sur une paire parfaite.\u00a0En fin de compte, le banquier ou le joueur aura une carte paire.\u00a0Un tel pari est propos\u00e9 avec un coefficient de onze contre un.\u00a0C&rsquo;est vraiment un vrai risque.\u00a0Cette option est r\u00e9serv\u00e9e aux exp\u00e9riment\u00e9s.<\/p>\n","protected":false},"excerpt":{"rendered":"<p>Le casino\u00a0de baccarat RocketPlay\u00a0est un jeu de renomm\u00e9e mondiale.\u00a0Elle est ador\u00e9e par des millions de personnes dans de nombreux pays.\u00a0Vous pouvez le trouver aussi bien dans un casino en ligne que dans un \u00e9tablissement fixe classique.\u00a0L\u00e0, elle prend la t\u00eate.\u00a0Ce divertissement de jeu a une atmosph\u00e8re particuli\u00e8re, gr\u00e2ce \u00e0 laquelle vous pouvez tout oublier dans&#8230;<\/p>\n","protected":false},"author":1,"featured_media":0,"parent":0,"menu_order":0,"comment_status":"closed","ping_status":"closed","template":"","meta":{"_acf_changed":false,"_kad_post_transparent":"default","_kad_post_title":"default","_kad_post_layout":"default","_kad_post_sidebar_id":"","_kad_post_content_style":"default","_kad_post_vertical_padding":"default","_kad_post_feature":"","_kad_post_feature_position":"","_kad_post_header":false,"_kad_post_footer":false,"footnotes":""},"class_list":["post-1457","page","type-page","status-publish","hentry"],"acf":[],"rttpg_featured_image_url":null,"rttpg_author":{"display_name":"Elvis","author_link":"https:\/\/rocketplay-slot.com\/fr\/author\/pemvas95n89x\/"},"rttpg_comment":0,"rttpg_category":null,"rttpg_excerpt":"Le casino\u00a0de baccarat RocketPlay\u00a0est un jeu de renomm\u00e9e mondiale.\u00a0Elle est ador\u00e9e par des millions de personnes dans de nombreux pays.\u00a0Vous pouvez le trouver aussi bien dans un casino en ligne que dans un \u00e9tablissement fixe classique.\u00a0L\u00e0, elle prend la t\u00eate.\u00a0Ce divertissement de jeu a une atmosph\u00e8re particuli\u00e8re, gr\u00e2ce \u00e0 laquelle vous pouvez tout oublier dans...","_links":{"self":[{"href":"https:\/\/rocketplay-slot.com\/fr\/wp-json\/wp\/v2\/pages\/1457","targetHints":{"allow":["GET"]}}],"collection":[{"href":"https:\/\/rocketplay-slot.com\/fr\/wp-json\/wp\/v2\/pages"}],"about":[{"href":"https:\/\/rocketplay-slot.com\/fr\/wp-json\/wp\/v2\/types\/page"}],"author":[{"embeddable":true,"href":"https:\/\/rocketplay-slot.com\/fr\/wp-json\/wp\/v2\/users\/1"}],"replies":[{"embeddable":true,"href":"https:\/\/rocketplay-slot.com\/fr\/wp-json\/wp\/v2\/comments?post=1457"}],"version-history":[{"count":3,"href":"https:\/\/rocketplay-slot.com\/fr\/wp-json\/wp\/v2\/pages\/1457\/revisions"}],"predecessor-version":[{"id":1480,"href":"https:\/\/rocketplay-slot.com\/fr\/wp-json\/wp\/v2\/pages\/1457\/revisions\/1480"}],"wp:attachment":[{"href":"https:\/\/rocketplay-slot.com\/fr\/wp-json\/wp\/v2\/media?parent=1457"}],"curies":[{"name":"wp","href":"https:\/\/api.w.org\/{rel}","templated":true}]}}