{"id":1512,"date":"2022-06-15T08:06:23","date_gmt":"2022-06-15T05:06:23","guid":{"rendered":"https:\/\/rocketplay-slot.com\/live-blackjack\/"},"modified":"2025-11-20T16:43:05","modified_gmt":"2025-11-20T13:43:05","slug":"live-blackjack","status":"publish","type":"page","link":"https:\/\/rocketplay-slot.com\/fr\/live-blackjack\/","title":{"rendered":"Jouez au blackjack gratuitement sur RocketPlay"},"content":{"rendered":"<p>Si vous n&rsquo;\u00eates pas encore pr\u00eat \u00e0 jouer au\u00a0blackjack en direct avec de l&rsquo;argent r\u00e9el RocketPlay\u00a0, ou si vous voulez simplement jouer gratuitement, vous pouvez le faire en perfectionnant vos comp\u00e9tences dans les jeux gratuits.\u00a0Vous n&rsquo;avez pas besoin de vous inscrire, de fournir votre compte de messagerie ou d&rsquo;autres informations personnelles pour jouer.\u00a0Cliquez simplement sur la d\u00e9nomination du jeton que vous souhaitez jouer et cliquez sur le bouton de distribution.<\/p>\n<h2>INTRODUCTION AU BLACKJACK<\/h2>\n<p>Le blackjack en direct Canada RocketPlay est sans aucun doute le jeu de table le plus populaire, \u00e0 la fois sur les tables de casino terrestres et parmi les jeux de table des casinos en ligne.\u00a0Mais le blackjack, comme tout autre jeu de hasard, a un certain ensemble de r\u00e8gles que vous devez suivre pour jouer correctement \u00e0 ce jeu et rester dans le jeu de blackjack contre le casino \u00e0 la fin.\u00a0Le casino de blackjack en direct\u00a0<a href=\"https:\/\/rocketplay-slot.com\/fr\">RocketPlay<\/a>\u00a0gagne beaucoup d&rsquo;argent sur les joueurs qui ne savent pas tr\u00e8s bien comment jouer au blackjack, et si vous n&rsquo;\u00eates qu&rsquo;un de ces joueurs, prenez le temps de comprendre le but et les r\u00e8gles de ce jeu.<\/p>\n\t<div class=\"alao-sidebar-box alao-sidebar-box-\">\n\t\t<a href=\"https:\/\/rocketplay-slot.com\/go-casino\/\" class=\"alao-sidebar-box__link\">\n\t\t\t<span class=\"alao-sidebar-box__thumb\">\n\t\t\t\t<img decoding=\"async\" src=\"https:\/\/rocketplay-slot.com\/wp-content\/uploads\/2022\/06\/second_bonus_nonlog.png\" alt=\"Bonus de premier d\u00e9p\u00f4t\">\n\t\t\t<\/span>\n\t\t\t<span class=\"alao-sidebar-box__info\">\n\t\t\t\t<span class=\"alao-sidebar-box__info-wrap\">\n\t\t\t\t\t<span class=\"alao-sidebar-box__head\">Bonus de premier d\u00e9p\u00f4t<\/span>\n\t\t\t\t\t<span class=\"alao-sidebar-box__desc\">100% + 100 FS POUR UN D\u00c9MARRAGE PARFAIT<\/span>\n\t\t\t\t\t<span class=\"alao-sidebar-box__button\">Obtenir<\/span>\n\t\t\t\t<\/span>\n\t\t\t<\/span>\n\t\t<\/a>\n\t<\/div>\n\t\n<h2><span class=\"\">LE BUT DU BLACKJACK<\/span><\/h2>\n<p>En plus du croupier, 1 \u00e0 7 joueurs peuvent participer au jeu\u00a0RocketPlay de blackjack en direct en ligne\u00a0.\u00a0Cependant, chacun d&rsquo;eux joue contre le croupier, quels que soient les autres joueurs \u00e0 la table.\u00a0Pour gagner une main, la somme des points de la main du joueur doit \u00eatre de 21 ou plus pr\u00e8s de ce nombre que la somme des points de la main\u00a0du blackjack avec croupier en direct RocketPlay\u00a0, mais sans aller trop loin.\u00a0Une main qui a plus de 21 points est consid\u00e9r\u00e9e comme morte et perd le pari.<\/p>\n<h2>VALEUR DE LA CARTE<\/h2>\n<p><img loading=\"lazy\" decoding=\"async\" class=\"lazy-loaded aligncenter wp-image-282\" src=\"https:\/\/rocketplay-slot.com\/wp-content\/uploads\/2022\/06\/rocketplaynodep-1024x384.jpg\" sizes=\"auto, (max-width: 709px) 100vw, 709px\" srcset=\"https:\/\/rocketplay-slot.com\/wp-content\/uploads\/2022\/06\/rocketplaynodep-1024x384.jpg 1024w, https:\/\/rocketplay-slot.com\/wp-content\/uploads\/2022\/06\/rocketplaynodep-300x113.jpg 300w, https:\/\/rocketplay-slot.com\/wp-content\/uploads\/2022\/06\/rocketplaynodep-768x288.jpg 768w, https:\/\/rocketplay-slot.com\/wp-content\/uploads\/2022\/06\/rocketplaynodep.jpg 1140w\" alt=\"Jouez au blackjack gratuitement sur RocketPlay\" width=\"709\" height=\"266\" data-lazy-type=\"image\" data-src=\"https:\/\/rocketplay-slot.com\/wp-content\/uploads\/2022\/06\/rocketplaynodep-1024x384.jpg\" data-srcset=\"\" \/><\/p>\n<p>La valeur de la main du joueur, ainsi que celle du croupier, est la somme de la valeur nominale des cartes qui la composent.\u00a0Toutes les cartes illustr\u00e9es, qui comprennent un roi, une reine et un valet, ont une valeur de 10. Les cartes de 2 \u00e0 10 ont une valeur en fonction du nombre.\u00a0Un As peut \u00eatre jou\u00e9 comme un 1 ou un 11, selon la forme qui constituera la meilleure main.\u00a0Si un as est jou\u00e9 comme 11, il est consid\u00e9r\u00e9 comme \u00ab\u00a0soft\u00a0\u00bb, mais s&rsquo;il est jou\u00e9 comme 1, il est appel\u00e9 \u00ab\u00a0hard\u00a0\u00bb.\u00a0La diff\u00e9rence est que sur une main douce, vous ne pouvez pas sur-appeler si vous prenez une autre carte illustr\u00e9e, d&rsquo;un autre c\u00f4t\u00e9, une main dure pourrait potentiellement conduire \u00e0 une sur-appel.\u00a0Vous pouvez avoir une meilleure id\u00e9e du jeu\u00a0RocketPlay gratuit avec croupier en direct au blackjack en ligne\u00a0en jouant au jeu, qui est l&rsquo;un des nombreux jeux de hasard non t\u00e9l\u00e9chargeables.<\/p>\n<h2>LE D\u00c9ROULEMENT DU JEU<\/h2>\n<p>Avant le d\u00e9but du jeu, tous les joueurs doivent faire des paris.\u00a0Chaque joueur, y compris le croupier, re\u00e7oit deux cartes, ouvertes ou ferm\u00e9es.\u00a0Chaque joueur a alors la possibilit\u00e9 de faire un \u00ab hit \u00bb, c&rsquo;est-\u00e0-dire de piocher une autre carte dans l&rsquo;espoir d&rsquo;am\u00e9liorer sa main.\u00a0Alternativement, un joueur peut choisir de jouer \u00ab\u00a0rester\u00a0\u00bb et de ne pas prendre de cartes suppl\u00e9mentaires, cela est aussi parfois appel\u00e9 une passe.\u00a0Le croupier continue le plus souvent \u00e0 prendre des cartes jusqu&rsquo;\u00e0 ce qu&rsquo;il constitue sa main en un solide 16. Le croupier doit s&rsquo;arr\u00eater lorsqu&rsquo;il tire un 17.<\/p>\n<h2>BLACKJACK<\/h2>\n<p><a href=\"https:\/\/rocketplay-slot.com\/fr\/bonus\/\">Le bonus de<\/a> blackjack\u00a0est exactement d&rsquo;o\u00f9 ce jeu tire son nom.\u00a0Le blackjack, c&rsquo;est quand les deux premi\u00e8res cartes que le joueur (ou le croupier) re\u00e7oit sont un as et une carte illustr\u00e9e, qui sera 21. En moyenne, cette main chanceuse tombera environ une fois toutes les 20 mains.\u00a0Le blackjack garantit que le joueur gagnera la main et donne \u00e9galement un paiement de 3: 2 au lieu du 1: 1 standard si le croupier n&rsquo;a pas de blackjack en m\u00eame temps que le joueur.\u00a0En cas d&rsquo;\u00e9galit\u00e9, tous les jetons que le joueur a plac\u00e9s sur cette main resteront dans la bo\u00eete et la main sera consid\u00e9r\u00e9e comme une \u00e9galit\u00e9.\u00a0 \u00a0 \u00a0 \u00a0 \u00a0 \u00a0 \u00a0 \u00a0 \u00a0 \u00a0 \u00a0 \u00a0 \u00a0 \u00a0 \u00a0 \u00a0 \u00a0 \u00a0 \u00a0 \u00a0 \u00a0 \u00a0 \u00a0 \u00a0 \u00a0 \u00a0 \u00a0 \u00a0 <img loading=\"lazy\" decoding=\"async\" class=\"aligncenter wp-image-4146 size-full\" src=\"https:\/\/rocketplay-slot.com\/wp-content\/uploads\/2024\/02\/11111.png\" alt=\"Jouez au blackjack gratuitement sur RocketPlay 2\" width=\"897\" height=\"606\" srcset=\"https:\/\/rocketplay-slot.com\/wp-content\/uploads\/2024\/02\/11111.png 897w, https:\/\/rocketplay-slot.com\/wp-content\/uploads\/2024\/02\/11111-300x203.png 300w, https:\/\/rocketplay-slot.com\/wp-content\/uploads\/2024\/02\/11111-768x519.png 768w\" sizes=\"auto, (max-width: 897px) 100vw, 897px\" \/><\/p>\n<h2>DIVISER<\/h2>\n<p>Split Pairs est une situation qui peut se produire au premier tour de jeu si un joueur a une main de deux cartes identiques.\u00a0Si cela se produit, le joueur peut choisir de diviser ces cartes en deux mains diff\u00e9rentes et de jouer chaque main s\u00e9par\u00e9ment.\u00a0Cependant, la deuxi\u00e8me main n\u00e9cessitera une autre mise et selon les casinos, le joueur pourra faire plusieurs partages \u00e0 la suite, jusqu&rsquo;\u00e0 3 ou 4, s&rsquo;il continue \u00e0 obtenir les m\u00eames cartes.\u00a0L&rsquo;exception \u00e0 cette r\u00e8gle serait deux as, auxquels le joueur ne pourrait tirer qu&rsquo;une seule carte suppl\u00e9mentaire apr\u00e8s la s\u00e9paration.<\/p>\n<h2>DOUBLE<\/h2>\n<p>Un double est le double de la mise sur vos deux premi\u00e8res cartes.\u00a0Gardez \u00e0 l&rsquo;esprit, cependant, que lorsque vous utilisez cette option, vous ne pouvez piocher qu&rsquo;une seule carte apr\u00e8s la mise.\u00a0Cette option est conseill\u00e9e si vous avez une main qui ne peut pas perdre par d\u00e9passement, ou si le croupier a une main qu&rsquo;il peut facilement d\u00e9passer.<\/p>\n<h2>SARRENDER<\/h2>\n<p>Sarrender, c&rsquo;est quand vous d\u00e9cidez de ne pas continuer \u00e0 jouer une main avec une mauvaise main avant m\u00eame d&rsquo;avoir choisi une autre carte.\u00a0Tous les casinos ne permettent pas aux joueurs de profiter de cette option.\u00a0Si vous choisissez de Sarrender, vous abandonnez la moiti\u00e9 de votre pari initial, mais dans certains cas, cela peut \u00eatre mieux que de tout perdre.<\/p>\n<h2>ASSURANCE<\/h2>\n<p>Une assurance est offerte dans le cas o\u00f9 le croupier re\u00e7oit un As \u00e0 l&rsquo;Open.\u00a0Vous pouvez payer la moiti\u00e9 de votre pari initial comme assurance au cas o\u00f9 le croupier r\u00e9cup\u00e8re le Blackjack.\u00a0L&rsquo;assurance vous sera pay\u00e9e avec une cote de 2:1 si le croupier per\u00e7oit effectivement le blackjack.\u00a0Cependant, les joueurs exp\u00e9riment\u00e9s consid\u00e8rent ce pari comme d\u00e9pourvu de sens et ne le recommandent pas (contrairement aux casinos), donc si on vous propose une assurance, d\u00e9clinez poliment.<\/p>\n<p>Afin de comprendre l&rsquo;histoire du blackjack et son lien avec le jeu auquel nous jouons aujourd&rsquo;hui, vous devez comprendre que le blackjack peut avoir d&rsquo;autres r\u00e8gles que celles dont nous avons parl\u00e9 ci-dessus.\u00a0Les casinos peuvent offrir une vari\u00e9t\u00e9 de variantes de ce jeu, mais le format de base sera le m\u00eame dans n&rsquo;importe quel pays et dans n&rsquo;importe quel \u00e9tablissement.\u00a0Que vous jouiez \u00e0\u00a0l&rsquo;application de blackjack en direct RocketPlay\u00a0ou dans un casino terrestre, il est important de conna\u00eetre les bases de ce jeu pour pouvoir augmenter vos chances de gagner.<\/p>\n<h2>COMMENT GAGNER AU BLACKJACK EN LIGNE ?<\/h2>\n<p>Afin d&rsquo;obtenir les meilleurs r\u00e9sultats dans le jeu de cartes\u00a0mobile RocketPlay de blackjack en direct\u00a0dans le casino, un d\u00e9butant doit s&rsquo;en tenir au plan suivant.<\/p>\n<ul>\n<li aria-level=\"1\">Apprenez \u00e0 fond toutes les subtilit\u00e9s des r\u00e8gles.<\/li>\n<li aria-level=\"1\">Ma\u00eetriser la th\u00e9orie et apprendre \u00e0 appliquer en pratique la strat\u00e9gie de base.<\/li>\n<li aria-level=\"1\">Trouvez les vari\u00e9t\u00e9s de blackjack les plus rentables avec une gamme de paris appropri\u00e9e.<\/li>\n<li aria-level=\"1\">Choisissez la meilleure strat\u00e9gie qui correspond le mieux aux r\u00e8gles du mod\u00e8le choisi.<\/li>\n<li aria-level=\"1\">Premier exercice en mode entra\u00eenement \u00ab pour le plaisir \u00bb.<\/li>\n<li aria-level=\"1\">Apprenez \u00e0 g\u00e9rer votre bankroll.<\/li>\n<\/ul>\n<p>Les joueurs professionnels comptent \u00e9galement les cartes, gardent une trace des as dans les decks et utilisent d&rsquo;autres astuces avec lesquelles ils obtiennent un avantage math\u00e9matique sur l&rsquo;\u00e9tablissement.\u00a0Mais la plupart de ces techniques sophistiqu\u00e9es ne peuvent pas \u00eatre utilis\u00e9es sur les portails de machines \u00e0 sous en ligne, m\u00eame s&rsquo;il s&rsquo;agit d&rsquo;un\u00a0<a href=\"https:\/\/rocketplay-slot.com\/fr\/live-casino\/\">casino en direct<\/a>\u00a0avec de vrais croupiers.<\/p>\n","protected":false},"excerpt":{"rendered":"<p>Si vous n&rsquo;\u00eates pas encore pr\u00eat \u00e0 jouer au\u00a0blackjack en direct avec de l&rsquo;argent r\u00e9el RocketPlay\u00a0, ou si vous voulez simplement jouer gratuitement, vous pouvez le faire en perfectionnant vos comp\u00e9tences dans les jeux gratuits.\u00a0Vous n&rsquo;avez pas besoin de vous inscrire, de fournir votre compte de messagerie ou d&rsquo;autres informations personnelles pour jouer.\u00a0Cliquez simplement sur&#8230;<\/p>\n","protected":false},"author":1,"featured_media":0,"parent":0,"menu_order":0,"comment_status":"closed","ping_status":"closed","template":"front-page.php","meta":{"_acf_changed":false,"_kad_post_transparent":"default","_kad_post_title":"default","_kad_post_layout":"default","_kad_post_sidebar_id":"","_kad_post_content_style":"default","_kad_post_vertical_padding":"default","_kad_post_feature":"","_kad_post_feature_position":"","_kad_post_header":false,"_kad_post_footer":false,"footnotes":""},"class_list":["post-1512","page","type-page","status-publish","hentry"],"acf":[],"rttpg_featured_image_url":null,"rttpg_author":{"display_name":"Elvis","author_link":"https:\/\/rocketplay-slot.com\/fr\/author\/pemvas95n89x\/"},"rttpg_comment":0,"rttpg_category":null,"rttpg_excerpt":"Si vous n&rsquo;\u00eates pas encore pr\u00eat \u00e0 jouer au\u00a0blackjack en direct avec de l&rsquo;argent r\u00e9el RocketPlay\u00a0, ou si vous voulez simplement jouer gratuitement, vous pouvez le faire en perfectionnant vos comp\u00e9tences dans les jeux gratuits.\u00a0Vous n&rsquo;avez pas besoin de vous inscrire, de fournir votre compte de messagerie ou d&rsquo;autres informations personnelles pour jouer.\u00a0Cliquez simplement sur...","_links":{"self":[{"href":"https:\/\/rocketplay-slot.com\/fr\/wp-json\/wp\/v2\/pages\/1512","targetHints":{"allow":["GET"]}}],"collection":[{"href":"https:\/\/rocketplay-slot.com\/fr\/wp-json\/wp\/v2\/pages"}],"about":[{"href":"https:\/\/rocketplay-slot.com\/fr\/wp-json\/wp\/v2\/types\/page"}],"author":[{"embeddable":true,"href":"https:\/\/rocketplay-slot.com\/fr\/wp-json\/wp\/v2\/users\/1"}],"replies":[{"embeddable":true,"href":"https:\/\/rocketplay-slot.com\/fr\/wp-json\/wp\/v2\/comments?post=1512"}],"version-history":[{"count":3,"href":"https:\/\/rocketplay-slot.com\/fr\/wp-json\/wp\/v2\/pages\/1512\/revisions"}],"predecessor-version":[{"id":4625,"href":"https:\/\/rocketplay-slot.com\/fr\/wp-json\/wp\/v2\/pages\/1512\/revisions\/4625"}],"wp:attachment":[{"href":"https:\/\/rocketplay-slot.com\/fr\/wp-json\/wp\/v2\/media?parent=1512"}],"curies":[{"name":"wp","href":"https:\/\/api.w.org\/{rel}","templated":true}]}}