{"id":1523,"date":"2022-08-11T20:17:19","date_gmt":"2022-08-11T17:17:19","guid":{"rendered":"https:\/\/rocketplay-slot.com\/blackjack\/"},"modified":"2022-10-31T20:38:56","modified_gmt":"2022-10-31T17:38:56","slug":"blackjack","status":"publish","type":"page","link":"https:\/\/rocketplay-slot.com\/fr\/blackjack\/","title":{"rendered":"Jouez au blackjack en ligne pour de l&rsquo;argent r\u00e9el"},"content":{"rendered":"<p><img loading=\"lazy\" decoding=\"async\" class=\" wp-image-318 aligncenter\" src=\"https:\/\/rocketplay-slot.com\/wp-content\/uploads\/2022\/08\/h.9_blackjack_webimage-_690x418-300x182.jpg\" alt=\"blackjack online\" width=\"610\" height=\"370\" srcset=\"https:\/\/rocketplay-slot.com\/wp-content\/uploads\/2022\/08\/h.9_blackjack_webimage-_690x418-300x182.jpg 300w, https:\/\/rocketplay-slot.com\/wp-content\/uploads\/2022\/08\/h.9_blackjack_webimage-_690x418.jpg 690w\" sizes=\"auto, (max-width: 610px) 100vw, 610px\" \/><\/p>\n<p><span>Les nouveaux utilisateurs du blackjack du\u00a0<\/span><span>casino\u00a0<a href=\"https:\/\/rocketplay-slot.com\/fr\">RocketPlay<\/a>\u00a0en ligne ne choisissent pas imm\u00e9diatement, car le site du casino peut avoir de nombreux jeux de hasard en ligne qui les int\u00e9ressent avec des offres de\u00a0<a href=\"https:\/\/rocketplay-slot.com\/\/bonus\/\">bonus<\/a>\u00a0et une dynamique de jeu.\u00a0Bien s\u00fbr, la plupart des joueurs d\u00e9cident de jouer en ligne non seulement pour avoir la possibilit\u00e9 de passer un bon moment en jouant, mais aussi pour gagner de l&rsquo;argent r\u00e9el ou virtuel.\u00a0Jouer pour de l&rsquo;argent r\u00e9el est assez simple, mais vous devez remplir une certaine liste de conditions.<\/span><\/p>\n<p><span>Vous pouvez\u00a0<\/span><span>jouer au blackjack du casino en ligne RocketPlay\u00a0<\/span><span>pour de l&rsquo;argent r\u00e9el uniquement apr\u00e8s avoir termin\u00e9 l&rsquo;inscription traditionnelle pour tous les utilisateurs sans exception.\u00a0Cette proc\u00e9dure est assez simple et prend peu de temps.\u00a0Les joueurs exp\u00e9riment\u00e9s dans le jeu en ligne suivent cette proc\u00e9dure encore plus rapidement, car ils savent d\u00e9sormais quelle m\u00e9thode d&rsquo;inscription leur convient le mieux et pourquoi ils doivent subir une v\u00e9rification imm\u00e9diatement apr\u00e8s l&rsquo;inscription.<\/span><\/p>\n<p><span>Vous pouvez vous inscrire non seulement via un PC, mais \u00e9galement via des appareils mobiles.\u00a0L&rsquo;application de casino mobile rend les jeux de hasard en ligne, y compris le blackjack, plus pratiques.\u00a0Mais l&rsquo;application mobile pr\u00e9sente un inconv\u00e9nient \u00e9vident : il s&rsquo;agit d&rsquo;une version simplifi\u00e9e du site Web officiel du casino, de sorte que toutes les fonctionnalit\u00e9s ne sont pas affich\u00e9es dans la version mobile du casino.\u00a0Pour un jeu rapide 24h\/24 et 7j\/7, toutes les fonctionnalit\u00e9s ne sont pas n\u00e9cessaires, mais ces informations sont n\u00e9cessaires pour les joueurs qui envisagent d&rsquo;abandonner compl\u00e8tement l&rsquo;utilisation des casinos via PC.<\/span><\/p>\n<h2><span>COMMENT JOUER AU BLACKJACK EN LIGNE ?<\/span><\/h2>\n<p><span>Les utilisateurs r\u00e9guliers ou nouveaux des\u00a0<\/span><span>r\u00e8gles du blackjack du casino RocketPlay\u00a0<\/span><span>peuvent consulter les r\u00e8gles du jeu de blackjack juste avant de commencer la partie.\u00a0Mais il est peu probable qu&rsquo;il y ait de tels utilisateurs qui ne connaissaient rien au jeu de blackjack ou de 21, ou de point.\u00a0C&rsquo;est l&rsquo;un des jeux de table les plus populaires dans les casinos en ligne et peut \u00eatre jou\u00e9 par 1 \u00e0 7 joueurs.\u00a0Contre qui l&rsquo;utilisateur joue-t-il\u00a0?\u00a0Le jeu se joue contre le croupier.\u00a0Pour quitter le jeu en tant que gagnant, vous devez avoir 21 points dans votre main, ou au moins marquer plus de points que la personne contre laquelle vous jouez.\u00a0Une main avec plus de 21 points est consid\u00e9r\u00e9e comme morte pour le jeu, elle perd donc automatiquement le pari.<\/span><\/p>\n<p><span>Tout n&rsquo;est pas si simple lorsqu&rsquo;il s&rsquo;agit de choisir un jeu de blackjack.\u00a0Diff\u00e9rents casinos proposent des versions modernes et classiques du jeu.\u00a0Bien s\u00fbr, les r\u00e8gles du jeu restent similaires, mais diff\u00e8rent par la taille des paris, le nombre de cartes ouvertes ou ferm\u00e9es dispos\u00e9es sur la table de jeu au d\u00e9but de la partie.<\/span><\/p>\n<p><span>Pendant le jeu, l&rsquo;utilisateur, comme un croupier, peut s\u00e9lectionner des cartes pour augmenter la valeur de sa propre main.\u00a0Chaque version du jeu de blackjack a ses propres caract\u00e9ristiques de s\u00e9lection de cartes, et cela doit \u00eatre pris en compte.\u00a0Le joueur qui a l&rsquo;avantage dans la main s&rsquo;appelle le blackjack.\u00a0Si aucun des joueurs n&rsquo;a r\u00e9ussi \u00e0 accumuler plus et que leurs points sont \u00e9gaux, alors il n&rsquo;y a pas de blackjack, mais il y a tirage ou push.<\/span><\/p>\n<p><span>La mise faite par le participant en d\u00e9but de partie est simplement rendue en cas d&rsquo;\u00e9galit\u00e9.\u00a0Un joueur ne peut gagner de l&rsquo;argent suppl\u00e9mentaire que s&rsquo;il a un net avantage dans la main avec des cartes, \u00e0 savoir le blackjack.<\/span><\/p>\n<h2><span>JOUEZ AU BLACKJACK SANS D\u00c9P\u00d4T<\/span><\/h2>\n<p><span>Le casino de blackjack gratuit RocketPlay\u00a0<\/span><span>est une option de jeu disponible pour tous les utilisateurs du casino, qu&rsquo;ils soient inscrits sur le site du casino ou non.\u00a0Apr\u00e8s tout, tous les utilisateurs ne sont pas imm\u00e9diatement pr\u00eats \u00e0 faire leurs premiers paris minimum ou maximum.\u00a0Pour jouer en argent r\u00e9el, vous devez avoir au moins une id\u00e9e du jeu et vous inscrire.\u00a0Par cons\u00e9quent, pour jouer en argent r\u00e9el, vous devez vous pr\u00e9parer.\u00a0C&rsquo;est pourquoi il existe un jeu sans d\u00e9p\u00f4t ou gratuit.<\/span><\/p>\n<p><span>Si l&rsquo;utilisateur ne risque rien, alors il ne peut rien gagner.\u00a0Apr\u00e8s tout, les joueurs ne sont pas seulement \u00e0 la recherche du jackpot ou de l&rsquo;argent suppl\u00e9mentaire.\u00a0Ce sont des amateurs de sensations fortes, ces exp\u00e9riences extr\u00eamement difficiles \u00e0 trouver dans la vraie vie.\u00a0Par cons\u00e9quent, sans d\u00e9p\u00f4t, le jeu ne sera pas aussi intense \u00e9motionnellement, mais cela reste une exp\u00e9rience n\u00e9cessaire pour oser jouer \u00e0 un jeu s\u00e9rieux en argent r\u00e9el.<\/span><\/p>\n<p><img loading=\"lazy\" decoding=\"async\" class=\"wp-image-319 aligncenter lazy-loaded\" src=\"https:\/\/rocketplay-slot.com\/wp-content\/uploads\/2022\/08\/illuminate-philkesten-header-30-1-1160x386-1-300x100.jpeg\" sizes=\"auto, (max-width: 660px) 100vw, 660px\" srcset=\"https:\/\/rocketplay-slot.com\/wp-content\/uploads\/2022\/08\/illuminate-philkesten-header-30-1-1160x386-1-300x100.jpeg 300w, https:\/\/rocketplay-slot.com\/wp-content\/uploads\/2022\/08\/illuminate-philkesten-header-30-1-1160x386-1-1024x341.jpeg 1024w, https:\/\/rocketplay-slot.com\/wp-content\/uploads\/2022\/08\/illuminate-philkesten-header-30-1-1160x386-1-768x256.jpeg 768w, https:\/\/rocketplay-slot.com\/wp-content\/uploads\/2022\/08\/illuminate-philkesten-header-30-1-1160x386-1.jpeg 1160w\" alt=\"jeu de blackjack\" width=\"660\" height=\"220\" data-lazy-type=\"image\" data-src=\"https:\/\/rocketplay-slot.com\/wp-content\/uploads\/2022\/08\/illuminate-philkesten-header-30-1-1160x386-1-300x100.jpeg\" data-srcset=\"\" \/><\/p>\n<h2><span>STRAT\u00c9GIES ET ASTUCES POUR LE BLACKJACK<\/span><\/h2>\n<p><span>Quelle que\u00a0<\/span><span>soit la strat\u00e9gie de blackjack du casino RocketPlay\u00a0<\/span><span>, toutes ne seront pas gagnantes pour tous les utilisateurs sans exception.\u00a0Tr\u00e8s souvent, gagner est un travail fructueux, car vous devez tester toutes les strat\u00e9gies de jeu possibles et choisir celles qui conviennent le mieux \u00e0 votre rythme de jeu et \u00e0 vos capacit\u00e9s financi\u00e8res.<\/span><\/p>\n<p><span>Les joueurs exp\u00e9riment\u00e9s qui jouent au blackjack depuis plus d&rsquo;un an recommandent de faire des calculs math\u00e9matiques.\u00a0Apr\u00e8s tout, ce n&rsquo;est pas une question de chance, bien qu&rsquo;il n&rsquo;y ait rien sans elle dans le jeu en ligne, mais la capacit\u00e9 de calculer correctement quand vous devez doubler la mise, diviser les cartes ou abandonner.<\/span><\/p>\n<p><span>De quoi s&rsquo;agit-il?\u00a0Split, ou la s\u00e9paration des cartes, est une d\u00e9cision assez difficile, car l&rsquo;utilisateur se d\u00e9place en toute confiance vers la victoire.\u00a0Il d\u00e9cide donc de faire deux mains au lieu d&rsquo;une pour doubler ses chances de gagner.\u00a0Dans ce cas, les mains seront totalement ind\u00e9pendantes.\u00a0Diviser les cartes en deux mains n&rsquo;est possible que lorsque le joueur a un certain jeu de cartes, comme deux six ou un roi et un dix, etc. Pour comprendre exactement comment les cartes sont divis\u00e9es, vous devez vous familiariser avec les r\u00e8gles du blackjack qui sont pertinents pour l&rsquo;option de jeu que l&rsquo;utilisateur a choisie.<\/span><\/p>\n<p><span>Ne sous-estimez pas la possibilit\u00e9 d&rsquo;abandonner dans le jeu.\u00a0Apr\u00e8s tout, il vaut parfois mieux abandonner que de tout perdre sans possibilit\u00e9 de gagner des fonds suppl\u00e9mentaires d\u00e8s le prochain match.\u00a0Pour abandonner, vous devez \u00e9valuer correctement vos capacit\u00e9s.\u00a0C&rsquo;est un choix conscient et une \u00e9tape significative.\u00a0Si l&rsquo;utilisateur se rend, il a la possibilit\u00e9 de r\u00e9cup\u00e9rer une partie de l&rsquo;argent, par exemple 50 % de ce qu&rsquo;il a investi dans le jeu.\u00a0<\/span><\/p>\n<p><span>Parfois, la moiti\u00e9 vaut mieux que rien.\u00a0Il est important de comprendre quand piocher des cartes et quand abandonner des cartes suppl\u00e9mentaires.\u00a0Pour jouer au blackjack en toute confiance, vous avez besoin non seulement d&rsquo;exp\u00e9rience, mais aussi d&rsquo;une compr\u00e9hension des r\u00e8gles du jeu.<\/span><\/p>\n","protected":false},"excerpt":{"rendered":"<p>Les nouveaux utilisateurs du blackjack du\u00a0casino\u00a0RocketPlay\u00a0en ligne ne choisissent pas imm\u00e9diatement, car le site du casino peut avoir de nombreux jeux de hasard en ligne qui les int\u00e9ressent avec des offres de\u00a0bonus\u00a0et une dynamique de jeu.\u00a0Bien s\u00fbr, la plupart des joueurs d\u00e9cident de jouer en ligne non seulement pour avoir la possibilit\u00e9 de passer un&#8230;<\/p>\n","protected":false},"author":1,"featured_media":0,"parent":0,"menu_order":0,"comment_status":"closed","ping_status":"closed","template":"","meta":{"_acf_changed":false,"_kad_post_transparent":"default","_kad_post_title":"default","_kad_post_layout":"default","_kad_post_sidebar_id":"","_kad_post_content_style":"default","_kad_post_vertical_padding":"default","_kad_post_feature":"","_kad_post_feature_position":"","_kad_post_header":false,"_kad_post_footer":false,"footnotes":""},"class_list":["post-1523","page","type-page","status-publish","hentry"],"acf":[],"rttpg_featured_image_url":null,"rttpg_author":{"display_name":"Elvis","author_link":"https:\/\/rocketplay-slot.com\/fr\/author\/pemvas95n89x\/"},"rttpg_comment":0,"rttpg_category":null,"rttpg_excerpt":"Les nouveaux utilisateurs du blackjack du\u00a0casino\u00a0RocketPlay\u00a0en ligne ne choisissent pas imm\u00e9diatement, car le site du casino peut avoir de nombreux jeux de hasard en ligne qui les int\u00e9ressent avec des offres de\u00a0bonus\u00a0et une dynamique de jeu.\u00a0Bien s\u00fbr, la plupart des joueurs d\u00e9cident de jouer en ligne non seulement pour avoir la possibilit\u00e9 de passer un...","_links":{"self":[{"href":"https:\/\/rocketplay-slot.com\/fr\/wp-json\/wp\/v2\/pages\/1523","targetHints":{"allow":["GET"]}}],"collection":[{"href":"https:\/\/rocketplay-slot.com\/fr\/wp-json\/wp\/v2\/pages"}],"about":[{"href":"https:\/\/rocketplay-slot.com\/fr\/wp-json\/wp\/v2\/types\/page"}],"author":[{"embeddable":true,"href":"https:\/\/rocketplay-slot.com\/fr\/wp-json\/wp\/v2\/users\/1"}],"replies":[{"embeddable":true,"href":"https:\/\/rocketplay-slot.com\/fr\/wp-json\/wp\/v2\/comments?post=1523"}],"version-history":[{"count":2,"href":"https:\/\/rocketplay-slot.com\/fr\/wp-json\/wp\/v2\/pages\/1523\/revisions"}],"predecessor-version":[{"id":1527,"href":"https:\/\/rocketplay-slot.com\/fr\/wp-json\/wp\/v2\/pages\/1523\/revisions\/1527"}],"wp:attachment":[{"href":"https:\/\/rocketplay-slot.com\/fr\/wp-json\/wp\/v2\/media?parent=1523"}],"curies":[{"name":"wp","href":"https:\/\/api.w.org\/{rel}","templated":true}]}}