{"id":1543,"date":"2022-06-15T00:06:54","date_gmt":"2022-06-14T21:06:54","guid":{"rendered":"https:\/\/rocketplay-slot.com\/live-bingo\/"},"modified":"2025-11-24T20:54:34","modified_gmt":"2025-11-24T17:54:34","slug":"live-bingo","status":"publish","type":"page","link":"https:\/\/rocketplay-slot.com\/fr\/live-bingo\/","title":{"rendered":"Jouez au bingo en direct sur RocketPlay"},"content":{"rendered":"<p><span class=\"\">Dans ce jeu, tout d\u00e9pend du hasard.\u00a0<\/span>Chaque joueur re\u00e7oit une carte avec des num\u00e9ros imprim\u00e9s dans un ordre al\u00e9atoire.\u00a0L&rsquo;h\u00f4te tire \u00e0 tour de r\u00f4le les num\u00e9ros et la personne v\u00e9rifie la carte pour les num\u00e9ros qu&rsquo;elle contient.\u00a0Le joueur dont la carte a \u00e9t\u00e9 le premier \u00e0 contenir la combinaison gagnante gagne.\u00a0Les joueurs avec des num\u00e9ros correspondants sur une ligne, plusieurs lignes ou un bloc remportent la victoire.\u00a0Dans\u00a0les jeux de bingo en direct\u00a0<a href=\"https:\/\/rocketplay-slot.com\/fr\">RocketPlay<\/a>\u00a0, les num\u00e9ros sont choisis par un programme bas\u00e9 sur un g\u00e9n\u00e9rateur de nombres al\u00e9atoires au lieu d&rsquo;un leader.\u00a0 \u00a0 \u00a0 \u00a0 \u00a0 \u00a0 \u00a0 \u00a0 \u00a0 \u00a0 \u00a0 \u00a0 \u00a0 \u00a0 \u00a0 \u00a0 \u00a0 \u00a0 \u00a0 \u00a0 \u00a0 \u00a0 \u00a0 \u00a0 \u00a0 \u00a0 \u00a0 \u00a0 \u00a0 \u00a0 \u00a0 \u00a0 \u00a0 \u00a0 \u00a0 \u00a0 \u00a0 \u00a0 \u00a0 \u00a0 \u00a0 \u00a0 \u00a0 \u00a0 \u00a0 \u00a0 \u00a0 \u00a0 \u00a0 \u00a0 \u00a0 \u00a0 \u00a0 \u00a0 \u00a0 \u00a0 \u00a0 \u00a0 \u00a0 \u00a0 \u00a0 \u00a0 \u00a0 \u00a0 \u00a0 \u00a0 \u00a0 \u00a0 \u00a0 \u00a0 \u00a0 \u00a0 \u00a0 \u00a0 \u00a0 \u00a0 \u00a0 \u00a0 \u00a0 \u00a0 \u00a0 \u00a0 \u00a0 \u00a0 \u00a0 \u00a0 \u00a0 \u00a0 \u00a0 \u00a0<img loading=\"lazy\" decoding=\"async\" class=\"aligncenter wp-image-215 lazy-loaded\" src=\"https:\/\/rocketplay-slot.com\/wp-content\/uploads\/2022\/06\/nvpl6ximfjejhyr5duzzhoww2mtzxdvyfv7bm5b6.jpeg\" sizes=\"auto, (max-width: 600px) 100vw, 600px\" srcset=\"https:\/\/rocketplay-slot.com\/wp-content\/uploads\/2022\/06\/nvpl6ximfjejhyr5duzzhoww2mtzxdvyfv7bm5b6.jpeg 300w, https:\/\/rocketplay-slot.com\/wp-content\/uploads\/2022\/06\/nvpl6ximfjejhyr5duzzhoww2mtzxdvyfv7bm5b6-150x150.jpeg 150w\" alt=\"\" width=\"600\" height=\"600\" data-lazy-type=\"image\" data-src=\"https:\/\/rocketplay-slot.com\/wp-content\/uploads\/2022\/06\/nvpl6ximfjejhyr5duzzhoww2mtzxdvyfv7bm5b6.jpeg\" data-srcset=\"\" \/><\/p>\n<h2>UNE HISTOIRE BR\u00c8VE<\/h2>\n<p>Nous, les Italiens, devons non seulement les p\u00e2tes, la pizza et le vin aux Italiens, mais aussi au bingo.\u00a0Au XVIe si\u00e8cle, ils ont invent\u00e9 un jeu appel\u00e9 bingo, qui se joue encore aujourd&rsquo;hui.\u00a0Au fil des ans, le jeu s&rsquo;est r\u00e9pandu dans toute l&rsquo;Europe et est ensuite arriv\u00e9 en Am\u00e9rique du Nord.\u00a0\u00c0 l&rsquo;\u00e9poque, il s&rsquo;appelait \u00ab\u00a0bino\u00a0\u00bb et est devenu \u00ab\u00a0bingo\u00a0\u00bb tout \u00e0 fait par accident lorsque l&rsquo;un des joueurs, qui a obtenu la combinaison gagnante, a accidentellement confondu le nom et a cri\u00e9 \u00ab\u00a0bingo\u00a0\u00bb.\u00a0En Grande-Bretagne, ce jeu n&rsquo;est pas moins populaire.\u00a0En 1960, il a \u00e9t\u00e9 l\u00e9galis\u00e9 et depuis lors, il a commenc\u00e9 \u00e0 rassembler des milliers de Britanniques, devenant un passe-temps favori.\u00a0Plus tard, sa port\u00e9e a atteint une telle ampleur que, depuis le milieu des ann\u00e9es 80, dans de nombreux pays sont apparues des loteries nationales avec des gains de plusieurs millions de dollars.\u00a0Depuis 2000, le bingo, ou bingo, est en ligne, permettant aux gens du monde entier de jouer, gagner,<\/p>\n<h2>POURQUOI LE BINGO EN LIGNE ?<\/h2>\n<ul>\n<li aria-level=\"1\">Paiements \u00e9lev\u00e9s\u00a0;<\/li>\n<li aria-level=\"1\">Disponibilit\u00e9 des jeux \u00e0 toute heure du jour ou de la nuit\u00a0;<\/li>\n<li aria-level=\"1\">Le jeu est plus rapide;<\/li>\n<li aria-level=\"1\">Vous pouvez jouer \u00e0 plusieurs jeux ou salles en m\u00eame temps ;<\/li>\n<li aria-level=\"1\">Une large gamme de vari\u00e9t\u00e9s de bingo de\u00a0<a href=\"https:\/\/rocketplay-slot.com\/fr\/live-casino\/\">casino en direct<\/a>\u00a0RocketPlay\u00a0et le nombre de joueurs;<\/li>\n<li aria-level=\"1\">Vous pouvez jouer gratuitement.<\/li>\n<\/ul>\n<h2>R\u00c8GLES DE BASE<\/h2>\n<p>Tout d&rsquo;abord, vous devez choisir le type de jeu : la version am\u00e9ricaine a 75 boules ;\u00a0il existe \u00e9galement des variantes avec 30 balles.\u00a0Le jeu traditionnel britannique implique 90 balles.\u00a0Regardons les r\u00e8gles du jeu bas\u00e9es sur cela.<\/p>\n<p>Le ticket du jeu avec 90 num\u00e9ros possibles est divis\u00e9 en 3 lignes et 9 colonnes, ce qui donne un total de 27 cases.\u00a0Chaque ligne contient 15 num\u00e9ros.\u00a0Chaque ticket standard se compose de 6 tickets plus petits, appel\u00e9s \u00ab\u00a0strips\u00a0\u00bb.\u00a0Essentiellement, ces six billets contiennent tous les num\u00e9ros de 1 \u00e0 90, dispos\u00e9s dans un ordre diff\u00e9rent.<\/p>\n<p>Maintenant que vous savez \u00e0 quoi ressemble un ticket de bingo standard, passons au jeu lui-m\u00eame.<\/p>\n<p>Choix du jeu.\u00a0Les gains de bingo d\u00e9pendent du type de jeu, de la taille des paris et du nombre de tickets.\u00a0Afin de se battre pour les plus gros prix,\u00a0<a href=\"https:\/\/rocketplay-slot.com\/fr\/casino\/\">les casinos en ligne<\/a>\u00a0demandent g\u00e9n\u00e9ralement au joueur de fournir des informations sur le mode de paiement.\u00a0Cela peut \u00eatre des informations de carte bancaire ou autre chose.<\/p>\n<p>Achat de billets.\u00a0Une fois que vous avez choisi un jeu appropri\u00e9, des billets vous seront propos\u00e9s.\u00a0Le plus souvent, vous pouvez acheter plus d&rsquo;un billet, mais souvent c&rsquo;est un maximum de deux.\u00a0Et il n&rsquo;y a pas de m\u00e9canisme \u00e9prouv\u00e9 ici &#8211; tout d\u00e9pend de votre chance.\u00a0Notez que m\u00eame si vous jouez au jeu gratuitement, vous devez toujours \u00ab\u00a0acheter\u00a0\u00bb un ticket.\u00a0Ne soyez pas intimid\u00e9 par ce mot, le jeu gratuit ne vous oblige \u00e0 rien faire.\u00a0Apr\u00e8s cela, la partie amusante commence.<\/p>\n<p>L&rsquo;annonce des num\u00e9ros.\u00a0Dans les casinos en ligne, les boules sont s\u00e9lectionn\u00e9es \u00e0 l&rsquo;aide d&rsquo;un g\u00e9n\u00e9rateur de nombres al\u00e9atoires.\u00a0Contrairement au jeu traditionnel, dans la version en ligne, l&rsquo;ordinateur vous indique o\u00f9 vous avez des matchs ou m\u00eame barre automatiquement les matchs, vous laissant plus de temps pour interagir avec d&rsquo;autres joueurs.\u00a0Vous pouvez passer en mode automatique ou rayer vous-m\u00eame les chiffres.\u00a0Quoi qu&rsquo;il en soit, le risque de manquer votre num\u00e9ro est minimis\u00e9 &#8211; l&rsquo;ordinateur compte toujours les correspondances dans votre ticket.<\/p>\n<p>Annonce du gagnant.\u00a0D\u00e8s qu&rsquo;il y a un gagnant, le jeu s&rsquo;arr\u00eate.\u00a0Le joueur gagnant obtient les gains principaux, et les autres peuvent voir s&rsquo;il y a des combinaisons gagnantes sur leur ticket.\u00a0M\u00eame si ce n&rsquo;est pas vous qui avez dit \u00ab\u00a0Bingo !\u00a0\u00bb\u00a0vous pourriez obtenir un beau prix.\u00a0La cl\u00e9 est d&rsquo;avoir des combinaisons de nombres correspondants sur votre billet, comme plusieurs colonnes ou un carr\u00e9 de nombres.\u00a0Chaque type de bingo a ses propres combinaisons gagnantes, qui peuvent \u00eatre trouv\u00e9es sur le site Web du casino en ligne.<\/p>\n\t<div class=\"alao-sidebar-box alao-sidebar-box-rose\">\n\t\t<a href=\"\" class=\"alao-sidebar-box__link\">\n\t\t\t<span class=\"alao-sidebar-box__thumb\">\n\t\t\t\t<img decoding=\"async\" src=\"https:\/\/rocketplay-slot.com\/wp-content\/uploads\/2022\/06\/second_bonus_nonlog.png\" alt=\"Bonus de code promotionnel pour un roulement \u00e9lev\u00e9\">\n\t\t\t<\/span>\n\t\t\t<span class=\"alao-sidebar-box__info\">\n\t\t\t\t<span class=\"alao-sidebar-box__info-wrap\">\n\t\t\t\t\t<span class=\"alao-sidebar-box__head\">Bonus de code promotionnel pour un roulement \u00e9lev\u00e9<\/span>\n\t\t\t\t\t<span class=\"alao-sidebar-box__desc\">50% BONUS HIGHROLLER<\/span>\n\t\t\t\t\t<span class=\"alao-sidebar-box__button\">Obtenir<\/span>\n\t\t\t\t<\/span>\n\t\t\t<\/span>\n\t\t<\/a>\n\t<\/div>\n\t\n<h2><span class=\"\">VARI\u00c9T\u00c9S DE BINGO<\/span><\/h2>\n<p>Il existe de nombreux mod\u00e8les dans ce jeu.\u00a0Consid\u00e9rez le plus populaire d&rsquo;entre eux.<\/p>\n<p>75 boules est un jeu populaire aux \u00c9tats-Unis et au Canada.\u00a0En plus du plus petit nombre de balles, ce jeu utilise un format de ticket diff\u00e9rent de 5 par 5, o\u00f9 24 num\u00e9ros sont plac\u00e9s, et avec une case vide au milieu.\u00a0Chacune des cinq colonnes commence par une lettre dans le mot \u00ab\u00a0Bingo\u00a0\u00bb, ce qui facilite la recherche des num\u00e9ros sur le ticket.<\/p>\n<p>80 Balls est un jeu tr\u00e8s similaire \u00e0 la variante du bingo avec 75 num\u00e9ros, mais le ticket comporte 4 lignes et 4 colonnes (16 num\u00e9ros).<\/p>\n<p>90 balles est un jeu populaire au Royaume-Uni.\u00a0Le ticket comporte 3 rang\u00e9es de 9 cellules, avec 5 num\u00e9ros dans chaque rang\u00e9e.\u00a0Il y a un total de 15 num\u00e9ros al\u00e9atoires dans chaque partie du ticket allant de 1 \u00e0 90.<\/p>\n<p>30 Balls est une version acc\u00e9l\u00e9r\u00e9e du jeu.\u00a0Le ticket comporte 9 chiffres et 3 lignes et colonnes chacun.<\/p>\n<p>En plus de ceux-ci, il existe d&rsquo;autres versions du jeu.<\/p>\n<h2>DES ASTUCES<\/h2>\n<p>Limitez votre budget.\u00a0L&rsquo;achat spontan\u00e9 de plusieurs billets en une journ\u00e9e n&rsquo;entra\u00eenera probablement pas les gains souhait\u00e9s.\u00a0La coh\u00e9rence est importante dans ce jeu, alors r\u00e9fl\u00e9chissez \u00e0 combien vous \u00eates pr\u00eat \u00e0 d\u00e9penser.\u00a0Faites attention aux\u00a0codes bonus de bingo en direct RocketPlay\u00a0.<\/p>\n<p>Trouvez votre type de jeu et de site pr\u00e9f\u00e9r\u00e9.\u00a0Diff\u00e9rents jeux sont con\u00e7us pour diff\u00e9rentes personnes.\u00a0Il en va de m\u00eame pour les sites.\u00a0Donc, si vous jouez r\u00e9guli\u00e8rement ou occasionnellement au\u00a0bingo en direct gratuit RocketPlay\u00a0, trouvez un site que vous aimez.<\/p>\n<p>Si possible, achetez quelques billets.\u00a0Si votre budget le permet, nous vous recommandons d&rsquo;acheter plusieurs billets pour un match.\u00a0C&rsquo;est mieux que plusieurs jeux simultan\u00e9s ou cons\u00e9cutifs.<\/p>\n<p>Augmentez vos chances de gagner.\u00a0Essayez de ne pas choisir les moments les plus populaires pour jouer, ainsi vous aurez une meilleure chance d&rsquo;attraper votre chance par la queue.\u00a0 \u00a0 \u00a0 \u00a0 \u00a0 \u00a0 \u00a0 \u00a0 \u00a0 \u00a0 \u00a0 \u00a0 \u00a0 \u00a0 \u00a0 \u00a0 \u00a0 \u00a0 \u00a0 \u00a0 \u00a0 \u00a0 \u00a0 \u00a0 \u00a0 \u00a0 \u00a0 \u00a0 \u00a0 \u00a0 \u00a0 \u00a0 \u00a0 \u00a0 \u00a0 \u00a0 \u00a0 \u00a0 \u00a0 \u00a0 \u00a0 \u00a0 \u00a0 \u00a0 \u00a0 \u00a0 \u00a0 \u00a0 \u00a0<img loading=\"lazy\" decoding=\"async\" class=\"aligncenter wp-image-218 lazy-loaded\" src=\"https:\/\/rocketplay-slot.com\/wp-content\/uploads\/2022\/06\/rocketplay-1.webp\" sizes=\"auto, (max-width: 600px) 100vw, 600px\" srcset=\"https:\/\/rocketplay-slot.com\/wp-content\/uploads\/2022\/06\/rocketplay-1.webp 360w, https:\/\/rocketplay-slot.com\/wp-content\/uploads\/2022\/06\/rocketplay-1-300x168.webp 300w\" alt=\"\" width=\"600\" height=\"337\" data-lazy-type=\"image\" data-src=\"https:\/\/rocketplay-slot.com\/wp-content\/uploads\/2022\/06\/rocketplay-1.webp\" data-srcset=\"\" \/><\/p>\n<h2>JOUEZ AU BINGO SUR GO<\/h2>\n<p>Aujourd&rsquo;hui, presque tout le monde poss\u00e8de un smartphone, et il n&rsquo;est pas surprenant que les jeux d&rsquo;argent en ligne sur les appareils mobiles deviennent de plus en plus populaires.\u00a0Presque tous les sites de bingo en ligne sont d\u00e9sormais disponibles sur les appareils mobiles, y compris les smartphones et les tablettes.<\/p>\n<p>Cela signifie que vous pouvez\u00a0t\u00e9l\u00e9charger le bingo en direct RocketPlay\u00a0, rejoindre la salle et continuer \u00e0 jouer o\u00f9 que vous soyez !\u00a0Lorsque vous jouez au bingo sur votre appareil mobile, vous n&rsquo;avez pas besoin de t\u00e9l\u00e9charger l&rsquo;\u00a0application suppl\u00e9mentaire de bingo en direct RocketPlay\u00a0, g\u00e9n\u00e9ralement les sites veillent \u00e0 ce que vos jeux pr\u00e9f\u00e9r\u00e9s soient adapt\u00e9s aux appareils mobiles, cela offre certainement l&rsquo;exp\u00e9rience de bingo la plus agr\u00e9able.<\/p>\n<p>Assurez-vous d&rsquo;avoir acc\u00e8s au site depuis votre appareil mobile et \u00e0 toutes les m\u00eames fonctionnalit\u00e9s avant de vous inscrire au casino.<\/p>\n<h2>FAQ<\/h2>\n<h3>EST-IL S\u00dbR DE JOUER AU BINGO EN LIGNE ?<\/h3>\n<p>Oui, Bien sur que c&rsquo;est \u00e7a.\u00a0Si vous \u00eates convaincu que le site que vous utilisez est digne de confiance, vous ne devriez pas h\u00e9siter \u00e0 jouer au bingo en ligne.<\/p>\n<h3>DOIS-JE INSTALLER UN LOGICIEL SUR MON ORDINATEUR POUR JOUER AU BINGO EN DIRECT ROCKETPLAY\u00a0?<\/h3>\n<p>Il \u00e9tait une fois, de nombreux sites obligeaient les utilisateurs \u00e0 t\u00e9l\u00e9charger un logiciel pour jouer aux sites de bingo en ligne.\u00a0De nos jours, cependant, la technologie s&rsquo;est am\u00e9lior\u00e9e et la plupart des jeux de bingo en ligne sont construits \u00e0 l&rsquo;aide de la derni\u00e8re technologie HTML5.\u00a0Cela signifie qu&rsquo;il se charge rapidement, vous permettant de profiter du jeu dans votre navigateur.<\/p>\n<h3>PUIS-JE JOUER AU BINGO SUR MON SMARTPHONE ?<\/h3>\n<p>Gr\u00e2ce aux avanc\u00e9es technologiques, vous pouvez maintenant jouer au bingo n&rsquo;importe o\u00f9.\u00a0Vous n&rsquo;avez pas besoin de t\u00e9l\u00e9charger quoi que ce soit, mais certains sites proposent des applications distinctes.\u00a0Vous pouvez acc\u00e9der au site \u00e0 partir de votre navigateur ou utiliser une application pour garantir une exp\u00e9rience de jeu plus fluide.<\/p>\n","protected":false},"excerpt":{"rendered":"<p>Dans ce jeu, tout d\u00e9pend du hasard.\u00a0Chaque joueur re\u00e7oit une carte avec des num\u00e9ros imprim\u00e9s dans un ordre al\u00e9atoire.\u00a0L&rsquo;h\u00f4te tire \u00e0 tour de r\u00f4le les num\u00e9ros et la personne v\u00e9rifie la carte pour les num\u00e9ros qu&rsquo;elle contient.\u00a0Le joueur dont la carte a \u00e9t\u00e9 le premier \u00e0 contenir la combinaison gagnante gagne.\u00a0Les joueurs avec des num\u00e9ros&#8230;<\/p>\n","protected":false},"author":1,"featured_media":0,"parent":0,"menu_order":0,"comment_status":"closed","ping_status":"closed","template":"","meta":{"_acf_changed":false,"_kad_post_transparent":"default","_kad_post_title":"default","_kad_post_layout":"default","_kad_post_sidebar_id":"","_kad_post_content_style":"default","_kad_post_vertical_padding":"default","_kad_post_feature":"","_kad_post_feature_position":"","_kad_post_header":false,"_kad_post_footer":false,"footnotes":""},"class_list":["post-1543","page","type-page","status-publish","hentry"],"acf":[],"rttpg_featured_image_url":null,"rttpg_author":{"display_name":"Elvis","author_link":"https:\/\/rocketplay-slot.com\/fr\/author\/pemvas95n89x\/"},"rttpg_comment":0,"rttpg_category":null,"rttpg_excerpt":"Dans ce jeu, tout d\u00e9pend du hasard.\u00a0Chaque joueur re\u00e7oit une carte avec des num\u00e9ros imprim\u00e9s dans un ordre al\u00e9atoire.\u00a0L&rsquo;h\u00f4te tire \u00e0 tour de r\u00f4le les num\u00e9ros et la personne v\u00e9rifie la carte pour les num\u00e9ros qu&rsquo;elle contient.\u00a0Le joueur dont la carte a \u00e9t\u00e9 le premier \u00e0 contenir la combinaison gagnante gagne.\u00a0Les joueurs avec des num\u00e9ros...","_links":{"self":[{"href":"https:\/\/rocketplay-slot.com\/fr\/wp-json\/wp\/v2\/pages\/1543","targetHints":{"allow":["GET"]}}],"collection":[{"href":"https:\/\/rocketplay-slot.com\/fr\/wp-json\/wp\/v2\/pages"}],"about":[{"href":"https:\/\/rocketplay-slot.com\/fr\/wp-json\/wp\/v2\/types\/page"}],"author":[{"embeddable":true,"href":"https:\/\/rocketplay-slot.com\/fr\/wp-json\/wp\/v2\/users\/1"}],"replies":[{"embeddable":true,"href":"https:\/\/rocketplay-slot.com\/fr\/wp-json\/wp\/v2\/comments?post=1543"}],"version-history":[{"count":3,"href":"https:\/\/rocketplay-slot.com\/fr\/wp-json\/wp\/v2\/pages\/1543\/revisions"}],"predecessor-version":[{"id":1552,"href":"https:\/\/rocketplay-slot.com\/fr\/wp-json\/wp\/v2\/pages\/1543\/revisions\/1552"}],"wp:attachment":[{"href":"https:\/\/rocketplay-slot.com\/fr\/wp-json\/wp\/v2\/media?parent=1543"}],"curies":[{"name":"wp","href":"https:\/\/api.w.org\/{rel}","templated":true}]}}