{"id":1554,"date":"2022-06-15T00:33:34","date_gmt":"2022-06-14T21:33:34","guid":{"rendered":"https:\/\/rocketplay-slot.com\/live-casino\/"},"modified":"2022-10-31T21:11:40","modified_gmt":"2022-10-31T18:11:40","slug":"live-casino","status":"publish","type":"page","link":"https:\/\/rocketplay-slot.com\/fr\/live-casino\/","title":{"rendered":"Jouez au casino en direct sur RocketPlay"},"content":{"rendered":"<p>Le casino en direct RocketPlay\u00a0travaille activement pour int\u00e9resser les joueurs et maximiser leurs int\u00e9r\u00eats.\u00a0<span class=\"\">Il n&rsquo;y a pas si longtemps, le site est apparu des jeux avec de vrais croupiers.\u00a0<\/span>Les jeux en direct gagnent rapidement en popularit\u00e9, car le facteur de communication en direct n&rsquo;est pas moins important pour les joueurs que le montant des gains.\u00a0De plus, le croupier est plus fiable que le programme informatique automatique.<\/p>\n<h2>JEUX EN DIRECT SUR LES CASINOS EN LIGNE ROCKETPLAY<\/h2>\n<p>La particularit\u00e9 du mode Live est que la communication entre le croupier et le joueur se fait en temps r\u00e9el via le chat en ligne.\u00a0La diffusion du jeu est r\u00e9alis\u00e9e \u00e0 partir d&rsquo;un studio sp\u00e9cial, o\u00f9 tout correspond \u00e0 l&rsquo;environnement du vrai casino.\u00a0Il dresse les tables de jeu, qui sont des croupiers professionnels.\u00a0Ils ne se contentent pas de diriger le jeu, et entretiennent un dialogue avec le joueur.<\/p>\n<p>Les jeux de casino en direct RocketPlay\u00a0sont\u00a0une vari\u00e9t\u00e9 d&rsquo;options pour la roulette, le blackjack, le poker, le baccarat et les loteries en ligne.\u00a0Il convient de noter qu&rsquo;ils ont des versions gratuites, mais faire un pari conditionnel n&rsquo;est pas possible.\u00a0Ceci est juste une version d&rsquo;introduction, pour apprendre les r\u00e8gles et les principes du jeu.\u00a0Avant de commencer le jeu avec un croupier en direct nastriruyte, ce processus sera aussi diff\u00e9rent que possible pour faire tourner les rouleaux dans la machine \u00e0 sous Books de Novomatic ou tirer les cordes Monkey d&rsquo;Igrosoft &#8211; c&rsquo;est un style de jeu d&rsquo;\u00e9lite dans un casino cher!\u00a0 \u00a0 \u00a0 \u00a0 \u00a0 \u00a0 \u00a0 \u00a0 \u00a0 \u00a0 \u00a0 \u00a0 \u00a0 \u00a0 \u00a0 \u00a0 \u00a0 \u00a0 \u00a0 \u00a0 \u00a0 \u00a0 \u00a0 \u00a0 \u00a0 \u00a0 \u00a0 \u00a0 \u00a0 \u00a0<img loading=\"lazy\" decoding=\"async\" class=\"aligncenter wp-image-274 lazy-loaded\" src=\"https:\/\/rocketplay-slot.com\/wp-content\/uploads\/2022\/06\/welcome_1300x640-1-300x148.png\" sizes=\"auto, (max-width: 600px) 100vw, 600px\" srcset=\"https:\/\/rocketplay-slot.com\/wp-content\/uploads\/2022\/06\/welcome_1300x640-1-300x148.png 300w, https:\/\/rocketplay-slot.com\/wp-content\/uploads\/2022\/06\/welcome_1300x640-1-1024x504.png 1024w, https:\/\/rocketplay-slot.com\/wp-content\/uploads\/2022\/06\/welcome_1300x640-1-768x378.png 768w, https:\/\/rocketplay-slot.com\/wp-content\/uploads\/2022\/06\/welcome_1300x640-1.png 1300w\" alt=\"\" width=\"600\" height=\"295\" data-lazy-type=\"image\" data-src=\"https:\/\/rocketplay-slot.com\/wp-content\/uploads\/2022\/06\/welcome_1300x640-1-300x148.png\" data-srcset=\"\" \/><\/p>\n<p>Le d\u00e9veloppement de produits pour\u00a0le casino en direct RocketPlay Canada est engag\u00e9 dans quelques entreprises, parmi lesquelles l&rsquo;illusion d&rsquo;Ezugi, qui s&rsquo;est annonc\u00e9e relativement r\u00e9cemment, mais a rapidement gagn\u00e9 en popularit\u00e9.\u00a0Son mod\u00e8le vient d&rsquo;\u00eatre inclus dans la gamme des casinos en ligne RocketPlay.\u00a0Les clients ont le choix entre la\u00a0<a href=\"https:\/\/rocketplay-slot.com\/fr\/roulette\/\">Roulette<\/a>\u00a0, la Roulette russe, la Roulette Portomaso, ainsi que le Blackjack, le Blackjack illimit\u00e9, le Baccarat Dragon Tiger, le Keno et d&rsquo;autres jeux.\u00a0Pour jouer \u00e0 l&rsquo;un d&rsquo;entre eux, placez simplement votre curseur sur l&rsquo;ic\u00f4ne appropri\u00e9e et cliquez dessus.\u00a0Apr\u00e8s cela, une connexion sera \u00e9tablie avec le studio o\u00f9 se d\u00e9roule le jeu.<\/p>\n<h2>CARACT\u00c9RISTIQUES DES JEUX DE CASINO EN DIRECT<\/h2>\n<p>Dans\u00a0<a href=\"https:\/\/rocketplay-slot.com\/fr\/live-roulette\/\">la roulette en direct<\/a>\u00a0peut jouer un nombre illimit\u00e9 de participants.\u00a0Des jetons de diff\u00e9rentes d\u00e9nominations sont situ\u00e9s en bas de l&rsquo;\u00e9cran.\u00a0Ici, il y a aussi des boutons de contr\u00f4le et des param\u00e8tres.\u00a0Les informations sur le tour en cours sont fix\u00e9es sur le tableau de bord, pour la commodit\u00e9 des joueurs.\u00a0Des fonctionnalit\u00e9s suppl\u00e9mentaires, y compris l&rsquo;historique du jeu, aideront le jeu avec un r\u00e9sultat \u00e9lev\u00e9.<\/p>\n<p>Le baccara est reconnu comme le jeu avec les r\u00e8gles les plus simples.\u00a0Les utilisateurs verront devant eux un tableau avec les marquages \u200b\u200bet inscriptions appropri\u00e9s.\u00a0Les r\u00e8gles du jeu sont d\u00e9crites dans la section de r\u00e9f\u00e9rence.\u00a0Avec sa conduite, il n&rsquo;y aura pas de difficult\u00e9s.<\/p>\n<p>Pour les fans de tirages de loterie en ligne offerts Keno et Bet on Numbers.\u00a0Ils se d\u00e9roulent traditionnellement \u00e0 l&rsquo;aide de la machine de loterie, qui est charg\u00e9e de boules avec des num\u00e9ros.\u00a0Pour s&rsquo;assurer que le participant ne manque pas le num\u00e9ro gagnant, le croupier l&rsquo;annonce.\u00a0En outre, le nombre est refl\u00e9t\u00e9 sur un tableau de bord suppl\u00e9mentaire sous une forme agrandie.<\/p>\n<p>En choisissant la version la plus attrayante du blackjack, le\u00a0<a href=\"https:\/\/rocketplay-slot.com\/fr\/bonus\/\">bonus<\/a>\u00a0de bienvenue du joueur RocketPlay casino en direct\u00a0ne peut douter que le jeu se terminera par un r\u00e9sultat positif.\u00a0Les r\u00e8gles sont traditionnelles, vous ne devez pas montrer d&rsquo;\u00e9motions inutiles et vous concentrer sur la composition de la combinaison de prix.\u00a0Vous pouvez utiliser l&rsquo;application de\u00a0casino en direct RocketPlay\u00a0pour jouer.<\/p>\n<p><span style=\"font-weight: 400;\">\t<div class=\"alao-sidebar-box alao-sidebar-box-\">\n\t\t<a href=\"\" class=\"alao-sidebar-box__link\">\n\t\t\t<span class=\"alao-sidebar-box__thumb\">\n\t\t\t\t<img decoding=\"async\" src=\"https:\/\/rocketplay-slot.com\/wp-content\/uploads\/2022\/06\/second_bonus_nonlog.png\" alt=\"Bonus de premier d\u00e9p\u00f4t\">\n\t\t\t<\/span>\n\t\t\t<span class=\"alao-sidebar-box__info\">\n\t\t\t\t<span class=\"alao-sidebar-box__info-wrap\">\n\t\t\t\t\t<span class=\"alao-sidebar-box__head\">Bonus de premier d\u00e9p\u00f4t<\/span>\n\t\t\t\t\t<span class=\"alao-sidebar-box__desc\">100% + 100 FS POUR UN D\u00c9MARRAGE PARFAIT<\/span>\n\t\t\t\t\t<span class=\"alao-sidebar-box__button\">Obtenir<\/span>\n\t\t\t\t<\/span>\n\t\t\t<\/span>\n\t\t<\/a>\n\t<\/div>\n\t\u00a0 \u00a0 \u00a0 \u00a0 \u00a0 \u00a0 \u00a0 \u00a0 \u00a0 \u00a0 \u00a0 \u00a0 \u00a0 \u00a0 \u00a0 \u00a0 \u00a0 \u00a0 \u00a0 \u00a0 \u00a0 \u00a0 \u00a0 \u00a0 \u00a0 \u00a0 \u00a0 \u00a0 \u00a0 \u00a0 \u00a0 \u00a0 \u00a0 \u00a0 \u00a0 \u00a0 \u00a0 \u00a0 \u00a0 \u00a0 \u00a0 \u00a0 \u00a0 \u00a0 \u00a0 \u00a0 \u00a0 \u00a0 \u00a0 \u00a0 \u00a0 \u00a0 \u00a0 \u00a0 \u00a0 \u00a0 \u00a0 \u00a0 \u00a0 \u00a0 \u00a0 \u00a0\u00a0<\/span><\/p>\n<h2>AVANTAGES DES JEUX EN DIRECT<\/h2>\n<p>Le principal avantage du\u00a0bonus sans d\u00e9p\u00f4t du casino en direct RocketPlay\u00a0par rapport aux machines \u00e0 sous, aux machines \u00e0 sous ou aux jeux de table \u00e9lectroniques est que le processus est g\u00e9r\u00e9 par un revendeur professionnel.\u00a0Cela ressemble \u00e0 un vrai casino.\u00a0Il est cr\u00e9\u00e9 par l&rsquo;environnement et le remplissage sonore.\u00a0La pr\u00e9sence d&rsquo;un croupier ajoute \u00e0 la confiance du joueur.\u00a0Cela sert \u00e9galement de confirmation que le jeu sera \u00e9quitable et qu&rsquo;il n&rsquo;y aura pas de falsification des r\u00e9sultats.\u00a0L&rsquo;avantage des jeux en direct est qu&rsquo;ils ont des r\u00e8gles famili\u00e8res, famili\u00e8res aux joueurs et qu&rsquo;il y\u00a0a un bonus de casino en direct RocketPlay.Pour effectuer des op\u00e9rations de jeu sont des boutons fonctionnels.\u00a0Ils sont plac\u00e9s sur l&rsquo;\u00e9cran de mani\u00e8re \u00e0 ne pas g\u00eaner l&rsquo;utilisateur pour suivre le d\u00e9roulement des \u00e9v\u00e9nements.\u00a0Ils appliquent \u00e9galement une vaste gamme de paris.\u00a0Vous pouvez jouer avec le montant minimum et \u00e0 des taux \u00e9lev\u00e9s.\u00a0Le menu de param\u00e8tres suppl\u00e9mentaires aide \u00e0 cr\u00e9er un environnement confortable.\u00a0Il est \u00e9galement important que la s\u00e9rie d&rsquo;informations en cours soit enregistr\u00e9e et que l&rsquo;historique du jeu soit cr\u00e9\u00e9.\u00a0Son \u00e9tude prendra en compte les maladresses et construira un mod\u00e8le de jeu plus abouti.\u00a0Et l&rsquo;opportunit\u00e9\u00a0de jouer gratuitement au casino en direct RocketPlay,\u00a0parfaite pour ceux qui essaient ce type de jeu pour la premi\u00e8re fois.<\/p>\n<p><img loading=\"lazy\" decoding=\"async\" class=\"aligncenter wp-image-263 lazy-loaded\" src=\"https:\/\/rocketplay-slot.com\/wp-content\/uploads\/2022\/06\/casino-coins-300x218.png\" sizes=\"auto, (max-width: 600px) 100vw, 600px\" srcset=\"https:\/\/rocketplay-slot.com\/wp-content\/uploads\/2022\/06\/casino-coins-300x218.png 300w, https:\/\/rocketplay-slot.com\/wp-content\/uploads\/2022\/06\/casino-coins.png 358w\" alt=\"\" width=\"600\" height=\"436\" data-lazy-type=\"image\" data-src=\"https:\/\/rocketplay-slot.com\/wp-content\/uploads\/2022\/06\/casino-coins-300x218.png\" data-srcset=\"\" \/><\/p>\n<h2>FAQ<\/h2>\n<h3>QU&rsquo;EST-CE QUE LE CASINO EN DIRECT\u00a0?<\/h3>\n<p>C&rsquo;est une combinaison des avantages de jouer en ligne et d&rsquo;aller dans un casino classique, rendue possible par Internet.\u00a0C&rsquo;est pratique \u2013 vous pouvez jouer n&rsquo;importe o\u00f9, mais en m\u00eame temps \u2013 avec un vrai croupier, qui diffuse le jeu depuis une salle ou un studio sp\u00e9cialement pour le casino en ligne RocketPlay.<\/p>\n<h3>QUEL TYPE DE JEU PROPOSE LE CASINO EN DIRECT\u00a0?<\/h3>\n<p>Il s&rsquo;agit de la table de casino classique \u00ab\u00a0trois\u00a0\u00bb &#8211; la roulette, le blackjack et le baccarat, moins courant est le poker et une vari\u00e9t\u00e9 de tirages instantan\u00e9s, comme la roue de la fortune.<\/p>\n<h3>QUELS SONT LES AVANTAGES DES JEUX EN DIRECT PAR RAPPORT AUX AUTRES JEUX DE CASINO ?<\/h3>\n<p>Bien que\u00a0le d\u00e9p\u00f4t de bonus du casino en direct RocketPlay\u00a0soit accompagn\u00e9 d&rsquo;un logiciel de jeu (par exemple, pour reconna\u00eetre un num\u00e9ro qui tombe \u00e0 la roulette et son affichage ult\u00e9rieur sur le tableau de bord), mais ne sont pas bas\u00e9s sur les algorithmes RNG (g\u00e9n\u00e9rateur de nombres al\u00e9atoires), ils sont donc plus convient aux personnes qui aiment jouer dans les casinos terrestres et pr\u00e9f\u00e8rent la communication avec le croupier au lieu d&rsquo;une rotation silencieuse de la roulette automatique.<\/p>\n","protected":false},"excerpt":{"rendered":"<p>Le casino en direct RocketPlay\u00a0travaille activement pour int\u00e9resser les joueurs et maximiser leurs int\u00e9r\u00eats.\u00a0Il n&rsquo;y a pas si longtemps, le site est apparu des jeux avec de vrais croupiers.\u00a0Les jeux en direct gagnent rapidement en popularit\u00e9, car le facteur de communication en direct n&rsquo;est pas moins important pour les joueurs que le montant des gains.\u00a0De&#8230;<\/p>\n","protected":false},"author":1,"featured_media":0,"parent":0,"menu_order":0,"comment_status":"closed","ping_status":"closed","template":"","meta":{"_acf_changed":false,"_kad_post_transparent":"default","_kad_post_title":"default","_kad_post_layout":"default","_kad_post_sidebar_id":"","_kad_post_content_style":"default","_kad_post_vertical_padding":"default","_kad_post_feature":"","_kad_post_feature_position":"","_kad_post_header":false,"_kad_post_footer":false,"footnotes":""},"class_list":["post-1554","page","type-page","status-publish","hentry"],"acf":[],"rttpg_featured_image_url":null,"rttpg_author":{"display_name":"Elvis","author_link":"https:\/\/rocketplay-slot.com\/fr\/author\/pemvas95n89x\/"},"rttpg_comment":0,"rttpg_category":null,"rttpg_excerpt":"Le casino en direct RocketPlay\u00a0travaille activement pour int\u00e9resser les joueurs et maximiser leurs int\u00e9r\u00eats.\u00a0Il n&rsquo;y a pas si longtemps, le site est apparu des jeux avec de vrais croupiers.\u00a0Les jeux en direct gagnent rapidement en popularit\u00e9, car le facteur de communication en direct n&rsquo;est pas moins important pour les joueurs que le montant des gains.\u00a0De...","_links":{"self":[{"href":"https:\/\/rocketplay-slot.com\/fr\/wp-json\/wp\/v2\/pages\/1554","targetHints":{"allow":["GET"]}}],"collection":[{"href":"https:\/\/rocketplay-slot.com\/fr\/wp-json\/wp\/v2\/pages"}],"about":[{"href":"https:\/\/rocketplay-slot.com\/fr\/wp-json\/wp\/v2\/types\/page"}],"author":[{"embeddable":true,"href":"https:\/\/rocketplay-slot.com\/fr\/wp-json\/wp\/v2\/users\/1"}],"replies":[{"embeddable":true,"href":"https:\/\/rocketplay-slot.com\/fr\/wp-json\/wp\/v2\/comments?post=1554"}],"version-history":[{"count":3,"href":"https:\/\/rocketplay-slot.com\/fr\/wp-json\/wp\/v2\/pages\/1554\/revisions"}],"predecessor-version":[{"id":1560,"href":"https:\/\/rocketplay-slot.com\/fr\/wp-json\/wp\/v2\/pages\/1554\/revisions\/1560"}],"wp:attachment":[{"href":"https:\/\/rocketplay-slot.com\/fr\/wp-json\/wp\/v2\/media?parent=1554"}],"curies":[{"name":"wp","href":"https:\/\/api.w.org\/{rel}","templated":true}]}}